{"id":990078,"date":"2024-05-23T12:42:34","date_gmt":"2024-05-23T10:42:34","guid":{"rendered":"https:\/\/pfk.hr\/?post_type=product&#038;p=990078"},"modified":"2024-05-23T12:42:48","modified_gmt":"2024-05-23T10:42:48","slug":"prijedimo-prijekoprijedimo-prijeko","status":"publish","type":"product","link":"https:\/\/pfk.hr\/2024\/product\/prijedimo-prijekoprijedimo-prijeko\/","title":{"rendered":"Prije\u0111imo prijeko"},"content":{"rendered":"<p><strong>Benito Giorgetta<\/strong><br \/>\nNaklada: Kr\u0161\u0107anska sada\u0161njost<\/p>\n<hr \/>\n<p>Biv\u0161i mafija\u0161, dijete-vojnik, \u010dovjek koji se u Facebook objavama predstavlja kao \u201eJa, gori od svih vas\u201c, pokajnik, mu\u017e i otac dvoje djece, a danas nova osoba, borac protiv mafije i svjedok pravosu\u0111a \u2013 ime mu je Luigi Bonaventura.<\/p>\n<p>Knjiga <em>Prije\u0111imo prijeko<\/em> razgovor je autora, moli\u0161kog Hrvata i sve\u0107enika Benita Giorgette, s Luigijem Bonaventurom \u2013 kodno ime biv\u0161eg mafija\u0161a, a sada pokajnika, obra\u0107enika i suradnika pravosu\u0111a. Sama knjiga, kao i autorovi uvodi u razgovor i uvodna poglavlja takvi su da je kroz njih te\u0161ko, gotovo nemogu\u0107e, pro\u0107i nedodirnut.<\/p>\n<p>Prije\u0111imo prijeko je svojevrsni san budnih ljudi, dokaz da mo\u017ee postojati bolji svijet, svijet bez nasilja i nepravdi, svijet nikada do kraja ostvarene, ali istinske slobode.<\/p>\n<p>Redovna cijena: 15.00 \u20ac<\/p>\n<p>PFK cijena: 12.00 \u20ac<\/p>\n","protected":false},"excerpt":{"rendered":"<p>Benito Giorgetta Naklada: Kr\u0161\u0107anska sada\u0161njost Biv\u0161i mafija\u0161, dijete-vojnik, \u010dovjek koji se u Facebook objavama predstavlja kao \u201eJa, gori od svih vas\u201c, pokajnik, mu\u017e i otac dvoje djece, a danas nova osoba, borac protiv mafije i svjedok pravosu\u0111a \u2013 ime mu je Luigi Bonaventura. Knjiga Prije\u0111imo prijeko razgovor je autora, moli\u0161kog Hrvata i sve\u0107enika Benita Giorgette,&#8230;<\/p>\n","protected":false},"featured_media":990079,"template":"","meta":{"_acf_changed":false},"product_cat":[15],"product_tag":[],"class_list":{"0":"post-990078","1":"product","2":"type-product","3":"status-publish","4":"has-post-thumbnail","6":"product_cat-uncategorized","8":"first","9":"instock","10":"shipping-taxable","11":"product-type-simple"},"acf":[],"yoast_head":"<!-- This site is optimized with the Yoast SEO plugin v22.6 - https:\/\/yoast.com\/wordpress\/plugins\/seo\/ -->\n<title>Prije\u0111imo prijeko - Panonski festival knjige<\/title>\n<meta name=\"robots\" content=\"index, follow, max-snippet:-1, max-image-preview:large, max-video-preview:-1\" \/>\n<link rel=\"canonical\" href=\"https:\/\/pfk.hr\/2024\/product\/prijedimo-prijekoprijedimo-prijeko\/\" \/>\n<meta property=\"og:locale\" content=\"hr_HR\" \/>\n<meta property=\"og:type\" content=\"article\" \/>\n<meta property=\"og:title\" content=\"Prije\u0111imo prijeko - Panonski festival knjige\" \/>\n<meta property=\"og:description\" content=\"Benito Giorgetta Naklada: Kr\u0161\u0107anska sada\u0161njost Biv\u0161i mafija\u0161, dijete-vojnik, \u010dovjek koji se u Facebook objavama predstavlja kao \u201eJa, gori od svih vas\u201c, pokajnik, mu\u017e i otac dvoje djece, a danas nova osoba, borac protiv mafije i svjedok pravosu\u0111a \u2013 ime mu je Luigi Bonaventura. Knjiga Prije\u0111imo prijeko razgovor je autora, moli\u0161kog Hrvata i sve\u0107enika Benita Giorgette,...\" \/>\n<meta property=\"og:url\" content=\"https:\/\/pfk.hr\/2024\/product\/prijedimo-prijekoprijedimo-prijeko\/\" \/>\n<meta property=\"og:site_name\" content=\"Panonski festival knjige\" \/>\n<meta property=\"article:modified_time\" content=\"2024-05-23T10:42:48+00:00\" \/>\n<meta property=\"og:image\" content=\"https:\/\/pfk.hr\/2024\/wp-content\/uploads\/2024\/05\/3-1.png\" \/>\n\t<meta property=\"og:image:width\" content=\"1080\" \/>\n\t<meta property=\"og:image:height\" content=\"1080\" \/>\n\t<meta property=\"og:image:type\" content=\"image\/png\" \/>\n<meta name=\"twitter:card\" content=\"summary_large_image\" \/>\n<meta name=\"twitter:label1\" content=\"Procijenjeno vrijeme \u010ditanja\" \/>\n\t<meta name=\"twitter:data1\" content=\"1 minuta\" \/>\n<script type=\"application\/ld+json\" class=\"yoast-schema-graph\">{\"@context\":\"https:\/\/schema.org\",\"@graph\":[{\"@type\":\"WebPage\",\"@id\":\"https:\/\/pfk.hr\/2024\/product\/prijedimo-prijekoprijedimo-prijeko\/\",\"url\":\"https:\/\/pfk.hr\/2024\/product\/prijedimo-prijekoprijedimo-prijeko\/\",\"name\":\"Prije\u0111imo prijeko - Panonski festival knjige\",\"isPartOf\":{\"@id\":\"https:\/\/pfk.hr\/2024\/#website\"},\"primaryImageOfPage\":{\"@id\":\"https:\/\/pfk.hr\/2024\/product\/prijedimo-prijekoprijedimo-prijeko\/#primaryimage\"},\"image\":{\"@id\":\"https:\/\/pfk.hr\/2024\/product\/prijedimo-prijekoprijedimo-prijeko\/#primaryimage\"},\"thumbnailUrl\":\"https:\/\/pfk.hr\/2024\/wp-content\/uploads\/2024\/05\/3-1.png\",\"datePublished\":\"2024-05-23T10:42:34+00:00\",\"dateModified\":\"2024-05-23T10:42:48+00:00\",\"breadcrumb\":{\"@id\":\"https:\/\/pfk.hr\/2024\/product\/prijedimo-prijekoprijedimo-prijeko\/#breadcrumb\"},\"inLanguage\":\"hr\",\"potentialAction\":[{\"@type\":\"ReadAction\",\"target\":[\"https:\/\/pfk.hr\/2024\/product\/prijedimo-prijekoprijedimo-prijeko\/\"]}]},{\"@type\":\"ImageObject\",\"inLanguage\":\"hr\",\"@id\":\"https:\/\/pfk.hr\/2024\/product\/prijedimo-prijekoprijedimo-prijeko\/#primaryimage\",\"url\":\"https:\/\/pfk.hr\/2024\/wp-content\/uploads\/2024\/05\/3-1.png\",\"contentUrl\":\"https:\/\/pfk.hr\/2024\/wp-content\/uploads\/2024\/05\/3-1.png\",\"width\":1080,\"height\":1080},{\"@type\":\"BreadcrumbList\",\"@id\":\"https:\/\/pfk.hr\/2024\/product\/prijedimo-prijekoprijedimo-prijeko\/#breadcrumb\",\"itemListElement\":[{\"@type\":\"ListItem\",\"position\":1,\"name\":\"Po\u010detna stranica\",\"item\":\"https:\/\/pfk.hr\/2024\/\"},{\"@type\":\"ListItem\",\"position\":2,\"name\":\"Preporuka naslova\",\"item\":\"https:\/\/pfk.hr\/2024\/preporuka-naslova\/\"},{\"@type\":\"ListItem\",\"position\":3,\"name\":\"Prije\u0111imo prijeko\"}]},{\"@type\":\"WebSite\",\"@id\":\"https:\/\/pfk.hr\/2024\/#website\",\"url\":\"https:\/\/pfk.hr\/2024\/\",\"name\":\"Panonski festival knjige\",\"description\":\"\u010cITAJ, LEGA, \u010cITAJ!\",\"potentialAction\":[{\"@type\":\"SearchAction\",\"target\":{\"@type\":\"EntryPoint\",\"urlTemplate\":\"https:\/\/pfk.hr\/2024\/?s={search_term_string}\"},\"query-input\":\"required name=search_term_string\"}],\"inLanguage\":\"hr\"}]}<\/script>\n<!-- \/ Yoast SEO plugin. -->","yoast_head_json":{"title":"Prije\u0111imo prijeko - Panonski festival knjige","robots":{"index":"index","follow":"follow","max-snippet":"max-snippet:-1","max-image-preview":"max-image-preview:large","max-video-preview":"max-video-preview:-1"},"canonical":"https:\/\/pfk.hr\/2024\/product\/prijedimo-prijekoprijedimo-prijeko\/","og_locale":"hr_HR","og_type":"article","og_title":"Prije\u0111imo prijeko - Panonski festival knjige","og_description":"Benito Giorgetta Naklada: Kr\u0161\u0107anska sada\u0161njost Biv\u0161i mafija\u0161, dijete-vojnik, \u010dovjek koji se u Facebook objavama predstavlja kao \u201eJa, gori od svih vas\u201c, pokajnik, mu\u017e i otac dvoje djece, a danas nova osoba, borac protiv mafije i svjedok pravosu\u0111a \u2013 ime mu je Luigi Bonaventura. Knjiga Prije\u0111imo prijeko razgovor je autora, moli\u0161kog Hrvata i sve\u0107enika Benita Giorgette,...","og_url":"https:\/\/pfk.hr\/2024\/product\/prijedimo-prijekoprijedimo-prijeko\/","og_site_name":"Panonski festival knjige","article_modified_time":"2024-05-23T10:42:48+00:00","og_image":[{"width":1080,"height":1080,"url":"https:\/\/pfk.hr\/2024\/wp-content\/uploads\/2024\/05\/3-1.png","type":"image\/png"}],"twitter_card":"summary_large_image","twitter_misc":{"Procijenjeno vrijeme \u010ditanja":"1 minuta"},"schema":{"@context":"https:\/\/schema.org","@graph":[{"@type":"WebPage","@id":"https:\/\/pfk.hr\/2024\/product\/prijedimo-prijekoprijedimo-prijeko\/","url":"https:\/\/pfk.hr\/2024\/product\/prijedimo-prijekoprijedimo-prijeko\/","name":"Prije\u0111imo prijeko - Panonski festival knjige","isPartOf":{"@id":"https:\/\/pfk.hr\/2024\/#website"},"primaryImageOfPage":{"@id":"https:\/\/pfk.hr\/2024\/product\/prijedimo-prijekoprijedimo-prijeko\/#primaryimage"},"image":{"@id":"https:\/\/pfk.hr\/2024\/product\/prijedimo-prijekoprijedimo-prijeko\/#primaryimage"},"thumbnailUrl":"https:\/\/pfk.hr\/2024\/wp-content\/uploads\/2024\/05\/3-1.png","datePublished":"2024-05-23T10:42:34+00:00","dateModified":"2024-05-23T10:42:48+00:00","breadcrumb":{"@id":"https:\/\/pfk.hr\/2024\/product\/prijedimo-prijekoprijedimo-prijeko\/#breadcrumb"},"inLanguage":"hr","potentialAction":[{"@type":"ReadAction","target":["https:\/\/pfk.hr\/2024\/product\/prijedimo-prijekoprijedimo-prijeko\/"]}]},{"@type":"ImageObject","inLanguage":"hr","@id":"https:\/\/pfk.hr\/2024\/product\/prijedimo-prijekoprijedimo-prijeko\/#primaryimage","url":"https:\/\/pfk.hr\/2024\/wp-content\/uploads\/2024\/05\/3-1.png","contentUrl":"https:\/\/pfk.hr\/2024\/wp-content\/uploads\/2024\/05\/3-1.png","width":1080,"height":1080},{"@type":"BreadcrumbList","@id":"https:\/\/pfk.hr\/2024\/product\/prijedimo-prijekoprijedimo-prijeko\/#breadcrumb","itemListElement":[{"@type":"ListItem","position":1,"name":"Po\u010detna stranica","item":"https:\/\/pfk.hr\/2024\/"},{"@type":"ListItem","position":2,"name":"Preporuka naslova","item":"https:\/\/pfk.hr\/2024\/preporuka-naslova\/"},{"@type":"ListItem","position":3,"name":"Prije\u0111imo prijeko"}]},{"@type":"WebSite","@id":"https:\/\/pfk.hr\/2024\/#website","url":"https:\/\/pfk.hr\/2024\/","name":"Panonski festival knjige","description":"\u010cITAJ, LEGA, \u010cITAJ!","potentialAction":[{"@type":"SearchAction","target":{"@type":"EntryPoint","urlTemplate":"https:\/\/pfk.hr\/2024\/?s={search_term_string}"},"query-input":"required name=search_term_string"}],"inLanguage":"hr"}]}},"_links":{"self":[{"href":"https:\/\/pfk.hr\/2024\/wp-json\/wp\/v2\/product\/990078","targetHints":{"allow":["GET"]}}],"collection":[{"href":"https:\/\/pfk.hr\/2024\/wp-json\/wp\/v2\/product"}],"about":[{"href":"https:\/\/pfk.hr\/2024\/wp-json\/wp\/v2\/types\/product"}],"wp:featuredmedia":[{"embeddable":true,"href":"https:\/\/pfk.hr\/2024\/wp-json\/wp\/v2\/media\/990079"}],"wp:attachment":[{"href":"https:\/\/pfk.hr\/2024\/wp-json\/wp\/v2\/media?parent=990078"}],"wp:term":[{"taxonomy":"product_cat","embeddable":true,"href":"https:\/\/pfk.hr\/2024\/wp-json\/wp\/v2\/product_cat?post=990078"},{"taxonomy":"product_tag","embeddable":true,"href":"https:\/\/pfk.hr\/2024\/wp-json\/wp\/v2\/product_tag?post=990078"}],"curies":[{"name":"wp","href":"https:\/\/api.w.org\/{rel}","templated":true}]}}