{"id":990075,"date":"2024-05-23T12:39:19","date_gmt":"2024-05-23T10:39:19","guid":{"rendered":"https:\/\/pfk.hr\/?post_type=product&#038;p=990075"},"modified":"2024-05-23T12:40:51","modified_gmt":"2024-05-23T10:40:51","slug":"intenzivna-njega-zapisi-jednog-duhovnika","status":"publish","type":"product","link":"https:\/\/pfk.hr\/2024\/product\/intenzivna-njega-zapisi-jednog-duhovnika\/","title":{"rendered":"Intenzivna njega &#8211; Zapisi jednog duhovnika"},"content":{"rendered":"<p><strong>\u017deljko Barbari\u0107<br \/>\n<\/strong>Naklada: Kr\u0161\u0107anska sada\u0161njost<\/p>\n<hr \/>\n<p>\u017deljko Barbari\u0107, sve\u0107enik, franjevac i terapeutski savjetnik, u djelu Intenzivna njega. Zapisi jednog duhovnika vodi nas na put satkan od 34 postaje; 34 pri\u010de u kojima s nama dijeli svoja tra\u017eenja, \u010du\u0111enja, spoznaje, nadanja&#8230; Pisane u formi svojevrsnih pisama ili razgovora s najboljim prijateljem, pri\u010de nam o\u010dekivano otkrivaju autora, ali nas jo\u0161 vi\u0161e upu\u0107uju na beskrajno bogatstvo \u017eivota shva\u0107eno, kako naslov sugerira, kao intenzivna njega onoga najvrjednijega \u0161to imamo \u2013 darovanoga nam unutarnjeg svijeta, vlastitog kao i onih za koje smo se pozvani skrbiti.<\/p>\n<p>Redovna cijena: 16.00 \u20ac<\/p>\n<p>PFK cijena: 12.80 \u20ac<\/p>\n","protected":false},"excerpt":{"rendered":"<p>\u017deljko Barbari\u0107 Naklada: Kr\u0161\u0107anska sada\u0161njost \u017deljko Barbari\u0107, sve\u0107enik, franjevac i terapeutski savjetnik, u djelu Intenzivna njega. Zapisi jednog duhovnika vodi nas na put satkan od 34 postaje; 34 pri\u010de u kojima s nama dijeli svoja tra\u017eenja, \u010du\u0111enja, spoznaje, nadanja&#8230; Pisane u formi svojevrsnih pisama ili razgovora s najboljim prijateljem, pri\u010de nam o\u010dekivano otkrivaju autora, ali&#8230;<\/p>\n","protected":false},"featured_media":990077,"template":"","meta":{"_acf_changed":false},"product_cat":[15],"product_tag":[],"class_list":{"0":"post-990075","1":"product","2":"type-product","3":"status-publish","4":"has-post-thumbnail","6":"product_cat-uncategorized","8":"first","9":"instock","10":"shipping-taxable","11":"product-type-simple"},"acf":[],"yoast_head":"<!-- This site is optimized with the Yoast SEO plugin v22.6 - https:\/\/yoast.com\/wordpress\/plugins\/seo\/ -->\n<title>Intenzivna njega - Zapisi jednog duhovnika - Panonski festival knjige<\/title>\n<meta name=\"robots\" content=\"index, follow, max-snippet:-1, max-image-preview:large, max-video-preview:-1\" \/>\n<link rel=\"canonical\" href=\"https:\/\/pfk.hr\/2024\/product\/intenzivna-njega-zapisi-jednog-duhovnika\/\" \/>\n<meta property=\"og:locale\" content=\"hr_HR\" \/>\n<meta property=\"og:type\" content=\"article\" \/>\n<meta property=\"og:title\" content=\"Intenzivna njega - Zapisi jednog duhovnika - Panonski festival knjige\" \/>\n<meta property=\"og:description\" content=\"\u017deljko Barbari\u0107 Naklada: Kr\u0161\u0107anska sada\u0161njost \u017deljko Barbari\u0107, sve\u0107enik, franjevac i terapeutski savjetnik, u djelu Intenzivna njega. Zapisi jednog duhovnika vodi nas na put satkan od 34 postaje; 34 pri\u010de u kojima s nama dijeli svoja tra\u017eenja, \u010du\u0111enja, spoznaje, nadanja&#8230; Pisane u formi svojevrsnih pisama ili razgovora s najboljim prijateljem, pri\u010de nam o\u010dekivano otkrivaju autora, ali...\" \/>\n<meta property=\"og:url\" content=\"https:\/\/pfk.hr\/2024\/product\/intenzivna-njega-zapisi-jednog-duhovnika\/\" \/>\n<meta property=\"og:site_name\" content=\"Panonski festival knjige\" \/>\n<meta property=\"article:modified_time\" content=\"2024-05-23T10:40:51+00:00\" \/>\n<meta property=\"og:image\" content=\"https:\/\/pfk.hr\/2024\/wp-content\/uploads\/2024\/05\/2-1.png\" \/>\n\t<meta property=\"og:image:width\" content=\"1080\" \/>\n\t<meta property=\"og:image:height\" content=\"1080\" \/>\n\t<meta property=\"og:image:type\" content=\"image\/png\" \/>\n<meta name=\"twitter:card\" content=\"summary_large_image\" \/>\n<meta name=\"twitter:label1\" content=\"Procijenjeno vrijeme \u010ditanja\" \/>\n\t<meta name=\"twitter:data1\" content=\"1 minuta\" \/>\n<script type=\"application\/ld+json\" class=\"yoast-schema-graph\">{\"@context\":\"https:\/\/schema.org\",\"@graph\":[{\"@type\":\"WebPage\",\"@id\":\"https:\/\/pfk.hr\/2024\/product\/intenzivna-njega-zapisi-jednog-duhovnika\/\",\"url\":\"https:\/\/pfk.hr\/2024\/product\/intenzivna-njega-zapisi-jednog-duhovnika\/\",\"name\":\"Intenzivna njega - Zapisi jednog duhovnika - Panonski festival knjige\",\"isPartOf\":{\"@id\":\"https:\/\/pfk.hr\/2024\/#website\"},\"primaryImageOfPage\":{\"@id\":\"https:\/\/pfk.hr\/2024\/product\/intenzivna-njega-zapisi-jednog-duhovnika\/#primaryimage\"},\"image\":{\"@id\":\"https:\/\/pfk.hr\/2024\/product\/intenzivna-njega-zapisi-jednog-duhovnika\/#primaryimage\"},\"thumbnailUrl\":\"https:\/\/pfk.hr\/2024\/wp-content\/uploads\/2024\/05\/2-1.png\",\"datePublished\":\"2024-05-23T10:39:19+00:00\",\"dateModified\":\"2024-05-23T10:40:51+00:00\",\"breadcrumb\":{\"@id\":\"https:\/\/pfk.hr\/2024\/product\/intenzivna-njega-zapisi-jednog-duhovnika\/#breadcrumb\"},\"inLanguage\":\"hr\",\"potentialAction\":[{\"@type\":\"ReadAction\",\"target\":[\"https:\/\/pfk.hr\/2024\/product\/intenzivna-njega-zapisi-jednog-duhovnika\/\"]}]},{\"@type\":\"ImageObject\",\"inLanguage\":\"hr\",\"@id\":\"https:\/\/pfk.hr\/2024\/product\/intenzivna-njega-zapisi-jednog-duhovnika\/#primaryimage\",\"url\":\"https:\/\/pfk.hr\/2024\/wp-content\/uploads\/2024\/05\/2-1.png\",\"contentUrl\":\"https:\/\/pfk.hr\/2024\/wp-content\/uploads\/2024\/05\/2-1.png\",\"width\":1080,\"height\":1080},{\"@type\":\"BreadcrumbList\",\"@id\":\"https:\/\/pfk.hr\/2024\/product\/intenzivna-njega-zapisi-jednog-duhovnika\/#breadcrumb\",\"itemListElement\":[{\"@type\":\"ListItem\",\"position\":1,\"name\":\"Po\u010detna stranica\",\"item\":\"https:\/\/pfk.hr\/2024\/\"},{\"@type\":\"ListItem\",\"position\":2,\"name\":\"Preporuka naslova\",\"item\":\"https:\/\/pfk.hr\/2024\/preporuka-naslova\/\"},{\"@type\":\"ListItem\",\"position\":3,\"name\":\"Intenzivna njega &#8211; Zapisi jednog duhovnika\"}]},{\"@type\":\"WebSite\",\"@id\":\"https:\/\/pfk.hr\/2024\/#website\",\"url\":\"https:\/\/pfk.hr\/2024\/\",\"name\":\"Panonski festival knjige\",\"description\":\"\u010cITAJ, LEGA, \u010cITAJ!\",\"potentialAction\":[{\"@type\":\"SearchAction\",\"target\":{\"@type\":\"EntryPoint\",\"urlTemplate\":\"https:\/\/pfk.hr\/2024\/?s={search_term_string}\"},\"query-input\":\"required name=search_term_string\"}],\"inLanguage\":\"hr\"}]}<\/script>\n<!-- \/ Yoast SEO plugin. -->","yoast_head_json":{"title":"Intenzivna njega - Zapisi jednog duhovnika - Panonski festival knjige","robots":{"index":"index","follow":"follow","max-snippet":"max-snippet:-1","max-image-preview":"max-image-preview:large","max-video-preview":"max-video-preview:-1"},"canonical":"https:\/\/pfk.hr\/2024\/product\/intenzivna-njega-zapisi-jednog-duhovnika\/","og_locale":"hr_HR","og_type":"article","og_title":"Intenzivna njega - Zapisi jednog duhovnika - Panonski festival knjige","og_description":"\u017deljko Barbari\u0107 Naklada: Kr\u0161\u0107anska sada\u0161njost \u017deljko Barbari\u0107, sve\u0107enik, franjevac i terapeutski savjetnik, u djelu Intenzivna njega. Zapisi jednog duhovnika vodi nas na put satkan od 34 postaje; 34 pri\u010de u kojima s nama dijeli svoja tra\u017eenja, \u010du\u0111enja, spoznaje, nadanja&#8230; Pisane u formi svojevrsnih pisama ili razgovora s najboljim prijateljem, pri\u010de nam o\u010dekivano otkrivaju autora, ali...","og_url":"https:\/\/pfk.hr\/2024\/product\/intenzivna-njega-zapisi-jednog-duhovnika\/","og_site_name":"Panonski festival knjige","article_modified_time":"2024-05-23T10:40:51+00:00","og_image":[{"width":1080,"height":1080,"url":"https:\/\/pfk.hr\/2024\/wp-content\/uploads\/2024\/05\/2-1.png","type":"image\/png"}],"twitter_card":"summary_large_image","twitter_misc":{"Procijenjeno vrijeme \u010ditanja":"1 minuta"},"schema":{"@context":"https:\/\/schema.org","@graph":[{"@type":"WebPage","@id":"https:\/\/pfk.hr\/2024\/product\/intenzivna-njega-zapisi-jednog-duhovnika\/","url":"https:\/\/pfk.hr\/2024\/product\/intenzivna-njega-zapisi-jednog-duhovnika\/","name":"Intenzivna njega - Zapisi jednog duhovnika - Panonski festival knjige","isPartOf":{"@id":"https:\/\/pfk.hr\/2024\/#website"},"primaryImageOfPage":{"@id":"https:\/\/pfk.hr\/2024\/product\/intenzivna-njega-zapisi-jednog-duhovnika\/#primaryimage"},"image":{"@id":"https:\/\/pfk.hr\/2024\/product\/intenzivna-njega-zapisi-jednog-duhovnika\/#primaryimage"},"thumbnailUrl":"https:\/\/pfk.hr\/2024\/wp-content\/uploads\/2024\/05\/2-1.png","datePublished":"2024-05-23T10:39:19+00:00","dateModified":"2024-05-23T10:40:51+00:00","breadcrumb":{"@id":"https:\/\/pfk.hr\/2024\/product\/intenzivna-njega-zapisi-jednog-duhovnika\/#breadcrumb"},"inLanguage":"hr","potentialAction":[{"@type":"ReadAction","target":["https:\/\/pfk.hr\/2024\/product\/intenzivna-njega-zapisi-jednog-duhovnika\/"]}]},{"@type":"ImageObject","inLanguage":"hr","@id":"https:\/\/pfk.hr\/2024\/product\/intenzivna-njega-zapisi-jednog-duhovnika\/#primaryimage","url":"https:\/\/pfk.hr\/2024\/wp-content\/uploads\/2024\/05\/2-1.png","contentUrl":"https:\/\/pfk.hr\/2024\/wp-content\/uploads\/2024\/05\/2-1.png","width":1080,"height":1080},{"@type":"BreadcrumbList","@id":"https:\/\/pfk.hr\/2024\/product\/intenzivna-njega-zapisi-jednog-duhovnika\/#breadcrumb","itemListElement":[{"@type":"ListItem","position":1,"name":"Po\u010detna stranica","item":"https:\/\/pfk.hr\/2024\/"},{"@type":"ListItem","position":2,"name":"Preporuka naslova","item":"https:\/\/pfk.hr\/2024\/preporuka-naslova\/"},{"@type":"ListItem","position":3,"name":"Intenzivna njega &#8211; Zapisi jednog duhovnika"}]},{"@type":"WebSite","@id":"https:\/\/pfk.hr\/2024\/#website","url":"https:\/\/pfk.hr\/2024\/","name":"Panonski festival knjige","description":"\u010cITAJ, LEGA, \u010cITAJ!","potentialAction":[{"@type":"SearchAction","target":{"@type":"EntryPoint","urlTemplate":"https:\/\/pfk.hr\/2024\/?s={search_term_string}"},"query-input":"required name=search_term_string"}],"inLanguage":"hr"}]}},"_links":{"self":[{"href":"https:\/\/pfk.hr\/2024\/wp-json\/wp\/v2\/product\/990075","targetHints":{"allow":["GET"]}}],"collection":[{"href":"https:\/\/pfk.hr\/2024\/wp-json\/wp\/v2\/product"}],"about":[{"href":"https:\/\/pfk.hr\/2024\/wp-json\/wp\/v2\/types\/product"}],"wp:featuredmedia":[{"embeddable":true,"href":"https:\/\/pfk.hr\/2024\/wp-json\/wp\/v2\/media\/990077"}],"wp:attachment":[{"href":"https:\/\/pfk.hr\/2024\/wp-json\/wp\/v2\/media?parent=990075"}],"wp:term":[{"taxonomy":"product_cat","embeddable":true,"href":"https:\/\/pfk.hr\/2024\/wp-json\/wp\/v2\/product_cat?post=990075"},{"taxonomy":"product_tag","embeddable":true,"href":"https:\/\/pfk.hr\/2024\/wp-json\/wp\/v2\/product_tag?post=990075"}],"curies":[{"name":"wp","href":"https:\/\/api.w.org\/{rel}","templated":true}]}}