{"id":990073,"date":"2024-05-23T12:36:56","date_gmt":"2024-05-23T10:36:56","guid":{"rendered":"https:\/\/pfk.hr\/?post_type=product&#038;p=990073"},"modified":"2024-05-23T12:36:56","modified_gmt":"2024-05-23T10:36:56","slug":"nije-to-mala-stvar-odabrati-kuma-prica-o-augustinu-kazoticu","status":"publish","type":"product","link":"https:\/\/pfk.hr\/2024\/product\/nije-to-mala-stvar-odabrati-kuma-prica-o-augustinu-kazoticu\/","title":{"rendered":"Nije to mala stvar odabrati kuma! Pri\u010da o Augustinu Ka\u017eoti\u0107u"},"content":{"rendered":"<p><strong>Neven Drozdek<br \/>\n<\/strong>Naklada: Kr\u0161\u0107anska sada\u0161njost<\/p>\n<hr \/>\n<p>Zabavan i humoristi\u010dan roman, <em>Nije to mala stvar odabrati kuma! Pri\u010da o Augustinu Ka\u017eoti\u0107u<\/em>, iznimno vje\u0161to kombinira pri\u010du o Marku koji ima te\u017eak zadatak izbora krizmanog kuma te \u017eivotni put Augustina Ka\u017eoti\u0107a. Kandidati \u00bbotpadaju\u00ab jedan po jedan, vrijeme krizme sve je bli\u017ee i bli\u017ee, a u Markovu se obitelj uvla\u010di nervoza. Ve\u0107 pomalo o\u010dajan, Marko se povjerava \u017eupniku koji dolazi na ideju koja se Marku na prvi pogled \u010dini potpuno nekorisnom. Razo\u010daran, s letkom u ruci koji mu je \u017eupnik dao, odlazi iz sakristije ne slute\u0107i da ga \u010dekaju nevjerojatni doga\u0111aji koji \u0107e mu ne samo pomo\u0107i u odabiru kuma nego \u0107e u njegov \u017eivot, poput \u010duda, donijeti i sasvim posebnog prijatelja\u2026<\/p>\n<p>Redovna cijena: 13.00 \u20ac<\/p>\n<p>PFK cijena: 10.40 \u20ac<\/p>\n","protected":false},"excerpt":{"rendered":"<p>Neven Drozdek Naklada: Kr\u0161\u0107anska sada\u0161njost Zabavan i humoristi\u010dan roman, Nije to mala stvar odabrati kuma! Pri\u010da o Augustinu Ka\u017eoti\u0107u, iznimno vje\u0161to kombinira pri\u010du o Marku koji ima te\u017eak zadatak izbora krizmanog kuma te \u017eivotni put Augustina Ka\u017eoti\u0107a. Kandidati \u00bbotpadaju\u00ab jedan po jedan, vrijeme krizme sve je bli\u017ee i bli\u017ee, a u Markovu se obitelj uvla\u010di&#8230;<\/p>\n","protected":false},"featured_media":990074,"template":"","meta":{"_acf_changed":false},"product_cat":[15],"product_tag":[],"class_list":{"0":"post-990073","1":"product","2":"type-product","3":"status-publish","4":"has-post-thumbnail","6":"product_cat-uncategorized","8":"first","9":"instock","10":"shipping-taxable","11":"product-type-simple"},"acf":[],"yoast_head":"<!-- This site is optimized with the Yoast SEO plugin v22.6 - https:\/\/yoast.com\/wordpress\/plugins\/seo\/ -->\n<title>Nije to mala stvar odabrati kuma! Pri\u010da o Augustinu Ka\u017eoti\u0107u - Panonski festival knjige<\/title>\n<meta name=\"robots\" content=\"index, follow, max-snippet:-1, max-image-preview:large, max-video-preview:-1\" \/>\n<link rel=\"canonical\" href=\"https:\/\/pfk.hr\/2024\/product\/nije-to-mala-stvar-odabrati-kuma-prica-o-augustinu-kazoticu\/\" \/>\n<meta property=\"og:locale\" content=\"hr_HR\" \/>\n<meta property=\"og:type\" content=\"article\" \/>\n<meta property=\"og:title\" content=\"Nije to mala stvar odabrati kuma! Pri\u010da o Augustinu Ka\u017eoti\u0107u - Panonski festival knjige\" \/>\n<meta property=\"og:description\" content=\"Neven Drozdek Naklada: Kr\u0161\u0107anska sada\u0161njost Zabavan i humoristi\u010dan roman, Nije to mala stvar odabrati kuma! Pri\u010da o Augustinu Ka\u017eoti\u0107u, iznimno vje\u0161to kombinira pri\u010du o Marku koji ima te\u017eak zadatak izbora krizmanog kuma te \u017eivotni put Augustina Ka\u017eoti\u0107a. Kandidati \u00bbotpadaju\u00ab jedan po jedan, vrijeme krizme sve je bli\u017ee i bli\u017ee, a u Markovu se obitelj uvla\u010di...\" \/>\n<meta property=\"og:url\" content=\"https:\/\/pfk.hr\/2024\/product\/nije-to-mala-stvar-odabrati-kuma-prica-o-augustinu-kazoticu\/\" \/>\n<meta property=\"og:site_name\" content=\"Panonski festival knjige\" \/>\n<meta property=\"og:image\" content=\"https:\/\/pfk.hr\/2024\/wp-content\/uploads\/2024\/05\/1.png\" \/>\n\t<meta property=\"og:image:width\" content=\"1080\" \/>\n\t<meta property=\"og:image:height\" content=\"1080\" \/>\n\t<meta property=\"og:image:type\" content=\"image\/png\" \/>\n<meta name=\"twitter:card\" content=\"summary_large_image\" \/>\n<meta name=\"twitter:label1\" content=\"Procijenjeno vrijeme \u010ditanja\" \/>\n\t<meta name=\"twitter:data1\" content=\"1 minuta\" \/>\n<script type=\"application\/ld+json\" class=\"yoast-schema-graph\">{\"@context\":\"https:\/\/schema.org\",\"@graph\":[{\"@type\":\"WebPage\",\"@id\":\"https:\/\/pfk.hr\/2024\/product\/nije-to-mala-stvar-odabrati-kuma-prica-o-augustinu-kazoticu\/\",\"url\":\"https:\/\/pfk.hr\/2024\/product\/nije-to-mala-stvar-odabrati-kuma-prica-o-augustinu-kazoticu\/\",\"name\":\"Nije to mala stvar odabrati kuma! Pri\u010da o Augustinu Ka\u017eoti\u0107u - Panonski festival knjige\",\"isPartOf\":{\"@id\":\"https:\/\/pfk.hr\/2024\/#website\"},\"primaryImageOfPage\":{\"@id\":\"https:\/\/pfk.hr\/2024\/product\/nije-to-mala-stvar-odabrati-kuma-prica-o-augustinu-kazoticu\/#primaryimage\"},\"image\":{\"@id\":\"https:\/\/pfk.hr\/2024\/product\/nije-to-mala-stvar-odabrati-kuma-prica-o-augustinu-kazoticu\/#primaryimage\"},\"thumbnailUrl\":\"https:\/\/pfk.hr\/2024\/wp-content\/uploads\/2024\/05\/1.png\",\"datePublished\":\"2024-05-23T10:36:56+00:00\",\"dateModified\":\"2024-05-23T10:36:56+00:00\",\"breadcrumb\":{\"@id\":\"https:\/\/pfk.hr\/2024\/product\/nije-to-mala-stvar-odabrati-kuma-prica-o-augustinu-kazoticu\/#breadcrumb\"},\"inLanguage\":\"hr\",\"potentialAction\":[{\"@type\":\"ReadAction\",\"target\":[\"https:\/\/pfk.hr\/2024\/product\/nije-to-mala-stvar-odabrati-kuma-prica-o-augustinu-kazoticu\/\"]}]},{\"@type\":\"ImageObject\",\"inLanguage\":\"hr\",\"@id\":\"https:\/\/pfk.hr\/2024\/product\/nije-to-mala-stvar-odabrati-kuma-prica-o-augustinu-kazoticu\/#primaryimage\",\"url\":\"https:\/\/pfk.hr\/2024\/wp-content\/uploads\/2024\/05\/1.png\",\"contentUrl\":\"https:\/\/pfk.hr\/2024\/wp-content\/uploads\/2024\/05\/1.png\",\"width\":1080,\"height\":1080},{\"@type\":\"BreadcrumbList\",\"@id\":\"https:\/\/pfk.hr\/2024\/product\/nije-to-mala-stvar-odabrati-kuma-prica-o-augustinu-kazoticu\/#breadcrumb\",\"itemListElement\":[{\"@type\":\"ListItem\",\"position\":1,\"name\":\"Po\u010detna stranica\",\"item\":\"https:\/\/pfk.hr\/2024\/\"},{\"@type\":\"ListItem\",\"position\":2,\"name\":\"Preporuka naslova\",\"item\":\"https:\/\/pfk.hr\/2024\/preporuka-naslova\/\"},{\"@type\":\"ListItem\",\"position\":3,\"name\":\"Nije to mala stvar odabrati kuma! Pri\u010da o Augustinu Ka\u017eoti\u0107u\"}]},{\"@type\":\"WebSite\",\"@id\":\"https:\/\/pfk.hr\/2024\/#website\",\"url\":\"https:\/\/pfk.hr\/2024\/\",\"name\":\"Panonski festival knjige\",\"description\":\"\u010cITAJ, LEGA, \u010cITAJ!\",\"potentialAction\":[{\"@type\":\"SearchAction\",\"target\":{\"@type\":\"EntryPoint\",\"urlTemplate\":\"https:\/\/pfk.hr\/2024\/?s={search_term_string}\"},\"query-input\":\"required name=search_term_string\"}],\"inLanguage\":\"hr\"}]}<\/script>\n<!-- \/ Yoast SEO plugin. -->","yoast_head_json":{"title":"Nije to mala stvar odabrati kuma! Pri\u010da o Augustinu Ka\u017eoti\u0107u - Panonski festival knjige","robots":{"index":"index","follow":"follow","max-snippet":"max-snippet:-1","max-image-preview":"max-image-preview:large","max-video-preview":"max-video-preview:-1"},"canonical":"https:\/\/pfk.hr\/2024\/product\/nije-to-mala-stvar-odabrati-kuma-prica-o-augustinu-kazoticu\/","og_locale":"hr_HR","og_type":"article","og_title":"Nije to mala stvar odabrati kuma! Pri\u010da o Augustinu Ka\u017eoti\u0107u - Panonski festival knjige","og_description":"Neven Drozdek Naklada: Kr\u0161\u0107anska sada\u0161njost Zabavan i humoristi\u010dan roman, Nije to mala stvar odabrati kuma! Pri\u010da o Augustinu Ka\u017eoti\u0107u, iznimno vje\u0161to kombinira pri\u010du o Marku koji ima te\u017eak zadatak izbora krizmanog kuma te \u017eivotni put Augustina Ka\u017eoti\u0107a. Kandidati \u00bbotpadaju\u00ab jedan po jedan, vrijeme krizme sve je bli\u017ee i bli\u017ee, a u Markovu se obitelj uvla\u010di...","og_url":"https:\/\/pfk.hr\/2024\/product\/nije-to-mala-stvar-odabrati-kuma-prica-o-augustinu-kazoticu\/","og_site_name":"Panonski festival knjige","og_image":[{"width":1080,"height":1080,"url":"https:\/\/pfk.hr\/2024\/wp-content\/uploads\/2024\/05\/1.png","type":"image\/png"}],"twitter_card":"summary_large_image","twitter_misc":{"Procijenjeno vrijeme \u010ditanja":"1 minuta"},"schema":{"@context":"https:\/\/schema.org","@graph":[{"@type":"WebPage","@id":"https:\/\/pfk.hr\/2024\/product\/nije-to-mala-stvar-odabrati-kuma-prica-o-augustinu-kazoticu\/","url":"https:\/\/pfk.hr\/2024\/product\/nije-to-mala-stvar-odabrati-kuma-prica-o-augustinu-kazoticu\/","name":"Nije to mala stvar odabrati kuma! Pri\u010da o Augustinu Ka\u017eoti\u0107u - Panonski festival knjige","isPartOf":{"@id":"https:\/\/pfk.hr\/2024\/#website"},"primaryImageOfPage":{"@id":"https:\/\/pfk.hr\/2024\/product\/nije-to-mala-stvar-odabrati-kuma-prica-o-augustinu-kazoticu\/#primaryimage"},"image":{"@id":"https:\/\/pfk.hr\/2024\/product\/nije-to-mala-stvar-odabrati-kuma-prica-o-augustinu-kazoticu\/#primaryimage"},"thumbnailUrl":"https:\/\/pfk.hr\/2024\/wp-content\/uploads\/2024\/05\/1.png","datePublished":"2024-05-23T10:36:56+00:00","dateModified":"2024-05-23T10:36:56+00:00","breadcrumb":{"@id":"https:\/\/pfk.hr\/2024\/product\/nije-to-mala-stvar-odabrati-kuma-prica-o-augustinu-kazoticu\/#breadcrumb"},"inLanguage":"hr","potentialAction":[{"@type":"ReadAction","target":["https:\/\/pfk.hr\/2024\/product\/nije-to-mala-stvar-odabrati-kuma-prica-o-augustinu-kazoticu\/"]}]},{"@type":"ImageObject","inLanguage":"hr","@id":"https:\/\/pfk.hr\/2024\/product\/nije-to-mala-stvar-odabrati-kuma-prica-o-augustinu-kazoticu\/#primaryimage","url":"https:\/\/pfk.hr\/2024\/wp-content\/uploads\/2024\/05\/1.png","contentUrl":"https:\/\/pfk.hr\/2024\/wp-content\/uploads\/2024\/05\/1.png","width":1080,"height":1080},{"@type":"BreadcrumbList","@id":"https:\/\/pfk.hr\/2024\/product\/nije-to-mala-stvar-odabrati-kuma-prica-o-augustinu-kazoticu\/#breadcrumb","itemListElement":[{"@type":"ListItem","position":1,"name":"Po\u010detna stranica","item":"https:\/\/pfk.hr\/2024\/"},{"@type":"ListItem","position":2,"name":"Preporuka naslova","item":"https:\/\/pfk.hr\/2024\/preporuka-naslova\/"},{"@type":"ListItem","position":3,"name":"Nije to mala stvar odabrati kuma! Pri\u010da o Augustinu Ka\u017eoti\u0107u"}]},{"@type":"WebSite","@id":"https:\/\/pfk.hr\/2024\/#website","url":"https:\/\/pfk.hr\/2024\/","name":"Panonski festival knjige","description":"\u010cITAJ, LEGA, \u010cITAJ!","potentialAction":[{"@type":"SearchAction","target":{"@type":"EntryPoint","urlTemplate":"https:\/\/pfk.hr\/2024\/?s={search_term_string}"},"query-input":"required name=search_term_string"}],"inLanguage":"hr"}]}},"_links":{"self":[{"href":"https:\/\/pfk.hr\/2024\/wp-json\/wp\/v2\/product\/990073","targetHints":{"allow":["GET"]}}],"collection":[{"href":"https:\/\/pfk.hr\/2024\/wp-json\/wp\/v2\/product"}],"about":[{"href":"https:\/\/pfk.hr\/2024\/wp-json\/wp\/v2\/types\/product"}],"wp:featuredmedia":[{"embeddable":true,"href":"https:\/\/pfk.hr\/2024\/wp-json\/wp\/v2\/media\/990074"}],"wp:attachment":[{"href":"https:\/\/pfk.hr\/2024\/wp-json\/wp\/v2\/media?parent=990073"}],"wp:term":[{"taxonomy":"product_cat","embeddable":true,"href":"https:\/\/pfk.hr\/2024\/wp-json\/wp\/v2\/product_cat?post=990073"},{"taxonomy":"product_tag","embeddable":true,"href":"https:\/\/pfk.hr\/2024\/wp-json\/wp\/v2\/product_tag?post=990073"}],"curies":[{"name":"wp","href":"https:\/\/api.w.org\/{rel}","templated":true}]}}