{"id":989947,"date":"2024-05-20T12:18:36","date_gmt":"2024-05-20T10:18:36","guid":{"rendered":"https:\/\/pfk.hr\/?post_type=product&#038;p=989947"},"modified":"2024-05-20T12:18:36","modified_gmt":"2024-05-20T10:18:36","slug":"weywardice","status":"publish","type":"product","link":"https:\/\/pfk.hr\/2024\/product\/weywardice\/","title":{"rendered":"Weywardice"},"content":{"rendered":"<p><strong>Emilia Hart<br \/>\n<\/strong>Naklada: Stilus<\/p>\n<hr \/>\n<ol start=\"1612\">\n<li>Altha \u010deka su\u0111enje zbog ubojstva mje\u0161tanina kojeg je pregazilo njegovo krdo krava. Althin krimen jest taj \u0161to je, ba\u0161 kao i njezina majka, neobi\u010dna \u017eena, jedna od onih za koje je lako povjerovati da se bave vje\u0161ti\u010darenjem.<\/li>\n<li>Dok Drugi svjetski rat bjesni, Violet je zato\u010dena na grandioznom imanju svog oca. Sputana dru\u0161tvenim normama, \u010dezne za obrazovanjem i za majkom za koju se pri\u010da da je poludjela pred svoju smrt\u2026<\/li>\n<li>Pod okriljem no\u0107i Kate bje\u017ei od nasilnog partnera iz Londona u izoliranu ku\u0107u koju je naslijedila od pratetke koju je jedva poznavala.<\/li>\n<\/ol>\n<p><strong>\u00a0<\/strong><strong><em>Weywardice<\/em><\/strong> \u2013 roman o \u017eenskoj snazi u kojem se prate sudbine triju izuzetnih \u017eena iz razli\u010ditih stolje\u0107a \u2013 zadivljuju\u0107i su prvijenac australsko-britanske autorice Emilije Hart.<\/p>\n<p>Nagrada Goodreads\u00a0 za najbolji povijesni roman 2023. i najbolji prvijenac 2023.<\/p>\n<p><em>\u00a0<\/em><\/p>\n<p>REDOVNA CIJENA: 21,90 \u20ac<\/p>\n<p>PFK CIJENA: 17,50 \u20ac<\/p>\n","protected":false},"excerpt":{"rendered":"<p>Emilia Hart Naklada: Stilus Altha \u010deka su\u0111enje zbog ubojstva mje\u0161tanina kojeg je pregazilo njegovo krdo krava. Althin krimen jest taj \u0161to je, ba\u0161 kao i njezina majka, neobi\u010dna \u017eena, jedna od onih za koje je lako povjerovati da se bave vje\u0161ti\u010darenjem. Dok Drugi svjetski rat bjesni, Violet je zato\u010dena na grandioznom imanju svog oca. Sputana&#8230;<\/p>\n","protected":false},"featured_media":989948,"template":"","meta":{"_acf_changed":false},"product_cat":[15],"product_tag":[],"class_list":{"0":"post-989947","1":"product","2":"type-product","3":"status-publish","4":"has-post-thumbnail","6":"product_cat-uncategorized","8":"first","9":"instock","10":"shipping-taxable","11":"product-type-simple"},"acf":[],"yoast_head":"<!-- This site is optimized with the Yoast SEO plugin v22.6 - https:\/\/yoast.com\/wordpress\/plugins\/seo\/ -->\n<title>Weywardice - Panonski festival knjige<\/title>\n<meta name=\"robots\" content=\"index, follow, max-snippet:-1, max-image-preview:large, max-video-preview:-1\" \/>\n<link rel=\"canonical\" href=\"https:\/\/pfk.hr\/2024\/product\/weywardice\/\" \/>\n<meta property=\"og:locale\" content=\"hr_HR\" \/>\n<meta property=\"og:type\" content=\"article\" \/>\n<meta property=\"og:title\" content=\"Weywardice - Panonski festival knjige\" \/>\n<meta property=\"og:description\" content=\"Emilia Hart Naklada: Stilus Altha \u010deka su\u0111enje zbog ubojstva mje\u0161tanina kojeg je pregazilo njegovo krdo krava. Althin krimen jest taj \u0161to je, ba\u0161 kao i njezina majka, neobi\u010dna \u017eena, jedna od onih za koje je lako povjerovati da se bave vje\u0161ti\u010darenjem. Dok Drugi svjetski rat bjesni, Violet je zato\u010dena na grandioznom imanju svog oca. Sputana...\" \/>\n<meta property=\"og:url\" content=\"https:\/\/pfk.hr\/2024\/product\/weywardice\/\" \/>\n<meta property=\"og:site_name\" content=\"Panonski festival knjige\" \/>\n<meta property=\"og:image\" content=\"https:\/\/pfk.hr\/2024\/wp-content\/uploads\/2024\/05\/Weywardice-346x553-1.jpg\" \/>\n\t<meta property=\"og:image:width\" content=\"346\" \/>\n\t<meta property=\"og:image:height\" content=\"553\" \/>\n\t<meta property=\"og:image:type\" content=\"image\/jpeg\" \/>\n<meta name=\"twitter:card\" content=\"summary_large_image\" \/>\n<meta name=\"twitter:label1\" content=\"Procijenjeno vrijeme \u010ditanja\" \/>\n\t<meta name=\"twitter:data1\" content=\"1 minuta\" \/>\n<script type=\"application\/ld+json\" class=\"yoast-schema-graph\">{\"@context\":\"https:\/\/schema.org\",\"@graph\":[{\"@type\":\"WebPage\",\"@id\":\"https:\/\/pfk.hr\/2024\/product\/weywardice\/\",\"url\":\"https:\/\/pfk.hr\/2024\/product\/weywardice\/\",\"name\":\"Weywardice - Panonski festival knjige\",\"isPartOf\":{\"@id\":\"https:\/\/pfk.hr\/2024\/#website\"},\"primaryImageOfPage\":{\"@id\":\"https:\/\/pfk.hr\/2024\/product\/weywardice\/#primaryimage\"},\"image\":{\"@id\":\"https:\/\/pfk.hr\/2024\/product\/weywardice\/#primaryimage\"},\"thumbnailUrl\":\"https:\/\/pfk.hr\/2024\/wp-content\/uploads\/2024\/05\/Weywardice-346x553-1.jpg\",\"datePublished\":\"2024-05-20T10:18:36+00:00\",\"dateModified\":\"2024-05-20T10:18:36+00:00\",\"breadcrumb\":{\"@id\":\"https:\/\/pfk.hr\/2024\/product\/weywardice\/#breadcrumb\"},\"inLanguage\":\"hr\",\"potentialAction\":[{\"@type\":\"ReadAction\",\"target\":[\"https:\/\/pfk.hr\/2024\/product\/weywardice\/\"]}]},{\"@type\":\"ImageObject\",\"inLanguage\":\"hr\",\"@id\":\"https:\/\/pfk.hr\/2024\/product\/weywardice\/#primaryimage\",\"url\":\"https:\/\/pfk.hr\/2024\/wp-content\/uploads\/2024\/05\/Weywardice-346x553-1.jpg\",\"contentUrl\":\"https:\/\/pfk.hr\/2024\/wp-content\/uploads\/2024\/05\/Weywardice-346x553-1.jpg\",\"width\":346,\"height\":553},{\"@type\":\"BreadcrumbList\",\"@id\":\"https:\/\/pfk.hr\/2024\/product\/weywardice\/#breadcrumb\",\"itemListElement\":[{\"@type\":\"ListItem\",\"position\":1,\"name\":\"Po\u010detna stranica\",\"item\":\"https:\/\/pfk.hr\/2024\/\"},{\"@type\":\"ListItem\",\"position\":2,\"name\":\"Preporuka naslova\",\"item\":\"https:\/\/pfk.hr\/2024\/preporuka-naslova\/\"},{\"@type\":\"ListItem\",\"position\":3,\"name\":\"Weywardice\"}]},{\"@type\":\"WebSite\",\"@id\":\"https:\/\/pfk.hr\/2024\/#website\",\"url\":\"https:\/\/pfk.hr\/2024\/\",\"name\":\"Panonski festival knjige\",\"description\":\"\u010cITAJ, LEGA, \u010cITAJ!\",\"potentialAction\":[{\"@type\":\"SearchAction\",\"target\":{\"@type\":\"EntryPoint\",\"urlTemplate\":\"https:\/\/pfk.hr\/2024\/?s={search_term_string}\"},\"query-input\":\"required name=search_term_string\"}],\"inLanguage\":\"hr\"}]}<\/script>\n<!-- \/ Yoast SEO plugin. -->","yoast_head_json":{"title":"Weywardice - Panonski festival knjige","robots":{"index":"index","follow":"follow","max-snippet":"max-snippet:-1","max-image-preview":"max-image-preview:large","max-video-preview":"max-video-preview:-1"},"canonical":"https:\/\/pfk.hr\/2024\/product\/weywardice\/","og_locale":"hr_HR","og_type":"article","og_title":"Weywardice - Panonski festival knjige","og_description":"Emilia Hart Naklada: Stilus Altha \u010deka su\u0111enje zbog ubojstva mje\u0161tanina kojeg je pregazilo njegovo krdo krava. Althin krimen jest taj \u0161to je, ba\u0161 kao i njezina majka, neobi\u010dna \u017eena, jedna od onih za koje je lako povjerovati da se bave vje\u0161ti\u010darenjem. Dok Drugi svjetski rat bjesni, Violet je zato\u010dena na grandioznom imanju svog oca. Sputana...","og_url":"https:\/\/pfk.hr\/2024\/product\/weywardice\/","og_site_name":"Panonski festival knjige","og_image":[{"width":346,"height":553,"url":"https:\/\/pfk.hr\/2024\/wp-content\/uploads\/2024\/05\/Weywardice-346x553-1.jpg","type":"image\/jpeg"}],"twitter_card":"summary_large_image","twitter_misc":{"Procijenjeno vrijeme \u010ditanja":"1 minuta"},"schema":{"@context":"https:\/\/schema.org","@graph":[{"@type":"WebPage","@id":"https:\/\/pfk.hr\/2024\/product\/weywardice\/","url":"https:\/\/pfk.hr\/2024\/product\/weywardice\/","name":"Weywardice - Panonski festival knjige","isPartOf":{"@id":"https:\/\/pfk.hr\/2024\/#website"},"primaryImageOfPage":{"@id":"https:\/\/pfk.hr\/2024\/product\/weywardice\/#primaryimage"},"image":{"@id":"https:\/\/pfk.hr\/2024\/product\/weywardice\/#primaryimage"},"thumbnailUrl":"https:\/\/pfk.hr\/2024\/wp-content\/uploads\/2024\/05\/Weywardice-346x553-1.jpg","datePublished":"2024-05-20T10:18:36+00:00","dateModified":"2024-05-20T10:18:36+00:00","breadcrumb":{"@id":"https:\/\/pfk.hr\/2024\/product\/weywardice\/#breadcrumb"},"inLanguage":"hr","potentialAction":[{"@type":"ReadAction","target":["https:\/\/pfk.hr\/2024\/product\/weywardice\/"]}]},{"@type":"ImageObject","inLanguage":"hr","@id":"https:\/\/pfk.hr\/2024\/product\/weywardice\/#primaryimage","url":"https:\/\/pfk.hr\/2024\/wp-content\/uploads\/2024\/05\/Weywardice-346x553-1.jpg","contentUrl":"https:\/\/pfk.hr\/2024\/wp-content\/uploads\/2024\/05\/Weywardice-346x553-1.jpg","width":346,"height":553},{"@type":"BreadcrumbList","@id":"https:\/\/pfk.hr\/2024\/product\/weywardice\/#breadcrumb","itemListElement":[{"@type":"ListItem","position":1,"name":"Po\u010detna stranica","item":"https:\/\/pfk.hr\/2024\/"},{"@type":"ListItem","position":2,"name":"Preporuka naslova","item":"https:\/\/pfk.hr\/2024\/preporuka-naslova\/"},{"@type":"ListItem","position":3,"name":"Weywardice"}]},{"@type":"WebSite","@id":"https:\/\/pfk.hr\/2024\/#website","url":"https:\/\/pfk.hr\/2024\/","name":"Panonski festival knjige","description":"\u010cITAJ, LEGA, \u010cITAJ!","potentialAction":[{"@type":"SearchAction","target":{"@type":"EntryPoint","urlTemplate":"https:\/\/pfk.hr\/2024\/?s={search_term_string}"},"query-input":"required name=search_term_string"}],"inLanguage":"hr"}]}},"_links":{"self":[{"href":"https:\/\/pfk.hr\/2024\/wp-json\/wp\/v2\/product\/989947","targetHints":{"allow":["GET"]}}],"collection":[{"href":"https:\/\/pfk.hr\/2024\/wp-json\/wp\/v2\/product"}],"about":[{"href":"https:\/\/pfk.hr\/2024\/wp-json\/wp\/v2\/types\/product"}],"wp:featuredmedia":[{"embeddable":true,"href":"https:\/\/pfk.hr\/2024\/wp-json\/wp\/v2\/media\/989948"}],"wp:attachment":[{"href":"https:\/\/pfk.hr\/2024\/wp-json\/wp\/v2\/media?parent=989947"}],"wp:term":[{"taxonomy":"product_cat","embeddable":true,"href":"https:\/\/pfk.hr\/2024\/wp-json\/wp\/v2\/product_cat?post=989947"},{"taxonomy":"product_tag","embeddable":true,"href":"https:\/\/pfk.hr\/2024\/wp-json\/wp\/v2\/product_tag?post=989947"}],"curies":[{"name":"wp","href":"https:\/\/api.w.org\/{rel}","templated":true}]}}