{"id":989945,"date":"2024-05-20T12:15:12","date_gmt":"2024-05-20T10:15:12","guid":{"rendered":"https:\/\/pfk.hr\/?post_type=product&#038;p=989945"},"modified":"2024-05-20T12:15:12","modified_gmt":"2024-05-20T10:15:12","slug":"zigice","status":"publish","type":"product","link":"https:\/\/pfk.hr\/2024\/product\/zigice\/","title":{"rendered":"\u017digice"},"content":{"rendered":"<p><strong>Jurica Pavi\u010di\u0107<\/strong><br \/>\nNaklada: Stilus<\/p>\n<hr \/>\n<p>Ni\u0161ta se od toga nije trebalo dogoditi. A ipak, dogodilo se \u2013 onako kako se nad isto\u010dnim Jadranom dogodilo tisu\u0107u puta, ponavljaju\u0107i isti, vje\u010dni obrazac, stariji od ljudi, stariji od ku\u0107a, gradova, nacija i jezika\u2026<\/p>\n<p>Orkanska bura rasplamsa zastra\u0161uju\u0107i po\u017ear koji spali planinu i ugrozi grad Split. Policija je uvjerena da \u0107e istraga biti brzo zaklju\u010dena i otkriti ili piromana ili tragove pukog ljudskog nemara. Ubrzo \u0107e se pokazati da je slu\u010daj mnogo zamr\u0161eniji.<\/p>\n<p>Mladen Bo\u017eikovi\u0107 odan je suprug, otac, djed. \u010covjek nalik mnogima, osim \u0161to je strastveno zaljubljen u planine Dalmacije, planine koje ve\u0107 generacijama odre\u0111uju sudbinu njegove obitelji, ali i njega samoga.<\/p>\n<p>Stoga po\u017ear koji je poharao i njegovu djedovinu za njega nikako nije samo medijska vijest\u2026<\/p>\n<p>REDOVNA CIJENA: 17,90 \u20ac<\/p>\n<p>PFK CIJENA: 14,90 \u20ac<\/p>\n<p>&nbsp;<\/p>\n","protected":false},"excerpt":{"rendered":"<p>Jurica Pavi\u010di\u0107 Naklada: Stilus Ni\u0161ta se od toga nije trebalo dogoditi. A ipak, dogodilo se \u2013 onako kako se nad isto\u010dnim Jadranom dogodilo tisu\u0107u puta, ponavljaju\u0107i isti, vje\u010dni obrazac, stariji od ljudi, stariji od ku\u0107a, gradova, nacija i jezika\u2026 Orkanska bura rasplamsa zastra\u0161uju\u0107i po\u017ear koji spali planinu i ugrozi grad Split. Policija je uvjerena da&#8230;<\/p>\n","protected":false},"featured_media":989946,"template":"","meta":{"_acf_changed":false},"product_cat":[15],"product_tag":[],"class_list":{"0":"post-989945","1":"product","2":"type-product","3":"status-publish","4":"has-post-thumbnail","6":"product_cat-uncategorized","8":"first","9":"instock","10":"shipping-taxable","11":"product-type-simple"},"acf":[],"yoast_head":"<!-- This site is optimized with the Yoast SEO plugin v22.6 - https:\/\/yoast.com\/wordpress\/plugins\/seo\/ -->\n<title>\u017digice - Panonski festival knjige<\/title>\n<meta name=\"robots\" content=\"index, follow, max-snippet:-1, max-image-preview:large, max-video-preview:-1\" \/>\n<link rel=\"canonical\" href=\"https:\/\/pfk.hr\/2024\/product\/zigice\/\" \/>\n<meta property=\"og:locale\" content=\"hr_HR\" \/>\n<meta property=\"og:type\" content=\"article\" \/>\n<meta property=\"og:title\" content=\"\u017digice - Panonski festival knjige\" \/>\n<meta property=\"og:description\" content=\"Jurica Pavi\u010di\u0107 Naklada: Stilus Ni\u0161ta se od toga nije trebalo dogoditi. A ipak, dogodilo se \u2013 onako kako se nad isto\u010dnim Jadranom dogodilo tisu\u0107u puta, ponavljaju\u0107i isti, vje\u010dni obrazac, stariji od ljudi, stariji od ku\u0107a, gradova, nacija i jezika\u2026 Orkanska bura rasplamsa zastra\u0161uju\u0107i po\u017ear koji spali planinu i ugrozi grad Split. Policija je uvjerena da...\" \/>\n<meta property=\"og:url\" content=\"https:\/\/pfk.hr\/2024\/product\/zigice\/\" \/>\n<meta property=\"og:site_name\" content=\"Panonski festival knjige\" \/>\n<meta property=\"og:image\" content=\"https:\/\/pfk.hr\/2024\/wp-content\/uploads\/2024\/05\/Zigice-346x553-1.jpg\" \/>\n\t<meta property=\"og:image:width\" content=\"346\" \/>\n\t<meta property=\"og:image:height\" content=\"553\" \/>\n\t<meta property=\"og:image:type\" content=\"image\/jpeg\" \/>\n<meta name=\"twitter:card\" content=\"summary_large_image\" \/>\n<meta name=\"twitter:label1\" content=\"Procijenjeno vrijeme \u010ditanja\" \/>\n\t<meta name=\"twitter:data1\" content=\"1 minuta\" \/>\n<script type=\"application\/ld+json\" class=\"yoast-schema-graph\">{\"@context\":\"https:\/\/schema.org\",\"@graph\":[{\"@type\":\"WebPage\",\"@id\":\"https:\/\/pfk.hr\/2024\/product\/zigice\/\",\"url\":\"https:\/\/pfk.hr\/2024\/product\/zigice\/\",\"name\":\"\u017digice - Panonski festival knjige\",\"isPartOf\":{\"@id\":\"https:\/\/pfk.hr\/2024\/#website\"},\"primaryImageOfPage\":{\"@id\":\"https:\/\/pfk.hr\/2024\/product\/zigice\/#primaryimage\"},\"image\":{\"@id\":\"https:\/\/pfk.hr\/2024\/product\/zigice\/#primaryimage\"},\"thumbnailUrl\":\"https:\/\/pfk.hr\/2024\/wp-content\/uploads\/2024\/05\/Zigice-346x553-1.jpg\",\"datePublished\":\"2024-05-20T10:15:12+00:00\",\"dateModified\":\"2024-05-20T10:15:12+00:00\",\"breadcrumb\":{\"@id\":\"https:\/\/pfk.hr\/2024\/product\/zigice\/#breadcrumb\"},\"inLanguage\":\"hr\",\"potentialAction\":[{\"@type\":\"ReadAction\",\"target\":[\"https:\/\/pfk.hr\/2024\/product\/zigice\/\"]}]},{\"@type\":\"ImageObject\",\"inLanguage\":\"hr\",\"@id\":\"https:\/\/pfk.hr\/2024\/product\/zigice\/#primaryimage\",\"url\":\"https:\/\/pfk.hr\/2024\/wp-content\/uploads\/2024\/05\/Zigice-346x553-1.jpg\",\"contentUrl\":\"https:\/\/pfk.hr\/2024\/wp-content\/uploads\/2024\/05\/Zigice-346x553-1.jpg\",\"width\":346,\"height\":553},{\"@type\":\"BreadcrumbList\",\"@id\":\"https:\/\/pfk.hr\/2024\/product\/zigice\/#breadcrumb\",\"itemListElement\":[{\"@type\":\"ListItem\",\"position\":1,\"name\":\"Po\u010detna stranica\",\"item\":\"https:\/\/pfk.hr\/2024\/\"},{\"@type\":\"ListItem\",\"position\":2,\"name\":\"Preporuka naslova\",\"item\":\"https:\/\/pfk.hr\/2024\/preporuka-naslova\/\"},{\"@type\":\"ListItem\",\"position\":3,\"name\":\"\u017digice\"}]},{\"@type\":\"WebSite\",\"@id\":\"https:\/\/pfk.hr\/2024\/#website\",\"url\":\"https:\/\/pfk.hr\/2024\/\",\"name\":\"Panonski festival knjige\",\"description\":\"\u010cITAJ, LEGA, \u010cITAJ!\",\"potentialAction\":[{\"@type\":\"SearchAction\",\"target\":{\"@type\":\"EntryPoint\",\"urlTemplate\":\"https:\/\/pfk.hr\/2024\/?s={search_term_string}\"},\"query-input\":\"required name=search_term_string\"}],\"inLanguage\":\"hr\"}]}<\/script>\n<!-- \/ Yoast SEO plugin. -->","yoast_head_json":{"title":"\u017digice - Panonski festival knjige","robots":{"index":"index","follow":"follow","max-snippet":"max-snippet:-1","max-image-preview":"max-image-preview:large","max-video-preview":"max-video-preview:-1"},"canonical":"https:\/\/pfk.hr\/2024\/product\/zigice\/","og_locale":"hr_HR","og_type":"article","og_title":"\u017digice - Panonski festival knjige","og_description":"Jurica Pavi\u010di\u0107 Naklada: Stilus Ni\u0161ta se od toga nije trebalo dogoditi. A ipak, dogodilo se \u2013 onako kako se nad isto\u010dnim Jadranom dogodilo tisu\u0107u puta, ponavljaju\u0107i isti, vje\u010dni obrazac, stariji od ljudi, stariji od ku\u0107a, gradova, nacija i jezika\u2026 Orkanska bura rasplamsa zastra\u0161uju\u0107i po\u017ear koji spali planinu i ugrozi grad Split. Policija je uvjerena da...","og_url":"https:\/\/pfk.hr\/2024\/product\/zigice\/","og_site_name":"Panonski festival knjige","og_image":[{"width":346,"height":553,"url":"https:\/\/pfk.hr\/2024\/wp-content\/uploads\/2024\/05\/Zigice-346x553-1.jpg","type":"image\/jpeg"}],"twitter_card":"summary_large_image","twitter_misc":{"Procijenjeno vrijeme \u010ditanja":"1 minuta"},"schema":{"@context":"https:\/\/schema.org","@graph":[{"@type":"WebPage","@id":"https:\/\/pfk.hr\/2024\/product\/zigice\/","url":"https:\/\/pfk.hr\/2024\/product\/zigice\/","name":"\u017digice - Panonski festival knjige","isPartOf":{"@id":"https:\/\/pfk.hr\/2024\/#website"},"primaryImageOfPage":{"@id":"https:\/\/pfk.hr\/2024\/product\/zigice\/#primaryimage"},"image":{"@id":"https:\/\/pfk.hr\/2024\/product\/zigice\/#primaryimage"},"thumbnailUrl":"https:\/\/pfk.hr\/2024\/wp-content\/uploads\/2024\/05\/Zigice-346x553-1.jpg","datePublished":"2024-05-20T10:15:12+00:00","dateModified":"2024-05-20T10:15:12+00:00","breadcrumb":{"@id":"https:\/\/pfk.hr\/2024\/product\/zigice\/#breadcrumb"},"inLanguage":"hr","potentialAction":[{"@type":"ReadAction","target":["https:\/\/pfk.hr\/2024\/product\/zigice\/"]}]},{"@type":"ImageObject","inLanguage":"hr","@id":"https:\/\/pfk.hr\/2024\/product\/zigice\/#primaryimage","url":"https:\/\/pfk.hr\/2024\/wp-content\/uploads\/2024\/05\/Zigice-346x553-1.jpg","contentUrl":"https:\/\/pfk.hr\/2024\/wp-content\/uploads\/2024\/05\/Zigice-346x553-1.jpg","width":346,"height":553},{"@type":"BreadcrumbList","@id":"https:\/\/pfk.hr\/2024\/product\/zigice\/#breadcrumb","itemListElement":[{"@type":"ListItem","position":1,"name":"Po\u010detna stranica","item":"https:\/\/pfk.hr\/2024\/"},{"@type":"ListItem","position":2,"name":"Preporuka naslova","item":"https:\/\/pfk.hr\/2024\/preporuka-naslova\/"},{"@type":"ListItem","position":3,"name":"\u017digice"}]},{"@type":"WebSite","@id":"https:\/\/pfk.hr\/2024\/#website","url":"https:\/\/pfk.hr\/2024\/","name":"Panonski festival knjige","description":"\u010cITAJ, LEGA, \u010cITAJ!","potentialAction":[{"@type":"SearchAction","target":{"@type":"EntryPoint","urlTemplate":"https:\/\/pfk.hr\/2024\/?s={search_term_string}"},"query-input":"required name=search_term_string"}],"inLanguage":"hr"}]}},"_links":{"self":[{"href":"https:\/\/pfk.hr\/2024\/wp-json\/wp\/v2\/product\/989945","targetHints":{"allow":["GET"]}}],"collection":[{"href":"https:\/\/pfk.hr\/2024\/wp-json\/wp\/v2\/product"}],"about":[{"href":"https:\/\/pfk.hr\/2024\/wp-json\/wp\/v2\/types\/product"}],"wp:featuredmedia":[{"embeddable":true,"href":"https:\/\/pfk.hr\/2024\/wp-json\/wp\/v2\/media\/989946"}],"wp:attachment":[{"href":"https:\/\/pfk.hr\/2024\/wp-json\/wp\/v2\/media?parent=989945"}],"wp:term":[{"taxonomy":"product_cat","embeddable":true,"href":"https:\/\/pfk.hr\/2024\/wp-json\/wp\/v2\/product_cat?post=989945"},{"taxonomy":"product_tag","embeddable":true,"href":"https:\/\/pfk.hr\/2024\/wp-json\/wp\/v2\/product_tag?post=989945"}],"curies":[{"name":"wp","href":"https:\/\/api.w.org\/{rel}","templated":true}]}}