{"id":989941,"date":"2024-05-20T12:08:03","date_gmt":"2024-05-20T10:08:03","guid":{"rendered":"https:\/\/pfk.hr\/?post_type=product&#038;p=989941"},"modified":"2024-05-20T12:08:04","modified_gmt":"2024-05-20T10:08:04","slug":"djecak-koji-je-crtao-sjene","status":"publish","type":"product","link":"https:\/\/pfk.hr\/2024\/product\/djecak-koji-je-crtao-sjene\/","title":{"rendered":"Dje\u010dak koji je crtao sjene"},"content":{"rendered":"<p><strong>Oriana Ramunno<br \/>\n<\/strong>Naklada: Hena<\/p>\n<hr \/>\n<p>Snje\u017eni je Bo\u017ei\u0107 1943. U Auschwitzu, u Bloku 10, koji izgleda mra\u010dnije nego ikad, \u017eidovski dje\u010dak Gioele pronalazi tijelo nacisti\u010dkog lije\u010dnika Sigismunda Brauna, bliskog Mengeleova suradnika. Kriminalna policija iz Berlina \u0161alje najboljeg istra\u017eitelja, Huga Fishera, da rije\u0161i ovu neobja\u0161njivu smrt. No Hugo ima i vlastitu tajnu \u2013 boluje od degenerativne bolesti i ovisan je o morfiju. Jedini na\u010din da uspije u karijeri i pre\u017eivi jest da pru\u017ei podr\u0161ku Reichu i sakrije svoje stanje. U zloglasnu se logoru Hugo suo\u010dava ne samo s kompleksnim ubojstvom i mno\u0161tvom intriga, ve\u0107 i s istinom o Kona\u010dnom rje\u0161enju. Na tom mjestu smrti i u\u017easa on \u0107e u klju\u010dnom trenutku biti pred izazovom \u2013 \u010diji \u017eivot spasiti&#8230;<\/p>\n<p>Redovna cijena: 20.90 \u20ac<\/p>\n<p>PFK cijena: 16.49 \u20ac<\/p>\n","protected":false},"excerpt":{"rendered":"<p>Oriana Ramunno Naklada: Hena Snje\u017eni je Bo\u017ei\u0107 1943. U Auschwitzu, u Bloku 10, koji izgleda mra\u010dnije nego ikad, \u017eidovski dje\u010dak Gioele pronalazi tijelo nacisti\u010dkog lije\u010dnika Sigismunda Brauna, bliskog Mengeleova suradnika. Kriminalna policija iz Berlina \u0161alje najboljeg istra\u017eitelja, Huga Fishera, da rije\u0161i ovu neobja\u0161njivu smrt. No Hugo ima i vlastitu tajnu \u2013 boluje od degenerativne bolesti&#8230;<\/p>\n","protected":false},"featured_media":989942,"template":"","meta":{"_acf_changed":false},"product_cat":[15],"product_tag":[],"class_list":{"0":"post-989941","1":"product","2":"type-product","3":"status-publish","4":"has-post-thumbnail","6":"product_cat-uncategorized","8":"first","9":"instock","10":"shipping-taxable","11":"product-type-simple"},"acf":[],"yoast_head":"<!-- This site is optimized with the Yoast SEO plugin v22.6 - https:\/\/yoast.com\/wordpress\/plugins\/seo\/ -->\n<title>Dje\u010dak koji je crtao sjene - Panonski festival knjige<\/title>\n<meta name=\"robots\" content=\"index, follow, max-snippet:-1, max-image-preview:large, max-video-preview:-1\" \/>\n<link rel=\"canonical\" href=\"https:\/\/pfk.hr\/2024\/product\/djecak-koji-je-crtao-sjene\/\" \/>\n<meta property=\"og:locale\" content=\"hr_HR\" \/>\n<meta property=\"og:type\" content=\"article\" \/>\n<meta property=\"og:title\" content=\"Dje\u010dak koji je crtao sjene - Panonski festival knjige\" \/>\n<meta property=\"og:description\" content=\"Oriana Ramunno Naklada: Hena Snje\u017eni je Bo\u017ei\u0107 1943. U Auschwitzu, u Bloku 10, koji izgleda mra\u010dnije nego ikad, \u017eidovski dje\u010dak Gioele pronalazi tijelo nacisti\u010dkog lije\u010dnika Sigismunda Brauna, bliskog Mengeleova suradnika. Kriminalna policija iz Berlina \u0161alje najboljeg istra\u017eitelja, Huga Fishera, da rije\u0161i ovu neobja\u0161njivu smrt. No Hugo ima i vlastitu tajnu \u2013 boluje od degenerativne bolesti...\" \/>\n<meta property=\"og:url\" content=\"https:\/\/pfk.hr\/2024\/product\/djecak-koji-je-crtao-sjene\/\" \/>\n<meta property=\"og:site_name\" content=\"Panonski festival knjige\" \/>\n<meta property=\"article:modified_time\" content=\"2024-05-20T10:08:04+00:00\" \/>\n<meta property=\"og:image\" content=\"https:\/\/pfk.hr\/2024\/wp-content\/uploads\/2024\/05\/djecak96.jpg\" \/>\n\t<meta property=\"og:image:width\" content=\"567\" \/>\n\t<meta property=\"og:image:height\" content=\"869\" \/>\n\t<meta property=\"og:image:type\" content=\"image\/jpeg\" \/>\n<meta name=\"twitter:card\" content=\"summary_large_image\" \/>\n<meta name=\"twitter:label1\" content=\"Procijenjeno vrijeme \u010ditanja\" \/>\n\t<meta name=\"twitter:data1\" content=\"1 minuta\" \/>\n<script type=\"application\/ld+json\" class=\"yoast-schema-graph\">{\"@context\":\"https:\/\/schema.org\",\"@graph\":[{\"@type\":\"WebPage\",\"@id\":\"https:\/\/pfk.hr\/2024\/product\/djecak-koji-je-crtao-sjene\/\",\"url\":\"https:\/\/pfk.hr\/2024\/product\/djecak-koji-je-crtao-sjene\/\",\"name\":\"Dje\u010dak koji je crtao sjene - Panonski festival knjige\",\"isPartOf\":{\"@id\":\"https:\/\/pfk.hr\/2024\/#website\"},\"primaryImageOfPage\":{\"@id\":\"https:\/\/pfk.hr\/2024\/product\/djecak-koji-je-crtao-sjene\/#primaryimage\"},\"image\":{\"@id\":\"https:\/\/pfk.hr\/2024\/product\/djecak-koji-je-crtao-sjene\/#primaryimage\"},\"thumbnailUrl\":\"https:\/\/pfk.hr\/2024\/wp-content\/uploads\/2024\/05\/djecak96.jpg\",\"datePublished\":\"2024-05-20T10:08:03+00:00\",\"dateModified\":\"2024-05-20T10:08:04+00:00\",\"breadcrumb\":{\"@id\":\"https:\/\/pfk.hr\/2024\/product\/djecak-koji-je-crtao-sjene\/#breadcrumb\"},\"inLanguage\":\"hr\",\"potentialAction\":[{\"@type\":\"ReadAction\",\"target\":[\"https:\/\/pfk.hr\/2024\/product\/djecak-koji-je-crtao-sjene\/\"]}]},{\"@type\":\"ImageObject\",\"inLanguage\":\"hr\",\"@id\":\"https:\/\/pfk.hr\/2024\/product\/djecak-koji-je-crtao-sjene\/#primaryimage\",\"url\":\"https:\/\/pfk.hr\/2024\/wp-content\/uploads\/2024\/05\/djecak96.jpg\",\"contentUrl\":\"https:\/\/pfk.hr\/2024\/wp-content\/uploads\/2024\/05\/djecak96.jpg\",\"width\":567,\"height\":869},{\"@type\":\"BreadcrumbList\",\"@id\":\"https:\/\/pfk.hr\/2024\/product\/djecak-koji-je-crtao-sjene\/#breadcrumb\",\"itemListElement\":[{\"@type\":\"ListItem\",\"position\":1,\"name\":\"Po\u010detna stranica\",\"item\":\"https:\/\/pfk.hr\/2024\/\"},{\"@type\":\"ListItem\",\"position\":2,\"name\":\"Preporuka naslova\",\"item\":\"https:\/\/pfk.hr\/2024\/preporuka-naslova\/\"},{\"@type\":\"ListItem\",\"position\":3,\"name\":\"Dje\u010dak koji je crtao sjene\"}]},{\"@type\":\"WebSite\",\"@id\":\"https:\/\/pfk.hr\/2024\/#website\",\"url\":\"https:\/\/pfk.hr\/2024\/\",\"name\":\"Panonski festival knjige\",\"description\":\"\u010cITAJ, LEGA, \u010cITAJ!\",\"potentialAction\":[{\"@type\":\"SearchAction\",\"target\":{\"@type\":\"EntryPoint\",\"urlTemplate\":\"https:\/\/pfk.hr\/2024\/?s={search_term_string}\"},\"query-input\":\"required name=search_term_string\"}],\"inLanguage\":\"hr\"}]}<\/script>\n<!-- \/ Yoast SEO plugin. -->","yoast_head_json":{"title":"Dje\u010dak koji je crtao sjene - Panonski festival knjige","robots":{"index":"index","follow":"follow","max-snippet":"max-snippet:-1","max-image-preview":"max-image-preview:large","max-video-preview":"max-video-preview:-1"},"canonical":"https:\/\/pfk.hr\/2024\/product\/djecak-koji-je-crtao-sjene\/","og_locale":"hr_HR","og_type":"article","og_title":"Dje\u010dak koji je crtao sjene - Panonski festival knjige","og_description":"Oriana Ramunno Naklada: Hena Snje\u017eni je Bo\u017ei\u0107 1943. U Auschwitzu, u Bloku 10, koji izgleda mra\u010dnije nego ikad, \u017eidovski dje\u010dak Gioele pronalazi tijelo nacisti\u010dkog lije\u010dnika Sigismunda Brauna, bliskog Mengeleova suradnika. Kriminalna policija iz Berlina \u0161alje najboljeg istra\u017eitelja, Huga Fishera, da rije\u0161i ovu neobja\u0161njivu smrt. No Hugo ima i vlastitu tajnu \u2013 boluje od degenerativne bolesti...","og_url":"https:\/\/pfk.hr\/2024\/product\/djecak-koji-je-crtao-sjene\/","og_site_name":"Panonski festival knjige","article_modified_time":"2024-05-20T10:08:04+00:00","og_image":[{"width":567,"height":869,"url":"https:\/\/pfk.hr\/2024\/wp-content\/uploads\/2024\/05\/djecak96.jpg","type":"image\/jpeg"}],"twitter_card":"summary_large_image","twitter_misc":{"Procijenjeno vrijeme \u010ditanja":"1 minuta"},"schema":{"@context":"https:\/\/schema.org","@graph":[{"@type":"WebPage","@id":"https:\/\/pfk.hr\/2024\/product\/djecak-koji-je-crtao-sjene\/","url":"https:\/\/pfk.hr\/2024\/product\/djecak-koji-je-crtao-sjene\/","name":"Dje\u010dak koji je crtao sjene - Panonski festival knjige","isPartOf":{"@id":"https:\/\/pfk.hr\/2024\/#website"},"primaryImageOfPage":{"@id":"https:\/\/pfk.hr\/2024\/product\/djecak-koji-je-crtao-sjene\/#primaryimage"},"image":{"@id":"https:\/\/pfk.hr\/2024\/product\/djecak-koji-je-crtao-sjene\/#primaryimage"},"thumbnailUrl":"https:\/\/pfk.hr\/2024\/wp-content\/uploads\/2024\/05\/djecak96.jpg","datePublished":"2024-05-20T10:08:03+00:00","dateModified":"2024-05-20T10:08:04+00:00","breadcrumb":{"@id":"https:\/\/pfk.hr\/2024\/product\/djecak-koji-je-crtao-sjene\/#breadcrumb"},"inLanguage":"hr","potentialAction":[{"@type":"ReadAction","target":["https:\/\/pfk.hr\/2024\/product\/djecak-koji-je-crtao-sjene\/"]}]},{"@type":"ImageObject","inLanguage":"hr","@id":"https:\/\/pfk.hr\/2024\/product\/djecak-koji-je-crtao-sjene\/#primaryimage","url":"https:\/\/pfk.hr\/2024\/wp-content\/uploads\/2024\/05\/djecak96.jpg","contentUrl":"https:\/\/pfk.hr\/2024\/wp-content\/uploads\/2024\/05\/djecak96.jpg","width":567,"height":869},{"@type":"BreadcrumbList","@id":"https:\/\/pfk.hr\/2024\/product\/djecak-koji-je-crtao-sjene\/#breadcrumb","itemListElement":[{"@type":"ListItem","position":1,"name":"Po\u010detna stranica","item":"https:\/\/pfk.hr\/2024\/"},{"@type":"ListItem","position":2,"name":"Preporuka naslova","item":"https:\/\/pfk.hr\/2024\/preporuka-naslova\/"},{"@type":"ListItem","position":3,"name":"Dje\u010dak koji je crtao sjene"}]},{"@type":"WebSite","@id":"https:\/\/pfk.hr\/2024\/#website","url":"https:\/\/pfk.hr\/2024\/","name":"Panonski festival knjige","description":"\u010cITAJ, LEGA, \u010cITAJ!","potentialAction":[{"@type":"SearchAction","target":{"@type":"EntryPoint","urlTemplate":"https:\/\/pfk.hr\/2024\/?s={search_term_string}"},"query-input":"required name=search_term_string"}],"inLanguage":"hr"}]}},"_links":{"self":[{"href":"https:\/\/pfk.hr\/2024\/wp-json\/wp\/v2\/product\/989941","targetHints":{"allow":["GET"]}}],"collection":[{"href":"https:\/\/pfk.hr\/2024\/wp-json\/wp\/v2\/product"}],"about":[{"href":"https:\/\/pfk.hr\/2024\/wp-json\/wp\/v2\/types\/product"}],"wp:featuredmedia":[{"embeddable":true,"href":"https:\/\/pfk.hr\/2024\/wp-json\/wp\/v2\/media\/989942"}],"wp:attachment":[{"href":"https:\/\/pfk.hr\/2024\/wp-json\/wp\/v2\/media?parent=989941"}],"wp:term":[{"taxonomy":"product_cat","embeddable":true,"href":"https:\/\/pfk.hr\/2024\/wp-json\/wp\/v2\/product_cat?post=989941"},{"taxonomy":"product_tag","embeddable":true,"href":"https:\/\/pfk.hr\/2024\/wp-json\/wp\/v2\/product_tag?post=989941"}],"curies":[{"name":"wp","href":"https:\/\/api.w.org\/{rel}","templated":true}]}}