{"id":989874,"date":"2024-05-17T13:34:12","date_gmt":"2024-05-17T11:34:12","guid":{"rendered":"https:\/\/pfk.hr\/?post_type=product&#038;p=989874"},"modified":"2024-05-17T13:34:12","modified_gmt":"2024-05-17T11:34:12","slug":"vatra-i-krv","status":"publish","type":"product","link":"https:\/\/pfk.hr\/2024\/product\/vatra-i-krv\/","title":{"rendered":"Vatra i krv"},"content":{"rendered":"<p><strong>George R. R. Martin<br \/>\n<\/strong>Naklada: Lumen<\/p>\n<hr \/>\n<p>Vatra i krv opse\u017ena je povijesna kronika ku\u0107e Targaryen, plemi\u0107ke loze vladara zmajeva iz svijeta Pjesme Leda i Vatre Georgea R. R. Martina. Knjiga je stilizirana kao zapis iz pera maestra Gyldayna iz Citadele i opisuje doga\u0111aje od vremena Aegona Osvaja\u010da, koji je stvorio \u017deljezno prijestolje, pa sve do turbulentnog razdoblja gra\u0111anskog rata zvanog Ples Zmajeva. Ovo djelo nudi odgovore na mnoga intrigantna pitanja o pro\u0161losti Targaryena, uklju\u010duju\u0107i misterij Propasti Valyrije i zlodjela Maegora Okrutnog. Knjiga je bogato ilustrirana crno-bijelim ilustracijama Douga Wheatleyja. Ova povijesna kronika nudi \u010ditateljima detaljan uvid u dinami\u010dnu i \u010desto krvavu povijest jedne od najfascinantnijih obitelji u Martinovome epskom svijetu. Prema ovoj romanesknoj kronici snimljena je HBO-ova uspje\u0161nica Zmajeva ku\u0107a \u010diju drugu sezonu po\u010dinjemo pratiti 16. lipnja.<\/p>\n<p>Redovna cijena: 35.00 \u20ac<\/p>\n<p>PFK cijena: 28.00 \u20ac<\/p>\n","protected":false},"excerpt":{"rendered":"<p>George R. R. Martin Naklada: Lumen Vatra i krv opse\u017ena je povijesna kronika ku\u0107e Targaryen, plemi\u0107ke loze vladara zmajeva iz svijeta Pjesme Leda i Vatre Georgea R. R. Martina. Knjiga je stilizirana kao zapis iz pera maestra Gyldayna iz Citadele i opisuje doga\u0111aje od vremena Aegona Osvaja\u010da, koji je stvorio \u017deljezno prijestolje, pa sve do&#8230;<\/p>\n","protected":false},"featured_media":989876,"template":"","meta":{"_acf_changed":false},"product_cat":[15],"product_tag":[],"class_list":{"0":"post-989874","1":"product","2":"type-product","3":"status-publish","4":"has-post-thumbnail","6":"product_cat-uncategorized","8":"first","9":"instock","10":"shipping-taxable","11":"product-type-simple"},"acf":[],"yoast_head":"<!-- This site is optimized with the Yoast SEO plugin v22.6 - https:\/\/yoast.com\/wordpress\/plugins\/seo\/ -->\n<title>Vatra i krv - Panonski festival knjige<\/title>\n<meta name=\"robots\" content=\"index, follow, max-snippet:-1, max-image-preview:large, max-video-preview:-1\" \/>\n<link rel=\"canonical\" href=\"https:\/\/pfk.hr\/2024\/product\/vatra-i-krv\/\" \/>\n<meta property=\"og:locale\" content=\"hr_HR\" \/>\n<meta property=\"og:type\" content=\"article\" \/>\n<meta property=\"og:title\" content=\"Vatra i krv - Panonski festival knjige\" \/>\n<meta property=\"og:description\" content=\"George R. R. Martin Naklada: Lumen Vatra i krv opse\u017ena je povijesna kronika ku\u0107e Targaryen, plemi\u0107ke loze vladara zmajeva iz svijeta Pjesme Leda i Vatre Georgea R. R. Martina. Knjiga je stilizirana kao zapis iz pera maestra Gyldayna iz Citadele i opisuje doga\u0111aje od vremena Aegona Osvaja\u010da, koji je stvorio \u017deljezno prijestolje, pa sve do...\" \/>\n<meta property=\"og:url\" content=\"https:\/\/pfk.hr\/2024\/product\/vatra-i-krv\/\" \/>\n<meta property=\"og:site_name\" content=\"Panonski festival knjige\" \/>\n<meta property=\"og:image\" content=\"https:\/\/pfk.hr\/2024\/wp-content\/uploads\/2024\/05\/176819-2.jpg\" \/>\n\t<meta property=\"og:image:width\" content=\"683\" \/>\n\t<meta property=\"og:image:height\" content=\"1000\" \/>\n\t<meta property=\"og:image:type\" content=\"image\/jpeg\" \/>\n<meta name=\"twitter:card\" content=\"summary_large_image\" \/>\n<meta name=\"twitter:label1\" content=\"Procijenjeno vrijeme \u010ditanja\" \/>\n\t<meta name=\"twitter:data1\" content=\"1 minuta\" \/>\n<script type=\"application\/ld+json\" class=\"yoast-schema-graph\">{\"@context\":\"https:\/\/schema.org\",\"@graph\":[{\"@type\":\"WebPage\",\"@id\":\"https:\/\/pfk.hr\/2024\/product\/vatra-i-krv\/\",\"url\":\"https:\/\/pfk.hr\/2024\/product\/vatra-i-krv\/\",\"name\":\"Vatra i krv - Panonski festival knjige\",\"isPartOf\":{\"@id\":\"https:\/\/pfk.hr\/2024\/#website\"},\"primaryImageOfPage\":{\"@id\":\"https:\/\/pfk.hr\/2024\/product\/vatra-i-krv\/#primaryimage\"},\"image\":{\"@id\":\"https:\/\/pfk.hr\/2024\/product\/vatra-i-krv\/#primaryimage\"},\"thumbnailUrl\":\"https:\/\/pfk.hr\/2024\/wp-content\/uploads\/2024\/05\/176819-2.jpg\",\"datePublished\":\"2024-05-17T11:34:12+00:00\",\"dateModified\":\"2024-05-17T11:34:12+00:00\",\"breadcrumb\":{\"@id\":\"https:\/\/pfk.hr\/2024\/product\/vatra-i-krv\/#breadcrumb\"},\"inLanguage\":\"hr\",\"potentialAction\":[{\"@type\":\"ReadAction\",\"target\":[\"https:\/\/pfk.hr\/2024\/product\/vatra-i-krv\/\"]}]},{\"@type\":\"ImageObject\",\"inLanguage\":\"hr\",\"@id\":\"https:\/\/pfk.hr\/2024\/product\/vatra-i-krv\/#primaryimage\",\"url\":\"https:\/\/pfk.hr\/2024\/wp-content\/uploads\/2024\/05\/176819-2.jpg\",\"contentUrl\":\"https:\/\/pfk.hr\/2024\/wp-content\/uploads\/2024\/05\/176819-2.jpg\",\"width\":683,\"height\":1000},{\"@type\":\"BreadcrumbList\",\"@id\":\"https:\/\/pfk.hr\/2024\/product\/vatra-i-krv\/#breadcrumb\",\"itemListElement\":[{\"@type\":\"ListItem\",\"position\":1,\"name\":\"Po\u010detna stranica\",\"item\":\"https:\/\/pfk.hr\/2024\/\"},{\"@type\":\"ListItem\",\"position\":2,\"name\":\"Preporuka naslova\",\"item\":\"https:\/\/pfk.hr\/2024\/preporuka-naslova\/\"},{\"@type\":\"ListItem\",\"position\":3,\"name\":\"Vatra i krv\"}]},{\"@type\":\"WebSite\",\"@id\":\"https:\/\/pfk.hr\/2024\/#website\",\"url\":\"https:\/\/pfk.hr\/2024\/\",\"name\":\"Panonski festival knjige\",\"description\":\"\u010cITAJ, LEGA, \u010cITAJ!\",\"potentialAction\":[{\"@type\":\"SearchAction\",\"target\":{\"@type\":\"EntryPoint\",\"urlTemplate\":\"https:\/\/pfk.hr\/2024\/?s={search_term_string}\"},\"query-input\":\"required name=search_term_string\"}],\"inLanguage\":\"hr\"}]}<\/script>\n<!-- \/ Yoast SEO plugin. -->","yoast_head_json":{"title":"Vatra i krv - Panonski festival knjige","robots":{"index":"index","follow":"follow","max-snippet":"max-snippet:-1","max-image-preview":"max-image-preview:large","max-video-preview":"max-video-preview:-1"},"canonical":"https:\/\/pfk.hr\/2024\/product\/vatra-i-krv\/","og_locale":"hr_HR","og_type":"article","og_title":"Vatra i krv - Panonski festival knjige","og_description":"George R. R. Martin Naklada: Lumen Vatra i krv opse\u017ena je povijesna kronika ku\u0107e Targaryen, plemi\u0107ke loze vladara zmajeva iz svijeta Pjesme Leda i Vatre Georgea R. R. Martina. Knjiga je stilizirana kao zapis iz pera maestra Gyldayna iz Citadele i opisuje doga\u0111aje od vremena Aegona Osvaja\u010da, koji je stvorio \u017deljezno prijestolje, pa sve do...","og_url":"https:\/\/pfk.hr\/2024\/product\/vatra-i-krv\/","og_site_name":"Panonski festival knjige","og_image":[{"width":683,"height":1000,"url":"https:\/\/pfk.hr\/2024\/wp-content\/uploads\/2024\/05\/176819-2.jpg","type":"image\/jpeg"}],"twitter_card":"summary_large_image","twitter_misc":{"Procijenjeno vrijeme \u010ditanja":"1 minuta"},"schema":{"@context":"https:\/\/schema.org","@graph":[{"@type":"WebPage","@id":"https:\/\/pfk.hr\/2024\/product\/vatra-i-krv\/","url":"https:\/\/pfk.hr\/2024\/product\/vatra-i-krv\/","name":"Vatra i krv - Panonski festival knjige","isPartOf":{"@id":"https:\/\/pfk.hr\/2024\/#website"},"primaryImageOfPage":{"@id":"https:\/\/pfk.hr\/2024\/product\/vatra-i-krv\/#primaryimage"},"image":{"@id":"https:\/\/pfk.hr\/2024\/product\/vatra-i-krv\/#primaryimage"},"thumbnailUrl":"https:\/\/pfk.hr\/2024\/wp-content\/uploads\/2024\/05\/176819-2.jpg","datePublished":"2024-05-17T11:34:12+00:00","dateModified":"2024-05-17T11:34:12+00:00","breadcrumb":{"@id":"https:\/\/pfk.hr\/2024\/product\/vatra-i-krv\/#breadcrumb"},"inLanguage":"hr","potentialAction":[{"@type":"ReadAction","target":["https:\/\/pfk.hr\/2024\/product\/vatra-i-krv\/"]}]},{"@type":"ImageObject","inLanguage":"hr","@id":"https:\/\/pfk.hr\/2024\/product\/vatra-i-krv\/#primaryimage","url":"https:\/\/pfk.hr\/2024\/wp-content\/uploads\/2024\/05\/176819-2.jpg","contentUrl":"https:\/\/pfk.hr\/2024\/wp-content\/uploads\/2024\/05\/176819-2.jpg","width":683,"height":1000},{"@type":"BreadcrumbList","@id":"https:\/\/pfk.hr\/2024\/product\/vatra-i-krv\/#breadcrumb","itemListElement":[{"@type":"ListItem","position":1,"name":"Po\u010detna stranica","item":"https:\/\/pfk.hr\/2024\/"},{"@type":"ListItem","position":2,"name":"Preporuka naslova","item":"https:\/\/pfk.hr\/2024\/preporuka-naslova\/"},{"@type":"ListItem","position":3,"name":"Vatra i krv"}]},{"@type":"WebSite","@id":"https:\/\/pfk.hr\/2024\/#website","url":"https:\/\/pfk.hr\/2024\/","name":"Panonski festival knjige","description":"\u010cITAJ, LEGA, \u010cITAJ!","potentialAction":[{"@type":"SearchAction","target":{"@type":"EntryPoint","urlTemplate":"https:\/\/pfk.hr\/2024\/?s={search_term_string}"},"query-input":"required name=search_term_string"}],"inLanguage":"hr"}]}},"_links":{"self":[{"href":"https:\/\/pfk.hr\/2024\/wp-json\/wp\/v2\/product\/989874","targetHints":{"allow":["GET"]}}],"collection":[{"href":"https:\/\/pfk.hr\/2024\/wp-json\/wp\/v2\/product"}],"about":[{"href":"https:\/\/pfk.hr\/2024\/wp-json\/wp\/v2\/types\/product"}],"wp:featuredmedia":[{"embeddable":true,"href":"https:\/\/pfk.hr\/2024\/wp-json\/wp\/v2\/media\/989876"}],"wp:attachment":[{"href":"https:\/\/pfk.hr\/2024\/wp-json\/wp\/v2\/media?parent=989874"}],"wp:term":[{"taxonomy":"product_cat","embeddable":true,"href":"https:\/\/pfk.hr\/2024\/wp-json\/wp\/v2\/product_cat?post=989874"},{"taxonomy":"product_tag","embeddable":true,"href":"https:\/\/pfk.hr\/2024\/wp-json\/wp\/v2\/product_tag?post=989874"}],"curies":[{"name":"wp","href":"https:\/\/api.w.org\/{rel}","templated":true}]}}