{"id":989851,"date":"2024-05-16T10:42:47","date_gmt":"2024-05-16T08:42:47","guid":{"rendered":"https:\/\/pfk.hr\/?post_type=product&#038;p=989851"},"modified":"2024-05-16T10:42:47","modified_gmt":"2024-05-16T08:42:47","slug":"kazalisni-monolozi","status":"publish","type":"product","link":"https:\/\/pfk.hr\/2024\/product\/kazalisni-monolozi\/","title":{"rendered":"Kazali\u0161ni monolozi"},"content":{"rendered":"<p><strong>Miro Gavran<br \/>\n<\/strong>Naklada: Mozaik knjiga<\/p>\n<hr \/>\n<p>U ovoj neobi\u010dnoj knjizi autor je sabrao osamdeset monologa iz svojih kazali\u0161nih tekstova nastalih u protekla \u010detiri desetlje\u0107a.\u00a0 \u010citaju\u0107i monologe nalik\u00a0 kratkih\u00a0 pri\u010dama,\u00a0 pro\u0107i \u0107ete\u00a0 kroz bogati komediografski i dramski opus u kazali\u0161tu najizvo\u0111enijeg hrvatskog pisca, \u010dija su djela uprizorena na svim kontinentima, a njegove predstave je vidjelo vi\u0161e od \u010detiri milijuna gledatelja. Bez sumnje \u0107e ovi monolozi biti dobrodo\u0161li ne samo ljubiteljima kazali\u0161ne umjetnosti, nego i studentima glume, kandidatima koji idu na prijemni na Akademiju dramskih umjetnosti, kao i srednjo\u0161kolskim dru\u017einama kada odabiru tekstove za LIDRANO, a i brojnim\u00a0 kazali\u0161nim amaterima.<br \/>\nNad nekima od ovih tekstova \u0107ete se zamisliti, neki \u0107e vas emotivno dodirnuti, a neki dobro nasmijati. U svakom slu\u010daju: ne\u0107e vas ostaviti ravnodu\u0161nima.<\/p>\n<p>Redovna cijena: 22.90 \u20ac<\/p>\n<p>PFK cijena: 18.90 \u20ac<\/p>\n","protected":false},"excerpt":{"rendered":"<p>Miro Gavran Naklada: Mozaik knjiga U ovoj neobi\u010dnoj knjizi autor je sabrao osamdeset monologa iz svojih kazali\u0161nih tekstova nastalih u protekla \u010detiri desetlje\u0107a.\u00a0 \u010citaju\u0107i monologe nalik\u00a0 kratkih\u00a0 pri\u010dama,\u00a0 pro\u0107i \u0107ete\u00a0 kroz bogati komediografski i dramski opus u kazali\u0161tu najizvo\u0111enijeg hrvatskog pisca, \u010dija su djela uprizorena na svim kontinentima, a njegove predstave je vidjelo vi\u0161e od&#8230;<\/p>\n","protected":false},"featured_media":989852,"template":"","meta":{"_acf_changed":false},"product_cat":[15],"product_tag":[],"class_list":{"0":"post-989851","1":"product","2":"type-product","3":"status-publish","4":"has-post-thumbnail","6":"product_cat-uncategorized","8":"first","9":"instock","10":"shipping-taxable","11":"product-type-simple"},"acf":[],"yoast_head":"<!-- This site is optimized with the Yoast SEO plugin v22.6 - https:\/\/yoast.com\/wordpress\/plugins\/seo\/ -->\n<title>Kazali\u0161ni monolozi - Panonski festival knjige<\/title>\n<meta name=\"robots\" content=\"index, follow, max-snippet:-1, max-image-preview:large, max-video-preview:-1\" \/>\n<link rel=\"canonical\" href=\"https:\/\/pfk.hr\/2024\/product\/kazalisni-monolozi\/\" \/>\n<meta property=\"og:locale\" content=\"hr_HR\" \/>\n<meta property=\"og:type\" content=\"article\" \/>\n<meta property=\"og:title\" content=\"Kazali\u0161ni monolozi - Panonski festival knjige\" \/>\n<meta property=\"og:description\" content=\"Miro Gavran Naklada: Mozaik knjiga U ovoj neobi\u010dnoj knjizi autor je sabrao osamdeset monologa iz svojih kazali\u0161nih tekstova nastalih u protekla \u010detiri desetlje\u0107a.\u00a0 \u010citaju\u0107i monologe nalik\u00a0 kratkih\u00a0 pri\u010dama,\u00a0 pro\u0107i \u0107ete\u00a0 kroz bogati komediografski i dramski opus u kazali\u0161tu najizvo\u0111enijeg hrvatskog pisca, \u010dija su djela uprizorena na svim kontinentima, a njegove predstave je vidjelo vi\u0161e od...\" \/>\n<meta property=\"og:url\" content=\"https:\/\/pfk.hr\/2024\/product\/kazalisni-monolozi\/\" \/>\n<meta property=\"og:site_name\" content=\"Panonski festival knjige\" \/>\n<meta property=\"og:image\" content=\"https:\/\/pfk.hr\/2024\/wp-content\/uploads\/2024\/05\/Kazalisni-Monolozi-500pix.jpg\" \/>\n\t<meta property=\"og:image:width\" content=\"500\" \/>\n\t<meta property=\"og:image:height\" content=\"715\" \/>\n\t<meta property=\"og:image:type\" content=\"image\/jpeg\" \/>\n<meta name=\"twitter:card\" content=\"summary_large_image\" \/>\n<meta name=\"twitter:label1\" content=\"Procijenjeno vrijeme \u010ditanja\" \/>\n\t<meta name=\"twitter:data1\" content=\"1 minuta\" \/>\n<script type=\"application\/ld+json\" class=\"yoast-schema-graph\">{\"@context\":\"https:\/\/schema.org\",\"@graph\":[{\"@type\":\"WebPage\",\"@id\":\"https:\/\/pfk.hr\/2024\/product\/kazalisni-monolozi\/\",\"url\":\"https:\/\/pfk.hr\/2024\/product\/kazalisni-monolozi\/\",\"name\":\"Kazali\u0161ni monolozi - Panonski festival knjige\",\"isPartOf\":{\"@id\":\"https:\/\/pfk.hr\/2024\/#website\"},\"primaryImageOfPage\":{\"@id\":\"https:\/\/pfk.hr\/2024\/product\/kazalisni-monolozi\/#primaryimage\"},\"image\":{\"@id\":\"https:\/\/pfk.hr\/2024\/product\/kazalisni-monolozi\/#primaryimage\"},\"thumbnailUrl\":\"https:\/\/pfk.hr\/2024\/wp-content\/uploads\/2024\/05\/Kazalisni-Monolozi-500pix.jpg\",\"datePublished\":\"2024-05-16T08:42:47+00:00\",\"dateModified\":\"2024-05-16T08:42:47+00:00\",\"breadcrumb\":{\"@id\":\"https:\/\/pfk.hr\/2024\/product\/kazalisni-monolozi\/#breadcrumb\"},\"inLanguage\":\"hr\",\"potentialAction\":[{\"@type\":\"ReadAction\",\"target\":[\"https:\/\/pfk.hr\/2024\/product\/kazalisni-monolozi\/\"]}]},{\"@type\":\"ImageObject\",\"inLanguage\":\"hr\",\"@id\":\"https:\/\/pfk.hr\/2024\/product\/kazalisni-monolozi\/#primaryimage\",\"url\":\"https:\/\/pfk.hr\/2024\/wp-content\/uploads\/2024\/05\/Kazalisni-Monolozi-500pix.jpg\",\"contentUrl\":\"https:\/\/pfk.hr\/2024\/wp-content\/uploads\/2024\/05\/Kazalisni-Monolozi-500pix.jpg\",\"width\":500,\"height\":715},{\"@type\":\"BreadcrumbList\",\"@id\":\"https:\/\/pfk.hr\/2024\/product\/kazalisni-monolozi\/#breadcrumb\",\"itemListElement\":[{\"@type\":\"ListItem\",\"position\":1,\"name\":\"Po\u010detna stranica\",\"item\":\"https:\/\/pfk.hr\/2024\/\"},{\"@type\":\"ListItem\",\"position\":2,\"name\":\"Preporuka naslova\",\"item\":\"https:\/\/pfk.hr\/2024\/preporuka-naslova\/\"},{\"@type\":\"ListItem\",\"position\":3,\"name\":\"Kazali\u0161ni monolozi\"}]},{\"@type\":\"WebSite\",\"@id\":\"https:\/\/pfk.hr\/2024\/#website\",\"url\":\"https:\/\/pfk.hr\/2024\/\",\"name\":\"Panonski festival knjige\",\"description\":\"\u010cITAJ, LEGA, \u010cITAJ!\",\"potentialAction\":[{\"@type\":\"SearchAction\",\"target\":{\"@type\":\"EntryPoint\",\"urlTemplate\":\"https:\/\/pfk.hr\/2024\/?s={search_term_string}\"},\"query-input\":\"required name=search_term_string\"}],\"inLanguage\":\"hr\"}]}<\/script>\n<!-- \/ Yoast SEO plugin. -->","yoast_head_json":{"title":"Kazali\u0161ni monolozi - Panonski festival knjige","robots":{"index":"index","follow":"follow","max-snippet":"max-snippet:-1","max-image-preview":"max-image-preview:large","max-video-preview":"max-video-preview:-1"},"canonical":"https:\/\/pfk.hr\/2024\/product\/kazalisni-monolozi\/","og_locale":"hr_HR","og_type":"article","og_title":"Kazali\u0161ni monolozi - Panonski festival knjige","og_description":"Miro Gavran Naklada: Mozaik knjiga U ovoj neobi\u010dnoj knjizi autor je sabrao osamdeset monologa iz svojih kazali\u0161nih tekstova nastalih u protekla \u010detiri desetlje\u0107a.\u00a0 \u010citaju\u0107i monologe nalik\u00a0 kratkih\u00a0 pri\u010dama,\u00a0 pro\u0107i \u0107ete\u00a0 kroz bogati komediografski i dramski opus u kazali\u0161tu najizvo\u0111enijeg hrvatskog pisca, \u010dija su djela uprizorena na svim kontinentima, a njegove predstave je vidjelo vi\u0161e od...","og_url":"https:\/\/pfk.hr\/2024\/product\/kazalisni-monolozi\/","og_site_name":"Panonski festival knjige","og_image":[{"width":500,"height":715,"url":"https:\/\/pfk.hr\/2024\/wp-content\/uploads\/2024\/05\/Kazalisni-Monolozi-500pix.jpg","type":"image\/jpeg"}],"twitter_card":"summary_large_image","twitter_misc":{"Procijenjeno vrijeme \u010ditanja":"1 minuta"},"schema":{"@context":"https:\/\/schema.org","@graph":[{"@type":"WebPage","@id":"https:\/\/pfk.hr\/2024\/product\/kazalisni-monolozi\/","url":"https:\/\/pfk.hr\/2024\/product\/kazalisni-monolozi\/","name":"Kazali\u0161ni monolozi - Panonski festival knjige","isPartOf":{"@id":"https:\/\/pfk.hr\/2024\/#website"},"primaryImageOfPage":{"@id":"https:\/\/pfk.hr\/2024\/product\/kazalisni-monolozi\/#primaryimage"},"image":{"@id":"https:\/\/pfk.hr\/2024\/product\/kazalisni-monolozi\/#primaryimage"},"thumbnailUrl":"https:\/\/pfk.hr\/2024\/wp-content\/uploads\/2024\/05\/Kazalisni-Monolozi-500pix.jpg","datePublished":"2024-05-16T08:42:47+00:00","dateModified":"2024-05-16T08:42:47+00:00","breadcrumb":{"@id":"https:\/\/pfk.hr\/2024\/product\/kazalisni-monolozi\/#breadcrumb"},"inLanguage":"hr","potentialAction":[{"@type":"ReadAction","target":["https:\/\/pfk.hr\/2024\/product\/kazalisni-monolozi\/"]}]},{"@type":"ImageObject","inLanguage":"hr","@id":"https:\/\/pfk.hr\/2024\/product\/kazalisni-monolozi\/#primaryimage","url":"https:\/\/pfk.hr\/2024\/wp-content\/uploads\/2024\/05\/Kazalisni-Monolozi-500pix.jpg","contentUrl":"https:\/\/pfk.hr\/2024\/wp-content\/uploads\/2024\/05\/Kazalisni-Monolozi-500pix.jpg","width":500,"height":715},{"@type":"BreadcrumbList","@id":"https:\/\/pfk.hr\/2024\/product\/kazalisni-monolozi\/#breadcrumb","itemListElement":[{"@type":"ListItem","position":1,"name":"Po\u010detna stranica","item":"https:\/\/pfk.hr\/2024\/"},{"@type":"ListItem","position":2,"name":"Preporuka naslova","item":"https:\/\/pfk.hr\/2024\/preporuka-naslova\/"},{"@type":"ListItem","position":3,"name":"Kazali\u0161ni monolozi"}]},{"@type":"WebSite","@id":"https:\/\/pfk.hr\/2024\/#website","url":"https:\/\/pfk.hr\/2024\/","name":"Panonski festival knjige","description":"\u010cITAJ, LEGA, \u010cITAJ!","potentialAction":[{"@type":"SearchAction","target":{"@type":"EntryPoint","urlTemplate":"https:\/\/pfk.hr\/2024\/?s={search_term_string}"},"query-input":"required name=search_term_string"}],"inLanguage":"hr"}]}},"_links":{"self":[{"href":"https:\/\/pfk.hr\/2024\/wp-json\/wp\/v2\/product\/989851","targetHints":{"allow":["GET"]}}],"collection":[{"href":"https:\/\/pfk.hr\/2024\/wp-json\/wp\/v2\/product"}],"about":[{"href":"https:\/\/pfk.hr\/2024\/wp-json\/wp\/v2\/types\/product"}],"wp:featuredmedia":[{"embeddable":true,"href":"https:\/\/pfk.hr\/2024\/wp-json\/wp\/v2\/media\/989852"}],"wp:attachment":[{"href":"https:\/\/pfk.hr\/2024\/wp-json\/wp\/v2\/media?parent=989851"}],"wp:term":[{"taxonomy":"product_cat","embeddable":true,"href":"https:\/\/pfk.hr\/2024\/wp-json\/wp\/v2\/product_cat?post=989851"},{"taxonomy":"product_tag","embeddable":true,"href":"https:\/\/pfk.hr\/2024\/wp-json\/wp\/v2\/product_tag?post=989851"}],"curies":[{"name":"wp","href":"https:\/\/api.w.org\/{rel}","templated":true}]}}