{"id":989831,"date":"2024-05-14T18:20:13","date_gmt":"2024-05-14T16:20:13","guid":{"rendered":"https:\/\/pfk.hr\/?post_type=product&#038;p=989831"},"modified":"2024-05-14T18:20:14","modified_gmt":"2024-05-14T16:20:14","slug":"avenija-utopije","status":"publish","type":"product","link":"https:\/\/pfk.hr\/2024\/product\/avenija-utopije\/","title":{"rendered":"Avenija utopije"},"content":{"rendered":"<p><strong>David Mitchell<\/strong><\/p>\n<p>Naklada: Vukovi\u0107 &amp; Runji\u0107<\/p>\n<hr \/>\n<p>\u201cSjajna knjiga! Bio sam apsolutno zanesen puna dva dana.\u201d \u2014Brian Eno<\/p>\n<p>Najbolja psihodeli\u010dna folk-rock supergrupa za koju nikad niste \u010duli na nekoliko se blistavih trenutaka na\u0161la u sredi\u0161tu brzogoru\u0107e povijesti koja se nikad nije ba\u0161 tako dogodila. London 1967. \u010cetvero mladih glazbenika zajedno zapo\u010dinje vrtoglavi uspon u \u017eivot ve\u0107i od \u017eivota, a njihovo je zajedni\u010dko ime, adresa, misija i destinacija \u2013 Avenija utopije.<br \/>\nNovi roman Davida Mitchella pripovijeda o generaciji koja je \u017eeljela promijeniti svijet: akord po akord. Avenija utopije zadr\u017eava najbolje od klasi\u010dnog rock-romana, zaobilaze\u0107i pritom istro\u0161ene kli\u0161eje \u017eanra i ere koja je u me\u0111uvremenu kalcificirana u mitologiju. Mitchell joj lomi zglobove i udi\u0161e \u017eivot tako \u0161to u ekstati\u010dne i nijansirane detalje ispisuje svijet povijesne fikcije koja \u010ditateljice i \u010ditatelje pro\u017eima i opija \u2013 kao glazba.<\/p>\n<p>Redovna cijena: 25.00 \u20ac<\/p>\n<p>PFK cijena: 20.00 \u20ac<\/p>\n","protected":false},"excerpt":{"rendered":"<p>David Mitchell Naklada: Vukovi\u0107 &amp; Runji\u0107 \u201cSjajna knjiga! Bio sam apsolutno zanesen puna dva dana.\u201d \u2014Brian Eno Najbolja psihodeli\u010dna folk-rock supergrupa za koju nikad niste \u010duli na nekoliko se blistavih trenutaka na\u0161la u sredi\u0161tu brzogoru\u0107e povijesti koja se nikad nije ba\u0161 tako dogodila. London 1967. \u010cetvero mladih glazbenika zajedno zapo\u010dinje vrtoglavi uspon u \u017eivot ve\u0107i&#8230;<\/p>\n","protected":false},"featured_media":989832,"template":"","meta":{"_acf_changed":false},"product_cat":[15],"product_tag":[],"class_list":{"0":"post-989831","1":"product","2":"type-product","3":"status-publish","4":"has-post-thumbnail","6":"product_cat-uncategorized","8":"first","9":"instock","10":"shipping-taxable","11":"product-type-simple"},"acf":[],"yoast_head":"<!-- This site is optimized with the Yoast SEO plugin v22.6 - https:\/\/yoast.com\/wordpress\/plugins\/seo\/ -->\n<title>Avenija utopije - Panonski festival knjige<\/title>\n<meta name=\"robots\" content=\"index, follow, max-snippet:-1, max-image-preview:large, max-video-preview:-1\" \/>\n<link rel=\"canonical\" href=\"https:\/\/pfk.hr\/2024\/product\/avenija-utopije\/\" \/>\n<meta property=\"og:locale\" content=\"hr_HR\" \/>\n<meta property=\"og:type\" content=\"article\" \/>\n<meta property=\"og:title\" content=\"Avenija utopije - Panonski festival knjige\" \/>\n<meta property=\"og:description\" content=\"David Mitchell Naklada: Vukovi\u0107 &amp; Runji\u0107 \u201cSjajna knjiga! Bio sam apsolutno zanesen puna dva dana.\u201d \u2014Brian Eno Najbolja psihodeli\u010dna folk-rock supergrupa za koju nikad niste \u010duli na nekoliko se blistavih trenutaka na\u0161la u sredi\u0161tu brzogoru\u0107e povijesti koja se nikad nije ba\u0161 tako dogodila. London 1967. \u010cetvero mladih glazbenika zajedno zapo\u010dinje vrtoglavi uspon u \u017eivot ve\u0107i...\" \/>\n<meta property=\"og:url\" content=\"https:\/\/pfk.hr\/2024\/product\/avenija-utopije\/\" \/>\n<meta property=\"og:site_name\" content=\"Panonski festival knjige\" \/>\n<meta property=\"article:modified_time\" content=\"2024-05-14T16:20:14+00:00\" \/>\n<meta property=\"og:image\" content=\"https:\/\/pfk.hr\/2024\/wp-content\/uploads\/2024\/05\/Avenija_utopije_9789532863550.jpg\" \/>\n\t<meta property=\"og:image:width\" content=\"1000\" \/>\n\t<meta property=\"og:image:height\" content=\"1533\" \/>\n\t<meta property=\"og:image:type\" content=\"image\/jpeg\" \/>\n<meta name=\"twitter:card\" content=\"summary_large_image\" \/>\n<meta name=\"twitter:label1\" content=\"Procijenjeno vrijeme \u010ditanja\" \/>\n\t<meta name=\"twitter:data1\" content=\"1 minuta\" \/>\n<script type=\"application\/ld+json\" class=\"yoast-schema-graph\">{\"@context\":\"https:\/\/schema.org\",\"@graph\":[{\"@type\":\"WebPage\",\"@id\":\"https:\/\/pfk.hr\/2024\/product\/avenija-utopije\/\",\"url\":\"https:\/\/pfk.hr\/2024\/product\/avenija-utopije\/\",\"name\":\"Avenija utopije - Panonski festival knjige\",\"isPartOf\":{\"@id\":\"https:\/\/pfk.hr\/2024\/#website\"},\"primaryImageOfPage\":{\"@id\":\"https:\/\/pfk.hr\/2024\/product\/avenija-utopije\/#primaryimage\"},\"image\":{\"@id\":\"https:\/\/pfk.hr\/2024\/product\/avenija-utopije\/#primaryimage\"},\"thumbnailUrl\":\"https:\/\/pfk.hr\/2024\/wp-content\/uploads\/2024\/05\/Avenija_utopije_9789532863550.jpg\",\"datePublished\":\"2024-05-14T16:20:13+00:00\",\"dateModified\":\"2024-05-14T16:20:14+00:00\",\"breadcrumb\":{\"@id\":\"https:\/\/pfk.hr\/2024\/product\/avenija-utopije\/#breadcrumb\"},\"inLanguage\":\"hr\",\"potentialAction\":[{\"@type\":\"ReadAction\",\"target\":[\"https:\/\/pfk.hr\/2024\/product\/avenija-utopije\/\"]}]},{\"@type\":\"ImageObject\",\"inLanguage\":\"hr\",\"@id\":\"https:\/\/pfk.hr\/2024\/product\/avenija-utopije\/#primaryimage\",\"url\":\"https:\/\/pfk.hr\/2024\/wp-content\/uploads\/2024\/05\/Avenija_utopije_9789532863550.jpg\",\"contentUrl\":\"https:\/\/pfk.hr\/2024\/wp-content\/uploads\/2024\/05\/Avenija_utopije_9789532863550.jpg\",\"width\":1000,\"height\":1533},{\"@type\":\"BreadcrumbList\",\"@id\":\"https:\/\/pfk.hr\/2024\/product\/avenija-utopije\/#breadcrumb\",\"itemListElement\":[{\"@type\":\"ListItem\",\"position\":1,\"name\":\"Po\u010detna stranica\",\"item\":\"https:\/\/pfk.hr\/2024\/\"},{\"@type\":\"ListItem\",\"position\":2,\"name\":\"Preporuka naslova\",\"item\":\"https:\/\/pfk.hr\/2024\/preporuka-naslova\/\"},{\"@type\":\"ListItem\",\"position\":3,\"name\":\"Avenija utopije\"}]},{\"@type\":\"WebSite\",\"@id\":\"https:\/\/pfk.hr\/2024\/#website\",\"url\":\"https:\/\/pfk.hr\/2024\/\",\"name\":\"Panonski festival knjige\",\"description\":\"\u010cITAJ, LEGA, \u010cITAJ!\",\"potentialAction\":[{\"@type\":\"SearchAction\",\"target\":{\"@type\":\"EntryPoint\",\"urlTemplate\":\"https:\/\/pfk.hr\/2024\/?s={search_term_string}\"},\"query-input\":\"required name=search_term_string\"}],\"inLanguage\":\"hr\"}]}<\/script>\n<!-- \/ Yoast SEO plugin. -->","yoast_head_json":{"title":"Avenija utopije - Panonski festival knjige","robots":{"index":"index","follow":"follow","max-snippet":"max-snippet:-1","max-image-preview":"max-image-preview:large","max-video-preview":"max-video-preview:-1"},"canonical":"https:\/\/pfk.hr\/2024\/product\/avenija-utopije\/","og_locale":"hr_HR","og_type":"article","og_title":"Avenija utopije - Panonski festival knjige","og_description":"David Mitchell Naklada: Vukovi\u0107 &amp; Runji\u0107 \u201cSjajna knjiga! Bio sam apsolutno zanesen puna dva dana.\u201d \u2014Brian Eno Najbolja psihodeli\u010dna folk-rock supergrupa za koju nikad niste \u010duli na nekoliko se blistavih trenutaka na\u0161la u sredi\u0161tu brzogoru\u0107e povijesti koja se nikad nije ba\u0161 tako dogodila. London 1967. \u010cetvero mladih glazbenika zajedno zapo\u010dinje vrtoglavi uspon u \u017eivot ve\u0107i...","og_url":"https:\/\/pfk.hr\/2024\/product\/avenija-utopije\/","og_site_name":"Panonski festival knjige","article_modified_time":"2024-05-14T16:20:14+00:00","og_image":[{"width":1000,"height":1533,"url":"https:\/\/pfk.hr\/2024\/wp-content\/uploads\/2024\/05\/Avenija_utopije_9789532863550.jpg","type":"image\/jpeg"}],"twitter_card":"summary_large_image","twitter_misc":{"Procijenjeno vrijeme \u010ditanja":"1 minuta"},"schema":{"@context":"https:\/\/schema.org","@graph":[{"@type":"WebPage","@id":"https:\/\/pfk.hr\/2024\/product\/avenija-utopije\/","url":"https:\/\/pfk.hr\/2024\/product\/avenija-utopije\/","name":"Avenija utopije - Panonski festival knjige","isPartOf":{"@id":"https:\/\/pfk.hr\/2024\/#website"},"primaryImageOfPage":{"@id":"https:\/\/pfk.hr\/2024\/product\/avenija-utopije\/#primaryimage"},"image":{"@id":"https:\/\/pfk.hr\/2024\/product\/avenija-utopije\/#primaryimage"},"thumbnailUrl":"https:\/\/pfk.hr\/2024\/wp-content\/uploads\/2024\/05\/Avenija_utopije_9789532863550.jpg","datePublished":"2024-05-14T16:20:13+00:00","dateModified":"2024-05-14T16:20:14+00:00","breadcrumb":{"@id":"https:\/\/pfk.hr\/2024\/product\/avenija-utopije\/#breadcrumb"},"inLanguage":"hr","potentialAction":[{"@type":"ReadAction","target":["https:\/\/pfk.hr\/2024\/product\/avenija-utopije\/"]}]},{"@type":"ImageObject","inLanguage":"hr","@id":"https:\/\/pfk.hr\/2024\/product\/avenija-utopije\/#primaryimage","url":"https:\/\/pfk.hr\/2024\/wp-content\/uploads\/2024\/05\/Avenija_utopije_9789532863550.jpg","contentUrl":"https:\/\/pfk.hr\/2024\/wp-content\/uploads\/2024\/05\/Avenija_utopije_9789532863550.jpg","width":1000,"height":1533},{"@type":"BreadcrumbList","@id":"https:\/\/pfk.hr\/2024\/product\/avenija-utopije\/#breadcrumb","itemListElement":[{"@type":"ListItem","position":1,"name":"Po\u010detna stranica","item":"https:\/\/pfk.hr\/2024\/"},{"@type":"ListItem","position":2,"name":"Preporuka naslova","item":"https:\/\/pfk.hr\/2024\/preporuka-naslova\/"},{"@type":"ListItem","position":3,"name":"Avenija utopije"}]},{"@type":"WebSite","@id":"https:\/\/pfk.hr\/2024\/#website","url":"https:\/\/pfk.hr\/2024\/","name":"Panonski festival knjige","description":"\u010cITAJ, LEGA, \u010cITAJ!","potentialAction":[{"@type":"SearchAction","target":{"@type":"EntryPoint","urlTemplate":"https:\/\/pfk.hr\/2024\/?s={search_term_string}"},"query-input":"required name=search_term_string"}],"inLanguage":"hr"}]}},"_links":{"self":[{"href":"https:\/\/pfk.hr\/2024\/wp-json\/wp\/v2\/product\/989831","targetHints":{"allow":["GET"]}}],"collection":[{"href":"https:\/\/pfk.hr\/2024\/wp-json\/wp\/v2\/product"}],"about":[{"href":"https:\/\/pfk.hr\/2024\/wp-json\/wp\/v2\/types\/product"}],"wp:featuredmedia":[{"embeddable":true,"href":"https:\/\/pfk.hr\/2024\/wp-json\/wp\/v2\/media\/989832"}],"wp:attachment":[{"href":"https:\/\/pfk.hr\/2024\/wp-json\/wp\/v2\/media?parent=989831"}],"wp:term":[{"taxonomy":"product_cat","embeddable":true,"href":"https:\/\/pfk.hr\/2024\/wp-json\/wp\/v2\/product_cat?post=989831"},{"taxonomy":"product_tag","embeddable":true,"href":"https:\/\/pfk.hr\/2024\/wp-json\/wp\/v2\/product_tag?post=989831"}],"curies":[{"name":"wp","href":"https:\/\/api.w.org\/{rel}","templated":true}]}}