{"id":989821,"date":"2024-05-14T18:00:39","date_gmt":"2024-05-14T16:00:39","guid":{"rendered":"https:\/\/pfk.hr\/?post_type=product&#038;p=989821"},"modified":"2024-05-14T18:00:40","modified_gmt":"2024-05-14T16:00:40","slug":"prohujalo-s-vihorom","status":"publish","type":"product","link":"https:\/\/pfk.hr\/2024\/product\/prohujalo-s-vihorom\/","title":{"rendered":"Prohujalo s vihorom"},"content":{"rendered":"<p><strong>Margaret Mitchell<br \/>\n<\/strong>Naklada: Znanje<\/p>\n<hr \/>\n<ul>\n<li>Dobitnik Pulitzerove nagrade!<\/li>\n<\/ul>\n<p>Epski roman o ljubavi i ratu nezaboravna je kreacija op\u010dinjavaju\u0107ih prizora i uzbudljivih likova, tako \u017eivih da najdublje osje\u0107amo njihove strahove i \u010de\u017enje. Scarlett O\u2019Hara i Rhett Butler pripovijedaju bezvremensku pri\u010du o opstanku u najte\u017eim uvjetima i dvoje su naj\u010duvenijih ljubavnika nakon Shakespeareovih Romea i Julije.<\/p>\n<p>Redovna cijena: 18.90 \u20ac<\/p>\n<p>PFK cijena: 17.00 \u20ac<\/p>\n","protected":false},"excerpt":{"rendered":"<p>Margaret Mitchell Naklada: Znanje Dobitnik Pulitzerove nagrade! Epski roman o ljubavi i ratu nezaboravna je kreacija op\u010dinjavaju\u0107ih prizora i uzbudljivih likova, tako \u017eivih da najdublje osje\u0107amo njihove strahove i \u010de\u017enje. Scarlett O\u2019Hara i Rhett Butler pripovijedaju bezvremensku pri\u010du o opstanku u najte\u017eim uvjetima i dvoje su naj\u010duvenijih ljubavnika nakon Shakespeareovih Romea i Julije. Redovna cijena:&#8230;<\/p>\n","protected":false},"featured_media":989822,"template":"","meta":{"_acf_changed":false},"product_cat":[15],"product_tag":[],"class_list":{"0":"post-989821","1":"product","2":"type-product","3":"status-publish","4":"has-post-thumbnail","6":"product_cat-uncategorized","8":"first","9":"instock","10":"shipping-taxable","11":"product-type-simple"},"acf":[],"yoast_head":"<!-- This site is optimized with the Yoast SEO plugin v22.6 - https:\/\/yoast.com\/wordpress\/plugins\/seo\/ -->\n<title>Prohujalo s vihorom - Panonski festival knjige<\/title>\n<meta name=\"robots\" content=\"index, follow, max-snippet:-1, max-image-preview:large, max-video-preview:-1\" \/>\n<link rel=\"canonical\" href=\"https:\/\/pfk.hr\/2024\/product\/prohujalo-s-vihorom\/\" \/>\n<meta property=\"og:locale\" content=\"hr_HR\" \/>\n<meta property=\"og:type\" content=\"article\" \/>\n<meta property=\"og:title\" content=\"Prohujalo s vihorom - Panonski festival knjige\" \/>\n<meta property=\"og:description\" content=\"Margaret Mitchell Naklada: Znanje Dobitnik Pulitzerove nagrade! Epski roman o ljubavi i ratu nezaboravna je kreacija op\u010dinjavaju\u0107ih prizora i uzbudljivih likova, tako \u017eivih da najdublje osje\u0107amo njihove strahove i \u010de\u017enje. Scarlett O\u2019Hara i Rhett Butler pripovijedaju bezvremensku pri\u010du o opstanku u najte\u017eim uvjetima i dvoje su naj\u010duvenijih ljubavnika nakon Shakespeareovih Romea i Julije. Redovna cijena:...\" \/>\n<meta property=\"og:url\" content=\"https:\/\/pfk.hr\/2024\/product\/prohujalo-s-vihorom\/\" \/>\n<meta property=\"og:site_name\" content=\"Panonski festival knjige\" \/>\n<meta property=\"article:modified_time\" content=\"2024-05-14T16:00:40+00:00\" \/>\n<meta property=\"og:image\" content=\"https:\/\/pfk.hr\/2024\/wp-content\/uploads\/2024\/05\/Prohujalo-s-vihorom1-png-714x1024.png\" \/>\n\t<meta property=\"og:image:width\" content=\"714\" \/>\n\t<meta property=\"og:image:height\" content=\"1024\" \/>\n\t<meta property=\"og:image:type\" content=\"image\/png\" \/>\n<meta name=\"twitter:card\" content=\"summary_large_image\" \/>\n<meta name=\"twitter:label1\" content=\"Procijenjeno vrijeme \u010ditanja\" \/>\n\t<meta name=\"twitter:data1\" content=\"1 minuta\" \/>\n<script type=\"application\/ld+json\" class=\"yoast-schema-graph\">{\"@context\":\"https:\/\/schema.org\",\"@graph\":[{\"@type\":\"WebPage\",\"@id\":\"https:\/\/pfk.hr\/2024\/product\/prohujalo-s-vihorom\/\",\"url\":\"https:\/\/pfk.hr\/2024\/product\/prohujalo-s-vihorom\/\",\"name\":\"Prohujalo s vihorom - Panonski festival knjige\",\"isPartOf\":{\"@id\":\"https:\/\/pfk.hr\/2024\/#website\"},\"primaryImageOfPage\":{\"@id\":\"https:\/\/pfk.hr\/2024\/product\/prohujalo-s-vihorom\/#primaryimage\"},\"image\":{\"@id\":\"https:\/\/pfk.hr\/2024\/product\/prohujalo-s-vihorom\/#primaryimage\"},\"thumbnailUrl\":\"https:\/\/pfk.hr\/2024\/wp-content\/uploads\/2024\/05\/Prohujalo-s-vihorom1-png.png\",\"datePublished\":\"2024-05-14T16:00:39+00:00\",\"dateModified\":\"2024-05-14T16:00:40+00:00\",\"breadcrumb\":{\"@id\":\"https:\/\/pfk.hr\/2024\/product\/prohujalo-s-vihorom\/#breadcrumb\"},\"inLanguage\":\"hr\",\"potentialAction\":[{\"@type\":\"ReadAction\",\"target\":[\"https:\/\/pfk.hr\/2024\/product\/prohujalo-s-vihorom\/\"]}]},{\"@type\":\"ImageObject\",\"inLanguage\":\"hr\",\"@id\":\"https:\/\/pfk.hr\/2024\/product\/prohujalo-s-vihorom\/#primaryimage\",\"url\":\"https:\/\/pfk.hr\/2024\/wp-content\/uploads\/2024\/05\/Prohujalo-s-vihorom1-png.png\",\"contentUrl\":\"https:\/\/pfk.hr\/2024\/wp-content\/uploads\/2024\/05\/Prohujalo-s-vihorom1-png.png\",\"width\":1821,\"height\":2610},{\"@type\":\"BreadcrumbList\",\"@id\":\"https:\/\/pfk.hr\/2024\/product\/prohujalo-s-vihorom\/#breadcrumb\",\"itemListElement\":[{\"@type\":\"ListItem\",\"position\":1,\"name\":\"Po\u010detna stranica\",\"item\":\"https:\/\/pfk.hr\/2024\/\"},{\"@type\":\"ListItem\",\"position\":2,\"name\":\"Preporuka naslova\",\"item\":\"https:\/\/pfk.hr\/2024\/preporuka-naslova\/\"},{\"@type\":\"ListItem\",\"position\":3,\"name\":\"Prohujalo s vihorom\"}]},{\"@type\":\"WebSite\",\"@id\":\"https:\/\/pfk.hr\/2024\/#website\",\"url\":\"https:\/\/pfk.hr\/2024\/\",\"name\":\"Panonski festival knjige\",\"description\":\"\u010cITAJ, LEGA, \u010cITAJ!\",\"potentialAction\":[{\"@type\":\"SearchAction\",\"target\":{\"@type\":\"EntryPoint\",\"urlTemplate\":\"https:\/\/pfk.hr\/2024\/?s={search_term_string}\"},\"query-input\":\"required name=search_term_string\"}],\"inLanguage\":\"hr\"}]}<\/script>\n<!-- \/ Yoast SEO plugin. -->","yoast_head_json":{"title":"Prohujalo s vihorom - Panonski festival knjige","robots":{"index":"index","follow":"follow","max-snippet":"max-snippet:-1","max-image-preview":"max-image-preview:large","max-video-preview":"max-video-preview:-1"},"canonical":"https:\/\/pfk.hr\/2024\/product\/prohujalo-s-vihorom\/","og_locale":"hr_HR","og_type":"article","og_title":"Prohujalo s vihorom - Panonski festival knjige","og_description":"Margaret Mitchell Naklada: Znanje Dobitnik Pulitzerove nagrade! Epski roman o ljubavi i ratu nezaboravna je kreacija op\u010dinjavaju\u0107ih prizora i uzbudljivih likova, tako \u017eivih da najdublje osje\u0107amo njihove strahove i \u010de\u017enje. Scarlett O\u2019Hara i Rhett Butler pripovijedaju bezvremensku pri\u010du o opstanku u najte\u017eim uvjetima i dvoje su naj\u010duvenijih ljubavnika nakon Shakespeareovih Romea i Julije. Redovna cijena:...","og_url":"https:\/\/pfk.hr\/2024\/product\/prohujalo-s-vihorom\/","og_site_name":"Panonski festival knjige","article_modified_time":"2024-05-14T16:00:40+00:00","og_image":[{"width":714,"height":1024,"url":"https:\/\/pfk.hr\/2024\/wp-content\/uploads\/2024\/05\/Prohujalo-s-vihorom1-png-714x1024.png","type":"image\/png"}],"twitter_card":"summary_large_image","twitter_misc":{"Procijenjeno vrijeme \u010ditanja":"1 minuta"},"schema":{"@context":"https:\/\/schema.org","@graph":[{"@type":"WebPage","@id":"https:\/\/pfk.hr\/2024\/product\/prohujalo-s-vihorom\/","url":"https:\/\/pfk.hr\/2024\/product\/prohujalo-s-vihorom\/","name":"Prohujalo s vihorom - Panonski festival knjige","isPartOf":{"@id":"https:\/\/pfk.hr\/2024\/#website"},"primaryImageOfPage":{"@id":"https:\/\/pfk.hr\/2024\/product\/prohujalo-s-vihorom\/#primaryimage"},"image":{"@id":"https:\/\/pfk.hr\/2024\/product\/prohujalo-s-vihorom\/#primaryimage"},"thumbnailUrl":"https:\/\/pfk.hr\/2024\/wp-content\/uploads\/2024\/05\/Prohujalo-s-vihorom1-png.png","datePublished":"2024-05-14T16:00:39+00:00","dateModified":"2024-05-14T16:00:40+00:00","breadcrumb":{"@id":"https:\/\/pfk.hr\/2024\/product\/prohujalo-s-vihorom\/#breadcrumb"},"inLanguage":"hr","potentialAction":[{"@type":"ReadAction","target":["https:\/\/pfk.hr\/2024\/product\/prohujalo-s-vihorom\/"]}]},{"@type":"ImageObject","inLanguage":"hr","@id":"https:\/\/pfk.hr\/2024\/product\/prohujalo-s-vihorom\/#primaryimage","url":"https:\/\/pfk.hr\/2024\/wp-content\/uploads\/2024\/05\/Prohujalo-s-vihorom1-png.png","contentUrl":"https:\/\/pfk.hr\/2024\/wp-content\/uploads\/2024\/05\/Prohujalo-s-vihorom1-png.png","width":1821,"height":2610},{"@type":"BreadcrumbList","@id":"https:\/\/pfk.hr\/2024\/product\/prohujalo-s-vihorom\/#breadcrumb","itemListElement":[{"@type":"ListItem","position":1,"name":"Po\u010detna stranica","item":"https:\/\/pfk.hr\/2024\/"},{"@type":"ListItem","position":2,"name":"Preporuka naslova","item":"https:\/\/pfk.hr\/2024\/preporuka-naslova\/"},{"@type":"ListItem","position":3,"name":"Prohujalo s vihorom"}]},{"@type":"WebSite","@id":"https:\/\/pfk.hr\/2024\/#website","url":"https:\/\/pfk.hr\/2024\/","name":"Panonski festival knjige","description":"\u010cITAJ, LEGA, \u010cITAJ!","potentialAction":[{"@type":"SearchAction","target":{"@type":"EntryPoint","urlTemplate":"https:\/\/pfk.hr\/2024\/?s={search_term_string}"},"query-input":"required name=search_term_string"}],"inLanguage":"hr"}]}},"_links":{"self":[{"href":"https:\/\/pfk.hr\/2024\/wp-json\/wp\/v2\/product\/989821","targetHints":{"allow":["GET"]}}],"collection":[{"href":"https:\/\/pfk.hr\/2024\/wp-json\/wp\/v2\/product"}],"about":[{"href":"https:\/\/pfk.hr\/2024\/wp-json\/wp\/v2\/types\/product"}],"wp:featuredmedia":[{"embeddable":true,"href":"https:\/\/pfk.hr\/2024\/wp-json\/wp\/v2\/media\/989822"}],"wp:attachment":[{"href":"https:\/\/pfk.hr\/2024\/wp-json\/wp\/v2\/media?parent=989821"}],"wp:term":[{"taxonomy":"product_cat","embeddable":true,"href":"https:\/\/pfk.hr\/2024\/wp-json\/wp\/v2\/product_cat?post=989821"},{"taxonomy":"product_tag","embeddable":true,"href":"https:\/\/pfk.hr\/2024\/wp-json\/wp\/v2\/product_tag?post=989821"}],"curies":[{"name":"wp","href":"https:\/\/api.w.org\/{rel}","templated":true}]}}