{"id":989729,"date":"2024-05-14T08:50:02","date_gmt":"2024-05-14T06:50:02","guid":{"rendered":"https:\/\/pfk.hr\/?post_type=product&#038;p=989729"},"modified":"2024-05-14T08:51:28","modified_gmt":"2024-05-14T06:51:28","slug":"dragi-ja-iz-proslosti-platit-ces-mi-za-ovo","status":"publish","type":"product","link":"https:\/\/pfk.hr\/2024\/product\/dragi-ja-iz-proslosti-platit-ces-mi-za-ovo\/","title":{"rendered":"Dragi Ja iz pro\u0161losti, platit \u0107e\u0161 mi za ovo!"},"content":{"rendered":"<p><strong><span lang=\"IT\"><span lang=\"EN-GB\">Andrijana Grgi\u010devi\u0107, Melvin<\/span><\/span><\/strong><\/p>\n<div class=\"GRl5yb a8pxAe\">\n<div id=\"JTPWx\" class=\"FJIcp\" role=\"tablist\" data-hveid=\"CA0QAA\">Naklada: Ibis grafika<\/div>\n<\/div>\n<p class=\"v1MsoNormal\"><span lang=\"IT\">Ovdje isto ja, samo iz sada\u0161njosti. A mo\u017eda je bolje re\u0107i budu\u0107nosti, jer je to za tebe budu\u0107nost. <\/span><span lang=\"IT\">Prije svega, silno sam sretan \u0161to je izumljen vremenski stroj koji \u0107e kona\u010dno odnijeti moja pisma tebi. Obojici nam \u010destitam! <\/span><span lang=\"IT\">Od toga \u0107emo se debelo okoristiti jer, vjerujem, ti si pametan koliko i ja. <\/span><span lang=\"IT\">Ovo je moje prvo pismo za tebe, a bit \u0107e ih jo\u0161. U njima \u0107u ti, pou\u010den sada\u0161njom mudro\u0161\u0107u i zrelo\u0161\u0107u, davati savjete i preporuke da meni, to jest nama, bude lak\u0161e u \u017eivotu.<\/span><\/p>\n<p class=\"v1MsoNormal\"><span lang=\"IT\">Ne treba\u0161 mi zahvaljivati.<\/span><\/p>\n<p class=\"v1MsoNormal\"><span lang=\"IT\">Popit \u0107u sok u tvoje i svoje ime kad vidim prvu od mnogih petica.<\/span><\/p>\n<p class=\"v1MsoNormal\"><span lang=\"IT\">Tvoj Ja sada, prepun nade.<\/span><\/p>\n<ul>\n<li>Redovna cijena: 20,00 \u20ac<\/li>\n<li>PFK cijena: 16,00 \u20ac<\/li>\n<\/ul>\n","protected":false},"excerpt":{"rendered":"<p>Andrijana Grgi\u010devi\u0107, Melvin Naklada: Ibis grafika Ovdje isto ja, samo iz sada\u0161njosti. A mo\u017eda je bolje re\u0107i budu\u0107nosti, jer je to za tebe budu\u0107nost. Prije svega, silno sam sretan \u0161to je izumljen vremenski stroj koji \u0107e kona\u010dno odnijeti moja pisma tebi. Obojici nam \u010destitam! Od toga \u0107emo se debelo okoristiti jer, vjerujem, ti si pametan&#8230;<\/p>\n","protected":false},"featured_media":989725,"template":"","meta":{"_acf_changed":false},"product_cat":[86],"product_tag":[],"class_list":{"0":"post-989729","1":"product","2":"type-product","3":"status-publish","4":"has-post-thumbnail","6":"product_cat-knjige","8":"first","9":"instock","10":"shipping-taxable","11":"product-type-simple"},"acf":[],"yoast_head":"<!-- This site is optimized with the Yoast SEO plugin v22.6 - https:\/\/yoast.com\/wordpress\/plugins\/seo\/ -->\n<title>Dragi Ja iz pro\u0161losti, platit \u0107e\u0161 mi za ovo! - Panonski festival knjige<\/title>\n<meta name=\"robots\" content=\"index, follow, max-snippet:-1, max-image-preview:large, max-video-preview:-1\" \/>\n<link rel=\"canonical\" href=\"https:\/\/pfk.hr\/2024\/product\/dragi-ja-iz-proslosti-platit-ces-mi-za-ovo\/\" \/>\n<meta property=\"og:locale\" content=\"hr_HR\" \/>\n<meta property=\"og:type\" content=\"article\" \/>\n<meta property=\"og:title\" content=\"Dragi Ja iz pro\u0161losti, platit \u0107e\u0161 mi za ovo! - Panonski festival knjige\" \/>\n<meta property=\"og:description\" content=\"Andrijana Grgi\u010devi\u0107, Melvin Naklada: Ibis grafika Ovdje isto ja, samo iz sada\u0161njosti. A mo\u017eda je bolje re\u0107i budu\u0107nosti, jer je to za tebe budu\u0107nost. Prije svega, silno sam sretan \u0161to je izumljen vremenski stroj koji \u0107e kona\u010dno odnijeti moja pisma tebi. Obojici nam \u010destitam! Od toga \u0107emo se debelo okoristiti jer, vjerujem, ti si pametan...\" \/>\n<meta property=\"og:url\" content=\"https:\/\/pfk.hr\/2024\/product\/dragi-ja-iz-proslosti-platit-ces-mi-za-ovo\/\" \/>\n<meta property=\"og:site_name\" content=\"Panonski festival knjige\" \/>\n<meta property=\"article:modified_time\" content=\"2024-05-14T06:51:28+00:00\" \/>\n<meta property=\"og:image\" content=\"https:\/\/pfk.hr\/2024\/wp-content\/uploads\/2024\/05\/Dragi-Ja-iz-proslosti-RGB-729x1024.jpg\" \/>\n\t<meta property=\"og:image:width\" content=\"729\" \/>\n\t<meta property=\"og:image:height\" content=\"1024\" \/>\n\t<meta property=\"og:image:type\" content=\"image\/jpeg\" \/>\n<meta name=\"twitter:card\" content=\"summary_large_image\" \/>\n<meta name=\"twitter:label1\" content=\"Procijenjeno vrijeme \u010ditanja\" \/>\n\t<meta name=\"twitter:data1\" content=\"1 minuta\" \/>\n<script type=\"application\/ld+json\" class=\"yoast-schema-graph\">{\"@context\":\"https:\/\/schema.org\",\"@graph\":[{\"@type\":\"WebPage\",\"@id\":\"https:\/\/pfk.hr\/2024\/product\/dragi-ja-iz-proslosti-platit-ces-mi-za-ovo\/\",\"url\":\"https:\/\/pfk.hr\/2024\/product\/dragi-ja-iz-proslosti-platit-ces-mi-za-ovo\/\",\"name\":\"Dragi Ja iz pro\u0161losti, platit \u0107e\u0161 mi za ovo! - Panonski festival knjige\",\"isPartOf\":{\"@id\":\"https:\/\/pfk.hr\/2024\/#website\"},\"primaryImageOfPage\":{\"@id\":\"https:\/\/pfk.hr\/2024\/product\/dragi-ja-iz-proslosti-platit-ces-mi-za-ovo\/#primaryimage\"},\"image\":{\"@id\":\"https:\/\/pfk.hr\/2024\/product\/dragi-ja-iz-proslosti-platit-ces-mi-za-ovo\/#primaryimage\"},\"thumbnailUrl\":\"https:\/\/pfk.hr\/2024\/wp-content\/uploads\/2024\/05\/Dragi-Ja-iz-proslosti-RGB.jpg\",\"datePublished\":\"2024-05-14T06:50:02+00:00\",\"dateModified\":\"2024-05-14T06:51:28+00:00\",\"breadcrumb\":{\"@id\":\"https:\/\/pfk.hr\/2024\/product\/dragi-ja-iz-proslosti-platit-ces-mi-za-ovo\/#breadcrumb\"},\"inLanguage\":\"hr\",\"potentialAction\":[{\"@type\":\"ReadAction\",\"target\":[\"https:\/\/pfk.hr\/2024\/product\/dragi-ja-iz-proslosti-platit-ces-mi-za-ovo\/\"]}]},{\"@type\":\"ImageObject\",\"inLanguage\":\"hr\",\"@id\":\"https:\/\/pfk.hr\/2024\/product\/dragi-ja-iz-proslosti-platit-ces-mi-za-ovo\/#primaryimage\",\"url\":\"https:\/\/pfk.hr\/2024\/wp-content\/uploads\/2024\/05\/Dragi-Ja-iz-proslosti-RGB.jpg\",\"contentUrl\":\"https:\/\/pfk.hr\/2024\/wp-content\/uploads\/2024\/05\/Dragi-Ja-iz-proslosti-RGB.jpg\",\"width\":1807,\"height\":2539},{\"@type\":\"BreadcrumbList\",\"@id\":\"https:\/\/pfk.hr\/2024\/product\/dragi-ja-iz-proslosti-platit-ces-mi-za-ovo\/#breadcrumb\",\"itemListElement\":[{\"@type\":\"ListItem\",\"position\":1,\"name\":\"Po\u010detna stranica\",\"item\":\"https:\/\/pfk.hr\/2024\/\"},{\"@type\":\"ListItem\",\"position\":2,\"name\":\"Preporuka naslova\",\"item\":\"https:\/\/pfk.hr\/2024\/preporuka-naslova\/\"},{\"@type\":\"ListItem\",\"position\":3,\"name\":\"Dragi Ja iz pro\u0161losti, platit \u0107e\u0161 mi za ovo!\"}]},{\"@type\":\"WebSite\",\"@id\":\"https:\/\/pfk.hr\/2024\/#website\",\"url\":\"https:\/\/pfk.hr\/2024\/\",\"name\":\"Panonski festival knjige\",\"description\":\"\u010cITAJ, LEGA, \u010cITAJ!\",\"potentialAction\":[{\"@type\":\"SearchAction\",\"target\":{\"@type\":\"EntryPoint\",\"urlTemplate\":\"https:\/\/pfk.hr\/2024\/?s={search_term_string}\"},\"query-input\":\"required name=search_term_string\"}],\"inLanguage\":\"hr\"}]}<\/script>\n<!-- \/ Yoast SEO plugin. -->","yoast_head_json":{"title":"Dragi Ja iz pro\u0161losti, platit \u0107e\u0161 mi za ovo! - Panonski festival knjige","robots":{"index":"index","follow":"follow","max-snippet":"max-snippet:-1","max-image-preview":"max-image-preview:large","max-video-preview":"max-video-preview:-1"},"canonical":"https:\/\/pfk.hr\/2024\/product\/dragi-ja-iz-proslosti-platit-ces-mi-za-ovo\/","og_locale":"hr_HR","og_type":"article","og_title":"Dragi Ja iz pro\u0161losti, platit \u0107e\u0161 mi za ovo! - Panonski festival knjige","og_description":"Andrijana Grgi\u010devi\u0107, Melvin Naklada: Ibis grafika Ovdje isto ja, samo iz sada\u0161njosti. A mo\u017eda je bolje re\u0107i budu\u0107nosti, jer je to za tebe budu\u0107nost. Prije svega, silno sam sretan \u0161to je izumljen vremenski stroj koji \u0107e kona\u010dno odnijeti moja pisma tebi. Obojici nam \u010destitam! Od toga \u0107emo se debelo okoristiti jer, vjerujem, ti si pametan...","og_url":"https:\/\/pfk.hr\/2024\/product\/dragi-ja-iz-proslosti-platit-ces-mi-za-ovo\/","og_site_name":"Panonski festival knjige","article_modified_time":"2024-05-14T06:51:28+00:00","og_image":[{"width":729,"height":1024,"url":"https:\/\/pfk.hr\/2024\/wp-content\/uploads\/2024\/05\/Dragi-Ja-iz-proslosti-RGB-729x1024.jpg","type":"image\/jpeg"}],"twitter_card":"summary_large_image","twitter_misc":{"Procijenjeno vrijeme \u010ditanja":"1 minuta"},"schema":{"@context":"https:\/\/schema.org","@graph":[{"@type":"WebPage","@id":"https:\/\/pfk.hr\/2024\/product\/dragi-ja-iz-proslosti-platit-ces-mi-za-ovo\/","url":"https:\/\/pfk.hr\/2024\/product\/dragi-ja-iz-proslosti-platit-ces-mi-za-ovo\/","name":"Dragi Ja iz pro\u0161losti, platit \u0107e\u0161 mi za ovo! - Panonski festival knjige","isPartOf":{"@id":"https:\/\/pfk.hr\/2024\/#website"},"primaryImageOfPage":{"@id":"https:\/\/pfk.hr\/2024\/product\/dragi-ja-iz-proslosti-platit-ces-mi-za-ovo\/#primaryimage"},"image":{"@id":"https:\/\/pfk.hr\/2024\/product\/dragi-ja-iz-proslosti-platit-ces-mi-za-ovo\/#primaryimage"},"thumbnailUrl":"https:\/\/pfk.hr\/2024\/wp-content\/uploads\/2024\/05\/Dragi-Ja-iz-proslosti-RGB.jpg","datePublished":"2024-05-14T06:50:02+00:00","dateModified":"2024-05-14T06:51:28+00:00","breadcrumb":{"@id":"https:\/\/pfk.hr\/2024\/product\/dragi-ja-iz-proslosti-platit-ces-mi-za-ovo\/#breadcrumb"},"inLanguage":"hr","potentialAction":[{"@type":"ReadAction","target":["https:\/\/pfk.hr\/2024\/product\/dragi-ja-iz-proslosti-platit-ces-mi-za-ovo\/"]}]},{"@type":"ImageObject","inLanguage":"hr","@id":"https:\/\/pfk.hr\/2024\/product\/dragi-ja-iz-proslosti-platit-ces-mi-za-ovo\/#primaryimage","url":"https:\/\/pfk.hr\/2024\/wp-content\/uploads\/2024\/05\/Dragi-Ja-iz-proslosti-RGB.jpg","contentUrl":"https:\/\/pfk.hr\/2024\/wp-content\/uploads\/2024\/05\/Dragi-Ja-iz-proslosti-RGB.jpg","width":1807,"height":2539},{"@type":"BreadcrumbList","@id":"https:\/\/pfk.hr\/2024\/product\/dragi-ja-iz-proslosti-platit-ces-mi-za-ovo\/#breadcrumb","itemListElement":[{"@type":"ListItem","position":1,"name":"Po\u010detna stranica","item":"https:\/\/pfk.hr\/2024\/"},{"@type":"ListItem","position":2,"name":"Preporuka naslova","item":"https:\/\/pfk.hr\/2024\/preporuka-naslova\/"},{"@type":"ListItem","position":3,"name":"Dragi Ja iz pro\u0161losti, platit \u0107e\u0161 mi za ovo!"}]},{"@type":"WebSite","@id":"https:\/\/pfk.hr\/2024\/#website","url":"https:\/\/pfk.hr\/2024\/","name":"Panonski festival knjige","description":"\u010cITAJ, LEGA, \u010cITAJ!","potentialAction":[{"@type":"SearchAction","target":{"@type":"EntryPoint","urlTemplate":"https:\/\/pfk.hr\/2024\/?s={search_term_string}"},"query-input":"required name=search_term_string"}],"inLanguage":"hr"}]}},"_links":{"self":[{"href":"https:\/\/pfk.hr\/2024\/wp-json\/wp\/v2\/product\/989729","targetHints":{"allow":["GET"]}}],"collection":[{"href":"https:\/\/pfk.hr\/2024\/wp-json\/wp\/v2\/product"}],"about":[{"href":"https:\/\/pfk.hr\/2024\/wp-json\/wp\/v2\/types\/product"}],"wp:featuredmedia":[{"embeddable":true,"href":"https:\/\/pfk.hr\/2024\/wp-json\/wp\/v2\/media\/989725"}],"wp:attachment":[{"href":"https:\/\/pfk.hr\/2024\/wp-json\/wp\/v2\/media?parent=989729"}],"wp:term":[{"taxonomy":"product_cat","embeddable":true,"href":"https:\/\/pfk.hr\/2024\/wp-json\/wp\/v2\/product_cat?post=989729"},{"taxonomy":"product_tag","embeddable":true,"href":"https:\/\/pfk.hr\/2024\/wp-json\/wp\/v2\/product_tag?post=989729"}],"curies":[{"name":"wp","href":"https:\/\/api.w.org\/{rel}","templated":true}]}}