{"id":989728,"date":"2024-05-14T08:48:11","date_gmt":"2024-05-14T06:48:11","guid":{"rendered":"https:\/\/pfk.hr\/?post_type=product&#038;p=989728"},"modified":"2024-05-14T08:49:31","modified_gmt":"2024-05-14T06:49:31","slug":"zuti-sal","status":"publish","type":"product","link":"https:\/\/pfk.hr\/2024\/product\/zuti-sal\/","title":{"rendered":"\u017duti \u0161al"},"content":{"rendered":"<p><strong><span lang=\"IT\"><span lang=\"EN-GB\">Silvija \u0160esto, Ana Vujasi\u0107<\/span><\/span><\/strong><\/p>\n<div class=\"GRl5yb a8pxAe\">\n<div id=\"JTPWx\" class=\"FJIcp\" role=\"tablist\" data-hveid=\"CA0QAA\">Naklada: Ibis grafika<\/div>\n<\/div>\n<p><span lang=\"IT\">Novi roman Silvije \u0160esto tematizira goru\u0107i problem suvremenog dru\u0161tva, otu\u0111enost i prekomjerno kori\u0161tenje tehnologije i posljedice koje ono ima za svakodnevni \u017eivot. jer, \u0161to se dogodi kada se ure\u0111aji isprazne, a mi se na\u0111emo usred nepoznatog prostora potpuno sami?<\/span><\/p>\n<ul>\n<li>Redovna cijena: 20,00 \u20ac<\/li>\n<li>PFK cijena: 16,00 \u20ac<\/li>\n<\/ul>\n","protected":false},"excerpt":{"rendered":"<p>Silvija \u0160esto, Ana Vujasi\u0107 Naklada: Ibis grafika Novi roman Silvije \u0160esto tematizira goru\u0107i problem suvremenog dru\u0161tva, otu\u0111enost i prekomjerno kori\u0161tenje tehnologije i posljedice koje ono ima za svakodnevni \u017eivot. jer, \u0161to se dogodi kada se ure\u0111aji isprazne, a mi se na\u0111emo usred nepoznatog prostora potpuno sami? Redovna cijena: 20,00 \u20ac PFK cijena: 16,00 \u20ac<\/p>\n","protected":false},"featured_media":989726,"template":"","meta":{"_acf_changed":false},"product_cat":[86],"product_tag":[],"class_list":{"0":"post-989728","1":"product","2":"type-product","3":"status-publish","4":"has-post-thumbnail","6":"product_cat-knjige","8":"first","9":"instock","10":"shipping-taxable","11":"product-type-simple"},"acf":[],"yoast_head":"<!-- This site is optimized with the Yoast SEO plugin v22.6 - https:\/\/yoast.com\/wordpress\/plugins\/seo\/ -->\n<title>\u017duti \u0161al - Panonski festival knjige<\/title>\n<meta name=\"robots\" content=\"index, follow, max-snippet:-1, max-image-preview:large, max-video-preview:-1\" \/>\n<link rel=\"canonical\" href=\"https:\/\/pfk.hr\/2024\/product\/zuti-sal\/\" \/>\n<meta property=\"og:locale\" content=\"hr_HR\" \/>\n<meta property=\"og:type\" content=\"article\" \/>\n<meta property=\"og:title\" content=\"\u017duti \u0161al - Panonski festival knjige\" \/>\n<meta property=\"og:description\" content=\"Silvija \u0160esto, Ana Vujasi\u0107 Naklada: Ibis grafika Novi roman Silvije \u0160esto tematizira goru\u0107i problem suvremenog dru\u0161tva, otu\u0111enost i prekomjerno kori\u0161tenje tehnologije i posljedice koje ono ima za svakodnevni \u017eivot. jer, \u0161to se dogodi kada se ure\u0111aji isprazne, a mi se na\u0111emo usred nepoznatog prostora potpuno sami? Redovna cijena: 20,00 \u20ac PFK cijena: 16,00 \u20ac\" \/>\n<meta property=\"og:url\" content=\"https:\/\/pfk.hr\/2024\/product\/zuti-sal\/\" \/>\n<meta property=\"og:site_name\" content=\"Panonski festival knjige\" \/>\n<meta property=\"article:modified_time\" content=\"2024-05-14T06:49:31+00:00\" \/>\n<meta property=\"og:image\" content=\"https:\/\/pfk.hr\/2024\/wp-content\/uploads\/2024\/05\/Zuti-sal-RGB-740x1024.jpg\" \/>\n\t<meta property=\"og:image:width\" content=\"740\" \/>\n\t<meta property=\"og:image:height\" content=\"1024\" \/>\n\t<meta property=\"og:image:type\" content=\"image\/jpeg\" \/>\n<meta name=\"twitter:card\" content=\"summary_large_image\" \/>\n<meta name=\"twitter:label1\" content=\"Procijenjeno vrijeme \u010ditanja\" \/>\n\t<meta name=\"twitter:data1\" content=\"1 minuta\" \/>\n<script type=\"application\/ld+json\" class=\"yoast-schema-graph\">{\"@context\":\"https:\/\/schema.org\",\"@graph\":[{\"@type\":\"WebPage\",\"@id\":\"https:\/\/pfk.hr\/2024\/product\/zuti-sal\/\",\"url\":\"https:\/\/pfk.hr\/2024\/product\/zuti-sal\/\",\"name\":\"\u017duti \u0161al - Panonski festival knjige\",\"isPartOf\":{\"@id\":\"https:\/\/pfk.hr\/2024\/#website\"},\"primaryImageOfPage\":{\"@id\":\"https:\/\/pfk.hr\/2024\/product\/zuti-sal\/#primaryimage\"},\"image\":{\"@id\":\"https:\/\/pfk.hr\/2024\/product\/zuti-sal\/#primaryimage\"},\"thumbnailUrl\":\"https:\/\/pfk.hr\/2024\/wp-content\/uploads\/2024\/05\/Zuti-sal-RGB.jpg\",\"datePublished\":\"2024-05-14T06:48:11+00:00\",\"dateModified\":\"2024-05-14T06:49:31+00:00\",\"breadcrumb\":{\"@id\":\"https:\/\/pfk.hr\/2024\/product\/zuti-sal\/#breadcrumb\"},\"inLanguage\":\"hr\",\"potentialAction\":[{\"@type\":\"ReadAction\",\"target\":[\"https:\/\/pfk.hr\/2024\/product\/zuti-sal\/\"]}]},{\"@type\":\"ImageObject\",\"inLanguage\":\"hr\",\"@id\":\"https:\/\/pfk.hr\/2024\/product\/zuti-sal\/#primaryimage\",\"url\":\"https:\/\/pfk.hr\/2024\/wp-content\/uploads\/2024\/05\/Zuti-sal-RGB.jpg\",\"contentUrl\":\"https:\/\/pfk.hr\/2024\/wp-content\/uploads\/2024\/05\/Zuti-sal-RGB.jpg\",\"width\":1843,\"height\":2551},{\"@type\":\"BreadcrumbList\",\"@id\":\"https:\/\/pfk.hr\/2024\/product\/zuti-sal\/#breadcrumb\",\"itemListElement\":[{\"@type\":\"ListItem\",\"position\":1,\"name\":\"Po\u010detna stranica\",\"item\":\"https:\/\/pfk.hr\/2024\/\"},{\"@type\":\"ListItem\",\"position\":2,\"name\":\"Preporuka naslova\",\"item\":\"https:\/\/pfk.hr\/2024\/preporuka-naslova\/\"},{\"@type\":\"ListItem\",\"position\":3,\"name\":\"\u017duti \u0161al\"}]},{\"@type\":\"WebSite\",\"@id\":\"https:\/\/pfk.hr\/2024\/#website\",\"url\":\"https:\/\/pfk.hr\/2024\/\",\"name\":\"Panonski festival knjige\",\"description\":\"\u010cITAJ, LEGA, \u010cITAJ!\",\"potentialAction\":[{\"@type\":\"SearchAction\",\"target\":{\"@type\":\"EntryPoint\",\"urlTemplate\":\"https:\/\/pfk.hr\/2024\/?s={search_term_string}\"},\"query-input\":\"required name=search_term_string\"}],\"inLanguage\":\"hr\"}]}<\/script>\n<!-- \/ Yoast SEO plugin. -->","yoast_head_json":{"title":"\u017duti \u0161al - Panonski festival knjige","robots":{"index":"index","follow":"follow","max-snippet":"max-snippet:-1","max-image-preview":"max-image-preview:large","max-video-preview":"max-video-preview:-1"},"canonical":"https:\/\/pfk.hr\/2024\/product\/zuti-sal\/","og_locale":"hr_HR","og_type":"article","og_title":"\u017duti \u0161al - Panonski festival knjige","og_description":"Silvija \u0160esto, Ana Vujasi\u0107 Naklada: Ibis grafika Novi roman Silvije \u0160esto tematizira goru\u0107i problem suvremenog dru\u0161tva, otu\u0111enost i prekomjerno kori\u0161tenje tehnologije i posljedice koje ono ima za svakodnevni \u017eivot. jer, \u0161to se dogodi kada se ure\u0111aji isprazne, a mi se na\u0111emo usred nepoznatog prostora potpuno sami? Redovna cijena: 20,00 \u20ac PFK cijena: 16,00 \u20ac","og_url":"https:\/\/pfk.hr\/2024\/product\/zuti-sal\/","og_site_name":"Panonski festival knjige","article_modified_time":"2024-05-14T06:49:31+00:00","og_image":[{"width":740,"height":1024,"url":"https:\/\/pfk.hr\/2024\/wp-content\/uploads\/2024\/05\/Zuti-sal-RGB-740x1024.jpg","type":"image\/jpeg"}],"twitter_card":"summary_large_image","twitter_misc":{"Procijenjeno vrijeme \u010ditanja":"1 minuta"},"schema":{"@context":"https:\/\/schema.org","@graph":[{"@type":"WebPage","@id":"https:\/\/pfk.hr\/2024\/product\/zuti-sal\/","url":"https:\/\/pfk.hr\/2024\/product\/zuti-sal\/","name":"\u017duti \u0161al - Panonski festival knjige","isPartOf":{"@id":"https:\/\/pfk.hr\/2024\/#website"},"primaryImageOfPage":{"@id":"https:\/\/pfk.hr\/2024\/product\/zuti-sal\/#primaryimage"},"image":{"@id":"https:\/\/pfk.hr\/2024\/product\/zuti-sal\/#primaryimage"},"thumbnailUrl":"https:\/\/pfk.hr\/2024\/wp-content\/uploads\/2024\/05\/Zuti-sal-RGB.jpg","datePublished":"2024-05-14T06:48:11+00:00","dateModified":"2024-05-14T06:49:31+00:00","breadcrumb":{"@id":"https:\/\/pfk.hr\/2024\/product\/zuti-sal\/#breadcrumb"},"inLanguage":"hr","potentialAction":[{"@type":"ReadAction","target":["https:\/\/pfk.hr\/2024\/product\/zuti-sal\/"]}]},{"@type":"ImageObject","inLanguage":"hr","@id":"https:\/\/pfk.hr\/2024\/product\/zuti-sal\/#primaryimage","url":"https:\/\/pfk.hr\/2024\/wp-content\/uploads\/2024\/05\/Zuti-sal-RGB.jpg","contentUrl":"https:\/\/pfk.hr\/2024\/wp-content\/uploads\/2024\/05\/Zuti-sal-RGB.jpg","width":1843,"height":2551},{"@type":"BreadcrumbList","@id":"https:\/\/pfk.hr\/2024\/product\/zuti-sal\/#breadcrumb","itemListElement":[{"@type":"ListItem","position":1,"name":"Po\u010detna stranica","item":"https:\/\/pfk.hr\/2024\/"},{"@type":"ListItem","position":2,"name":"Preporuka naslova","item":"https:\/\/pfk.hr\/2024\/preporuka-naslova\/"},{"@type":"ListItem","position":3,"name":"\u017duti \u0161al"}]},{"@type":"WebSite","@id":"https:\/\/pfk.hr\/2024\/#website","url":"https:\/\/pfk.hr\/2024\/","name":"Panonski festival knjige","description":"\u010cITAJ, LEGA, \u010cITAJ!","potentialAction":[{"@type":"SearchAction","target":{"@type":"EntryPoint","urlTemplate":"https:\/\/pfk.hr\/2024\/?s={search_term_string}"},"query-input":"required name=search_term_string"}],"inLanguage":"hr"}]}},"_links":{"self":[{"href":"https:\/\/pfk.hr\/2024\/wp-json\/wp\/v2\/product\/989728","targetHints":{"allow":["GET"]}}],"collection":[{"href":"https:\/\/pfk.hr\/2024\/wp-json\/wp\/v2\/product"}],"about":[{"href":"https:\/\/pfk.hr\/2024\/wp-json\/wp\/v2\/types\/product"}],"wp:featuredmedia":[{"embeddable":true,"href":"https:\/\/pfk.hr\/2024\/wp-json\/wp\/v2\/media\/989726"}],"wp:attachment":[{"href":"https:\/\/pfk.hr\/2024\/wp-json\/wp\/v2\/media?parent=989728"}],"wp:term":[{"taxonomy":"product_cat","embeddable":true,"href":"https:\/\/pfk.hr\/2024\/wp-json\/wp\/v2\/product_cat?post=989728"},{"taxonomy":"product_tag","embeddable":true,"href":"https:\/\/pfk.hr\/2024\/wp-json\/wp\/v2\/product_tag?post=989728"}],"curies":[{"name":"wp","href":"https:\/\/api.w.org\/{rel}","templated":true}]}}