{"id":989724,"date":"2024-05-14T08:38:23","date_gmt":"2024-05-14T06:38:23","guid":{"rendered":"https:\/\/pfk.hr\/?post_type=product&#038;p=989724"},"modified":"2024-05-14T08:47:35","modified_gmt":"2024-05-14T06:47:35","slug":"hocu-kuci","status":"publish","type":"product","link":"https:\/\/pfk.hr\/2024\/product\/hocu-kuci\/","title":{"rendered":"Ho\u0107u ku\u0107i"},"content":{"rendered":"<p><strong><span lang=\"IT\">Jasminka Petrovi\u0107, Ana Petrovi\u0107<\/span><\/strong><\/p>\n<div class=\"GRl5yb a8pxAe\">\n<div id=\"JTPWx\" class=\"FJIcp\" role=\"tablist\" data-hveid=\"CA0QAA\">Naklada: Ibis grafika<\/div>\n<\/div>\n<p class=\"v1MsoNormal\"><span lang=\"IT\">I tako je pala odluka. Iz ovih stopa krenut \u0107e u potragu za novim roditeljima. Samo da jo\u0161 smisli gdje bi ih mogao prona\u0107i. U susjedstvu? U susjednoj dr\u017eavi? U Europi? Africi? Australiji? Na Sjevernom polu? Preko oglasa? Na Facebooku? Stoj! Ni\u0161ta od spomenutog. Za tako simpati\u010dnog i pametnog dje\u010daka kakav je Nikola, roditelji se mogu prona\u0107i jedino na nekoj drugoj planeti.<\/span><\/p>\n<p class=\"v1MsoNormal\"><span lang=\"IT\">Djeco, po\u0111ite s Nikolom u potragu za savr\u0161enim roditeljima. O\u010dekuju vas komi\u010dne, odnosno kozmi\u010dke pustolovine, prepune malih \u010duda, divovskih suza, smije\u0161nih rije\u010di i opasnih igara.<\/span><\/p>\n<p>&nbsp;<\/p>\n<ul>\n<li>Redovna cijena: 17,00 \u20ac<\/li>\n<li>PFK cijena: 13,60 \u20ac<\/li>\n<\/ul>\n","protected":false},"excerpt":{"rendered":"<p>Jasminka Petrovi\u0107, Ana Petrovi\u0107 Naklada: Ibis grafika I tako je pala odluka. Iz ovih stopa krenut \u0107e u potragu za novim roditeljima. Samo da jo\u0161 smisli gdje bi ih mogao prona\u0107i. U susjedstvu? U susjednoj dr\u017eavi? U Europi? Africi? Australiji? Na Sjevernom polu? Preko oglasa? Na Facebooku? Stoj! Ni\u0161ta od spomenutog. Za tako simpati\u010dnog i&#8230;<\/p>\n","protected":false},"featured_media":989727,"template":"","meta":{"_acf_changed":false},"product_cat":[86],"product_tag":[],"class_list":{"0":"post-989724","1":"product","2":"type-product","3":"status-publish","4":"has-post-thumbnail","6":"product_cat-knjige","8":"first","9":"instock","10":"shipping-taxable","11":"product-type-simple"},"acf":[],"yoast_head":"<!-- This site is optimized with the Yoast SEO plugin v22.6 - https:\/\/yoast.com\/wordpress\/plugins\/seo\/ -->\n<title>Ho\u0107u ku\u0107i - Panonski festival knjige<\/title>\n<meta name=\"robots\" content=\"index, follow, max-snippet:-1, max-image-preview:large, max-video-preview:-1\" \/>\n<link rel=\"canonical\" href=\"https:\/\/pfk.hr\/2024\/product\/hocu-kuci\/\" \/>\n<meta property=\"og:locale\" content=\"hr_HR\" \/>\n<meta property=\"og:type\" content=\"article\" \/>\n<meta property=\"og:title\" content=\"Ho\u0107u ku\u0107i - Panonski festival knjige\" \/>\n<meta property=\"og:description\" content=\"Jasminka Petrovi\u0107, Ana Petrovi\u0107 Naklada: Ibis grafika I tako je pala odluka. Iz ovih stopa krenut \u0107e u potragu za novim roditeljima. Samo da jo\u0161 smisli gdje bi ih mogao prona\u0107i. U susjedstvu? U susjednoj dr\u017eavi? U Europi? Africi? Australiji? Na Sjevernom polu? Preko oglasa? Na Facebooku? Stoj! Ni\u0161ta od spomenutog. Za tako simpati\u010dnog i...\" \/>\n<meta property=\"og:url\" content=\"https:\/\/pfk.hr\/2024\/product\/hocu-kuci\/\" \/>\n<meta property=\"og:site_name\" content=\"Panonski festival knjige\" \/>\n<meta property=\"article:modified_time\" content=\"2024-05-14T06:47:35+00:00\" \/>\n<meta property=\"og:image\" content=\"https:\/\/pfk.hr\/2024\/wp-content\/uploads\/2024\/05\/Hocu-kuci-RGB.jpg\" \/>\n\t<meta property=\"og:image:width\" content=\"1701\" \/>\n\t<meta property=\"og:image:height\" content=\"2409\" \/>\n\t<meta property=\"og:image:type\" content=\"image\/jpeg\" \/>\n<meta name=\"twitter:card\" content=\"summary_large_image\" \/>\n<meta name=\"twitter:label1\" content=\"Procijenjeno vrijeme \u010ditanja\" \/>\n\t<meta name=\"twitter:data1\" content=\"1 minuta\" \/>\n<script type=\"application\/ld+json\" class=\"yoast-schema-graph\">{\"@context\":\"https:\/\/schema.org\",\"@graph\":[{\"@type\":\"WebPage\",\"@id\":\"https:\/\/pfk.hr\/2024\/product\/hocu-kuci\/\",\"url\":\"https:\/\/pfk.hr\/2024\/product\/hocu-kuci\/\",\"name\":\"Ho\u0107u ku\u0107i - Panonski festival knjige\",\"isPartOf\":{\"@id\":\"https:\/\/pfk.hr\/2024\/#website\"},\"primaryImageOfPage\":{\"@id\":\"https:\/\/pfk.hr\/2024\/product\/hocu-kuci\/#primaryimage\"},\"image\":{\"@id\":\"https:\/\/pfk.hr\/2024\/product\/hocu-kuci\/#primaryimage\"},\"thumbnailUrl\":\"https:\/\/pfk.hr\/2024\/wp-content\/uploads\/2024\/05\/Hocu-kuci-RGB.jpg\",\"datePublished\":\"2024-05-14T06:38:23+00:00\",\"dateModified\":\"2024-05-14T06:47:35+00:00\",\"breadcrumb\":{\"@id\":\"https:\/\/pfk.hr\/2024\/product\/hocu-kuci\/#breadcrumb\"},\"inLanguage\":\"hr\",\"potentialAction\":[{\"@type\":\"ReadAction\",\"target\":[\"https:\/\/pfk.hr\/2024\/product\/hocu-kuci\/\"]}]},{\"@type\":\"ImageObject\",\"inLanguage\":\"hr\",\"@id\":\"https:\/\/pfk.hr\/2024\/product\/hocu-kuci\/#primaryimage\",\"url\":\"https:\/\/pfk.hr\/2024\/wp-content\/uploads\/2024\/05\/Hocu-kuci-RGB.jpg\",\"contentUrl\":\"https:\/\/pfk.hr\/2024\/wp-content\/uploads\/2024\/05\/Hocu-kuci-RGB.jpg\",\"width\":1701,\"height\":2409},{\"@type\":\"BreadcrumbList\",\"@id\":\"https:\/\/pfk.hr\/2024\/product\/hocu-kuci\/#breadcrumb\",\"itemListElement\":[{\"@type\":\"ListItem\",\"position\":1,\"name\":\"Po\u010detna stranica\",\"item\":\"https:\/\/pfk.hr\/2024\/\"},{\"@type\":\"ListItem\",\"position\":2,\"name\":\"Preporuka naslova\",\"item\":\"https:\/\/pfk.hr\/2024\/preporuka-naslova\/\"},{\"@type\":\"ListItem\",\"position\":3,\"name\":\"Ho\u0107u ku\u0107i\"}]},{\"@type\":\"WebSite\",\"@id\":\"https:\/\/pfk.hr\/2024\/#website\",\"url\":\"https:\/\/pfk.hr\/2024\/\",\"name\":\"Panonski festival knjige\",\"description\":\"\u010cITAJ, LEGA, \u010cITAJ!\",\"potentialAction\":[{\"@type\":\"SearchAction\",\"target\":{\"@type\":\"EntryPoint\",\"urlTemplate\":\"https:\/\/pfk.hr\/2024\/?s={search_term_string}\"},\"query-input\":\"required name=search_term_string\"}],\"inLanguage\":\"hr\"}]}<\/script>\n<!-- \/ Yoast SEO plugin. -->","yoast_head_json":{"title":"Ho\u0107u ku\u0107i - Panonski festival knjige","robots":{"index":"index","follow":"follow","max-snippet":"max-snippet:-1","max-image-preview":"max-image-preview:large","max-video-preview":"max-video-preview:-1"},"canonical":"https:\/\/pfk.hr\/2024\/product\/hocu-kuci\/","og_locale":"hr_HR","og_type":"article","og_title":"Ho\u0107u ku\u0107i - Panonski festival knjige","og_description":"Jasminka Petrovi\u0107, Ana Petrovi\u0107 Naklada: Ibis grafika I tako je pala odluka. Iz ovih stopa krenut \u0107e u potragu za novim roditeljima. Samo da jo\u0161 smisli gdje bi ih mogao prona\u0107i. U susjedstvu? U susjednoj dr\u017eavi? U Europi? Africi? Australiji? Na Sjevernom polu? Preko oglasa? Na Facebooku? Stoj! Ni\u0161ta od spomenutog. Za tako simpati\u010dnog i...","og_url":"https:\/\/pfk.hr\/2024\/product\/hocu-kuci\/","og_site_name":"Panonski festival knjige","article_modified_time":"2024-05-14T06:47:35+00:00","og_image":[{"width":1701,"height":2409,"url":"https:\/\/pfk.hr\/2024\/wp-content\/uploads\/2024\/05\/Hocu-kuci-RGB.jpg","type":"image\/jpeg"}],"twitter_card":"summary_large_image","twitter_misc":{"Procijenjeno vrijeme \u010ditanja":"1 minuta"},"schema":{"@context":"https:\/\/schema.org","@graph":[{"@type":"WebPage","@id":"https:\/\/pfk.hr\/2024\/product\/hocu-kuci\/","url":"https:\/\/pfk.hr\/2024\/product\/hocu-kuci\/","name":"Ho\u0107u ku\u0107i - Panonski festival knjige","isPartOf":{"@id":"https:\/\/pfk.hr\/2024\/#website"},"primaryImageOfPage":{"@id":"https:\/\/pfk.hr\/2024\/product\/hocu-kuci\/#primaryimage"},"image":{"@id":"https:\/\/pfk.hr\/2024\/product\/hocu-kuci\/#primaryimage"},"thumbnailUrl":"https:\/\/pfk.hr\/2024\/wp-content\/uploads\/2024\/05\/Hocu-kuci-RGB.jpg","datePublished":"2024-05-14T06:38:23+00:00","dateModified":"2024-05-14T06:47:35+00:00","breadcrumb":{"@id":"https:\/\/pfk.hr\/2024\/product\/hocu-kuci\/#breadcrumb"},"inLanguage":"hr","potentialAction":[{"@type":"ReadAction","target":["https:\/\/pfk.hr\/2024\/product\/hocu-kuci\/"]}]},{"@type":"ImageObject","inLanguage":"hr","@id":"https:\/\/pfk.hr\/2024\/product\/hocu-kuci\/#primaryimage","url":"https:\/\/pfk.hr\/2024\/wp-content\/uploads\/2024\/05\/Hocu-kuci-RGB.jpg","contentUrl":"https:\/\/pfk.hr\/2024\/wp-content\/uploads\/2024\/05\/Hocu-kuci-RGB.jpg","width":1701,"height":2409},{"@type":"BreadcrumbList","@id":"https:\/\/pfk.hr\/2024\/product\/hocu-kuci\/#breadcrumb","itemListElement":[{"@type":"ListItem","position":1,"name":"Po\u010detna stranica","item":"https:\/\/pfk.hr\/2024\/"},{"@type":"ListItem","position":2,"name":"Preporuka naslova","item":"https:\/\/pfk.hr\/2024\/preporuka-naslova\/"},{"@type":"ListItem","position":3,"name":"Ho\u0107u ku\u0107i"}]},{"@type":"WebSite","@id":"https:\/\/pfk.hr\/2024\/#website","url":"https:\/\/pfk.hr\/2024\/","name":"Panonski festival knjige","description":"\u010cITAJ, LEGA, \u010cITAJ!","potentialAction":[{"@type":"SearchAction","target":{"@type":"EntryPoint","urlTemplate":"https:\/\/pfk.hr\/2024\/?s={search_term_string}"},"query-input":"required name=search_term_string"}],"inLanguage":"hr"}]}},"_links":{"self":[{"href":"https:\/\/pfk.hr\/2024\/wp-json\/wp\/v2\/product\/989724","targetHints":{"allow":["GET"]}}],"collection":[{"href":"https:\/\/pfk.hr\/2024\/wp-json\/wp\/v2\/product"}],"about":[{"href":"https:\/\/pfk.hr\/2024\/wp-json\/wp\/v2\/types\/product"}],"wp:featuredmedia":[{"embeddable":true,"href":"https:\/\/pfk.hr\/2024\/wp-json\/wp\/v2\/media\/989727"}],"wp:attachment":[{"href":"https:\/\/pfk.hr\/2024\/wp-json\/wp\/v2\/media?parent=989724"}],"wp:term":[{"taxonomy":"product_cat","embeddable":true,"href":"https:\/\/pfk.hr\/2024\/wp-json\/wp\/v2\/product_cat?post=989724"},{"taxonomy":"product_tag","embeddable":true,"href":"https:\/\/pfk.hr\/2024\/wp-json\/wp\/v2\/product_tag?post=989724"}],"curies":[{"name":"wp","href":"https:\/\/api.w.org\/{rel}","templated":true}]}}