{"id":989718,"date":"2024-05-14T08:31:10","date_gmt":"2024-05-14T06:31:10","guid":{"rendered":"https:\/\/pfk.hr\/?post_type=product&#038;p=989718"},"modified":"2024-05-14T08:33:13","modified_gmt":"2024-05-14T06:33:13","slug":"knjige-koje-su-progutale-mog-oca","status":"publish","type":"product","link":"https:\/\/pfk.hr\/2024\/product\/knjige-koje-su-progutale-mog-oca\/","title":{"rendered":"Knjige koje su progutale mog oca"},"content":{"rendered":"<p><strong><b>Afonso Cruz<\/b><\/strong><\/p>\n<div class=\"GRl5yb a8pxAe\">\n<div id=\"JTPWx\" class=\"FJIcp\" role=\"tablist\" data-hveid=\"CA0QAA\">Naklada: Edicije Bo\u017ei\u010devi\u0107<\/div>\n<\/div>\n<hr \/>\n<p>Vivaldo Bonfim zapisni\u010dar je u poreznom uredu koji sve svoje radno vrijeme provodi \u010ditaju\u0107i romane. Jednoga dana, uronjen u knjigu umjesto da radi, izgubi se u tekstu i nestane s ovoga svijeta. Pripovjeda\u010d romana, njegov sin Elias, u poku\u0161aju da prona\u0111e svog oca upustit \u0107e se u najopasniju od svih avantura, u i\u0161\u010ditavanje klasika svjetske knji\u017eevnosti, svijeta prepunog ubojica, nemani, razornih strasti i mnogih drugih opasnosti satkanih od slova.<\/p>\n<ul>\n<li>Redovna cijena: 20,00 \u20ac<\/li>\n<li>PFK cijena: 18,00 \u20ac<\/li>\n<\/ul>\n","protected":false},"excerpt":{"rendered":"<p>Afonso Cruz Naklada: Edicije Bo\u017ei\u010devi\u0107 Vivaldo Bonfim zapisni\u010dar je u poreznom uredu koji sve svoje radno vrijeme provodi \u010ditaju\u0107i romane. Jednoga dana, uronjen u knjigu umjesto da radi, izgubi se u tekstu i nestane s ovoga svijeta. Pripovjeda\u010d romana, njegov sin Elias, u poku\u0161aju da prona\u0111e svog oca upustit \u0107e se u najopasniju od svih&#8230;<\/p>\n","protected":false},"featured_media":989719,"template":"","meta":{"_acf_changed":false},"product_cat":[86],"product_tag":[],"class_list":{"0":"post-989718","1":"product","2":"type-product","3":"status-publish","4":"has-post-thumbnail","6":"product_cat-knjige","8":"first","9":"instock","10":"shipping-taxable","11":"product-type-simple"},"acf":[],"yoast_head":"<!-- This site is optimized with the Yoast SEO plugin v22.6 - https:\/\/yoast.com\/wordpress\/plugins\/seo\/ -->\n<title>Knjige koje su progutale mog oca - Panonski festival knjige<\/title>\n<meta name=\"robots\" content=\"index, follow, max-snippet:-1, max-image-preview:large, max-video-preview:-1\" \/>\n<link rel=\"canonical\" href=\"https:\/\/pfk.hr\/2024\/product\/knjige-koje-su-progutale-mog-oca\/\" \/>\n<meta property=\"og:locale\" content=\"hr_HR\" \/>\n<meta property=\"og:type\" content=\"article\" \/>\n<meta property=\"og:title\" content=\"Knjige koje su progutale mog oca - Panonski festival knjige\" \/>\n<meta property=\"og:description\" content=\"Afonso Cruz Naklada: Edicije Bo\u017ei\u010devi\u0107 Vivaldo Bonfim zapisni\u010dar je u poreznom uredu koji sve svoje radno vrijeme provodi \u010ditaju\u0107i romane. Jednoga dana, uronjen u knjigu umjesto da radi, izgubi se u tekstu i nestane s ovoga svijeta. Pripovjeda\u010d romana, njegov sin Elias, u poku\u0161aju da prona\u0111e svog oca upustit \u0107e se u najopasniju od svih...\" \/>\n<meta property=\"og:url\" content=\"https:\/\/pfk.hr\/2024\/product\/knjige-koje-su-progutale-mog-oca\/\" \/>\n<meta property=\"og:site_name\" content=\"Panonski festival knjige\" \/>\n<meta property=\"article:modified_time\" content=\"2024-05-14T06:33:13+00:00\" \/>\n<meta property=\"og:image\" content=\"https:\/\/pfk.hr\/2024\/wp-content\/uploads\/2024\/05\/Cruz-Knjige-koje-su-naslovnica-RGB-300-dpi-2.jpg\" \/>\n\t<meta property=\"og:image:width\" content=\"1571\" \/>\n\t<meta property=\"og:image:height\" content=\"2362\" \/>\n\t<meta property=\"og:image:type\" content=\"image\/jpeg\" \/>\n<meta name=\"twitter:card\" content=\"summary_large_image\" \/>\n<meta name=\"twitter:label1\" content=\"Procijenjeno vrijeme \u010ditanja\" \/>\n\t<meta name=\"twitter:data1\" content=\"1 minuta\" \/>\n<script type=\"application\/ld+json\" class=\"yoast-schema-graph\">{\"@context\":\"https:\/\/schema.org\",\"@graph\":[{\"@type\":\"WebPage\",\"@id\":\"https:\/\/pfk.hr\/2024\/product\/knjige-koje-su-progutale-mog-oca\/\",\"url\":\"https:\/\/pfk.hr\/2024\/product\/knjige-koje-su-progutale-mog-oca\/\",\"name\":\"Knjige koje su progutale mog oca - Panonski festival knjige\",\"isPartOf\":{\"@id\":\"https:\/\/pfk.hr\/2024\/#website\"},\"primaryImageOfPage\":{\"@id\":\"https:\/\/pfk.hr\/2024\/product\/knjige-koje-su-progutale-mog-oca\/#primaryimage\"},\"image\":{\"@id\":\"https:\/\/pfk.hr\/2024\/product\/knjige-koje-su-progutale-mog-oca\/#primaryimage\"},\"thumbnailUrl\":\"https:\/\/pfk.hr\/2024\/wp-content\/uploads\/2024\/05\/Cruz-Knjige-koje-su-naslovnica-RGB-300-dpi-2.jpg\",\"datePublished\":\"2024-05-14T06:31:10+00:00\",\"dateModified\":\"2024-05-14T06:33:13+00:00\",\"breadcrumb\":{\"@id\":\"https:\/\/pfk.hr\/2024\/product\/knjige-koje-su-progutale-mog-oca\/#breadcrumb\"},\"inLanguage\":\"hr\",\"potentialAction\":[{\"@type\":\"ReadAction\",\"target\":[\"https:\/\/pfk.hr\/2024\/product\/knjige-koje-su-progutale-mog-oca\/\"]}]},{\"@type\":\"ImageObject\",\"inLanguage\":\"hr\",\"@id\":\"https:\/\/pfk.hr\/2024\/product\/knjige-koje-su-progutale-mog-oca\/#primaryimage\",\"url\":\"https:\/\/pfk.hr\/2024\/wp-content\/uploads\/2024\/05\/Cruz-Knjige-koje-su-naslovnica-RGB-300-dpi-2.jpg\",\"contentUrl\":\"https:\/\/pfk.hr\/2024\/wp-content\/uploads\/2024\/05\/Cruz-Knjige-koje-su-naslovnica-RGB-300-dpi-2.jpg\",\"width\":1571,\"height\":2362},{\"@type\":\"BreadcrumbList\",\"@id\":\"https:\/\/pfk.hr\/2024\/product\/knjige-koje-su-progutale-mog-oca\/#breadcrumb\",\"itemListElement\":[{\"@type\":\"ListItem\",\"position\":1,\"name\":\"Po\u010detna stranica\",\"item\":\"https:\/\/pfk.hr\/2024\/\"},{\"@type\":\"ListItem\",\"position\":2,\"name\":\"Preporuka naslova\",\"item\":\"https:\/\/pfk.hr\/2024\/preporuka-naslova\/\"},{\"@type\":\"ListItem\",\"position\":3,\"name\":\"Knjige koje su progutale mog oca\"}]},{\"@type\":\"WebSite\",\"@id\":\"https:\/\/pfk.hr\/2024\/#website\",\"url\":\"https:\/\/pfk.hr\/2024\/\",\"name\":\"Panonski festival knjige\",\"description\":\"\u010cITAJ, LEGA, \u010cITAJ!\",\"potentialAction\":[{\"@type\":\"SearchAction\",\"target\":{\"@type\":\"EntryPoint\",\"urlTemplate\":\"https:\/\/pfk.hr\/2024\/?s={search_term_string}\"},\"query-input\":\"required name=search_term_string\"}],\"inLanguage\":\"hr\"}]}<\/script>\n<!-- \/ Yoast SEO plugin. -->","yoast_head_json":{"title":"Knjige koje su progutale mog oca - Panonski festival knjige","robots":{"index":"index","follow":"follow","max-snippet":"max-snippet:-1","max-image-preview":"max-image-preview:large","max-video-preview":"max-video-preview:-1"},"canonical":"https:\/\/pfk.hr\/2024\/product\/knjige-koje-su-progutale-mog-oca\/","og_locale":"hr_HR","og_type":"article","og_title":"Knjige koje su progutale mog oca - Panonski festival knjige","og_description":"Afonso Cruz Naklada: Edicije Bo\u017ei\u010devi\u0107 Vivaldo Bonfim zapisni\u010dar je u poreznom uredu koji sve svoje radno vrijeme provodi \u010ditaju\u0107i romane. Jednoga dana, uronjen u knjigu umjesto da radi, izgubi se u tekstu i nestane s ovoga svijeta. Pripovjeda\u010d romana, njegov sin Elias, u poku\u0161aju da prona\u0111e svog oca upustit \u0107e se u najopasniju od svih...","og_url":"https:\/\/pfk.hr\/2024\/product\/knjige-koje-su-progutale-mog-oca\/","og_site_name":"Panonski festival knjige","article_modified_time":"2024-05-14T06:33:13+00:00","og_image":[{"width":1571,"height":2362,"url":"https:\/\/pfk.hr\/2024\/wp-content\/uploads\/2024\/05\/Cruz-Knjige-koje-su-naslovnica-RGB-300-dpi-2.jpg","type":"image\/jpeg"}],"twitter_card":"summary_large_image","twitter_misc":{"Procijenjeno vrijeme \u010ditanja":"1 minuta"},"schema":{"@context":"https:\/\/schema.org","@graph":[{"@type":"WebPage","@id":"https:\/\/pfk.hr\/2024\/product\/knjige-koje-su-progutale-mog-oca\/","url":"https:\/\/pfk.hr\/2024\/product\/knjige-koje-su-progutale-mog-oca\/","name":"Knjige koje su progutale mog oca - Panonski festival knjige","isPartOf":{"@id":"https:\/\/pfk.hr\/2024\/#website"},"primaryImageOfPage":{"@id":"https:\/\/pfk.hr\/2024\/product\/knjige-koje-su-progutale-mog-oca\/#primaryimage"},"image":{"@id":"https:\/\/pfk.hr\/2024\/product\/knjige-koje-su-progutale-mog-oca\/#primaryimage"},"thumbnailUrl":"https:\/\/pfk.hr\/2024\/wp-content\/uploads\/2024\/05\/Cruz-Knjige-koje-su-naslovnica-RGB-300-dpi-2.jpg","datePublished":"2024-05-14T06:31:10+00:00","dateModified":"2024-05-14T06:33:13+00:00","breadcrumb":{"@id":"https:\/\/pfk.hr\/2024\/product\/knjige-koje-su-progutale-mog-oca\/#breadcrumb"},"inLanguage":"hr","potentialAction":[{"@type":"ReadAction","target":["https:\/\/pfk.hr\/2024\/product\/knjige-koje-su-progutale-mog-oca\/"]}]},{"@type":"ImageObject","inLanguage":"hr","@id":"https:\/\/pfk.hr\/2024\/product\/knjige-koje-su-progutale-mog-oca\/#primaryimage","url":"https:\/\/pfk.hr\/2024\/wp-content\/uploads\/2024\/05\/Cruz-Knjige-koje-su-naslovnica-RGB-300-dpi-2.jpg","contentUrl":"https:\/\/pfk.hr\/2024\/wp-content\/uploads\/2024\/05\/Cruz-Knjige-koje-su-naslovnica-RGB-300-dpi-2.jpg","width":1571,"height":2362},{"@type":"BreadcrumbList","@id":"https:\/\/pfk.hr\/2024\/product\/knjige-koje-su-progutale-mog-oca\/#breadcrumb","itemListElement":[{"@type":"ListItem","position":1,"name":"Po\u010detna stranica","item":"https:\/\/pfk.hr\/2024\/"},{"@type":"ListItem","position":2,"name":"Preporuka naslova","item":"https:\/\/pfk.hr\/2024\/preporuka-naslova\/"},{"@type":"ListItem","position":3,"name":"Knjige koje su progutale mog oca"}]},{"@type":"WebSite","@id":"https:\/\/pfk.hr\/2024\/#website","url":"https:\/\/pfk.hr\/2024\/","name":"Panonski festival knjige","description":"\u010cITAJ, LEGA, \u010cITAJ!","potentialAction":[{"@type":"SearchAction","target":{"@type":"EntryPoint","urlTemplate":"https:\/\/pfk.hr\/2024\/?s={search_term_string}"},"query-input":"required name=search_term_string"}],"inLanguage":"hr"}]}},"_links":{"self":[{"href":"https:\/\/pfk.hr\/2024\/wp-json\/wp\/v2\/product\/989718","targetHints":{"allow":["GET"]}}],"collection":[{"href":"https:\/\/pfk.hr\/2024\/wp-json\/wp\/v2\/product"}],"about":[{"href":"https:\/\/pfk.hr\/2024\/wp-json\/wp\/v2\/types\/product"}],"wp:featuredmedia":[{"embeddable":true,"href":"https:\/\/pfk.hr\/2024\/wp-json\/wp\/v2\/media\/989719"}],"wp:attachment":[{"href":"https:\/\/pfk.hr\/2024\/wp-json\/wp\/v2\/media?parent=989718"}],"wp:term":[{"taxonomy":"product_cat","embeddable":true,"href":"https:\/\/pfk.hr\/2024\/wp-json\/wp\/v2\/product_cat?post=989718"},{"taxonomy":"product_tag","embeddable":true,"href":"https:\/\/pfk.hr\/2024\/wp-json\/wp\/v2\/product_tag?post=989718"}],"curies":[{"name":"wp","href":"https:\/\/api.w.org\/{rel}","templated":true}]}}