{"id":989695,"date":"2024-05-14T07:51:36","date_gmt":"2024-05-14T05:51:36","guid":{"rendered":"https:\/\/pfk.hr\/?post_type=product&#038;p=989695"},"modified":"2024-05-14T07:54:42","modified_gmt":"2024-05-14T05:54:42","slug":"tisucu-poljubaca","status":"publish","type":"product","link":"https:\/\/pfk.hr\/2024\/product\/tisucu-poljubaca\/","title":{"rendered":"Tisu\u0107u poljubaca"},"content":{"rendered":"<p><strong>Tillie Cole<\/strong><\/p>\n<div class=\"GRl5yb a8pxAe\">\n<div id=\"JTPWx\" class=\"FJIcp\" role=\"tablist\" data-hveid=\"CA0QAA\">Naklada: Poetika<\/div>\n<\/div>\n<hr \/>\n<p>Dva srca. Jedna ljubavna pri\u010da. I svr\u0161etak koji nikada ne\u0107ete zaboraviti\u2026<\/p>\n<p>Rune Kristiansen i Poppy Litchfield upoznali su se u djetinjstvu i zakleli se da \u0107e zauvijek biti prijatelji. Prijateljstvo je preraslo u ljubav koja je obe\u0107avala da \u0107e trajati cijeli \u017eivot. A kada je Rune poslan ku\u0107i u rodnu Norve\u0161ku, sru\u0161ili su se njihovi svjetovi. Dvije godine poslije Rune se vra\u0107a u uspavani gradi\u0107 Blossom Grove. Poppy je spremna za novi po\u010detak, ali taj de\u010dko koji se vratio vi\u0161e nije Rune kakvog se sje\u0107a. \u0160to se to dogodilo da je njezin dragi, pa\u017eljivi Rune postao taj mrzovoljni i drski stranac? Ho\u0107e li ih tajna koju Poppy nosi zbli\u017eiti ili zauvijek razdvojiti?<\/p>\n<p>Otkrijte pri\u010du koja \u0107e vam slomiti srce i natjerati vas da povjerujete kako prava ljubav zaista traje zauvijek\u2026.<\/p>\n<ul>\n<li>Redovna cijena: 17,90 \u20ac<\/li>\n<li>PFK cijena: 14,90 \u20ac<\/li>\n<\/ul>\n","protected":false},"excerpt":{"rendered":"<p>Tillie Cole Naklada: Poetika Dva srca. Jedna ljubavna pri\u010da. I svr\u0161etak koji nikada ne\u0107ete zaboraviti\u2026 Rune Kristiansen i Poppy Litchfield upoznali su se u djetinjstvu i zakleli se da \u0107e zauvijek biti prijatelji. Prijateljstvo je preraslo u ljubav koja je obe\u0107avala da \u0107e trajati cijeli \u017eivot. A kada je Rune poslan ku\u0107i u rodnu Norve\u0161ku,&#8230;<\/p>\n","protected":false},"featured_media":989698,"template":"","meta":{"_acf_changed":false},"product_cat":[86],"product_tag":[],"class_list":{"0":"post-989695","1":"product","2":"type-product","3":"status-publish","4":"has-post-thumbnail","6":"product_cat-knjige","8":"first","9":"instock","10":"shipping-taxable","11":"product-type-simple"},"acf":[],"yoast_head":"<!-- This site is optimized with the Yoast SEO plugin v22.6 - https:\/\/yoast.com\/wordpress\/plugins\/seo\/ -->\n<title>Tisu\u0107u poljubaca - Panonski festival knjige<\/title>\n<meta name=\"robots\" content=\"index, follow, max-snippet:-1, max-image-preview:large, max-video-preview:-1\" \/>\n<link rel=\"canonical\" href=\"https:\/\/pfk.hr\/2024\/product\/tisucu-poljubaca\/\" \/>\n<meta property=\"og:locale\" content=\"hr_HR\" \/>\n<meta property=\"og:type\" content=\"article\" \/>\n<meta property=\"og:title\" content=\"Tisu\u0107u poljubaca - Panonski festival knjige\" \/>\n<meta property=\"og:description\" content=\"Tillie Cole Naklada: Poetika Dva srca. Jedna ljubavna pri\u010da. I svr\u0161etak koji nikada ne\u0107ete zaboraviti\u2026 Rune Kristiansen i Poppy Litchfield upoznali su se u djetinjstvu i zakleli se da \u0107e zauvijek biti prijatelji. Prijateljstvo je preraslo u ljubav koja je obe\u0107avala da \u0107e trajati cijeli \u017eivot. A kada je Rune poslan ku\u0107i u rodnu Norve\u0161ku,...\" \/>\n<meta property=\"og:url\" content=\"https:\/\/pfk.hr\/2024\/product\/tisucu-poljubaca\/\" \/>\n<meta property=\"og:site_name\" content=\"Panonski festival knjige\" \/>\n<meta property=\"article:modified_time\" content=\"2024-05-14T05:54:42+00:00\" \/>\n<meta property=\"og:image\" content=\"https:\/\/pfk.hr\/2024\/wp-content\/uploads\/2024\/05\/Tisucu-poljubaca-MU.jpg\" \/>\n\t<meta property=\"og:image:width\" content=\"1677\" \/>\n\t<meta property=\"og:image:height\" content=\"2480\" \/>\n\t<meta property=\"og:image:type\" content=\"image\/jpeg\" \/>\n<meta name=\"twitter:card\" content=\"summary_large_image\" \/>\n<meta name=\"twitter:label1\" content=\"Procijenjeno vrijeme \u010ditanja\" \/>\n\t<meta name=\"twitter:data1\" content=\"1 minuta\" \/>\n<script type=\"application\/ld+json\" class=\"yoast-schema-graph\">{\"@context\":\"https:\/\/schema.org\",\"@graph\":[{\"@type\":\"WebPage\",\"@id\":\"https:\/\/pfk.hr\/2024\/product\/tisucu-poljubaca\/\",\"url\":\"https:\/\/pfk.hr\/2024\/product\/tisucu-poljubaca\/\",\"name\":\"Tisu\u0107u poljubaca - Panonski festival knjige\",\"isPartOf\":{\"@id\":\"https:\/\/pfk.hr\/2024\/#website\"},\"primaryImageOfPage\":{\"@id\":\"https:\/\/pfk.hr\/2024\/product\/tisucu-poljubaca\/#primaryimage\"},\"image\":{\"@id\":\"https:\/\/pfk.hr\/2024\/product\/tisucu-poljubaca\/#primaryimage\"},\"thumbnailUrl\":\"https:\/\/pfk.hr\/2024\/wp-content\/uploads\/2024\/05\/Tisucu-poljubaca-MU.jpg\",\"datePublished\":\"2024-05-14T05:51:36+00:00\",\"dateModified\":\"2024-05-14T05:54:42+00:00\",\"breadcrumb\":{\"@id\":\"https:\/\/pfk.hr\/2024\/product\/tisucu-poljubaca\/#breadcrumb\"},\"inLanguage\":\"hr\",\"potentialAction\":[{\"@type\":\"ReadAction\",\"target\":[\"https:\/\/pfk.hr\/2024\/product\/tisucu-poljubaca\/\"]}]},{\"@type\":\"ImageObject\",\"inLanguage\":\"hr\",\"@id\":\"https:\/\/pfk.hr\/2024\/product\/tisucu-poljubaca\/#primaryimage\",\"url\":\"https:\/\/pfk.hr\/2024\/wp-content\/uploads\/2024\/05\/Tisucu-poljubaca-MU.jpg\",\"contentUrl\":\"https:\/\/pfk.hr\/2024\/wp-content\/uploads\/2024\/05\/Tisucu-poljubaca-MU.jpg\",\"width\":1677,\"height\":2480},{\"@type\":\"BreadcrumbList\",\"@id\":\"https:\/\/pfk.hr\/2024\/product\/tisucu-poljubaca\/#breadcrumb\",\"itemListElement\":[{\"@type\":\"ListItem\",\"position\":1,\"name\":\"Po\u010detna stranica\",\"item\":\"https:\/\/pfk.hr\/2024\/\"},{\"@type\":\"ListItem\",\"position\":2,\"name\":\"Preporuka naslova\",\"item\":\"https:\/\/pfk.hr\/2024\/preporuka-naslova\/\"},{\"@type\":\"ListItem\",\"position\":3,\"name\":\"Tisu\u0107u poljubaca\"}]},{\"@type\":\"WebSite\",\"@id\":\"https:\/\/pfk.hr\/2024\/#website\",\"url\":\"https:\/\/pfk.hr\/2024\/\",\"name\":\"Panonski festival knjige\",\"description\":\"\u010cITAJ, LEGA, \u010cITAJ!\",\"potentialAction\":[{\"@type\":\"SearchAction\",\"target\":{\"@type\":\"EntryPoint\",\"urlTemplate\":\"https:\/\/pfk.hr\/2024\/?s={search_term_string}\"},\"query-input\":\"required name=search_term_string\"}],\"inLanguage\":\"hr\"}]}<\/script>\n<!-- \/ Yoast SEO plugin. -->","yoast_head_json":{"title":"Tisu\u0107u poljubaca - Panonski festival knjige","robots":{"index":"index","follow":"follow","max-snippet":"max-snippet:-1","max-image-preview":"max-image-preview:large","max-video-preview":"max-video-preview:-1"},"canonical":"https:\/\/pfk.hr\/2024\/product\/tisucu-poljubaca\/","og_locale":"hr_HR","og_type":"article","og_title":"Tisu\u0107u poljubaca - Panonski festival knjige","og_description":"Tillie Cole Naklada: Poetika Dva srca. Jedna ljubavna pri\u010da. I svr\u0161etak koji nikada ne\u0107ete zaboraviti\u2026 Rune Kristiansen i Poppy Litchfield upoznali su se u djetinjstvu i zakleli se da \u0107e zauvijek biti prijatelji. Prijateljstvo je preraslo u ljubav koja je obe\u0107avala da \u0107e trajati cijeli \u017eivot. A kada je Rune poslan ku\u0107i u rodnu Norve\u0161ku,...","og_url":"https:\/\/pfk.hr\/2024\/product\/tisucu-poljubaca\/","og_site_name":"Panonski festival knjige","article_modified_time":"2024-05-14T05:54:42+00:00","og_image":[{"width":1677,"height":2480,"url":"https:\/\/pfk.hr\/2024\/wp-content\/uploads\/2024\/05\/Tisucu-poljubaca-MU.jpg","type":"image\/jpeg"}],"twitter_card":"summary_large_image","twitter_misc":{"Procijenjeno vrijeme \u010ditanja":"1 minuta"},"schema":{"@context":"https:\/\/schema.org","@graph":[{"@type":"WebPage","@id":"https:\/\/pfk.hr\/2024\/product\/tisucu-poljubaca\/","url":"https:\/\/pfk.hr\/2024\/product\/tisucu-poljubaca\/","name":"Tisu\u0107u poljubaca - Panonski festival knjige","isPartOf":{"@id":"https:\/\/pfk.hr\/2024\/#website"},"primaryImageOfPage":{"@id":"https:\/\/pfk.hr\/2024\/product\/tisucu-poljubaca\/#primaryimage"},"image":{"@id":"https:\/\/pfk.hr\/2024\/product\/tisucu-poljubaca\/#primaryimage"},"thumbnailUrl":"https:\/\/pfk.hr\/2024\/wp-content\/uploads\/2024\/05\/Tisucu-poljubaca-MU.jpg","datePublished":"2024-05-14T05:51:36+00:00","dateModified":"2024-05-14T05:54:42+00:00","breadcrumb":{"@id":"https:\/\/pfk.hr\/2024\/product\/tisucu-poljubaca\/#breadcrumb"},"inLanguage":"hr","potentialAction":[{"@type":"ReadAction","target":["https:\/\/pfk.hr\/2024\/product\/tisucu-poljubaca\/"]}]},{"@type":"ImageObject","inLanguage":"hr","@id":"https:\/\/pfk.hr\/2024\/product\/tisucu-poljubaca\/#primaryimage","url":"https:\/\/pfk.hr\/2024\/wp-content\/uploads\/2024\/05\/Tisucu-poljubaca-MU.jpg","contentUrl":"https:\/\/pfk.hr\/2024\/wp-content\/uploads\/2024\/05\/Tisucu-poljubaca-MU.jpg","width":1677,"height":2480},{"@type":"BreadcrumbList","@id":"https:\/\/pfk.hr\/2024\/product\/tisucu-poljubaca\/#breadcrumb","itemListElement":[{"@type":"ListItem","position":1,"name":"Po\u010detna stranica","item":"https:\/\/pfk.hr\/2024\/"},{"@type":"ListItem","position":2,"name":"Preporuka naslova","item":"https:\/\/pfk.hr\/2024\/preporuka-naslova\/"},{"@type":"ListItem","position":3,"name":"Tisu\u0107u poljubaca"}]},{"@type":"WebSite","@id":"https:\/\/pfk.hr\/2024\/#website","url":"https:\/\/pfk.hr\/2024\/","name":"Panonski festival knjige","description":"\u010cITAJ, LEGA, \u010cITAJ!","potentialAction":[{"@type":"SearchAction","target":{"@type":"EntryPoint","urlTemplate":"https:\/\/pfk.hr\/2024\/?s={search_term_string}"},"query-input":"required name=search_term_string"}],"inLanguage":"hr"}]}},"_links":{"self":[{"href":"https:\/\/pfk.hr\/2024\/wp-json\/wp\/v2\/product\/989695","targetHints":{"allow":["GET"]}}],"collection":[{"href":"https:\/\/pfk.hr\/2024\/wp-json\/wp\/v2\/product"}],"about":[{"href":"https:\/\/pfk.hr\/2024\/wp-json\/wp\/v2\/types\/product"}],"wp:featuredmedia":[{"embeddable":true,"href":"https:\/\/pfk.hr\/2024\/wp-json\/wp\/v2\/media\/989698"}],"wp:attachment":[{"href":"https:\/\/pfk.hr\/2024\/wp-json\/wp\/v2\/media?parent=989695"}],"wp:term":[{"taxonomy":"product_cat","embeddable":true,"href":"https:\/\/pfk.hr\/2024\/wp-json\/wp\/v2\/product_cat?post=989695"},{"taxonomy":"product_tag","embeddable":true,"href":"https:\/\/pfk.hr\/2024\/wp-json\/wp\/v2\/product_tag?post=989695"}],"curies":[{"name":"wp","href":"https:\/\/api.w.org\/{rel}","templated":true}]}}