{"id":989693,"date":"2024-05-14T07:47:33","date_gmt":"2024-05-14T05:47:33","guid":{"rendered":"https:\/\/pfk.hr\/?post_type=product&#038;p=989693"},"modified":"2024-05-14T07:48:54","modified_gmt":"2024-05-14T05:48:54","slug":"vikinske-narodne-pripovijetke-i-bajke","status":"publish","type":"product","link":"https:\/\/pfk.hr\/2024\/product\/vikinske-narodne-pripovijetke-i-bajke\/","title":{"rendered":"Vikin\u0161ke narodne pripovijetke i bajke"},"content":{"rendered":"<p><strong>Urednik projekta: Catherine Taylor<br \/>\n<\/strong><\/p>\n<div class=\"GRl5yb a8pxAe\">\n<div id=\"JTPWx\" class=\"FJIcp\" role=\"tablist\" data-hveid=\"CA0QAA\">Naklada: Stanek<\/div>\n<\/div>\n<hr \/>\n<p>Neke su pri\u010de stare stolje\u0107a. Od prvih pripovijedanja uz logorske vatre, mnoge su lebdjele na povjetarcu vremena dok nisu do\u0161le do nas i obavile nas, odnose\u0107i nas u dane daleke pro\u0161losti. Zahvaljuju\u0107i svojim \u010darobnim, neobi\u010dnim likovima, zaprepa\u0161\u0107uju\u0107im okru\u017eenjima i ma\u0161tovitim zbivanjima i zaklju\u010dcima, te nas pri\u010de jo\u0161 uvijek mogu obuzeti i povu\u0107i u sebe.<\/p>\n<ul>\n<li>Redovna cijena: 39,00 \u20ac<\/li>\n<li>PFK cijena: 33,00 \u20ac<\/li>\n<\/ul>\n","protected":false},"excerpt":{"rendered":"<p>Urednik projekta: Catherine Taylor Naklada: Stanek Neke su pri\u010de stare stolje\u0107a. Od prvih pripovijedanja uz logorske vatre, mnoge su lebdjele na povjetarcu vremena dok nisu do\u0161le do nas i obavile nas, odnose\u0107i nas u dane daleke pro\u0161losti. Zahvaljuju\u0107i svojim \u010darobnim, neobi\u010dnim likovima, zaprepa\u0161\u0107uju\u0107im okru\u017eenjima i ma\u0161tovitim zbivanjima i zaklju\u010dcima, te nas pri\u010de jo\u0161 uvijek mogu&#8230;<\/p>\n","protected":false},"featured_media":989691,"template":"","meta":{"_acf_changed":false},"product_cat":[86],"product_tag":[],"class_list":{"0":"post-989693","1":"product","2":"type-product","3":"status-publish","4":"has-post-thumbnail","6":"product_cat-knjige","8":"first","9":"instock","10":"shipping-taxable","11":"product-type-simple"},"acf":[],"yoast_head":"<!-- This site is optimized with the Yoast SEO plugin v22.6 - https:\/\/yoast.com\/wordpress\/plugins\/seo\/ -->\n<title>Vikin\u0161ke narodne pripovijetke i bajke - Panonski festival knjige<\/title>\n<meta name=\"robots\" content=\"index, follow, max-snippet:-1, max-image-preview:large, max-video-preview:-1\" \/>\n<link rel=\"canonical\" href=\"https:\/\/pfk.hr\/2024\/product\/vikinske-narodne-pripovijetke-i-bajke\/\" \/>\n<meta property=\"og:locale\" content=\"hr_HR\" \/>\n<meta property=\"og:type\" content=\"article\" \/>\n<meta property=\"og:title\" content=\"Vikin\u0161ke narodne pripovijetke i bajke - Panonski festival knjige\" \/>\n<meta property=\"og:description\" content=\"Urednik projekta: Catherine Taylor Naklada: Stanek Neke su pri\u010de stare stolje\u0107a. Od prvih pripovijedanja uz logorske vatre, mnoge su lebdjele na povjetarcu vremena dok nisu do\u0161le do nas i obavile nas, odnose\u0107i nas u dane daleke pro\u0161losti. Zahvaljuju\u0107i svojim \u010darobnim, neobi\u010dnim likovima, zaprepa\u0161\u0107uju\u0107im okru\u017eenjima i ma\u0161tovitim zbivanjima i zaklju\u010dcima, te nas pri\u010de jo\u0161 uvijek mogu...\" \/>\n<meta property=\"og:url\" content=\"https:\/\/pfk.hr\/2024\/product\/vikinske-narodne-pripovijetke-i-bajke\/\" \/>\n<meta property=\"og:site_name\" content=\"Panonski festival knjige\" \/>\n<meta property=\"article:modified_time\" content=\"2024-05-14T05:48:54+00:00\" \/>\n<meta property=\"og:image\" content=\"https:\/\/pfk.hr\/2024\/wp-content\/uploads\/2024\/05\/Vikinzi-3D.png\" \/>\n\t<meta property=\"og:image:width\" content=\"1000\" \/>\n\t<meta property=\"og:image:height\" content=\"1567\" \/>\n\t<meta property=\"og:image:type\" content=\"image\/png\" \/>\n<meta name=\"twitter:card\" content=\"summary_large_image\" \/>\n<meta name=\"twitter:label1\" content=\"Procijenjeno vrijeme \u010ditanja\" \/>\n\t<meta name=\"twitter:data1\" content=\"1 minuta\" \/>\n<script type=\"application\/ld+json\" class=\"yoast-schema-graph\">{\"@context\":\"https:\/\/schema.org\",\"@graph\":[{\"@type\":\"WebPage\",\"@id\":\"https:\/\/pfk.hr\/2024\/product\/vikinske-narodne-pripovijetke-i-bajke\/\",\"url\":\"https:\/\/pfk.hr\/2024\/product\/vikinske-narodne-pripovijetke-i-bajke\/\",\"name\":\"Vikin\u0161ke narodne pripovijetke i bajke - Panonski festival knjige\",\"isPartOf\":{\"@id\":\"https:\/\/pfk.hr\/2024\/#website\"},\"primaryImageOfPage\":{\"@id\":\"https:\/\/pfk.hr\/2024\/product\/vikinske-narodne-pripovijetke-i-bajke\/#primaryimage\"},\"image\":{\"@id\":\"https:\/\/pfk.hr\/2024\/product\/vikinske-narodne-pripovijetke-i-bajke\/#primaryimage\"},\"thumbnailUrl\":\"https:\/\/pfk.hr\/2024\/wp-content\/uploads\/2024\/05\/Vikinzi-3D.png\",\"datePublished\":\"2024-05-14T05:47:33+00:00\",\"dateModified\":\"2024-05-14T05:48:54+00:00\",\"breadcrumb\":{\"@id\":\"https:\/\/pfk.hr\/2024\/product\/vikinske-narodne-pripovijetke-i-bajke\/#breadcrumb\"},\"inLanguage\":\"hr\",\"potentialAction\":[{\"@type\":\"ReadAction\",\"target\":[\"https:\/\/pfk.hr\/2024\/product\/vikinske-narodne-pripovijetke-i-bajke\/\"]}]},{\"@type\":\"ImageObject\",\"inLanguage\":\"hr\",\"@id\":\"https:\/\/pfk.hr\/2024\/product\/vikinske-narodne-pripovijetke-i-bajke\/#primaryimage\",\"url\":\"https:\/\/pfk.hr\/2024\/wp-content\/uploads\/2024\/05\/Vikinzi-3D.png\",\"contentUrl\":\"https:\/\/pfk.hr\/2024\/wp-content\/uploads\/2024\/05\/Vikinzi-3D.png\",\"width\":1000,\"height\":1567},{\"@type\":\"BreadcrumbList\",\"@id\":\"https:\/\/pfk.hr\/2024\/product\/vikinske-narodne-pripovijetke-i-bajke\/#breadcrumb\",\"itemListElement\":[{\"@type\":\"ListItem\",\"position\":1,\"name\":\"Po\u010detna stranica\",\"item\":\"https:\/\/pfk.hr\/2024\/\"},{\"@type\":\"ListItem\",\"position\":2,\"name\":\"Preporuka naslova\",\"item\":\"https:\/\/pfk.hr\/2024\/preporuka-naslova\/\"},{\"@type\":\"ListItem\",\"position\":3,\"name\":\"Vikin\u0161ke narodne pripovijetke i bajke\"}]},{\"@type\":\"WebSite\",\"@id\":\"https:\/\/pfk.hr\/2024\/#website\",\"url\":\"https:\/\/pfk.hr\/2024\/\",\"name\":\"Panonski festival knjige\",\"description\":\"\u010cITAJ, LEGA, \u010cITAJ!\",\"potentialAction\":[{\"@type\":\"SearchAction\",\"target\":{\"@type\":\"EntryPoint\",\"urlTemplate\":\"https:\/\/pfk.hr\/2024\/?s={search_term_string}\"},\"query-input\":\"required name=search_term_string\"}],\"inLanguage\":\"hr\"}]}<\/script>\n<!-- \/ Yoast SEO plugin. -->","yoast_head_json":{"title":"Vikin\u0161ke narodne pripovijetke i bajke - Panonski festival knjige","robots":{"index":"index","follow":"follow","max-snippet":"max-snippet:-1","max-image-preview":"max-image-preview:large","max-video-preview":"max-video-preview:-1"},"canonical":"https:\/\/pfk.hr\/2024\/product\/vikinske-narodne-pripovijetke-i-bajke\/","og_locale":"hr_HR","og_type":"article","og_title":"Vikin\u0161ke narodne pripovijetke i bajke - Panonski festival knjige","og_description":"Urednik projekta: Catherine Taylor Naklada: Stanek Neke su pri\u010de stare stolje\u0107a. Od prvih pripovijedanja uz logorske vatre, mnoge su lebdjele na povjetarcu vremena dok nisu do\u0161le do nas i obavile nas, odnose\u0107i nas u dane daleke pro\u0161losti. Zahvaljuju\u0107i svojim \u010darobnim, neobi\u010dnim likovima, zaprepa\u0161\u0107uju\u0107im okru\u017eenjima i ma\u0161tovitim zbivanjima i zaklju\u010dcima, te nas pri\u010de jo\u0161 uvijek mogu...","og_url":"https:\/\/pfk.hr\/2024\/product\/vikinske-narodne-pripovijetke-i-bajke\/","og_site_name":"Panonski festival knjige","article_modified_time":"2024-05-14T05:48:54+00:00","og_image":[{"width":1000,"height":1567,"url":"https:\/\/pfk.hr\/2024\/wp-content\/uploads\/2024\/05\/Vikinzi-3D.png","type":"image\/png"}],"twitter_card":"summary_large_image","twitter_misc":{"Procijenjeno vrijeme \u010ditanja":"1 minuta"},"schema":{"@context":"https:\/\/schema.org","@graph":[{"@type":"WebPage","@id":"https:\/\/pfk.hr\/2024\/product\/vikinske-narodne-pripovijetke-i-bajke\/","url":"https:\/\/pfk.hr\/2024\/product\/vikinske-narodne-pripovijetke-i-bajke\/","name":"Vikin\u0161ke narodne pripovijetke i bajke - Panonski festival knjige","isPartOf":{"@id":"https:\/\/pfk.hr\/2024\/#website"},"primaryImageOfPage":{"@id":"https:\/\/pfk.hr\/2024\/product\/vikinske-narodne-pripovijetke-i-bajke\/#primaryimage"},"image":{"@id":"https:\/\/pfk.hr\/2024\/product\/vikinske-narodne-pripovijetke-i-bajke\/#primaryimage"},"thumbnailUrl":"https:\/\/pfk.hr\/2024\/wp-content\/uploads\/2024\/05\/Vikinzi-3D.png","datePublished":"2024-05-14T05:47:33+00:00","dateModified":"2024-05-14T05:48:54+00:00","breadcrumb":{"@id":"https:\/\/pfk.hr\/2024\/product\/vikinske-narodne-pripovijetke-i-bajke\/#breadcrumb"},"inLanguage":"hr","potentialAction":[{"@type":"ReadAction","target":["https:\/\/pfk.hr\/2024\/product\/vikinske-narodne-pripovijetke-i-bajke\/"]}]},{"@type":"ImageObject","inLanguage":"hr","@id":"https:\/\/pfk.hr\/2024\/product\/vikinske-narodne-pripovijetke-i-bajke\/#primaryimage","url":"https:\/\/pfk.hr\/2024\/wp-content\/uploads\/2024\/05\/Vikinzi-3D.png","contentUrl":"https:\/\/pfk.hr\/2024\/wp-content\/uploads\/2024\/05\/Vikinzi-3D.png","width":1000,"height":1567},{"@type":"BreadcrumbList","@id":"https:\/\/pfk.hr\/2024\/product\/vikinske-narodne-pripovijetke-i-bajke\/#breadcrumb","itemListElement":[{"@type":"ListItem","position":1,"name":"Po\u010detna stranica","item":"https:\/\/pfk.hr\/2024\/"},{"@type":"ListItem","position":2,"name":"Preporuka naslova","item":"https:\/\/pfk.hr\/2024\/preporuka-naslova\/"},{"@type":"ListItem","position":3,"name":"Vikin\u0161ke narodne pripovijetke i bajke"}]},{"@type":"WebSite","@id":"https:\/\/pfk.hr\/2024\/#website","url":"https:\/\/pfk.hr\/2024\/","name":"Panonski festival knjige","description":"\u010cITAJ, LEGA, \u010cITAJ!","potentialAction":[{"@type":"SearchAction","target":{"@type":"EntryPoint","urlTemplate":"https:\/\/pfk.hr\/2024\/?s={search_term_string}"},"query-input":"required name=search_term_string"}],"inLanguage":"hr"}]}},"_links":{"self":[{"href":"https:\/\/pfk.hr\/2024\/wp-json\/wp\/v2\/product\/989693","targetHints":{"allow":["GET"]}}],"collection":[{"href":"https:\/\/pfk.hr\/2024\/wp-json\/wp\/v2\/product"}],"about":[{"href":"https:\/\/pfk.hr\/2024\/wp-json\/wp\/v2\/types\/product"}],"wp:featuredmedia":[{"embeddable":true,"href":"https:\/\/pfk.hr\/2024\/wp-json\/wp\/v2\/media\/989691"}],"wp:attachment":[{"href":"https:\/\/pfk.hr\/2024\/wp-json\/wp\/v2\/media?parent=989693"}],"wp:term":[{"taxonomy":"product_cat","embeddable":true,"href":"https:\/\/pfk.hr\/2024\/wp-json\/wp\/v2\/product_cat?post=989693"},{"taxonomy":"product_tag","embeddable":true,"href":"https:\/\/pfk.hr\/2024\/wp-json\/wp\/v2\/product_tag?post=989693"}],"curies":[{"name":"wp","href":"https:\/\/api.w.org\/{rel}","templated":true}]}}