{"id":989189,"date":"2023-05-23T21:13:08","date_gmt":"2023-05-23T19:13:08","guid":{"rendered":"https:\/\/pfk.hr\/?post_type=product&#038;p=989189"},"modified":"2024-05-14T07:29:14","modified_gmt":"2024-05-14T05:29:14","slug":"hrvatska-bajoslovlja","status":"publish","type":"product","link":"https:\/\/pfk.hr\/2024\/product\/hrvatska-bajoslovlja\/","title":{"rendered":"Hrvatska bajoslovlja"},"content":{"rendered":"<div>\n<div data-hveid=\"CAsQAA\">\n<div data-md=\"221\" data-hveid=\"CAkQAA\" data-ved=\"2ahUKEwjJ7dyf2-P-AhX5wQIHHf6aC2MQnKEBegQICRAA\">\n<p><strong>Vid Balog<\/strong><\/p>\n<\/div>\n<\/div>\n<\/div>\n<div class=\"GRl5yb a8pxAe\">\n<div id=\"JTPWx\" class=\"FJIcp\" role=\"tablist\" data-hveid=\"CA0QAA\">Naklada: AGM<\/div>\n<\/div>\n<hr \/>\n<table>\n<tbody>\n<tr>\n<td>Hrvatska bajoslovlja autora Vida Baloga (bajoslovlje = hrvatski naziv za mitologiju) okupila su likove i \u010dudnovata bi\u0107a iz usmenih predaja, u pri\u010dama i legendama koje su se prenosile iz generacije u generaciju.<\/p>\n<p>Bogato ilustrirana u prepoznatljivom stilu\u00a0 umjetnika Patricia Alejandra Aguera, a rije\u010d je o vrijednom monografskom rukopisu na vi\u0161e od 350 stranica, Hrvatska bajoslovlja dio su kulturne ba\u0161tine i na ovaj na\u010din, u pisanoj formi, za\u0161ti\u0107ena\u00a0 od zaborava.<\/td>\n<\/tr>\n<\/tbody>\n<\/table>\n<p><a href=\"https:\/\/www.agm.hr\/hr\/shop\/hrvatska-bajoslovlja,1123.html\">Saznajte vi\u0161e&#8230;<\/a><\/p>\n","protected":false},"excerpt":{"rendered":"<p>Vid Balog Naklada: AGM Hrvatska bajoslovlja autora Vida Baloga (bajoslovlje = hrvatski naziv za mitologiju) okupila su likove i \u010dudnovata bi\u0107a iz usmenih predaja, u pri\u010dama i legendama koje su se prenosile iz generacije u generaciju. Bogato ilustrirana u prepoznatljivom stilu\u00a0 umjetnika Patricia Alejandra Aguera, a rije\u010d je o vrijednom monografskom rukopisu na vi\u0161e od&#8230;<\/p>\n","protected":false},"featured_media":989411,"template":"","meta":{"_acf_changed":false},"product_cat":[86],"product_tag":[],"class_list":{"0":"post-989189","1":"product","2":"type-product","3":"status-publish","4":"has-post-thumbnail","6":"product_cat-knjige","8":"first","9":"instock","10":"shipping-taxable","11":"product-type-simple"},"acf":[],"yoast_head":"<!-- This site is optimized with the Yoast SEO plugin v22.6 - https:\/\/yoast.com\/wordpress\/plugins\/seo\/ -->\n<title>Hrvatska bajoslovlja - Panonski festival knjige<\/title>\n<meta name=\"robots\" content=\"index, follow, max-snippet:-1, max-image-preview:large, max-video-preview:-1\" \/>\n<link rel=\"canonical\" href=\"https:\/\/pfk.hr\/2024\/product\/hrvatska-bajoslovlja\/\" \/>\n<meta property=\"og:locale\" content=\"hr_HR\" \/>\n<meta property=\"og:type\" content=\"article\" \/>\n<meta property=\"og:title\" content=\"Hrvatska bajoslovlja - Panonski festival knjige\" \/>\n<meta property=\"og:description\" content=\"Vid Balog Naklada: AGM Hrvatska bajoslovlja autora Vida Baloga (bajoslovlje = hrvatski naziv za mitologiju) okupila su likove i \u010dudnovata bi\u0107a iz usmenih predaja, u pri\u010dama i legendama koje su se prenosile iz generacije u generaciju. Bogato ilustrirana u prepoznatljivom stilu\u00a0 umjetnika Patricia Alejandra Aguera, a rije\u010d je o vrijednom monografskom rukopisu na vi\u0161e od...\" \/>\n<meta property=\"og:url\" content=\"https:\/\/pfk.hr\/2024\/product\/hrvatska-bajoslovlja\/\" \/>\n<meta property=\"og:site_name\" content=\"Panonski festival knjige\" \/>\n<meta property=\"article:modified_time\" content=\"2024-05-14T05:29:14+00:00\" \/>\n<meta property=\"og:image\" content=\"https:\/\/pfk.hr\/2024\/wp-content\/uploads\/2023\/05\/Hrvatska-bajoslovlja.jpg\" \/>\n\t<meta property=\"og:image:width\" content=\"285\" \/>\n\t<meta property=\"og:image:height\" content=\"360\" \/>\n\t<meta property=\"og:image:type\" content=\"image\/jpeg\" \/>\n<meta name=\"twitter:card\" content=\"summary_large_image\" \/>\n<meta name=\"twitter:label1\" content=\"Procijenjeno vrijeme \u010ditanja\" \/>\n\t<meta name=\"twitter:data1\" content=\"1 minuta\" \/>\n<script type=\"application\/ld+json\" class=\"yoast-schema-graph\">{\"@context\":\"https:\/\/schema.org\",\"@graph\":[{\"@type\":\"WebPage\",\"@id\":\"https:\/\/pfk.hr\/2024\/product\/hrvatska-bajoslovlja\/\",\"url\":\"https:\/\/pfk.hr\/2024\/product\/hrvatska-bajoslovlja\/\",\"name\":\"Hrvatska bajoslovlja - Panonski festival knjige\",\"isPartOf\":{\"@id\":\"https:\/\/pfk.hr\/2024\/#website\"},\"primaryImageOfPage\":{\"@id\":\"https:\/\/pfk.hr\/2024\/product\/hrvatska-bajoslovlja\/#primaryimage\"},\"image\":{\"@id\":\"https:\/\/pfk.hr\/2024\/product\/hrvatska-bajoslovlja\/#primaryimage\"},\"thumbnailUrl\":\"https:\/\/pfk.hr\/2024\/wp-content\/uploads\/2023\/05\/Hrvatska-bajoslovlja.jpg\",\"datePublished\":\"2023-05-23T19:13:08+00:00\",\"dateModified\":\"2024-05-14T05:29:14+00:00\",\"breadcrumb\":{\"@id\":\"https:\/\/pfk.hr\/2024\/product\/hrvatska-bajoslovlja\/#breadcrumb\"},\"inLanguage\":\"hr\",\"potentialAction\":[{\"@type\":\"ReadAction\",\"target\":[\"https:\/\/pfk.hr\/2024\/product\/hrvatska-bajoslovlja\/\"]}]},{\"@type\":\"ImageObject\",\"inLanguage\":\"hr\",\"@id\":\"https:\/\/pfk.hr\/2024\/product\/hrvatska-bajoslovlja\/#primaryimage\",\"url\":\"https:\/\/pfk.hr\/2024\/wp-content\/uploads\/2023\/05\/Hrvatska-bajoslovlja.jpg\",\"contentUrl\":\"https:\/\/pfk.hr\/2024\/wp-content\/uploads\/2023\/05\/Hrvatska-bajoslovlja.jpg\",\"width\":285,\"height\":360},{\"@type\":\"BreadcrumbList\",\"@id\":\"https:\/\/pfk.hr\/2024\/product\/hrvatska-bajoslovlja\/#breadcrumb\",\"itemListElement\":[{\"@type\":\"ListItem\",\"position\":1,\"name\":\"Po\u010detna stranica\",\"item\":\"https:\/\/pfk.hr\/2024\/\"},{\"@type\":\"ListItem\",\"position\":2,\"name\":\"Preporuka naslova\",\"item\":\"https:\/\/pfk.hr\/2024\/preporuka-naslova\/\"},{\"@type\":\"ListItem\",\"position\":3,\"name\":\"Hrvatska bajoslovlja\"}]},{\"@type\":\"WebSite\",\"@id\":\"https:\/\/pfk.hr\/2024\/#website\",\"url\":\"https:\/\/pfk.hr\/2024\/\",\"name\":\"Panonski festival knjige\",\"description\":\"\u010cITAJ, LEGA, \u010cITAJ!\",\"potentialAction\":[{\"@type\":\"SearchAction\",\"target\":{\"@type\":\"EntryPoint\",\"urlTemplate\":\"https:\/\/pfk.hr\/2024\/?s={search_term_string}\"},\"query-input\":\"required name=search_term_string\"}],\"inLanguage\":\"hr\"}]}<\/script>\n<!-- \/ Yoast SEO plugin. -->","yoast_head_json":{"title":"Hrvatska bajoslovlja - Panonski festival knjige","robots":{"index":"index","follow":"follow","max-snippet":"max-snippet:-1","max-image-preview":"max-image-preview:large","max-video-preview":"max-video-preview:-1"},"canonical":"https:\/\/pfk.hr\/2024\/product\/hrvatska-bajoslovlja\/","og_locale":"hr_HR","og_type":"article","og_title":"Hrvatska bajoslovlja - Panonski festival knjige","og_description":"Vid Balog Naklada: AGM Hrvatska bajoslovlja autora Vida Baloga (bajoslovlje = hrvatski naziv za mitologiju) okupila su likove i \u010dudnovata bi\u0107a iz usmenih predaja, u pri\u010dama i legendama koje su se prenosile iz generacije u generaciju. Bogato ilustrirana u prepoznatljivom stilu\u00a0 umjetnika Patricia Alejandra Aguera, a rije\u010d je o vrijednom monografskom rukopisu na vi\u0161e od...","og_url":"https:\/\/pfk.hr\/2024\/product\/hrvatska-bajoslovlja\/","og_site_name":"Panonski festival knjige","article_modified_time":"2024-05-14T05:29:14+00:00","og_image":[{"width":285,"height":360,"url":"https:\/\/pfk.hr\/2024\/wp-content\/uploads\/2023\/05\/Hrvatska-bajoslovlja.jpg","type":"image\/jpeg"}],"twitter_card":"summary_large_image","twitter_misc":{"Procijenjeno vrijeme \u010ditanja":"1 minuta"},"schema":{"@context":"https:\/\/schema.org","@graph":[{"@type":"WebPage","@id":"https:\/\/pfk.hr\/2024\/product\/hrvatska-bajoslovlja\/","url":"https:\/\/pfk.hr\/2024\/product\/hrvatska-bajoslovlja\/","name":"Hrvatska bajoslovlja - Panonski festival knjige","isPartOf":{"@id":"https:\/\/pfk.hr\/2024\/#website"},"primaryImageOfPage":{"@id":"https:\/\/pfk.hr\/2024\/product\/hrvatska-bajoslovlja\/#primaryimage"},"image":{"@id":"https:\/\/pfk.hr\/2024\/product\/hrvatska-bajoslovlja\/#primaryimage"},"thumbnailUrl":"https:\/\/pfk.hr\/2024\/wp-content\/uploads\/2023\/05\/Hrvatska-bajoslovlja.jpg","datePublished":"2023-05-23T19:13:08+00:00","dateModified":"2024-05-14T05:29:14+00:00","breadcrumb":{"@id":"https:\/\/pfk.hr\/2024\/product\/hrvatska-bajoslovlja\/#breadcrumb"},"inLanguage":"hr","potentialAction":[{"@type":"ReadAction","target":["https:\/\/pfk.hr\/2024\/product\/hrvatska-bajoslovlja\/"]}]},{"@type":"ImageObject","inLanguage":"hr","@id":"https:\/\/pfk.hr\/2024\/product\/hrvatska-bajoslovlja\/#primaryimage","url":"https:\/\/pfk.hr\/2024\/wp-content\/uploads\/2023\/05\/Hrvatska-bajoslovlja.jpg","contentUrl":"https:\/\/pfk.hr\/2024\/wp-content\/uploads\/2023\/05\/Hrvatska-bajoslovlja.jpg","width":285,"height":360},{"@type":"BreadcrumbList","@id":"https:\/\/pfk.hr\/2024\/product\/hrvatska-bajoslovlja\/#breadcrumb","itemListElement":[{"@type":"ListItem","position":1,"name":"Po\u010detna stranica","item":"https:\/\/pfk.hr\/2024\/"},{"@type":"ListItem","position":2,"name":"Preporuka naslova","item":"https:\/\/pfk.hr\/2024\/preporuka-naslova\/"},{"@type":"ListItem","position":3,"name":"Hrvatska bajoslovlja"}]},{"@type":"WebSite","@id":"https:\/\/pfk.hr\/2024\/#website","url":"https:\/\/pfk.hr\/2024\/","name":"Panonski festival knjige","description":"\u010cITAJ, LEGA, \u010cITAJ!","potentialAction":[{"@type":"SearchAction","target":{"@type":"EntryPoint","urlTemplate":"https:\/\/pfk.hr\/2024\/?s={search_term_string}"},"query-input":"required name=search_term_string"}],"inLanguage":"hr"}]}},"_links":{"self":[{"href":"https:\/\/pfk.hr\/2024\/wp-json\/wp\/v2\/product\/989189","targetHints":{"allow":["GET"]}}],"collection":[{"href":"https:\/\/pfk.hr\/2024\/wp-json\/wp\/v2\/product"}],"about":[{"href":"https:\/\/pfk.hr\/2024\/wp-json\/wp\/v2\/types\/product"}],"wp:featuredmedia":[{"embeddable":true,"href":"https:\/\/pfk.hr\/2024\/wp-json\/wp\/v2\/media\/989411"}],"wp:attachment":[{"href":"https:\/\/pfk.hr\/2024\/wp-json\/wp\/v2\/media?parent=989189"}],"wp:term":[{"taxonomy":"product_cat","embeddable":true,"href":"https:\/\/pfk.hr\/2024\/wp-json\/wp\/v2\/product_cat?post=989189"},{"taxonomy":"product_tag","embeddable":true,"href":"https:\/\/pfk.hr\/2024\/wp-json\/wp\/v2\/product_tag?post=989189"}],"curies":[{"name":"wp","href":"https:\/\/api.w.org\/{rel}","templated":true}]}}