{"id":989167,"date":"2023-05-22T17:40:53","date_gmt":"2023-05-22T15:40:53","guid":{"rendered":"https:\/\/pfk.hr\/?post_type=product&#038;p=989167"},"modified":"2024-05-10T11:13:45","modified_gmt":"2024-05-10T09:13:45","slug":"njezino-velicanstvo-elena","status":"publish","type":"product","link":"https:\/\/pfk.hr\/2024\/product\/njezino-velicanstvo-elena\/","title":{"rendered":"Njezino veli\u010danstvo, Elena"},"content":{"rendered":"<div>\n<div data-hveid=\"CAsQAA\">\n<div data-md=\"221\" data-hveid=\"CAkQAA\" data-ved=\"2ahUKEwjJ7dyf2-P-AhX5wQIHHf6aC2MQnKEBegQICRAA\">\n<p><strong>Marina Ma\u0111eri\u0107<\/strong><\/p>\n<\/div>\n<\/div>\n<\/div>\n<div class=\"GRl5yb a8pxAe\">\n<div id=\"JTPWx\" class=\"FJIcp\" role=\"tablist\" data-hveid=\"CA0QAA\">Naklada: Foma<\/div>\n<\/div>\n<hr \/>\n<p>Knjiga na vrlo realan, ali i humoristi\u010dan na\u010din opisuje jedno divno putovanje, sazrijevanje i razvoj odnosa izme\u0111u majke i djeteta. Iz nje pr\u0161ti toplina i borba koju prolazi svaki roditelj djeteta s te\u0161ko\u0107ama. Ako ste roditelj na\u0107i \u0107ete gomilu dobrih savjeta i podr\u0161ke koja treba svima, a ako ste stru\u010dnjak saznat \u0107ete drugu stranu pri\u010de o onima s kojima radite i gledati na stvari drugim o\u010dima.<\/p>\n<p>Roditelj je onaj koji najbolje poznaje svoje dijete, ali i zna najvi\u0161e o te\u0161ko\u0107i s kojom \u017eivi. Autorica nevjerojatnom iskreno\u0161\u0107u, hrabro\u0161\u0107u i bez ikakve cenzure iznosi realnost roditelja i djeteta s te\u0161ko\u0107ama u svakodnevnom \u017eivotu. Ta je realnost ispunjena borbama, mukama, ali i nevjerojatnom snagom cijele obitelji koja pridodaje ljepotu i \u010dar ovom \u017eivotnom putu. Obavezna literatura za svakog roditelja, stru\u010dnjaka, a i \u201cgospodina\u201d u tramvaju koji ne razumije za\u0161to Elena sjedi i njemu zauzima mjesto.<\/p>\n<hr \/>\n<p>REDOVNA CIJENA: 11,80 \u20ac<br \/>\n<strong><span style=\"color: #ff0000;\">PFK SAJAMSKA CIJENA:<\/span> 8,26 \u20ac <\/strong><\/p>\n<p><span style=\"font-size: 11.0pt; font-family: 'Arial',sans-serif; color: #2c363a;\">Cijena s popustom bit \u0107e aktivna samo od 22. do 26. svibnja 2024. u dvorani Gradski vrt<\/span><span style=\"font-size: 11.0pt; font-family: 'Calibri',sans-serif; color: #2c363a;\">.<\/span><\/p>\n","protected":false},"excerpt":{"rendered":"<p>Marina Ma\u0111eri\u0107 Naklada: Foma Knjiga na vrlo realan, ali i humoristi\u010dan na\u010din opisuje jedno divno putovanje, sazrijevanje i razvoj odnosa izme\u0111u majke i djeteta. Iz nje pr\u0161ti toplina i borba koju prolazi svaki roditelj djeteta s te\u0161ko\u0107ama. Ako ste roditelj na\u0107i \u0107ete gomilu dobrih savjeta i podr\u0161ke koja treba svima, a ako ste stru\u010dnjak saznat&#8230;<\/p>\n","protected":false},"featured_media":989429,"template":"","meta":{"_acf_changed":false},"product_cat":[86],"product_tag":[],"class_list":{"0":"post-989167","1":"product","2":"type-product","3":"status-publish","4":"has-post-thumbnail","6":"product_cat-knjige","8":"first","9":"instock","10":"shipping-taxable","11":"product-type-simple"},"acf":[],"yoast_head":"<!-- This site is optimized with the Yoast SEO plugin v22.6 - https:\/\/yoast.com\/wordpress\/plugins\/seo\/ -->\n<title>Njezino veli\u010danstvo, Elena - Panonski festival knjige<\/title>\n<meta name=\"robots\" content=\"index, follow, max-snippet:-1, max-image-preview:large, max-video-preview:-1\" \/>\n<link rel=\"canonical\" href=\"https:\/\/pfk.hr\/2024\/product\/njezino-velicanstvo-elena\/\" \/>\n<meta property=\"og:locale\" content=\"hr_HR\" \/>\n<meta property=\"og:type\" content=\"article\" \/>\n<meta property=\"og:title\" content=\"Njezino veli\u010danstvo, Elena - Panonski festival knjige\" \/>\n<meta property=\"og:description\" content=\"Marina Ma\u0111eri\u0107 Naklada: Foma Knjiga na vrlo realan, ali i humoristi\u010dan na\u010din opisuje jedno divno putovanje, sazrijevanje i razvoj odnosa izme\u0111u majke i djeteta. Iz nje pr\u0161ti toplina i borba koju prolazi svaki roditelj djeteta s te\u0161ko\u0107ama. Ako ste roditelj na\u0107i \u0107ete gomilu dobrih savjeta i podr\u0161ke koja treba svima, a ako ste stru\u010dnjak saznat...\" \/>\n<meta property=\"og:url\" content=\"https:\/\/pfk.hr\/2024\/product\/njezino-velicanstvo-elena\/\" \/>\n<meta property=\"og:site_name\" content=\"Panonski festival knjige\" \/>\n<meta property=\"article:modified_time\" content=\"2024-05-10T09:13:45+00:00\" \/>\n<meta property=\"og:image\" content=\"https:\/\/pfk.hr\/2024\/wp-content\/uploads\/2023\/05\/Velicanstvo-Elena.jpg\" \/>\n\t<meta property=\"og:image:width\" content=\"590\" \/>\n\t<meta property=\"og:image:height\" content=\"829\" \/>\n\t<meta property=\"og:image:type\" content=\"image\/jpeg\" \/>\n<meta name=\"twitter:card\" content=\"summary_large_image\" \/>\n<meta name=\"twitter:label1\" content=\"Procijenjeno vrijeme \u010ditanja\" \/>\n\t<meta name=\"twitter:data1\" content=\"2 minute\" \/>\n<script type=\"application\/ld+json\" class=\"yoast-schema-graph\">{\"@context\":\"https:\/\/schema.org\",\"@graph\":[{\"@type\":\"WebPage\",\"@id\":\"https:\/\/pfk.hr\/2024\/product\/njezino-velicanstvo-elena\/\",\"url\":\"https:\/\/pfk.hr\/2024\/product\/njezino-velicanstvo-elena\/\",\"name\":\"Njezino veli\u010danstvo, Elena - Panonski festival knjige\",\"isPartOf\":{\"@id\":\"https:\/\/pfk.hr\/2024\/#website\"},\"primaryImageOfPage\":{\"@id\":\"https:\/\/pfk.hr\/2024\/product\/njezino-velicanstvo-elena\/#primaryimage\"},\"image\":{\"@id\":\"https:\/\/pfk.hr\/2024\/product\/njezino-velicanstvo-elena\/#primaryimage\"},\"thumbnailUrl\":\"https:\/\/pfk.hr\/2024\/wp-content\/uploads\/2023\/05\/Velicanstvo-Elena.jpg\",\"datePublished\":\"2023-05-22T15:40:53+00:00\",\"dateModified\":\"2024-05-10T09:13:45+00:00\",\"breadcrumb\":{\"@id\":\"https:\/\/pfk.hr\/2024\/product\/njezino-velicanstvo-elena\/#breadcrumb\"},\"inLanguage\":\"hr\",\"potentialAction\":[{\"@type\":\"ReadAction\",\"target\":[\"https:\/\/pfk.hr\/2024\/product\/njezino-velicanstvo-elena\/\"]}]},{\"@type\":\"ImageObject\",\"inLanguage\":\"hr\",\"@id\":\"https:\/\/pfk.hr\/2024\/product\/njezino-velicanstvo-elena\/#primaryimage\",\"url\":\"https:\/\/pfk.hr\/2024\/wp-content\/uploads\/2023\/05\/Velicanstvo-Elena.jpg\",\"contentUrl\":\"https:\/\/pfk.hr\/2024\/wp-content\/uploads\/2023\/05\/Velicanstvo-Elena.jpg\",\"width\":590,\"height\":829},{\"@type\":\"BreadcrumbList\",\"@id\":\"https:\/\/pfk.hr\/2024\/product\/njezino-velicanstvo-elena\/#breadcrumb\",\"itemListElement\":[{\"@type\":\"ListItem\",\"position\":1,\"name\":\"Po\u010detna stranica\",\"item\":\"https:\/\/pfk.hr\/2024\/\"},{\"@type\":\"ListItem\",\"position\":2,\"name\":\"Preporuka naslova\",\"item\":\"https:\/\/pfk.hr\/2024\/preporuka-naslova\/\"},{\"@type\":\"ListItem\",\"position\":3,\"name\":\"Njezino veli\u010danstvo, Elena\"}]},{\"@type\":\"WebSite\",\"@id\":\"https:\/\/pfk.hr\/2024\/#website\",\"url\":\"https:\/\/pfk.hr\/2024\/\",\"name\":\"Panonski festival knjige\",\"description\":\"\u010cITAJ, LEGA, \u010cITAJ!\",\"potentialAction\":[{\"@type\":\"SearchAction\",\"target\":{\"@type\":\"EntryPoint\",\"urlTemplate\":\"https:\/\/pfk.hr\/2024\/?s={search_term_string}\"},\"query-input\":\"required name=search_term_string\"}],\"inLanguage\":\"hr\"}]}<\/script>\n<!-- \/ Yoast SEO plugin. -->","yoast_head_json":{"title":"Njezino veli\u010danstvo, Elena - Panonski festival knjige","robots":{"index":"index","follow":"follow","max-snippet":"max-snippet:-1","max-image-preview":"max-image-preview:large","max-video-preview":"max-video-preview:-1"},"canonical":"https:\/\/pfk.hr\/2024\/product\/njezino-velicanstvo-elena\/","og_locale":"hr_HR","og_type":"article","og_title":"Njezino veli\u010danstvo, Elena - Panonski festival knjige","og_description":"Marina Ma\u0111eri\u0107 Naklada: Foma Knjiga na vrlo realan, ali i humoristi\u010dan na\u010din opisuje jedno divno putovanje, sazrijevanje i razvoj odnosa izme\u0111u majke i djeteta. Iz nje pr\u0161ti toplina i borba koju prolazi svaki roditelj djeteta s te\u0161ko\u0107ama. Ako ste roditelj na\u0107i \u0107ete gomilu dobrih savjeta i podr\u0161ke koja treba svima, a ako ste stru\u010dnjak saznat...","og_url":"https:\/\/pfk.hr\/2024\/product\/njezino-velicanstvo-elena\/","og_site_name":"Panonski festival knjige","article_modified_time":"2024-05-10T09:13:45+00:00","og_image":[{"width":590,"height":829,"url":"https:\/\/pfk.hr\/2024\/wp-content\/uploads\/2023\/05\/Velicanstvo-Elena.jpg","type":"image\/jpeg"}],"twitter_card":"summary_large_image","twitter_misc":{"Procijenjeno vrijeme \u010ditanja":"2 minute"},"schema":{"@context":"https:\/\/schema.org","@graph":[{"@type":"WebPage","@id":"https:\/\/pfk.hr\/2024\/product\/njezino-velicanstvo-elena\/","url":"https:\/\/pfk.hr\/2024\/product\/njezino-velicanstvo-elena\/","name":"Njezino veli\u010danstvo, Elena - Panonski festival knjige","isPartOf":{"@id":"https:\/\/pfk.hr\/2024\/#website"},"primaryImageOfPage":{"@id":"https:\/\/pfk.hr\/2024\/product\/njezino-velicanstvo-elena\/#primaryimage"},"image":{"@id":"https:\/\/pfk.hr\/2024\/product\/njezino-velicanstvo-elena\/#primaryimage"},"thumbnailUrl":"https:\/\/pfk.hr\/2024\/wp-content\/uploads\/2023\/05\/Velicanstvo-Elena.jpg","datePublished":"2023-05-22T15:40:53+00:00","dateModified":"2024-05-10T09:13:45+00:00","breadcrumb":{"@id":"https:\/\/pfk.hr\/2024\/product\/njezino-velicanstvo-elena\/#breadcrumb"},"inLanguage":"hr","potentialAction":[{"@type":"ReadAction","target":["https:\/\/pfk.hr\/2024\/product\/njezino-velicanstvo-elena\/"]}]},{"@type":"ImageObject","inLanguage":"hr","@id":"https:\/\/pfk.hr\/2024\/product\/njezino-velicanstvo-elena\/#primaryimage","url":"https:\/\/pfk.hr\/2024\/wp-content\/uploads\/2023\/05\/Velicanstvo-Elena.jpg","contentUrl":"https:\/\/pfk.hr\/2024\/wp-content\/uploads\/2023\/05\/Velicanstvo-Elena.jpg","width":590,"height":829},{"@type":"BreadcrumbList","@id":"https:\/\/pfk.hr\/2024\/product\/njezino-velicanstvo-elena\/#breadcrumb","itemListElement":[{"@type":"ListItem","position":1,"name":"Po\u010detna stranica","item":"https:\/\/pfk.hr\/2024\/"},{"@type":"ListItem","position":2,"name":"Preporuka naslova","item":"https:\/\/pfk.hr\/2024\/preporuka-naslova\/"},{"@type":"ListItem","position":3,"name":"Njezino veli\u010danstvo, Elena"}]},{"@type":"WebSite","@id":"https:\/\/pfk.hr\/2024\/#website","url":"https:\/\/pfk.hr\/2024\/","name":"Panonski festival knjige","description":"\u010cITAJ, LEGA, \u010cITAJ!","potentialAction":[{"@type":"SearchAction","target":{"@type":"EntryPoint","urlTemplate":"https:\/\/pfk.hr\/2024\/?s={search_term_string}"},"query-input":"required name=search_term_string"}],"inLanguage":"hr"}]}},"_links":{"self":[{"href":"https:\/\/pfk.hr\/2024\/wp-json\/wp\/v2\/product\/989167","targetHints":{"allow":["GET"]}}],"collection":[{"href":"https:\/\/pfk.hr\/2024\/wp-json\/wp\/v2\/product"}],"about":[{"href":"https:\/\/pfk.hr\/2024\/wp-json\/wp\/v2\/types\/product"}],"wp:featuredmedia":[{"embeddable":true,"href":"https:\/\/pfk.hr\/2024\/wp-json\/wp\/v2\/media\/989429"}],"wp:attachment":[{"href":"https:\/\/pfk.hr\/2024\/wp-json\/wp\/v2\/media?parent=989167"}],"wp:term":[{"taxonomy":"product_cat","embeddable":true,"href":"https:\/\/pfk.hr\/2024\/wp-json\/wp\/v2\/product_cat?post=989167"},{"taxonomy":"product_tag","embeddable":true,"href":"https:\/\/pfk.hr\/2024\/wp-json\/wp\/v2\/product_tag?post=989167"}],"curies":[{"name":"wp","href":"https:\/\/api.w.org\/{rel}","templated":true}]}}