{"id":989166,"date":"2023-05-22T17:38:01","date_gmt":"2023-05-22T15:38:01","guid":{"rendered":"https:\/\/pfk.hr\/?post_type=product&#038;p=989166"},"modified":"2024-05-10T11:20:16","modified_gmt":"2024-05-10T09:20:16","slug":"prica-o-tri-kovjeka","status":"publish","type":"product","link":"https:\/\/pfk.hr\/2024\/product\/prica-o-tri-kovjeka\/","title":{"rendered":"PRI\u010cA O TRI KOVJEKA"},"content":{"rendered":"<div>\n<div data-hveid=\"CAsQAA\">\n<div data-md=\"221\" data-hveid=\"CAkQAA\" data-ved=\"2ahUKEwjJ7dyf2-P-AhX5wQIHHf6aC2MQnKEBegQICRAA\">\n<p><strong>Deniza Marasovi\u0107<\/strong><\/p>\n<\/div>\n<\/div>\n<\/div>\n<div class=\"GRl5yb a8pxAe\">\n<div id=\"JTPWx\" class=\"FJIcp\" role=\"tablist\" data-hveid=\"CA0QAA\">Naklada: Foma<\/div>\n<\/div>\n<hr \/>\n<p>Igrokaz Pri\u010da o tri Kovjeka neobi\u010dna je pri\u010da, koju nam je ispri\u010dala prof. logoped Deniza Marasovi\u0107. Njena \u010dudesna ma\u0161ta i \u017eelja da pomogne malim \u010dita\u010dima koji ponekad malo te\u017ee sla\u017eu rije\u010di stvorile su veseli igrokaz neobi\u010dnih pustolovina, likova i rije\u010di. Ma\u0161tovite, vesele ilustracije mlade i darovite slikarice Mirte Boban djecu \u0107e odnijeti u \u010dudesan \u0161areni svijet krumpira i ljudi.<\/p>\n<hr \/>\n<p>REDOVNA CIJENA: 7,30 \u20ac<br \/>\n<strong><span style=\"color: #ff0000;\">PFK SAJAMSKA CIJENA:<\/span> 3,65 \u20ac <\/strong><\/p>\n","protected":false},"excerpt":{"rendered":"<p>Deniza Marasovi\u0107 Naklada: Foma Igrokaz Pri\u010da o tri Kovjeka neobi\u010dna je pri\u010da, koju nam je ispri\u010dala prof. logoped Deniza Marasovi\u0107. Njena \u010dudesna ma\u0161ta i \u017eelja da pomogne malim \u010dita\u010dima koji ponekad malo te\u017ee sla\u017eu rije\u010di stvorile su veseli igrokaz neobi\u010dnih pustolovina, likova i rije\u010di. Ma\u0161tovite, vesele ilustracije mlade i darovite slikarice Mirte Boban djecu \u0107e&#8230;<\/p>\n","protected":false},"featured_media":989431,"template":"","meta":{"_acf_changed":false},"product_cat":[86],"product_tag":[],"class_list":{"0":"post-989166","1":"product","2":"type-product","3":"status-publish","4":"has-post-thumbnail","6":"product_cat-knjige","8":"first","9":"instock","10":"shipping-taxable","11":"product-type-simple"},"acf":[],"yoast_head":"<!-- This site is optimized with the Yoast SEO plugin v22.6 - https:\/\/yoast.com\/wordpress\/plugins\/seo\/ -->\n<title>PRI\u010cA O TRI KOVJEKA - Panonski festival knjige<\/title>\n<meta name=\"robots\" content=\"index, follow, max-snippet:-1, max-image-preview:large, max-video-preview:-1\" \/>\n<link rel=\"canonical\" href=\"https:\/\/pfk.hr\/2024\/product\/prica-o-tri-kovjeka\/\" \/>\n<meta property=\"og:locale\" content=\"hr_HR\" \/>\n<meta property=\"og:type\" content=\"article\" \/>\n<meta property=\"og:title\" content=\"PRI\u010cA O TRI KOVJEKA - Panonski festival knjige\" \/>\n<meta property=\"og:description\" content=\"Deniza Marasovi\u0107 Naklada: Foma Igrokaz Pri\u010da o tri Kovjeka neobi\u010dna je pri\u010da, koju nam je ispri\u010dala prof. logoped Deniza Marasovi\u0107. Njena \u010dudesna ma\u0161ta i \u017eelja da pomogne malim \u010dita\u010dima koji ponekad malo te\u017ee sla\u017eu rije\u010di stvorile su veseli igrokaz neobi\u010dnih pustolovina, likova i rije\u010di. Ma\u0161tovite, vesele ilustracije mlade i darovite slikarice Mirte Boban djecu \u0107e...\" \/>\n<meta property=\"og:url\" content=\"https:\/\/pfk.hr\/2024\/product\/prica-o-tri-kovjeka\/\" \/>\n<meta property=\"og:site_name\" content=\"Panonski festival knjige\" \/>\n<meta property=\"article:modified_time\" content=\"2024-05-10T09:20:16+00:00\" \/>\n<meta property=\"og:image\" content=\"https:\/\/pfk.hr\/2024\/wp-content\/uploads\/2023\/05\/tri-kovjeka.jpg\" \/>\n\t<meta property=\"og:image:width\" content=\"600\" \/>\n\t<meta property=\"og:image:height\" content=\"574\" \/>\n\t<meta property=\"og:image:type\" content=\"image\/jpeg\" \/>\n<meta name=\"twitter:card\" content=\"summary_large_image\" \/>\n<meta name=\"twitter:label1\" content=\"Procijenjeno vrijeme \u010ditanja\" \/>\n\t<meta name=\"twitter:data1\" content=\"1 minuta\" \/>\n<script type=\"application\/ld+json\" class=\"yoast-schema-graph\">{\"@context\":\"https:\/\/schema.org\",\"@graph\":[{\"@type\":\"WebPage\",\"@id\":\"https:\/\/pfk.hr\/2024\/product\/prica-o-tri-kovjeka\/\",\"url\":\"https:\/\/pfk.hr\/2024\/product\/prica-o-tri-kovjeka\/\",\"name\":\"PRI\u010cA O TRI KOVJEKA - Panonski festival knjige\",\"isPartOf\":{\"@id\":\"https:\/\/pfk.hr\/2024\/#website\"},\"primaryImageOfPage\":{\"@id\":\"https:\/\/pfk.hr\/2024\/product\/prica-o-tri-kovjeka\/#primaryimage\"},\"image\":{\"@id\":\"https:\/\/pfk.hr\/2024\/product\/prica-o-tri-kovjeka\/#primaryimage\"},\"thumbnailUrl\":\"https:\/\/pfk.hr\/2024\/wp-content\/uploads\/2023\/05\/tri-kovjeka.jpg\",\"datePublished\":\"2023-05-22T15:38:01+00:00\",\"dateModified\":\"2024-05-10T09:20:16+00:00\",\"breadcrumb\":{\"@id\":\"https:\/\/pfk.hr\/2024\/product\/prica-o-tri-kovjeka\/#breadcrumb\"},\"inLanguage\":\"hr\",\"potentialAction\":[{\"@type\":\"ReadAction\",\"target\":[\"https:\/\/pfk.hr\/2024\/product\/prica-o-tri-kovjeka\/\"]}]},{\"@type\":\"ImageObject\",\"inLanguage\":\"hr\",\"@id\":\"https:\/\/pfk.hr\/2024\/product\/prica-o-tri-kovjeka\/#primaryimage\",\"url\":\"https:\/\/pfk.hr\/2024\/wp-content\/uploads\/2023\/05\/tri-kovjeka.jpg\",\"contentUrl\":\"https:\/\/pfk.hr\/2024\/wp-content\/uploads\/2023\/05\/tri-kovjeka.jpg\",\"width\":600,\"height\":574},{\"@type\":\"BreadcrumbList\",\"@id\":\"https:\/\/pfk.hr\/2024\/product\/prica-o-tri-kovjeka\/#breadcrumb\",\"itemListElement\":[{\"@type\":\"ListItem\",\"position\":1,\"name\":\"Po\u010detna stranica\",\"item\":\"https:\/\/pfk.hr\/2024\/\"},{\"@type\":\"ListItem\",\"position\":2,\"name\":\"Preporuka naslova\",\"item\":\"https:\/\/pfk.hr\/2024\/preporuka-naslova\/\"},{\"@type\":\"ListItem\",\"position\":3,\"name\":\"PRI\u010cA O TRI KOVJEKA\"}]},{\"@type\":\"WebSite\",\"@id\":\"https:\/\/pfk.hr\/2024\/#website\",\"url\":\"https:\/\/pfk.hr\/2024\/\",\"name\":\"Panonski festival knjige\",\"description\":\"\u010cITAJ, LEGA, \u010cITAJ!\",\"potentialAction\":[{\"@type\":\"SearchAction\",\"target\":{\"@type\":\"EntryPoint\",\"urlTemplate\":\"https:\/\/pfk.hr\/2024\/?s={search_term_string}\"},\"query-input\":\"required name=search_term_string\"}],\"inLanguage\":\"hr\"}]}<\/script>\n<!-- \/ Yoast SEO plugin. -->","yoast_head_json":{"title":"PRI\u010cA O TRI KOVJEKA - Panonski festival knjige","robots":{"index":"index","follow":"follow","max-snippet":"max-snippet:-1","max-image-preview":"max-image-preview:large","max-video-preview":"max-video-preview:-1"},"canonical":"https:\/\/pfk.hr\/2024\/product\/prica-o-tri-kovjeka\/","og_locale":"hr_HR","og_type":"article","og_title":"PRI\u010cA O TRI KOVJEKA - Panonski festival knjige","og_description":"Deniza Marasovi\u0107 Naklada: Foma Igrokaz Pri\u010da o tri Kovjeka neobi\u010dna je pri\u010da, koju nam je ispri\u010dala prof. logoped Deniza Marasovi\u0107. Njena \u010dudesna ma\u0161ta i \u017eelja da pomogne malim \u010dita\u010dima koji ponekad malo te\u017ee sla\u017eu rije\u010di stvorile su veseli igrokaz neobi\u010dnih pustolovina, likova i rije\u010di. Ma\u0161tovite, vesele ilustracije mlade i darovite slikarice Mirte Boban djecu \u0107e...","og_url":"https:\/\/pfk.hr\/2024\/product\/prica-o-tri-kovjeka\/","og_site_name":"Panonski festival knjige","article_modified_time":"2024-05-10T09:20:16+00:00","og_image":[{"width":600,"height":574,"url":"https:\/\/pfk.hr\/2024\/wp-content\/uploads\/2023\/05\/tri-kovjeka.jpg","type":"image\/jpeg"}],"twitter_card":"summary_large_image","twitter_misc":{"Procijenjeno vrijeme \u010ditanja":"1 minuta"},"schema":{"@context":"https:\/\/schema.org","@graph":[{"@type":"WebPage","@id":"https:\/\/pfk.hr\/2024\/product\/prica-o-tri-kovjeka\/","url":"https:\/\/pfk.hr\/2024\/product\/prica-o-tri-kovjeka\/","name":"PRI\u010cA O TRI KOVJEKA - Panonski festival knjige","isPartOf":{"@id":"https:\/\/pfk.hr\/2024\/#website"},"primaryImageOfPage":{"@id":"https:\/\/pfk.hr\/2024\/product\/prica-o-tri-kovjeka\/#primaryimage"},"image":{"@id":"https:\/\/pfk.hr\/2024\/product\/prica-o-tri-kovjeka\/#primaryimage"},"thumbnailUrl":"https:\/\/pfk.hr\/2024\/wp-content\/uploads\/2023\/05\/tri-kovjeka.jpg","datePublished":"2023-05-22T15:38:01+00:00","dateModified":"2024-05-10T09:20:16+00:00","breadcrumb":{"@id":"https:\/\/pfk.hr\/2024\/product\/prica-o-tri-kovjeka\/#breadcrumb"},"inLanguage":"hr","potentialAction":[{"@type":"ReadAction","target":["https:\/\/pfk.hr\/2024\/product\/prica-o-tri-kovjeka\/"]}]},{"@type":"ImageObject","inLanguage":"hr","@id":"https:\/\/pfk.hr\/2024\/product\/prica-o-tri-kovjeka\/#primaryimage","url":"https:\/\/pfk.hr\/2024\/wp-content\/uploads\/2023\/05\/tri-kovjeka.jpg","contentUrl":"https:\/\/pfk.hr\/2024\/wp-content\/uploads\/2023\/05\/tri-kovjeka.jpg","width":600,"height":574},{"@type":"BreadcrumbList","@id":"https:\/\/pfk.hr\/2024\/product\/prica-o-tri-kovjeka\/#breadcrumb","itemListElement":[{"@type":"ListItem","position":1,"name":"Po\u010detna stranica","item":"https:\/\/pfk.hr\/2024\/"},{"@type":"ListItem","position":2,"name":"Preporuka naslova","item":"https:\/\/pfk.hr\/2024\/preporuka-naslova\/"},{"@type":"ListItem","position":3,"name":"PRI\u010cA O TRI KOVJEKA"}]},{"@type":"WebSite","@id":"https:\/\/pfk.hr\/2024\/#website","url":"https:\/\/pfk.hr\/2024\/","name":"Panonski festival knjige","description":"\u010cITAJ, LEGA, \u010cITAJ!","potentialAction":[{"@type":"SearchAction","target":{"@type":"EntryPoint","urlTemplate":"https:\/\/pfk.hr\/2024\/?s={search_term_string}"},"query-input":"required name=search_term_string"}],"inLanguage":"hr"}]}},"_links":{"self":[{"href":"https:\/\/pfk.hr\/2024\/wp-json\/wp\/v2\/product\/989166","targetHints":{"allow":["GET"]}}],"collection":[{"href":"https:\/\/pfk.hr\/2024\/wp-json\/wp\/v2\/product"}],"about":[{"href":"https:\/\/pfk.hr\/2024\/wp-json\/wp\/v2\/types\/product"}],"wp:featuredmedia":[{"embeddable":true,"href":"https:\/\/pfk.hr\/2024\/wp-json\/wp\/v2\/media\/989431"}],"wp:attachment":[{"href":"https:\/\/pfk.hr\/2024\/wp-json\/wp\/v2\/media?parent=989166"}],"wp:term":[{"taxonomy":"product_cat","embeddable":true,"href":"https:\/\/pfk.hr\/2024\/wp-json\/wp\/v2\/product_cat?post=989166"},{"taxonomy":"product_tag","embeddable":true,"href":"https:\/\/pfk.hr\/2024\/wp-json\/wp\/v2\/product_tag?post=989166"}],"curies":[{"name":"wp","href":"https:\/\/api.w.org\/{rel}","templated":true}]}}