{"id":989161,"date":"2023-05-22T17:24:31","date_gmt":"2023-05-22T15:24:31","guid":{"rendered":"https:\/\/pfk.hr\/?post_type=product&#038;p=989161"},"modified":"2024-05-10T11:41:28","modified_gmt":"2024-05-10T09:41:28","slug":"50-vatrenih-hrvatskih-nogometasa","status":"publish","type":"product","link":"https:\/\/pfk.hr\/2024\/product\/50-vatrenih-hrvatskih-nogometasa\/","title":{"rendered":"50 VATRENIH HRVATSKIH NOGOMETA\u0160A"},"content":{"rendered":"<p><strong>Miro Bo\u017ei\u0107<\/strong><\/p>\n<p>Naklada: Uliks<\/p>\n<hr \/>\n<p>Pripremite se za fascinantno putovanje kroz legendarne trenutke hrvatskog nogometa! U ovoj uzbudljivoj knjizi otkrivamo karijere i \u017eivotne pri\u010de 50 hrvatskih nogometa\u0161a koji su obilje\u017eili proteklih 34 godine hrvatske reprezentacije, svima poznate kao Vatreni. Od prve modernu me\u0111unarodne utakmice odigrane protiv SAD-a 17. listopada 1990. godine na stadionu u Maksimiru do danas Vatreni su postali jedna od najuspje\u0161nijih svjetskih reprezentacija u nogometu. Njihov ulazak na Euro 1996. ozna\u010dio je po\u010detak velikih nastupa na me\u0111unarodnoj sceni, a zavr\u0161nica u Engleskoj bila je samo po\u010detak mnogih veli\u010danstvenih pri\u010da koje \u0107e slijediti.<\/p>\n<p>Vatreni su se probili na svjetsku scenu, ostvariv\u0161i svoj prvi nastup na Svjetskim prvenstvima 1998. u Francuskoj, gdje su zauzeli nevjerojatno tre\u0107e mjesto, a Davor \u0160uker je postao najbolji strijelac turnira. Najve\u0107i uspjesi do danas uklju\u010duju drugo mjesto osvojeno u Rusiji 2018., te dva tre\u0107a mjesta: u Francuskoj 1998. i u Kataru 2022. godine.<\/p>\n<p><strong>Cijena <\/strong>(\u20ac): 29,90<\/p>\n<p><strong>PFK Cijena <\/strong>(\u20ac): <strong>24,90<\/strong><\/p>\n","protected":false},"excerpt":{"rendered":"<p>Miro Bo\u017ei\u0107 Naklada: Uliks Pripremite se za fascinantno putovanje kroz legendarne trenutke hrvatskog nogometa! U ovoj uzbudljivoj knjizi otkrivamo karijere i \u017eivotne pri\u010de 50 hrvatskih nogometa\u0161a koji su obilje\u017eili proteklih 34 godine hrvatske reprezentacije, svima poznate kao Vatreni. Od prve modernu me\u0111unarodne utakmice odigrane protiv SAD-a 17. listopada 1990. godine na stadionu u Maksimiru do&#8230;<\/p>\n","protected":false},"featured_media":989439,"template":"","meta":{"_acf_changed":false},"product_cat":[86],"product_tag":[],"class_list":{"0":"post-989161","1":"product","2":"type-product","3":"status-publish","4":"has-post-thumbnail","6":"product_cat-knjige","8":"first","9":"instock","10":"shipping-taxable","11":"product-type-simple"},"acf":[],"yoast_head":"<!-- This site is optimized with the Yoast SEO plugin v22.6 - https:\/\/yoast.com\/wordpress\/plugins\/seo\/ -->\n<title>50 VATRENIH HRVATSKIH NOGOMETA\u0160A - Panonski festival knjige<\/title>\n<meta name=\"robots\" content=\"index, follow, max-snippet:-1, max-image-preview:large, max-video-preview:-1\" \/>\n<link rel=\"canonical\" href=\"https:\/\/pfk.hr\/2024\/product\/50-vatrenih-hrvatskih-nogometasa\/\" \/>\n<meta property=\"og:locale\" content=\"hr_HR\" \/>\n<meta property=\"og:type\" content=\"article\" \/>\n<meta property=\"og:title\" content=\"50 VATRENIH HRVATSKIH NOGOMETA\u0160A - Panonski festival knjige\" \/>\n<meta property=\"og:description\" content=\"Miro Bo\u017ei\u0107 Naklada: Uliks Pripremite se za fascinantno putovanje kroz legendarne trenutke hrvatskog nogometa! U ovoj uzbudljivoj knjizi otkrivamo karijere i \u017eivotne pri\u010de 50 hrvatskih nogometa\u0161a koji su obilje\u017eili proteklih 34 godine hrvatske reprezentacije, svima poznate kao Vatreni. Od prve modernu me\u0111unarodne utakmice odigrane protiv SAD-a 17. listopada 1990. godine na stadionu u Maksimiru do...\" \/>\n<meta property=\"og:url\" content=\"https:\/\/pfk.hr\/2024\/product\/50-vatrenih-hrvatskih-nogometasa\/\" \/>\n<meta property=\"og:site_name\" content=\"Panonski festival knjige\" \/>\n<meta property=\"article:modified_time\" content=\"2024-05-10T09:41:28+00:00\" \/>\n<meta property=\"og:image\" content=\"https:\/\/pfk.hr\/2024\/wp-content\/uploads\/2023\/05\/nogometasi.jpg\" \/>\n\t<meta property=\"og:image:width\" content=\"628\" \/>\n\t<meta property=\"og:image:height\" content=\"786\" \/>\n\t<meta property=\"og:image:type\" content=\"image\/jpeg\" \/>\n<meta name=\"twitter:card\" content=\"summary_large_image\" \/>\n<meta name=\"twitter:label1\" content=\"Procijenjeno vrijeme \u010ditanja\" \/>\n\t<meta name=\"twitter:data1\" content=\"2 minute\" \/>\n<script type=\"application\/ld+json\" class=\"yoast-schema-graph\">{\"@context\":\"https:\/\/schema.org\",\"@graph\":[{\"@type\":\"WebPage\",\"@id\":\"https:\/\/pfk.hr\/2024\/product\/50-vatrenih-hrvatskih-nogometasa\/\",\"url\":\"https:\/\/pfk.hr\/2024\/product\/50-vatrenih-hrvatskih-nogometasa\/\",\"name\":\"50 VATRENIH HRVATSKIH NOGOMETA\u0160A - Panonski festival knjige\",\"isPartOf\":{\"@id\":\"https:\/\/pfk.hr\/2024\/#website\"},\"primaryImageOfPage\":{\"@id\":\"https:\/\/pfk.hr\/2024\/product\/50-vatrenih-hrvatskih-nogometasa\/#primaryimage\"},\"image\":{\"@id\":\"https:\/\/pfk.hr\/2024\/product\/50-vatrenih-hrvatskih-nogometasa\/#primaryimage\"},\"thumbnailUrl\":\"https:\/\/pfk.hr\/2024\/wp-content\/uploads\/2023\/05\/nogometasi.jpg\",\"datePublished\":\"2023-05-22T15:24:31+00:00\",\"dateModified\":\"2024-05-10T09:41:28+00:00\",\"breadcrumb\":{\"@id\":\"https:\/\/pfk.hr\/2024\/product\/50-vatrenih-hrvatskih-nogometasa\/#breadcrumb\"},\"inLanguage\":\"hr\",\"potentialAction\":[{\"@type\":\"ReadAction\",\"target\":[\"https:\/\/pfk.hr\/2024\/product\/50-vatrenih-hrvatskih-nogometasa\/\"]}]},{\"@type\":\"ImageObject\",\"inLanguage\":\"hr\",\"@id\":\"https:\/\/pfk.hr\/2024\/product\/50-vatrenih-hrvatskih-nogometasa\/#primaryimage\",\"url\":\"https:\/\/pfk.hr\/2024\/wp-content\/uploads\/2023\/05\/nogometasi.jpg\",\"contentUrl\":\"https:\/\/pfk.hr\/2024\/wp-content\/uploads\/2023\/05\/nogometasi.jpg\",\"width\":628,\"height\":786},{\"@type\":\"BreadcrumbList\",\"@id\":\"https:\/\/pfk.hr\/2024\/product\/50-vatrenih-hrvatskih-nogometasa\/#breadcrumb\",\"itemListElement\":[{\"@type\":\"ListItem\",\"position\":1,\"name\":\"Po\u010detna stranica\",\"item\":\"https:\/\/pfk.hr\/2024\/\"},{\"@type\":\"ListItem\",\"position\":2,\"name\":\"Preporuka naslova\",\"item\":\"https:\/\/pfk.hr\/2024\/preporuka-naslova\/\"},{\"@type\":\"ListItem\",\"position\":3,\"name\":\"50 VATRENIH HRVATSKIH NOGOMETA\u0160A\"}]},{\"@type\":\"WebSite\",\"@id\":\"https:\/\/pfk.hr\/2024\/#website\",\"url\":\"https:\/\/pfk.hr\/2024\/\",\"name\":\"Panonski festival knjige\",\"description\":\"\u010cITAJ, LEGA, \u010cITAJ!\",\"potentialAction\":[{\"@type\":\"SearchAction\",\"target\":{\"@type\":\"EntryPoint\",\"urlTemplate\":\"https:\/\/pfk.hr\/2024\/?s={search_term_string}\"},\"query-input\":\"required name=search_term_string\"}],\"inLanguage\":\"hr\"}]}<\/script>\n<!-- \/ Yoast SEO plugin. -->","yoast_head_json":{"title":"50 VATRENIH HRVATSKIH NOGOMETA\u0160A - Panonski festival knjige","robots":{"index":"index","follow":"follow","max-snippet":"max-snippet:-1","max-image-preview":"max-image-preview:large","max-video-preview":"max-video-preview:-1"},"canonical":"https:\/\/pfk.hr\/2024\/product\/50-vatrenih-hrvatskih-nogometasa\/","og_locale":"hr_HR","og_type":"article","og_title":"50 VATRENIH HRVATSKIH NOGOMETA\u0160A - Panonski festival knjige","og_description":"Miro Bo\u017ei\u0107 Naklada: Uliks Pripremite se za fascinantno putovanje kroz legendarne trenutke hrvatskog nogometa! U ovoj uzbudljivoj knjizi otkrivamo karijere i \u017eivotne pri\u010de 50 hrvatskih nogometa\u0161a koji su obilje\u017eili proteklih 34 godine hrvatske reprezentacije, svima poznate kao Vatreni. Od prve modernu me\u0111unarodne utakmice odigrane protiv SAD-a 17. listopada 1990. godine na stadionu u Maksimiru do...","og_url":"https:\/\/pfk.hr\/2024\/product\/50-vatrenih-hrvatskih-nogometasa\/","og_site_name":"Panonski festival knjige","article_modified_time":"2024-05-10T09:41:28+00:00","og_image":[{"width":628,"height":786,"url":"https:\/\/pfk.hr\/2024\/wp-content\/uploads\/2023\/05\/nogometasi.jpg","type":"image\/jpeg"}],"twitter_card":"summary_large_image","twitter_misc":{"Procijenjeno vrijeme \u010ditanja":"2 minute"},"schema":{"@context":"https:\/\/schema.org","@graph":[{"@type":"WebPage","@id":"https:\/\/pfk.hr\/2024\/product\/50-vatrenih-hrvatskih-nogometasa\/","url":"https:\/\/pfk.hr\/2024\/product\/50-vatrenih-hrvatskih-nogometasa\/","name":"50 VATRENIH HRVATSKIH NOGOMETA\u0160A - Panonski festival knjige","isPartOf":{"@id":"https:\/\/pfk.hr\/2024\/#website"},"primaryImageOfPage":{"@id":"https:\/\/pfk.hr\/2024\/product\/50-vatrenih-hrvatskih-nogometasa\/#primaryimage"},"image":{"@id":"https:\/\/pfk.hr\/2024\/product\/50-vatrenih-hrvatskih-nogometasa\/#primaryimage"},"thumbnailUrl":"https:\/\/pfk.hr\/2024\/wp-content\/uploads\/2023\/05\/nogometasi.jpg","datePublished":"2023-05-22T15:24:31+00:00","dateModified":"2024-05-10T09:41:28+00:00","breadcrumb":{"@id":"https:\/\/pfk.hr\/2024\/product\/50-vatrenih-hrvatskih-nogometasa\/#breadcrumb"},"inLanguage":"hr","potentialAction":[{"@type":"ReadAction","target":["https:\/\/pfk.hr\/2024\/product\/50-vatrenih-hrvatskih-nogometasa\/"]}]},{"@type":"ImageObject","inLanguage":"hr","@id":"https:\/\/pfk.hr\/2024\/product\/50-vatrenih-hrvatskih-nogometasa\/#primaryimage","url":"https:\/\/pfk.hr\/2024\/wp-content\/uploads\/2023\/05\/nogometasi.jpg","contentUrl":"https:\/\/pfk.hr\/2024\/wp-content\/uploads\/2023\/05\/nogometasi.jpg","width":628,"height":786},{"@type":"BreadcrumbList","@id":"https:\/\/pfk.hr\/2024\/product\/50-vatrenih-hrvatskih-nogometasa\/#breadcrumb","itemListElement":[{"@type":"ListItem","position":1,"name":"Po\u010detna stranica","item":"https:\/\/pfk.hr\/2024\/"},{"@type":"ListItem","position":2,"name":"Preporuka naslova","item":"https:\/\/pfk.hr\/2024\/preporuka-naslova\/"},{"@type":"ListItem","position":3,"name":"50 VATRENIH HRVATSKIH NOGOMETA\u0160A"}]},{"@type":"WebSite","@id":"https:\/\/pfk.hr\/2024\/#website","url":"https:\/\/pfk.hr\/2024\/","name":"Panonski festival knjige","description":"\u010cITAJ, LEGA, \u010cITAJ!","potentialAction":[{"@type":"SearchAction","target":{"@type":"EntryPoint","urlTemplate":"https:\/\/pfk.hr\/2024\/?s={search_term_string}"},"query-input":"required name=search_term_string"}],"inLanguage":"hr"}]}},"_links":{"self":[{"href":"https:\/\/pfk.hr\/2024\/wp-json\/wp\/v2\/product\/989161","targetHints":{"allow":["GET"]}}],"collection":[{"href":"https:\/\/pfk.hr\/2024\/wp-json\/wp\/v2\/product"}],"about":[{"href":"https:\/\/pfk.hr\/2024\/wp-json\/wp\/v2\/types\/product"}],"wp:featuredmedia":[{"embeddable":true,"href":"https:\/\/pfk.hr\/2024\/wp-json\/wp\/v2\/media\/989439"}],"wp:attachment":[{"href":"https:\/\/pfk.hr\/2024\/wp-json\/wp\/v2\/media?parent=989161"}],"wp:term":[{"taxonomy":"product_cat","embeddable":true,"href":"https:\/\/pfk.hr\/2024\/wp-json\/wp\/v2\/product_cat?post=989161"},{"taxonomy":"product_tag","embeddable":true,"href":"https:\/\/pfk.hr\/2024\/wp-json\/wp\/v2\/product_tag?post=989161"}],"curies":[{"name":"wp","href":"https:\/\/api.w.org\/{rel}","templated":true}]}}