{"id":989097,"date":"2023-05-18T13:30:43","date_gmt":"2023-05-18T11:30:43","guid":{"rendered":"https:\/\/pfk.hr\/?post_type=product&#038;p=989097"},"modified":"2024-05-10T16:43:48","modified_gmt":"2024-05-10T14:43:48","slug":"familia-grande","status":"publish","type":"product","link":"https:\/\/pfk.hr\/2024\/product\/familia-grande\/","title":{"rendered":"Familia grande"},"content":{"rendered":"<p><strong>Camille Kouchner<\/strong><\/p>\n<div class=\"GRl5yb a8pxAe\">\n<div id=\"JTPWx\" class=\"FJIcp\" role=\"tablist\" data-hveid=\"CA0QAA\">Naklada: Disput<\/div>\n<\/div>\n<hr \/>\n<p>Roman\u00a0<em>Familia grande<\/em>\u00a0\u0161okantna je memoarska knjiga koja tematizira slu\u010daj incesta u autori\u010dinoj slavnoj obitelji. Kao oli\u010denje pari\u0161ke intelektualne elite, ta je obitelj oduvijek bila medijski eksponirana: otac autorice je ministar Bernard Kouchner, suosniva\u010d Lije\u010dnika bez granica, majka joj je sveu\u010dili\u0161na profesorica \u00c9velyne Pisier, tetka poznata glumica Marie-France Pisier, a o\u010duh ugledni politi\u010dki analiti\u010dar Olivier Duhamel. Upravo njega autorica razotkriva kao pedofila koji je spolno zlostavljao njenog brata blizanca, svog posinka. Autori\u010dino djetinjstvo bilo je obilje\u017eeno suncem okupanim ljetima na jugu Francuske, gdje se obitelj okupljala s prijateljima u svojoj velebnoj ku\u0107i.<\/p>\n<p>Objavljena u Francuskoj 2021, knjiga je na dru\u0161tvenim mre\u017eama potaknula lavinu svjedo\u010danstava ljudi sli\u010dnog osobnog iskustva i izazvala burne reakcije javnosti. Nakon samo tjedan dana naklada knjige dosegnula je 225 000 primjeraka.<\/p>\n<ul>\n<li>Redovna cijena: 17,00 \u20ac<\/li>\n<li>PFK cijena: 14,00 \u20ac<\/li>\n<\/ul>\n","protected":false},"excerpt":{"rendered":"<p>Camille Kouchner Naklada: Disput Roman\u00a0Familia grande\u00a0\u0161okantna je memoarska knjiga koja tematizira slu\u010daj incesta u autori\u010dinoj slavnoj obitelji. Kao oli\u010denje pari\u0161ke intelektualne elite, ta je obitelj oduvijek bila medijski eksponirana: otac autorice je ministar Bernard Kouchner, suosniva\u010d Lije\u010dnika bez granica, majka joj je sveu\u010dili\u0161na profesorica \u00c9velyne Pisier, tetka poznata glumica Marie-France Pisier, a o\u010duh ugledni politi\u010dki&#8230;<\/p>\n","protected":false},"featured_media":989445,"template":"","meta":{"_acf_changed":false},"product_cat":[86],"product_tag":[],"class_list":{"0":"post-989097","1":"product","2":"type-product","3":"status-publish","4":"has-post-thumbnail","6":"product_cat-knjige","8":"first","9":"instock","10":"shipping-taxable","11":"product-type-simple"},"acf":[],"yoast_head":"<!-- This site is optimized with the Yoast SEO plugin v22.6 - https:\/\/yoast.com\/wordpress\/plugins\/seo\/ -->\n<title>Familia grande - Panonski festival knjige<\/title>\n<meta name=\"robots\" content=\"index, follow, max-snippet:-1, max-image-preview:large, max-video-preview:-1\" \/>\n<link rel=\"canonical\" href=\"https:\/\/pfk.hr\/2024\/product\/familia-grande\/\" \/>\n<meta property=\"og:locale\" content=\"hr_HR\" \/>\n<meta property=\"og:type\" content=\"article\" \/>\n<meta property=\"og:title\" content=\"Familia grande - Panonski festival knjige\" \/>\n<meta property=\"og:description\" content=\"Camille Kouchner Naklada: Disput Roman\u00a0Familia grande\u00a0\u0161okantna je memoarska knjiga koja tematizira slu\u010daj incesta u autori\u010dinoj slavnoj obitelji. Kao oli\u010denje pari\u0161ke intelektualne elite, ta je obitelj oduvijek bila medijski eksponirana: otac autorice je ministar Bernard Kouchner, suosniva\u010d Lije\u010dnika bez granica, majka joj je sveu\u010dili\u0161na profesorica \u00c9velyne Pisier, tetka poznata glumica Marie-France Pisier, a o\u010duh ugledni politi\u010dki...\" \/>\n<meta property=\"og:url\" content=\"https:\/\/pfk.hr\/2024\/product\/familia-grande\/\" \/>\n<meta property=\"og:site_name\" content=\"Panonski festival knjige\" \/>\n<meta property=\"article:modified_time\" content=\"2024-05-10T14:43:48+00:00\" \/>\n<meta property=\"og:image\" content=\"https:\/\/pfk.hr\/2024\/wp-content\/uploads\/2023\/05\/Familia-grande_naslovnica-scaled.jpg\" \/>\n\t<meta property=\"og:image:width\" content=\"1615\" \/>\n\t<meta property=\"og:image:height\" content=\"2560\" \/>\n\t<meta property=\"og:image:type\" content=\"image\/jpeg\" \/>\n<meta name=\"twitter:card\" content=\"summary_large_image\" \/>\n<meta name=\"twitter:label1\" content=\"Procijenjeno vrijeme \u010ditanja\" \/>\n\t<meta name=\"twitter:data1\" content=\"1 minuta\" \/>\n<script type=\"application\/ld+json\" class=\"yoast-schema-graph\">{\"@context\":\"https:\/\/schema.org\",\"@graph\":[{\"@type\":\"WebPage\",\"@id\":\"https:\/\/pfk.hr\/2024\/product\/familia-grande\/\",\"url\":\"https:\/\/pfk.hr\/2024\/product\/familia-grande\/\",\"name\":\"Familia grande - Panonski festival knjige\",\"isPartOf\":{\"@id\":\"https:\/\/pfk.hr\/2024\/#website\"},\"primaryImageOfPage\":{\"@id\":\"https:\/\/pfk.hr\/2024\/product\/familia-grande\/#primaryimage\"},\"image\":{\"@id\":\"https:\/\/pfk.hr\/2024\/product\/familia-grande\/#primaryimage\"},\"thumbnailUrl\":\"https:\/\/pfk.hr\/2024\/wp-content\/uploads\/2023\/05\/Familia-grande_naslovnica-scaled.jpg\",\"datePublished\":\"2023-05-18T11:30:43+00:00\",\"dateModified\":\"2024-05-10T14:43:48+00:00\",\"breadcrumb\":{\"@id\":\"https:\/\/pfk.hr\/2024\/product\/familia-grande\/#breadcrumb\"},\"inLanguage\":\"hr\",\"potentialAction\":[{\"@type\":\"ReadAction\",\"target\":[\"https:\/\/pfk.hr\/2024\/product\/familia-grande\/\"]}]},{\"@type\":\"ImageObject\",\"inLanguage\":\"hr\",\"@id\":\"https:\/\/pfk.hr\/2024\/product\/familia-grande\/#primaryimage\",\"url\":\"https:\/\/pfk.hr\/2024\/wp-content\/uploads\/2023\/05\/Familia-grande_naslovnica-scaled.jpg\",\"contentUrl\":\"https:\/\/pfk.hr\/2024\/wp-content\/uploads\/2023\/05\/Familia-grande_naslovnica-scaled.jpg\",\"width\":1615,\"height\":2560},{\"@type\":\"BreadcrumbList\",\"@id\":\"https:\/\/pfk.hr\/2024\/product\/familia-grande\/#breadcrumb\",\"itemListElement\":[{\"@type\":\"ListItem\",\"position\":1,\"name\":\"Po\u010detna stranica\",\"item\":\"https:\/\/pfk.hr\/2024\/\"},{\"@type\":\"ListItem\",\"position\":2,\"name\":\"Preporuka naslova\",\"item\":\"https:\/\/pfk.hr\/2024\/preporuka-naslova\/\"},{\"@type\":\"ListItem\",\"position\":3,\"name\":\"Familia grande\"}]},{\"@type\":\"WebSite\",\"@id\":\"https:\/\/pfk.hr\/2024\/#website\",\"url\":\"https:\/\/pfk.hr\/2024\/\",\"name\":\"Panonski festival knjige\",\"description\":\"\u010cITAJ, LEGA, \u010cITAJ!\",\"potentialAction\":[{\"@type\":\"SearchAction\",\"target\":{\"@type\":\"EntryPoint\",\"urlTemplate\":\"https:\/\/pfk.hr\/2024\/?s={search_term_string}\"},\"query-input\":\"required name=search_term_string\"}],\"inLanguage\":\"hr\"}]}<\/script>\n<!-- \/ Yoast SEO plugin. -->","yoast_head_json":{"title":"Familia grande - Panonski festival knjige","robots":{"index":"index","follow":"follow","max-snippet":"max-snippet:-1","max-image-preview":"max-image-preview:large","max-video-preview":"max-video-preview:-1"},"canonical":"https:\/\/pfk.hr\/2024\/product\/familia-grande\/","og_locale":"hr_HR","og_type":"article","og_title":"Familia grande - Panonski festival knjige","og_description":"Camille Kouchner Naklada: Disput Roman\u00a0Familia grande\u00a0\u0161okantna je memoarska knjiga koja tematizira slu\u010daj incesta u autori\u010dinoj slavnoj obitelji. Kao oli\u010denje pari\u0161ke intelektualne elite, ta je obitelj oduvijek bila medijski eksponirana: otac autorice je ministar Bernard Kouchner, suosniva\u010d Lije\u010dnika bez granica, majka joj je sveu\u010dili\u0161na profesorica \u00c9velyne Pisier, tetka poznata glumica Marie-France Pisier, a o\u010duh ugledni politi\u010dki...","og_url":"https:\/\/pfk.hr\/2024\/product\/familia-grande\/","og_site_name":"Panonski festival knjige","article_modified_time":"2024-05-10T14:43:48+00:00","og_image":[{"width":1615,"height":2560,"url":"https:\/\/pfk.hr\/2024\/wp-content\/uploads\/2023\/05\/Familia-grande_naslovnica-scaled.jpg","type":"image\/jpeg"}],"twitter_card":"summary_large_image","twitter_misc":{"Procijenjeno vrijeme \u010ditanja":"1 minuta"},"schema":{"@context":"https:\/\/schema.org","@graph":[{"@type":"WebPage","@id":"https:\/\/pfk.hr\/2024\/product\/familia-grande\/","url":"https:\/\/pfk.hr\/2024\/product\/familia-grande\/","name":"Familia grande - Panonski festival knjige","isPartOf":{"@id":"https:\/\/pfk.hr\/2024\/#website"},"primaryImageOfPage":{"@id":"https:\/\/pfk.hr\/2024\/product\/familia-grande\/#primaryimage"},"image":{"@id":"https:\/\/pfk.hr\/2024\/product\/familia-grande\/#primaryimage"},"thumbnailUrl":"https:\/\/pfk.hr\/2024\/wp-content\/uploads\/2023\/05\/Familia-grande_naslovnica-scaled.jpg","datePublished":"2023-05-18T11:30:43+00:00","dateModified":"2024-05-10T14:43:48+00:00","breadcrumb":{"@id":"https:\/\/pfk.hr\/2024\/product\/familia-grande\/#breadcrumb"},"inLanguage":"hr","potentialAction":[{"@type":"ReadAction","target":["https:\/\/pfk.hr\/2024\/product\/familia-grande\/"]}]},{"@type":"ImageObject","inLanguage":"hr","@id":"https:\/\/pfk.hr\/2024\/product\/familia-grande\/#primaryimage","url":"https:\/\/pfk.hr\/2024\/wp-content\/uploads\/2023\/05\/Familia-grande_naslovnica-scaled.jpg","contentUrl":"https:\/\/pfk.hr\/2024\/wp-content\/uploads\/2023\/05\/Familia-grande_naslovnica-scaled.jpg","width":1615,"height":2560},{"@type":"BreadcrumbList","@id":"https:\/\/pfk.hr\/2024\/product\/familia-grande\/#breadcrumb","itemListElement":[{"@type":"ListItem","position":1,"name":"Po\u010detna stranica","item":"https:\/\/pfk.hr\/2024\/"},{"@type":"ListItem","position":2,"name":"Preporuka naslova","item":"https:\/\/pfk.hr\/2024\/preporuka-naslova\/"},{"@type":"ListItem","position":3,"name":"Familia grande"}]},{"@type":"WebSite","@id":"https:\/\/pfk.hr\/2024\/#website","url":"https:\/\/pfk.hr\/2024\/","name":"Panonski festival knjige","description":"\u010cITAJ, LEGA, \u010cITAJ!","potentialAction":[{"@type":"SearchAction","target":{"@type":"EntryPoint","urlTemplate":"https:\/\/pfk.hr\/2024\/?s={search_term_string}"},"query-input":"required name=search_term_string"}],"inLanguage":"hr"}]}},"_links":{"self":[{"href":"https:\/\/pfk.hr\/2024\/wp-json\/wp\/v2\/product\/989097","targetHints":{"allow":["GET"]}}],"collection":[{"href":"https:\/\/pfk.hr\/2024\/wp-json\/wp\/v2\/product"}],"about":[{"href":"https:\/\/pfk.hr\/2024\/wp-json\/wp\/v2\/types\/product"}],"wp:featuredmedia":[{"embeddable":true,"href":"https:\/\/pfk.hr\/2024\/wp-json\/wp\/v2\/media\/989445"}],"wp:attachment":[{"href":"https:\/\/pfk.hr\/2024\/wp-json\/wp\/v2\/media?parent=989097"}],"wp:term":[{"taxonomy":"product_cat","embeddable":true,"href":"https:\/\/pfk.hr\/2024\/wp-json\/wp\/v2\/product_cat?post=989097"},{"taxonomy":"product_tag","embeddable":true,"href":"https:\/\/pfk.hr\/2024\/wp-json\/wp\/v2\/product_tag?post=989097"}],"curies":[{"name":"wp","href":"https:\/\/api.w.org\/{rel}","templated":true}]}}