{"id":989061,"date":"2023-05-17T12:40:08","date_gmt":"2023-05-17T10:40:08","guid":{"rendered":"https:\/\/pfk.hr\/?post_type=product&#038;p=989061"},"modified":"2024-05-10T16:55:12","modified_gmt":"2024-05-10T14:55:12","slug":"ako-je-ponoc-u-stoljecu","status":"publish","type":"product","link":"https:\/\/pfk.hr\/2024\/product\/ako-je-ponoc-u-stoljecu\/","title":{"rendered":"Ako je pono\u0107 u stolje\u0107u"},"content":{"rendered":"<p><strong>Victor Serge<\/strong><\/p>\n<div class=\"GRl5yb a8pxAe\">\n<div id=\"JTPWx\" class=\"FJIcp\" role=\"tablist\" data-hveid=\"CA0QAA\">Naklada: Disput<\/div>\n<\/div>\n<hr \/>\n<p>Ovaj oporo vjerodostojan i silno istinoljubiv roman, napisan izme\u0111u 1936. i 1938. godine, nesmiljena je ra\u0161\u010dlamba mehanizma Staljinovih \u010distki u kojoj autor, i sam \u017ertva montiranog politi\u010dkog procesa, oslikava univerzum jednog totalitarnog sistema.<\/p>\n<p>Junaci romana njegovi su drugovi nepomireni s izdajom revolucije: idealisti i uvjereni trockisti Jeljkin i Ru\u017eik, buntovni student Avelij, odlu\u010dni radnik Rodion te postojana Varvara Platonovna, \u010dudesno slobodni i bijedno zarobljeni ljudi, na pravdi boga deportirani na preodgoj na surovi Sjever, dovoljno daleko da ih se zaboravi; \u010detiri mu\u0161karca, jedna \u017eena, pet kontrarevolucionarnih prijetnji re\u017eimu pretvorenih u pet zatvorskih dosjea. Serge progovara u njihovo ime, suosje\u0107a s njihovim patnjama, \u017ealuje nad njihovom neostvarivom \u017eeljom da govore slobodno bilo gdje, s bilo kim, o bilo \u010demu i rezignira nad stanjem stvari u kojem je bilo kakav otpor nemogu\u0107<\/p>\n<ul>\n<li>Redovna cijena: 20,00 \u20ac<\/li>\n<li>PFK cijena: 16,00 \u20ac<\/li>\n<\/ul>\n","protected":false},"excerpt":{"rendered":"<p>Victor Serge Naklada: Disput Ovaj oporo vjerodostojan i silno istinoljubiv roman, napisan izme\u0111u 1936. i 1938. godine, nesmiljena je ra\u0161\u010dlamba mehanizma Staljinovih \u010distki u kojoj autor, i sam \u017ertva montiranog politi\u010dkog procesa, oslikava univerzum jednog totalitarnog sistema. Junaci romana njegovi su drugovi nepomireni s izdajom revolucije: idealisti i uvjereni trockisti Jeljkin i Ru\u017eik, buntovni student&#8230;<\/p>\n","protected":false},"featured_media":989449,"template":"","meta":{"_acf_changed":false},"product_cat":[86],"product_tag":[],"class_list":{"0":"post-989061","1":"product","2":"type-product","3":"status-publish","4":"has-post-thumbnail","6":"product_cat-knjige","8":"first","9":"instock","10":"shipping-taxable","11":"product-type-simple"},"acf":[],"yoast_head":"<!-- This site is optimized with the Yoast SEO plugin v22.6 - https:\/\/yoast.com\/wordpress\/plugins\/seo\/ -->\n<title>Ako je pono\u0107 u stolje\u0107u - Panonski festival knjige<\/title>\n<meta name=\"robots\" content=\"index, follow, max-snippet:-1, max-image-preview:large, max-video-preview:-1\" \/>\n<link rel=\"canonical\" href=\"https:\/\/pfk.hr\/2024\/product\/ako-je-ponoc-u-stoljecu\/\" \/>\n<meta property=\"og:locale\" content=\"hr_HR\" \/>\n<meta property=\"og:type\" content=\"article\" \/>\n<meta property=\"og:title\" content=\"Ako je pono\u0107 u stolje\u0107u - Panonski festival knjige\" \/>\n<meta property=\"og:description\" content=\"Victor Serge Naklada: Disput Ovaj oporo vjerodostojan i silno istinoljubiv roman, napisan izme\u0111u 1936. i 1938. godine, nesmiljena je ra\u0161\u010dlamba mehanizma Staljinovih \u010distki u kojoj autor, i sam \u017ertva montiranog politi\u010dkog procesa, oslikava univerzum jednog totalitarnog sistema. Junaci romana njegovi su drugovi nepomireni s izdajom revolucije: idealisti i uvjereni trockisti Jeljkin i Ru\u017eik, buntovni student...\" \/>\n<meta property=\"og:url\" content=\"https:\/\/pfk.hr\/2024\/product\/ako-je-ponoc-u-stoljecu\/\" \/>\n<meta property=\"og:site_name\" content=\"Panonski festival knjige\" \/>\n<meta property=\"article:modified_time\" content=\"2024-05-10T14:55:12+00:00\" \/>\n<meta property=\"og:image\" content=\"https:\/\/pfk.hr\/2024\/wp-content\/uploads\/2023\/05\/Ako-je-ponoc-u-stoljecu_NASLOVNICA-scaled.jpg\" \/>\n\t<meta property=\"og:image:width\" content=\"1615\" \/>\n\t<meta property=\"og:image:height\" content=\"2560\" \/>\n\t<meta property=\"og:image:type\" content=\"image\/jpeg\" \/>\n<meta name=\"twitter:card\" content=\"summary_large_image\" \/>\n<meta name=\"twitter:label1\" content=\"Procijenjeno vrijeme \u010ditanja\" \/>\n\t<meta name=\"twitter:data1\" content=\"1 minuta\" \/>\n<script type=\"application\/ld+json\" class=\"yoast-schema-graph\">{\"@context\":\"https:\/\/schema.org\",\"@graph\":[{\"@type\":\"WebPage\",\"@id\":\"https:\/\/pfk.hr\/2024\/product\/ako-je-ponoc-u-stoljecu\/\",\"url\":\"https:\/\/pfk.hr\/2024\/product\/ako-je-ponoc-u-stoljecu\/\",\"name\":\"Ako je pono\u0107 u stolje\u0107u - Panonski festival knjige\",\"isPartOf\":{\"@id\":\"https:\/\/pfk.hr\/2024\/#website\"},\"primaryImageOfPage\":{\"@id\":\"https:\/\/pfk.hr\/2024\/product\/ako-je-ponoc-u-stoljecu\/#primaryimage\"},\"image\":{\"@id\":\"https:\/\/pfk.hr\/2024\/product\/ako-je-ponoc-u-stoljecu\/#primaryimage\"},\"thumbnailUrl\":\"https:\/\/pfk.hr\/2024\/wp-content\/uploads\/2023\/05\/Ako-je-ponoc-u-stoljecu_NASLOVNICA-scaled.jpg\",\"datePublished\":\"2023-05-17T10:40:08+00:00\",\"dateModified\":\"2024-05-10T14:55:12+00:00\",\"breadcrumb\":{\"@id\":\"https:\/\/pfk.hr\/2024\/product\/ako-je-ponoc-u-stoljecu\/#breadcrumb\"},\"inLanguage\":\"hr\",\"potentialAction\":[{\"@type\":\"ReadAction\",\"target\":[\"https:\/\/pfk.hr\/2024\/product\/ako-je-ponoc-u-stoljecu\/\"]}]},{\"@type\":\"ImageObject\",\"inLanguage\":\"hr\",\"@id\":\"https:\/\/pfk.hr\/2024\/product\/ako-je-ponoc-u-stoljecu\/#primaryimage\",\"url\":\"https:\/\/pfk.hr\/2024\/wp-content\/uploads\/2023\/05\/Ako-je-ponoc-u-stoljecu_NASLOVNICA-scaled.jpg\",\"contentUrl\":\"https:\/\/pfk.hr\/2024\/wp-content\/uploads\/2023\/05\/Ako-je-ponoc-u-stoljecu_NASLOVNICA-scaled.jpg\",\"width\":1615,\"height\":2560},{\"@type\":\"BreadcrumbList\",\"@id\":\"https:\/\/pfk.hr\/2024\/product\/ako-je-ponoc-u-stoljecu\/#breadcrumb\",\"itemListElement\":[{\"@type\":\"ListItem\",\"position\":1,\"name\":\"Po\u010detna stranica\",\"item\":\"https:\/\/pfk.hr\/2024\/\"},{\"@type\":\"ListItem\",\"position\":2,\"name\":\"Preporuka naslova\",\"item\":\"https:\/\/pfk.hr\/2024\/preporuka-naslova\/\"},{\"@type\":\"ListItem\",\"position\":3,\"name\":\"Ako je pono\u0107 u stolje\u0107u\"}]},{\"@type\":\"WebSite\",\"@id\":\"https:\/\/pfk.hr\/2024\/#website\",\"url\":\"https:\/\/pfk.hr\/2024\/\",\"name\":\"Panonski festival knjige\",\"description\":\"\u010cITAJ, LEGA, \u010cITAJ!\",\"potentialAction\":[{\"@type\":\"SearchAction\",\"target\":{\"@type\":\"EntryPoint\",\"urlTemplate\":\"https:\/\/pfk.hr\/2024\/?s={search_term_string}\"},\"query-input\":\"required name=search_term_string\"}],\"inLanguage\":\"hr\"}]}<\/script>\n<!-- \/ Yoast SEO plugin. -->","yoast_head_json":{"title":"Ako je pono\u0107 u stolje\u0107u - Panonski festival knjige","robots":{"index":"index","follow":"follow","max-snippet":"max-snippet:-1","max-image-preview":"max-image-preview:large","max-video-preview":"max-video-preview:-1"},"canonical":"https:\/\/pfk.hr\/2024\/product\/ako-je-ponoc-u-stoljecu\/","og_locale":"hr_HR","og_type":"article","og_title":"Ako je pono\u0107 u stolje\u0107u - Panonski festival knjige","og_description":"Victor Serge Naklada: Disput Ovaj oporo vjerodostojan i silno istinoljubiv roman, napisan izme\u0111u 1936. i 1938. godine, nesmiljena je ra\u0161\u010dlamba mehanizma Staljinovih \u010distki u kojoj autor, i sam \u017ertva montiranog politi\u010dkog procesa, oslikava univerzum jednog totalitarnog sistema. Junaci romana njegovi su drugovi nepomireni s izdajom revolucije: idealisti i uvjereni trockisti Jeljkin i Ru\u017eik, buntovni student...","og_url":"https:\/\/pfk.hr\/2024\/product\/ako-je-ponoc-u-stoljecu\/","og_site_name":"Panonski festival knjige","article_modified_time":"2024-05-10T14:55:12+00:00","og_image":[{"width":1615,"height":2560,"url":"https:\/\/pfk.hr\/2024\/wp-content\/uploads\/2023\/05\/Ako-je-ponoc-u-stoljecu_NASLOVNICA-scaled.jpg","type":"image\/jpeg"}],"twitter_card":"summary_large_image","twitter_misc":{"Procijenjeno vrijeme \u010ditanja":"1 minuta"},"schema":{"@context":"https:\/\/schema.org","@graph":[{"@type":"WebPage","@id":"https:\/\/pfk.hr\/2024\/product\/ako-je-ponoc-u-stoljecu\/","url":"https:\/\/pfk.hr\/2024\/product\/ako-je-ponoc-u-stoljecu\/","name":"Ako je pono\u0107 u stolje\u0107u - Panonski festival knjige","isPartOf":{"@id":"https:\/\/pfk.hr\/2024\/#website"},"primaryImageOfPage":{"@id":"https:\/\/pfk.hr\/2024\/product\/ako-je-ponoc-u-stoljecu\/#primaryimage"},"image":{"@id":"https:\/\/pfk.hr\/2024\/product\/ako-je-ponoc-u-stoljecu\/#primaryimage"},"thumbnailUrl":"https:\/\/pfk.hr\/2024\/wp-content\/uploads\/2023\/05\/Ako-je-ponoc-u-stoljecu_NASLOVNICA-scaled.jpg","datePublished":"2023-05-17T10:40:08+00:00","dateModified":"2024-05-10T14:55:12+00:00","breadcrumb":{"@id":"https:\/\/pfk.hr\/2024\/product\/ako-je-ponoc-u-stoljecu\/#breadcrumb"},"inLanguage":"hr","potentialAction":[{"@type":"ReadAction","target":["https:\/\/pfk.hr\/2024\/product\/ako-je-ponoc-u-stoljecu\/"]}]},{"@type":"ImageObject","inLanguage":"hr","@id":"https:\/\/pfk.hr\/2024\/product\/ako-je-ponoc-u-stoljecu\/#primaryimage","url":"https:\/\/pfk.hr\/2024\/wp-content\/uploads\/2023\/05\/Ako-je-ponoc-u-stoljecu_NASLOVNICA-scaled.jpg","contentUrl":"https:\/\/pfk.hr\/2024\/wp-content\/uploads\/2023\/05\/Ako-je-ponoc-u-stoljecu_NASLOVNICA-scaled.jpg","width":1615,"height":2560},{"@type":"BreadcrumbList","@id":"https:\/\/pfk.hr\/2024\/product\/ako-je-ponoc-u-stoljecu\/#breadcrumb","itemListElement":[{"@type":"ListItem","position":1,"name":"Po\u010detna stranica","item":"https:\/\/pfk.hr\/2024\/"},{"@type":"ListItem","position":2,"name":"Preporuka naslova","item":"https:\/\/pfk.hr\/2024\/preporuka-naslova\/"},{"@type":"ListItem","position":3,"name":"Ako je pono\u0107 u stolje\u0107u"}]},{"@type":"WebSite","@id":"https:\/\/pfk.hr\/2024\/#website","url":"https:\/\/pfk.hr\/2024\/","name":"Panonski festival knjige","description":"\u010cITAJ, LEGA, \u010cITAJ!","potentialAction":[{"@type":"SearchAction","target":{"@type":"EntryPoint","urlTemplate":"https:\/\/pfk.hr\/2024\/?s={search_term_string}"},"query-input":"required name=search_term_string"}],"inLanguage":"hr"}]}},"_links":{"self":[{"href":"https:\/\/pfk.hr\/2024\/wp-json\/wp\/v2\/product\/989061","targetHints":{"allow":["GET"]}}],"collection":[{"href":"https:\/\/pfk.hr\/2024\/wp-json\/wp\/v2\/product"}],"about":[{"href":"https:\/\/pfk.hr\/2024\/wp-json\/wp\/v2\/types\/product"}],"wp:featuredmedia":[{"embeddable":true,"href":"https:\/\/pfk.hr\/2024\/wp-json\/wp\/v2\/media\/989449"}],"wp:attachment":[{"href":"https:\/\/pfk.hr\/2024\/wp-json\/wp\/v2\/media?parent=989061"}],"wp:term":[{"taxonomy":"product_cat","embeddable":true,"href":"https:\/\/pfk.hr\/2024\/wp-json\/wp\/v2\/product_cat?post=989061"},{"taxonomy":"product_tag","embeddable":true,"href":"https:\/\/pfk.hr\/2024\/wp-json\/wp\/v2\/product_tag?post=989061"}],"curies":[{"name":"wp","href":"https:\/\/api.w.org\/{rel}","templated":true}]}}