{"id":989051,"date":"2023-05-17T12:23:34","date_gmt":"2023-05-17T10:23:34","guid":{"rendered":"https:\/\/pfk.hr\/?post_type=product&#038;p=989051"},"modified":"2024-05-11T09:27:41","modified_gmt":"2024-05-11T07:27:41","slug":"put-oko-svijeta","status":"publish","type":"product","link":"https:\/\/pfk.hr\/2024\/product\/put-oko-svijeta\/","title":{"rendered":"Put oko svijeta"},"content":{"rendered":"<div class=\"hHq9Z\">\n<div data-hveid=\"CAsQAA\">\n<div class=\"gyEfO\">\n<div class=\"wDYxhc NFQFxe viOShc LKPcQc\" data-md=\"221\" data-hveid=\"CAkQAA\" data-ved=\"2ahUKEwjJ7dyf2-P-AhX5wQIHHf6aC2MQnKEBegQICRAA\">\n<div class=\"ZxoDOe yGdMVd\">\n<div class=\"UFE1qd\">\n<div class=\"EGmpye\">\n<p><strong>Anthony Bourdain<\/strong><\/p>\n<\/div>\n<\/div>\n<\/div>\n<\/div>\n<\/div>\n<\/div>\n<\/div>\n<div class=\"GRl5yb a8pxAe\">\n<div id=\"JTPWx\" class=\"FJIcp\" role=\"tablist\" data-hveid=\"CA0QAA\">Naklada: FOKUS<\/div>\n<\/div>\n<hr \/>\n<p>Anthony Bourdain vidio je vi\u0161e svijeta od ve\u0107ine. Od zakutaka u svome rodnom New Yorku do plemenske Duge ku\u0107e na Borneu, nema mjesta gdje nije nai\u0161ao na skriveni kulinarski dragulj. No ovaj atipi\u010dni vodi\u010d puno je vi\u0161e od samog popisa restorana.<\/p>\n<p>Laurie Woolever obogatila ga je cijelim Bourdainovim \u017eivotnim iskustvom; njegovim zabavnim, prakti\u010dnim i iskrenim komentarima koji \u010ditatelje vode u neka od njegovih omiljenih mjesta. Inteligentan i bez dlake na jeziku, Bourdain je o svakome kraju imao \u0161to ispri\u010dati, dobrodo\u0161ao osvrt kojim bi pru\u017eio povijesni kontekst i pokazao za\u0161to mu je neko mjesto priraslo srcu<\/p>\n<p>Redovna cijena: 29.99 \u20ac<\/p>\n<p>PFK cijena: 23.99 \u20ac<\/p>\n<p>&nbsp;<\/p>\n","protected":false},"excerpt":{"rendered":"<p>Anthony Bourdain Naklada: FOKUS Anthony Bourdain vidio je vi\u0161e svijeta od ve\u0107ine. Od zakutaka u svome rodnom New Yorku do plemenske Duge ku\u0107e na Borneu, nema mjesta gdje nije nai\u0161ao na skriveni kulinarski dragulj. No ovaj atipi\u010dni vodi\u010d puno je vi\u0161e od samog popisa restorana. Laurie Woolever obogatila ga je cijelim Bourdainovim \u017eivotnim iskustvom; njegovim&#8230;<\/p>\n","protected":false},"featured_media":989458,"template":"","meta":{"_acf_changed":false},"product_cat":[86],"product_tag":[],"class_list":{"0":"post-989051","1":"product","2":"type-product","3":"status-publish","4":"has-post-thumbnail","6":"product_cat-knjige","8":"first","9":"instock","10":"shipping-taxable","11":"product-type-simple"},"acf":[],"yoast_head":"<!-- This site is optimized with the Yoast SEO plugin v22.6 - https:\/\/yoast.com\/wordpress\/plugins\/seo\/ -->\n<title>Put oko svijeta - Panonski festival knjige<\/title>\n<meta name=\"robots\" content=\"index, follow, max-snippet:-1, max-image-preview:large, max-video-preview:-1\" \/>\n<link rel=\"canonical\" href=\"https:\/\/pfk.hr\/2024\/product\/put-oko-svijeta\/\" \/>\n<meta property=\"og:locale\" content=\"hr_HR\" \/>\n<meta property=\"og:type\" content=\"article\" \/>\n<meta property=\"og:title\" content=\"Put oko svijeta - Panonski festival knjige\" \/>\n<meta property=\"og:description\" content=\"Anthony Bourdain Naklada: FOKUS Anthony Bourdain vidio je vi\u0161e svijeta od ve\u0107ine. Od zakutaka u svome rodnom New Yorku do plemenske Duge ku\u0107e na Borneu, nema mjesta gdje nije nai\u0161ao na skriveni kulinarski dragulj. No ovaj atipi\u010dni vodi\u010d puno je vi\u0161e od samog popisa restorana. Laurie Woolever obogatila ga je cijelim Bourdainovim \u017eivotnim iskustvom; njegovim...\" \/>\n<meta property=\"og:url\" content=\"https:\/\/pfk.hr\/2024\/product\/put-oko-svijeta\/\" \/>\n<meta property=\"og:site_name\" content=\"Panonski festival knjige\" \/>\n<meta property=\"article:modified_time\" content=\"2024-05-11T07:27:41+00:00\" \/>\n<meta property=\"og:image\" content=\"https:\/\/pfk.hr\/2024\/wp-content\/uploads\/2023\/05\/put-oko-svijeta_3D.png\" \/>\n\t<meta property=\"og:image:width\" content=\"500\" \/>\n\t<meta property=\"og:image:height\" content=\"500\" \/>\n\t<meta property=\"og:image:type\" content=\"image\/png\" \/>\n<meta name=\"twitter:card\" content=\"summary_large_image\" \/>\n<meta name=\"twitter:label1\" content=\"Procijenjeno vrijeme \u010ditanja\" \/>\n\t<meta name=\"twitter:data1\" content=\"1 minuta\" \/>\n<script type=\"application\/ld+json\" class=\"yoast-schema-graph\">{\"@context\":\"https:\/\/schema.org\",\"@graph\":[{\"@type\":\"WebPage\",\"@id\":\"https:\/\/pfk.hr\/2024\/product\/put-oko-svijeta\/\",\"url\":\"https:\/\/pfk.hr\/2024\/product\/put-oko-svijeta\/\",\"name\":\"Put oko svijeta - Panonski festival knjige\",\"isPartOf\":{\"@id\":\"https:\/\/pfk.hr\/2024\/#website\"},\"primaryImageOfPage\":{\"@id\":\"https:\/\/pfk.hr\/2024\/product\/put-oko-svijeta\/#primaryimage\"},\"image\":{\"@id\":\"https:\/\/pfk.hr\/2024\/product\/put-oko-svijeta\/#primaryimage\"},\"thumbnailUrl\":\"https:\/\/pfk.hr\/2024\/wp-content\/uploads\/2023\/05\/put-oko-svijeta_3D.png\",\"datePublished\":\"2023-05-17T10:23:34+00:00\",\"dateModified\":\"2024-05-11T07:27:41+00:00\",\"breadcrumb\":{\"@id\":\"https:\/\/pfk.hr\/2024\/product\/put-oko-svijeta\/#breadcrumb\"},\"inLanguage\":\"hr\",\"potentialAction\":[{\"@type\":\"ReadAction\",\"target\":[\"https:\/\/pfk.hr\/2024\/product\/put-oko-svijeta\/\"]}]},{\"@type\":\"ImageObject\",\"inLanguage\":\"hr\",\"@id\":\"https:\/\/pfk.hr\/2024\/product\/put-oko-svijeta\/#primaryimage\",\"url\":\"https:\/\/pfk.hr\/2024\/wp-content\/uploads\/2023\/05\/put-oko-svijeta_3D.png\",\"contentUrl\":\"https:\/\/pfk.hr\/2024\/wp-content\/uploads\/2023\/05\/put-oko-svijeta_3D.png\",\"width\":500,\"height\":500},{\"@type\":\"BreadcrumbList\",\"@id\":\"https:\/\/pfk.hr\/2024\/product\/put-oko-svijeta\/#breadcrumb\",\"itemListElement\":[{\"@type\":\"ListItem\",\"position\":1,\"name\":\"Po\u010detna stranica\",\"item\":\"https:\/\/pfk.hr\/2024\/\"},{\"@type\":\"ListItem\",\"position\":2,\"name\":\"Preporuka naslova\",\"item\":\"https:\/\/pfk.hr\/2024\/preporuka-naslova\/\"},{\"@type\":\"ListItem\",\"position\":3,\"name\":\"Put oko svijeta\"}]},{\"@type\":\"WebSite\",\"@id\":\"https:\/\/pfk.hr\/2024\/#website\",\"url\":\"https:\/\/pfk.hr\/2024\/\",\"name\":\"Panonski festival knjige\",\"description\":\"\u010cITAJ, LEGA, \u010cITAJ!\",\"potentialAction\":[{\"@type\":\"SearchAction\",\"target\":{\"@type\":\"EntryPoint\",\"urlTemplate\":\"https:\/\/pfk.hr\/2024\/?s={search_term_string}\"},\"query-input\":\"required name=search_term_string\"}],\"inLanguage\":\"hr\"}]}<\/script>\n<!-- \/ Yoast SEO plugin. -->","yoast_head_json":{"title":"Put oko svijeta - Panonski festival knjige","robots":{"index":"index","follow":"follow","max-snippet":"max-snippet:-1","max-image-preview":"max-image-preview:large","max-video-preview":"max-video-preview:-1"},"canonical":"https:\/\/pfk.hr\/2024\/product\/put-oko-svijeta\/","og_locale":"hr_HR","og_type":"article","og_title":"Put oko svijeta - Panonski festival knjige","og_description":"Anthony Bourdain Naklada: FOKUS Anthony Bourdain vidio je vi\u0161e svijeta od ve\u0107ine. Od zakutaka u svome rodnom New Yorku do plemenske Duge ku\u0107e na Borneu, nema mjesta gdje nije nai\u0161ao na skriveni kulinarski dragulj. No ovaj atipi\u010dni vodi\u010d puno je vi\u0161e od samog popisa restorana. Laurie Woolever obogatila ga je cijelim Bourdainovim \u017eivotnim iskustvom; njegovim...","og_url":"https:\/\/pfk.hr\/2024\/product\/put-oko-svijeta\/","og_site_name":"Panonski festival knjige","article_modified_time":"2024-05-11T07:27:41+00:00","og_image":[{"width":500,"height":500,"url":"https:\/\/pfk.hr\/2024\/wp-content\/uploads\/2023\/05\/put-oko-svijeta_3D.png","type":"image\/png"}],"twitter_card":"summary_large_image","twitter_misc":{"Procijenjeno vrijeme \u010ditanja":"1 minuta"},"schema":{"@context":"https:\/\/schema.org","@graph":[{"@type":"WebPage","@id":"https:\/\/pfk.hr\/2024\/product\/put-oko-svijeta\/","url":"https:\/\/pfk.hr\/2024\/product\/put-oko-svijeta\/","name":"Put oko svijeta - Panonski festival knjige","isPartOf":{"@id":"https:\/\/pfk.hr\/2024\/#website"},"primaryImageOfPage":{"@id":"https:\/\/pfk.hr\/2024\/product\/put-oko-svijeta\/#primaryimage"},"image":{"@id":"https:\/\/pfk.hr\/2024\/product\/put-oko-svijeta\/#primaryimage"},"thumbnailUrl":"https:\/\/pfk.hr\/2024\/wp-content\/uploads\/2023\/05\/put-oko-svijeta_3D.png","datePublished":"2023-05-17T10:23:34+00:00","dateModified":"2024-05-11T07:27:41+00:00","breadcrumb":{"@id":"https:\/\/pfk.hr\/2024\/product\/put-oko-svijeta\/#breadcrumb"},"inLanguage":"hr","potentialAction":[{"@type":"ReadAction","target":["https:\/\/pfk.hr\/2024\/product\/put-oko-svijeta\/"]}]},{"@type":"ImageObject","inLanguage":"hr","@id":"https:\/\/pfk.hr\/2024\/product\/put-oko-svijeta\/#primaryimage","url":"https:\/\/pfk.hr\/2024\/wp-content\/uploads\/2023\/05\/put-oko-svijeta_3D.png","contentUrl":"https:\/\/pfk.hr\/2024\/wp-content\/uploads\/2023\/05\/put-oko-svijeta_3D.png","width":500,"height":500},{"@type":"BreadcrumbList","@id":"https:\/\/pfk.hr\/2024\/product\/put-oko-svijeta\/#breadcrumb","itemListElement":[{"@type":"ListItem","position":1,"name":"Po\u010detna stranica","item":"https:\/\/pfk.hr\/2024\/"},{"@type":"ListItem","position":2,"name":"Preporuka naslova","item":"https:\/\/pfk.hr\/2024\/preporuka-naslova\/"},{"@type":"ListItem","position":3,"name":"Put oko svijeta"}]},{"@type":"WebSite","@id":"https:\/\/pfk.hr\/2024\/#website","url":"https:\/\/pfk.hr\/2024\/","name":"Panonski festival knjige","description":"\u010cITAJ, LEGA, \u010cITAJ!","potentialAction":[{"@type":"SearchAction","target":{"@type":"EntryPoint","urlTemplate":"https:\/\/pfk.hr\/2024\/?s={search_term_string}"},"query-input":"required name=search_term_string"}],"inLanguage":"hr"}]}},"_links":{"self":[{"href":"https:\/\/pfk.hr\/2024\/wp-json\/wp\/v2\/product\/989051","targetHints":{"allow":["GET"]}}],"collection":[{"href":"https:\/\/pfk.hr\/2024\/wp-json\/wp\/v2\/product"}],"about":[{"href":"https:\/\/pfk.hr\/2024\/wp-json\/wp\/v2\/types\/product"}],"wp:featuredmedia":[{"embeddable":true,"href":"https:\/\/pfk.hr\/2024\/wp-json\/wp\/v2\/media\/989458"}],"wp:attachment":[{"href":"https:\/\/pfk.hr\/2024\/wp-json\/wp\/v2\/media?parent=989051"}],"wp:term":[{"taxonomy":"product_cat","embeddable":true,"href":"https:\/\/pfk.hr\/2024\/wp-json\/wp\/v2\/product_cat?post=989051"},{"taxonomy":"product_tag","embeddable":true,"href":"https:\/\/pfk.hr\/2024\/wp-json\/wp\/v2\/product_tag?post=989051"}],"curies":[{"name":"wp","href":"https:\/\/api.w.org\/{rel}","templated":true}]}}