{"id":989045,"date":"2023-05-17T12:06:36","date_gmt":"2023-05-17T10:06:36","guid":{"rendered":"https:\/\/pfk.hr\/?post_type=product&#038;p=989045"},"modified":"2024-05-11T17:22:50","modified_gmt":"2024-05-11T15:22:50","slug":"kucu-treba-srusiti","status":"publish","type":"product","link":"https:\/\/pfk.hr\/2024\/product\/kucu-treba-srusiti\/","title":{"rendered":"Ku\u0107u treba sru\u0161iti"},"content":{"rendered":"<div>\n<div data-hveid=\"CAsQAA\">\n<div data-md=\"221\" data-hveid=\"CAkQAA\" data-ved=\"2ahUKEwjJ7dyf2-P-AhX5wQIHHf6aC2MQnKEBegQICRAA\">\n<p><strong>Tena Lon\u010darevi\u0107<\/strong><\/p>\n<\/div>\n<\/div>\n<\/div>\n<div class=\"GRl5yb a8pxAe\">\n<div id=\"JTPWx\" class=\"FJIcp\" role=\"tablist\" data-hveid=\"CA0QAA\">Naklada: Fragment<\/div>\n<\/div>\n<hr \/>\n<p>Ku\u0107u treba sru\u0161iti, ali ne prije nego \u0161to pro\u010ditamo dvadeset i dvije pri\u010de Tene Lon\u010darevi\u0107 koje \u0107e u svakoj od prostorija te ku\u0107e detektirati i rije\u010dima sa\u010duvati predmete, sjene, zvukove, emocije i uspomene koje prije ru\u0161enja treba spasiti od ti\u0161ine.<\/p>\n<p>&nbsp;<\/p>\n<p>Kad bi postojala neka slu\u017eba za spa\u0161avanje \u017eivota pro\u017eivljenih me\u0111u zidovima napu\u0161tenih ku\u0107a, trebalo bi je povjeriti ovoj autorici koja zna dati glas svemu nevidljivome \u0161to je tamo ostavljeno. A ostavljena je tiha sila ne\u010dijih \u017eivota, cijeli jedan bezglasan materijal vidljiv samo unutra\u0161njem literarnom oku koje u takozvanim malim stvarima zna prepoznati velike pri\u010de i koje jasno vidi da za ru\u0161enje nisu samo napu\u0161tene ku\u0107e, nego i napu\u0161tene ljubavi, situacije, sje\u0107anja, nepoznanice, stvari, traume, pro\u0161losti i ljudi.<\/p>\n<p>Redovna cijena: 16.00\u20ac<\/p>\n<p>PFK cijena: 13.00 \u20ac<\/p>\n","protected":false},"excerpt":{"rendered":"<p>Tena Lon\u010darevi\u0107 Naklada: Fragment Ku\u0107u treba sru\u0161iti, ali ne prije nego \u0161to pro\u010ditamo dvadeset i dvije pri\u010de Tene Lon\u010darevi\u0107 koje \u0107e u svakoj od prostorija te ku\u0107e detektirati i rije\u010dima sa\u010duvati predmete, sjene, zvukove, emocije i uspomene koje prije ru\u0161enja treba spasiti od ti\u0161ine. &nbsp; Kad bi postojala neka slu\u017eba za spa\u0161avanje \u017eivota pro\u017eivljenih me\u0111u&#8230;<\/p>\n","protected":false},"featured_media":989463,"template":"","meta":{"_acf_changed":false},"product_cat":[86],"product_tag":[],"class_list":{"0":"post-989045","1":"product","2":"type-product","3":"status-publish","4":"has-post-thumbnail","6":"product_cat-knjige","8":"first","9":"instock","10":"shipping-taxable","11":"product-type-simple"},"acf":[],"yoast_head":"<!-- This site is optimized with the Yoast SEO plugin v22.6 - https:\/\/yoast.com\/wordpress\/plugins\/seo\/ -->\n<title>Ku\u0107u treba sru\u0161iti - Panonski festival knjige<\/title>\n<meta name=\"robots\" content=\"index, follow, max-snippet:-1, max-image-preview:large, max-video-preview:-1\" \/>\n<link rel=\"canonical\" href=\"https:\/\/pfk.hr\/2024\/product\/kucu-treba-srusiti\/\" \/>\n<meta property=\"og:locale\" content=\"hr_HR\" \/>\n<meta property=\"og:type\" content=\"article\" \/>\n<meta property=\"og:title\" content=\"Ku\u0107u treba sru\u0161iti - Panonski festival knjige\" \/>\n<meta property=\"og:description\" content=\"Tena Lon\u010darevi\u0107 Naklada: Fragment Ku\u0107u treba sru\u0161iti, ali ne prije nego \u0161to pro\u010ditamo dvadeset i dvije pri\u010de Tene Lon\u010darevi\u0107 koje \u0107e u svakoj od prostorija te ku\u0107e detektirati i rije\u010dima sa\u010duvati predmete, sjene, zvukove, emocije i uspomene koje prije ru\u0161enja treba spasiti od ti\u0161ine. &nbsp; Kad bi postojala neka slu\u017eba za spa\u0161avanje \u017eivota pro\u017eivljenih me\u0111u...\" \/>\n<meta property=\"og:url\" content=\"https:\/\/pfk.hr\/2024\/product\/kucu-treba-srusiti\/\" \/>\n<meta property=\"og:site_name\" content=\"Panonski festival knjige\" \/>\n<meta property=\"article:modified_time\" content=\"2024-05-11T15:22:50+00:00\" \/>\n<meta property=\"og:image\" content=\"https:\/\/pfk.hr\/2024\/wp-content\/uploads\/2023\/05\/kucu_treba_srusiti.jpg\" \/>\n\t<meta property=\"og:image:width\" content=\"700\" \/>\n\t<meta property=\"og:image:height\" content=\"1000\" \/>\n\t<meta property=\"og:image:type\" content=\"image\/jpeg\" \/>\n<meta name=\"twitter:card\" content=\"summary_large_image\" \/>\n<meta name=\"twitter:label1\" content=\"Procijenjeno vrijeme \u010ditanja\" \/>\n\t<meta name=\"twitter:data1\" content=\"1 minuta\" \/>\n<script type=\"application\/ld+json\" class=\"yoast-schema-graph\">{\"@context\":\"https:\/\/schema.org\",\"@graph\":[{\"@type\":\"WebPage\",\"@id\":\"https:\/\/pfk.hr\/2024\/product\/kucu-treba-srusiti\/\",\"url\":\"https:\/\/pfk.hr\/2024\/product\/kucu-treba-srusiti\/\",\"name\":\"Ku\u0107u treba sru\u0161iti - Panonski festival knjige\",\"isPartOf\":{\"@id\":\"https:\/\/pfk.hr\/2024\/#website\"},\"primaryImageOfPage\":{\"@id\":\"https:\/\/pfk.hr\/2024\/product\/kucu-treba-srusiti\/#primaryimage\"},\"image\":{\"@id\":\"https:\/\/pfk.hr\/2024\/product\/kucu-treba-srusiti\/#primaryimage\"},\"thumbnailUrl\":\"https:\/\/pfk.hr\/2024\/wp-content\/uploads\/2023\/05\/kucu_treba_srusiti.jpg\",\"datePublished\":\"2023-05-17T10:06:36+00:00\",\"dateModified\":\"2024-05-11T15:22:50+00:00\",\"breadcrumb\":{\"@id\":\"https:\/\/pfk.hr\/2024\/product\/kucu-treba-srusiti\/#breadcrumb\"},\"inLanguage\":\"hr\",\"potentialAction\":[{\"@type\":\"ReadAction\",\"target\":[\"https:\/\/pfk.hr\/2024\/product\/kucu-treba-srusiti\/\"]}]},{\"@type\":\"ImageObject\",\"inLanguage\":\"hr\",\"@id\":\"https:\/\/pfk.hr\/2024\/product\/kucu-treba-srusiti\/#primaryimage\",\"url\":\"https:\/\/pfk.hr\/2024\/wp-content\/uploads\/2023\/05\/kucu_treba_srusiti.jpg\",\"contentUrl\":\"https:\/\/pfk.hr\/2024\/wp-content\/uploads\/2023\/05\/kucu_treba_srusiti.jpg\",\"width\":700,\"height\":1000},{\"@type\":\"BreadcrumbList\",\"@id\":\"https:\/\/pfk.hr\/2024\/product\/kucu-treba-srusiti\/#breadcrumb\",\"itemListElement\":[{\"@type\":\"ListItem\",\"position\":1,\"name\":\"Po\u010detna stranica\",\"item\":\"https:\/\/pfk.hr\/2024\/\"},{\"@type\":\"ListItem\",\"position\":2,\"name\":\"Preporuka naslova\",\"item\":\"https:\/\/pfk.hr\/2024\/preporuka-naslova\/\"},{\"@type\":\"ListItem\",\"position\":3,\"name\":\"Ku\u0107u treba sru\u0161iti\"}]},{\"@type\":\"WebSite\",\"@id\":\"https:\/\/pfk.hr\/2024\/#website\",\"url\":\"https:\/\/pfk.hr\/2024\/\",\"name\":\"Panonski festival knjige\",\"description\":\"\u010cITAJ, LEGA, \u010cITAJ!\",\"potentialAction\":[{\"@type\":\"SearchAction\",\"target\":{\"@type\":\"EntryPoint\",\"urlTemplate\":\"https:\/\/pfk.hr\/2024\/?s={search_term_string}\"},\"query-input\":\"required name=search_term_string\"}],\"inLanguage\":\"hr\"}]}<\/script>\n<!-- \/ Yoast SEO plugin. -->","yoast_head_json":{"title":"Ku\u0107u treba sru\u0161iti - Panonski festival knjige","robots":{"index":"index","follow":"follow","max-snippet":"max-snippet:-1","max-image-preview":"max-image-preview:large","max-video-preview":"max-video-preview:-1"},"canonical":"https:\/\/pfk.hr\/2024\/product\/kucu-treba-srusiti\/","og_locale":"hr_HR","og_type":"article","og_title":"Ku\u0107u treba sru\u0161iti - Panonski festival knjige","og_description":"Tena Lon\u010darevi\u0107 Naklada: Fragment Ku\u0107u treba sru\u0161iti, ali ne prije nego \u0161to pro\u010ditamo dvadeset i dvije pri\u010de Tene Lon\u010darevi\u0107 koje \u0107e u svakoj od prostorija te ku\u0107e detektirati i rije\u010dima sa\u010duvati predmete, sjene, zvukove, emocije i uspomene koje prije ru\u0161enja treba spasiti od ti\u0161ine. &nbsp; Kad bi postojala neka slu\u017eba za spa\u0161avanje \u017eivota pro\u017eivljenih me\u0111u...","og_url":"https:\/\/pfk.hr\/2024\/product\/kucu-treba-srusiti\/","og_site_name":"Panonski festival knjige","article_modified_time":"2024-05-11T15:22:50+00:00","og_image":[{"width":700,"height":1000,"url":"https:\/\/pfk.hr\/2024\/wp-content\/uploads\/2023\/05\/kucu_treba_srusiti.jpg","type":"image\/jpeg"}],"twitter_card":"summary_large_image","twitter_misc":{"Procijenjeno vrijeme \u010ditanja":"1 minuta"},"schema":{"@context":"https:\/\/schema.org","@graph":[{"@type":"WebPage","@id":"https:\/\/pfk.hr\/2024\/product\/kucu-treba-srusiti\/","url":"https:\/\/pfk.hr\/2024\/product\/kucu-treba-srusiti\/","name":"Ku\u0107u treba sru\u0161iti - Panonski festival knjige","isPartOf":{"@id":"https:\/\/pfk.hr\/2024\/#website"},"primaryImageOfPage":{"@id":"https:\/\/pfk.hr\/2024\/product\/kucu-treba-srusiti\/#primaryimage"},"image":{"@id":"https:\/\/pfk.hr\/2024\/product\/kucu-treba-srusiti\/#primaryimage"},"thumbnailUrl":"https:\/\/pfk.hr\/2024\/wp-content\/uploads\/2023\/05\/kucu_treba_srusiti.jpg","datePublished":"2023-05-17T10:06:36+00:00","dateModified":"2024-05-11T15:22:50+00:00","breadcrumb":{"@id":"https:\/\/pfk.hr\/2024\/product\/kucu-treba-srusiti\/#breadcrumb"},"inLanguage":"hr","potentialAction":[{"@type":"ReadAction","target":["https:\/\/pfk.hr\/2024\/product\/kucu-treba-srusiti\/"]}]},{"@type":"ImageObject","inLanguage":"hr","@id":"https:\/\/pfk.hr\/2024\/product\/kucu-treba-srusiti\/#primaryimage","url":"https:\/\/pfk.hr\/2024\/wp-content\/uploads\/2023\/05\/kucu_treba_srusiti.jpg","contentUrl":"https:\/\/pfk.hr\/2024\/wp-content\/uploads\/2023\/05\/kucu_treba_srusiti.jpg","width":700,"height":1000},{"@type":"BreadcrumbList","@id":"https:\/\/pfk.hr\/2024\/product\/kucu-treba-srusiti\/#breadcrumb","itemListElement":[{"@type":"ListItem","position":1,"name":"Po\u010detna stranica","item":"https:\/\/pfk.hr\/2024\/"},{"@type":"ListItem","position":2,"name":"Preporuka naslova","item":"https:\/\/pfk.hr\/2024\/preporuka-naslova\/"},{"@type":"ListItem","position":3,"name":"Ku\u0107u treba sru\u0161iti"}]},{"@type":"WebSite","@id":"https:\/\/pfk.hr\/2024\/#website","url":"https:\/\/pfk.hr\/2024\/","name":"Panonski festival knjige","description":"\u010cITAJ, LEGA, \u010cITAJ!","potentialAction":[{"@type":"SearchAction","target":{"@type":"EntryPoint","urlTemplate":"https:\/\/pfk.hr\/2024\/?s={search_term_string}"},"query-input":"required name=search_term_string"}],"inLanguage":"hr"}]}},"_links":{"self":[{"href":"https:\/\/pfk.hr\/2024\/wp-json\/wp\/v2\/product\/989045","targetHints":{"allow":["GET"]}}],"collection":[{"href":"https:\/\/pfk.hr\/2024\/wp-json\/wp\/v2\/product"}],"about":[{"href":"https:\/\/pfk.hr\/2024\/wp-json\/wp\/v2\/types\/product"}],"wp:featuredmedia":[{"embeddable":true,"href":"https:\/\/pfk.hr\/2024\/wp-json\/wp\/v2\/media\/989463"}],"wp:attachment":[{"href":"https:\/\/pfk.hr\/2024\/wp-json\/wp\/v2\/media?parent=989045"}],"wp:term":[{"taxonomy":"product_cat","embeddable":true,"href":"https:\/\/pfk.hr\/2024\/wp-json\/wp\/v2\/product_cat?post=989045"},{"taxonomy":"product_tag","embeddable":true,"href":"https:\/\/pfk.hr\/2024\/wp-json\/wp\/v2\/product_tag?post=989045"}],"curies":[{"name":"wp","href":"https:\/\/api.w.org\/{rel}","templated":true}]}}