{"id":988598,"date":"2023-05-13T16:14:12","date_gmt":"2023-05-13T14:14:12","guid":{"rendered":"https:\/\/pfk.hr\/?post_type=product&#038;p=988598"},"modified":"2024-05-14T10:15:30","modified_gmt":"2024-05-14T08:15:30","slug":"barokna-sakralna-arhitektura-dakovacko-osjecke-nadbiskupije","status":"publish","type":"product","link":"https:\/\/pfk.hr\/2024\/product\/barokna-sakralna-arhitektura-dakovacko-osjecke-nadbiskupije\/","title":{"rendered":"Barokna sakralna arhitektura \u0110akova\u010dko-osje\u010dke nadbiskupije"},"content":{"rendered":"<div>\n<div data-hveid=\"CAsQAA\">\n<div data-md=\"221\" data-hveid=\"CAkQAA\" data-ved=\"2ahUKEwjJ7dyf2-P-AhX5wQIHHf6aC2MQnKEBegQICRAA\">\n<p><strong>Margareta Turkalj Podmanicki<\/strong><\/p>\n<\/div>\n<\/div>\n<\/div>\n<div class=\"GRl5yb a8pxAe\">\n<div id=\"JTPWx\" class=\"FJIcp\" role=\"tablist\" data-hveid=\"CA0QAA\">Naklada: Institut za povijest umjetnosti<\/div>\n<\/div>\n<hr \/>\n<p style=\"text-align: left;\">Odabrav\u0161i ovu aktualnu temu za svoju doktorsku disertaciju, dora\u0111enu potom u monografiju, Margareta Turkalj Podmanicki pristupila je zadatku metodolo\u0161ki primjereno. Prostorne i vremenske odrednice \u2013 teritorij dana\u0161nje \u0110akova\u010dko-osje\u010dke nadbiskupije u prvoj polovini 18. stolje\u0107a \u2013 izabrane su jer upravo na tom prostoru u to vrijeme nastaju najzna\u010dajnije sakralne gra\u0111evine koje distingviraju isto\u010dnu Hrvatsku od njezina sjeverozapadnog dijela. S obzirom na to da su u izboru arhitektonskih tipova i graditelja klju\u010dnu ulogu odigrali eminentni naru\u010ditelji, povijesni kontekst i tuma\u010denje narud\u017ebi temeljno je polazi\u0161te monografije.<\/p>\n<p style=\"text-align: left;\">\u0160iroki pak kvalitativni raspon graditeljskih intervencija, od pretencioznih novogradnji do adaptacija zate\u010denih crkava, zahtijevao je individualni istra\u017eiva\u010dki pristup svakoj pojedinoj gra\u0111evini. Povezav\u0161i raznorodne crkve u tipolo\u0161ke grupacije, autorica je jasno definirala njihove me\u0111usobne poveznice u \u0161irem kontekstu hrvatske arhitekture. Za tuma\u010denje onih pak arhitektonskih sakralnih ostvarenja \u010dija kvaliteta nadma\u0161uje lokalne okvire, ova je docentica Akademije za umjetnost i kulturu Sveu\u010dili\u0161ta u Osijeku na brojnim znanstvenim usavr\u0161avanjima u inozemstvu istra\u017eila graditeljstvo susjednih srednjoeuropskih regija.<\/p>\n<p>Redovna cijena: 45,13 \u20ac<\/p>\n<p>PFK cijena: 32,00 \u20ac<\/p>\n","protected":false},"excerpt":{"rendered":"<p>Margareta Turkalj Podmanicki Naklada: Institut za povijest umjetnosti Odabrav\u0161i ovu aktualnu temu za svoju doktorsku disertaciju, dora\u0111enu potom u monografiju, Margareta Turkalj Podmanicki pristupila je zadatku metodolo\u0161ki primjereno. Prostorne i vremenske odrednice \u2013 teritorij dana\u0161nje \u0110akova\u010dko-osje\u010dke nadbiskupije u prvoj polovini 18. stolje\u0107a \u2013 izabrane su jer upravo na tom prostoru u to vrijeme nastaju najzna\u010dajnije&#8230;<\/p>\n","protected":false},"featured_media":989471,"template":"","meta":{"_acf_changed":false},"product_cat":[86],"product_tag":[],"class_list":{"0":"post-988598","1":"product","2":"type-product","3":"status-publish","4":"has-post-thumbnail","6":"product_cat-knjige","8":"first","9":"instock","10":"shipping-taxable","11":"product-type-simple"},"acf":[],"yoast_head":"<!-- This site is optimized with the Yoast SEO plugin v22.6 - https:\/\/yoast.com\/wordpress\/plugins\/seo\/ -->\n<title>Barokna sakralna arhitektura \u0110akova\u010dko-osje\u010dke nadbiskupije - Panonski festival knjige<\/title>\n<meta name=\"robots\" content=\"index, follow, max-snippet:-1, max-image-preview:large, max-video-preview:-1\" \/>\n<link rel=\"canonical\" href=\"https:\/\/pfk.hr\/2024\/product\/barokna-sakralna-arhitektura-dakovacko-osjecke-nadbiskupije\/\" \/>\n<meta property=\"og:locale\" content=\"hr_HR\" \/>\n<meta property=\"og:type\" content=\"article\" \/>\n<meta property=\"og:title\" content=\"Barokna sakralna arhitektura \u0110akova\u010dko-osje\u010dke nadbiskupije - Panonski festival knjige\" \/>\n<meta property=\"og:description\" content=\"Margareta Turkalj Podmanicki Naklada: Institut za povijest umjetnosti Odabrav\u0161i ovu aktualnu temu za svoju doktorsku disertaciju, dora\u0111enu potom u monografiju, Margareta Turkalj Podmanicki pristupila je zadatku metodolo\u0161ki primjereno. Prostorne i vremenske odrednice \u2013 teritorij dana\u0161nje \u0110akova\u010dko-osje\u010dke nadbiskupije u prvoj polovini 18. stolje\u0107a \u2013 izabrane su jer upravo na tom prostoru u to vrijeme nastaju najzna\u010dajnije...\" \/>\n<meta property=\"og:url\" content=\"https:\/\/pfk.hr\/2024\/product\/barokna-sakralna-arhitektura-dakovacko-osjecke-nadbiskupije\/\" \/>\n<meta property=\"og:site_name\" content=\"Panonski festival knjige\" \/>\n<meta property=\"article:modified_time\" content=\"2024-05-14T08:15:30+00:00\" \/>\n<meta property=\"og:image\" content=\"https:\/\/pfk.hr\/2024\/wp-content\/uploads\/2023\/05\/2.-Turkalj-Podmanicki-scaled.jpg\" \/>\n\t<meta property=\"og:image:width\" content=\"2048\" \/>\n\t<meta property=\"og:image:height\" content=\"2560\" \/>\n\t<meta property=\"og:image:type\" content=\"image\/jpeg\" \/>\n<meta name=\"twitter:card\" content=\"summary_large_image\" \/>\n<meta name=\"twitter:label1\" content=\"Procijenjeno vrijeme \u010ditanja\" \/>\n\t<meta name=\"twitter:data1\" content=\"2 minute\" \/>\n<script type=\"application\/ld+json\" class=\"yoast-schema-graph\">{\"@context\":\"https:\/\/schema.org\",\"@graph\":[{\"@type\":\"WebPage\",\"@id\":\"https:\/\/pfk.hr\/2024\/product\/barokna-sakralna-arhitektura-dakovacko-osjecke-nadbiskupije\/\",\"url\":\"https:\/\/pfk.hr\/2024\/product\/barokna-sakralna-arhitektura-dakovacko-osjecke-nadbiskupije\/\",\"name\":\"Barokna sakralna arhitektura \u0110akova\u010dko-osje\u010dke nadbiskupije - Panonski festival knjige\",\"isPartOf\":{\"@id\":\"https:\/\/pfk.hr\/2024\/#website\"},\"primaryImageOfPage\":{\"@id\":\"https:\/\/pfk.hr\/2024\/product\/barokna-sakralna-arhitektura-dakovacko-osjecke-nadbiskupije\/#primaryimage\"},\"image\":{\"@id\":\"https:\/\/pfk.hr\/2024\/product\/barokna-sakralna-arhitektura-dakovacko-osjecke-nadbiskupije\/#primaryimage\"},\"thumbnailUrl\":\"https:\/\/pfk.hr\/2024\/wp-content\/uploads\/2023\/05\/2.-Turkalj-Podmanicki-scaled.jpg\",\"datePublished\":\"2023-05-13T14:14:12+00:00\",\"dateModified\":\"2024-05-14T08:15:30+00:00\",\"breadcrumb\":{\"@id\":\"https:\/\/pfk.hr\/2024\/product\/barokna-sakralna-arhitektura-dakovacko-osjecke-nadbiskupije\/#breadcrumb\"},\"inLanguage\":\"hr\",\"potentialAction\":[{\"@type\":\"ReadAction\",\"target\":[\"https:\/\/pfk.hr\/2024\/product\/barokna-sakralna-arhitektura-dakovacko-osjecke-nadbiskupije\/\"]}]},{\"@type\":\"ImageObject\",\"inLanguage\":\"hr\",\"@id\":\"https:\/\/pfk.hr\/2024\/product\/barokna-sakralna-arhitektura-dakovacko-osjecke-nadbiskupije\/#primaryimage\",\"url\":\"https:\/\/pfk.hr\/2024\/wp-content\/uploads\/2023\/05\/2.-Turkalj-Podmanicki-scaled.jpg\",\"contentUrl\":\"https:\/\/pfk.hr\/2024\/wp-content\/uploads\/2023\/05\/2.-Turkalj-Podmanicki-scaled.jpg\",\"width\":2048,\"height\":2560},{\"@type\":\"BreadcrumbList\",\"@id\":\"https:\/\/pfk.hr\/2024\/product\/barokna-sakralna-arhitektura-dakovacko-osjecke-nadbiskupije\/#breadcrumb\",\"itemListElement\":[{\"@type\":\"ListItem\",\"position\":1,\"name\":\"Po\u010detna stranica\",\"item\":\"https:\/\/pfk.hr\/2024\/\"},{\"@type\":\"ListItem\",\"position\":2,\"name\":\"Preporuka naslova\",\"item\":\"https:\/\/pfk.hr\/2024\/preporuka-naslova\/\"},{\"@type\":\"ListItem\",\"position\":3,\"name\":\"Barokna sakralna arhitektura \u0110akova\u010dko-osje\u010dke nadbiskupije\"}]},{\"@type\":\"WebSite\",\"@id\":\"https:\/\/pfk.hr\/2024\/#website\",\"url\":\"https:\/\/pfk.hr\/2024\/\",\"name\":\"Panonski festival knjige\",\"description\":\"\u010cITAJ, LEGA, \u010cITAJ!\",\"potentialAction\":[{\"@type\":\"SearchAction\",\"target\":{\"@type\":\"EntryPoint\",\"urlTemplate\":\"https:\/\/pfk.hr\/2024\/?s={search_term_string}\"},\"query-input\":\"required name=search_term_string\"}],\"inLanguage\":\"hr\"}]}<\/script>\n<!-- \/ Yoast SEO plugin. -->","yoast_head_json":{"title":"Barokna sakralna arhitektura \u0110akova\u010dko-osje\u010dke nadbiskupije - Panonski festival knjige","robots":{"index":"index","follow":"follow","max-snippet":"max-snippet:-1","max-image-preview":"max-image-preview:large","max-video-preview":"max-video-preview:-1"},"canonical":"https:\/\/pfk.hr\/2024\/product\/barokna-sakralna-arhitektura-dakovacko-osjecke-nadbiskupije\/","og_locale":"hr_HR","og_type":"article","og_title":"Barokna sakralna arhitektura \u0110akova\u010dko-osje\u010dke nadbiskupije - Panonski festival knjige","og_description":"Margareta Turkalj Podmanicki Naklada: Institut za povijest umjetnosti Odabrav\u0161i ovu aktualnu temu za svoju doktorsku disertaciju, dora\u0111enu potom u monografiju, Margareta Turkalj Podmanicki pristupila je zadatku metodolo\u0161ki primjereno. Prostorne i vremenske odrednice \u2013 teritorij dana\u0161nje \u0110akova\u010dko-osje\u010dke nadbiskupije u prvoj polovini 18. stolje\u0107a \u2013 izabrane su jer upravo na tom prostoru u to vrijeme nastaju najzna\u010dajnije...","og_url":"https:\/\/pfk.hr\/2024\/product\/barokna-sakralna-arhitektura-dakovacko-osjecke-nadbiskupije\/","og_site_name":"Panonski festival knjige","article_modified_time":"2024-05-14T08:15:30+00:00","og_image":[{"width":2048,"height":2560,"url":"https:\/\/pfk.hr\/2024\/wp-content\/uploads\/2023\/05\/2.-Turkalj-Podmanicki-scaled.jpg","type":"image\/jpeg"}],"twitter_card":"summary_large_image","twitter_misc":{"Procijenjeno vrijeme \u010ditanja":"2 minute"},"schema":{"@context":"https:\/\/schema.org","@graph":[{"@type":"WebPage","@id":"https:\/\/pfk.hr\/2024\/product\/barokna-sakralna-arhitektura-dakovacko-osjecke-nadbiskupije\/","url":"https:\/\/pfk.hr\/2024\/product\/barokna-sakralna-arhitektura-dakovacko-osjecke-nadbiskupije\/","name":"Barokna sakralna arhitektura \u0110akova\u010dko-osje\u010dke nadbiskupije - Panonski festival knjige","isPartOf":{"@id":"https:\/\/pfk.hr\/2024\/#website"},"primaryImageOfPage":{"@id":"https:\/\/pfk.hr\/2024\/product\/barokna-sakralna-arhitektura-dakovacko-osjecke-nadbiskupije\/#primaryimage"},"image":{"@id":"https:\/\/pfk.hr\/2024\/product\/barokna-sakralna-arhitektura-dakovacko-osjecke-nadbiskupije\/#primaryimage"},"thumbnailUrl":"https:\/\/pfk.hr\/2024\/wp-content\/uploads\/2023\/05\/2.-Turkalj-Podmanicki-scaled.jpg","datePublished":"2023-05-13T14:14:12+00:00","dateModified":"2024-05-14T08:15:30+00:00","breadcrumb":{"@id":"https:\/\/pfk.hr\/2024\/product\/barokna-sakralna-arhitektura-dakovacko-osjecke-nadbiskupije\/#breadcrumb"},"inLanguage":"hr","potentialAction":[{"@type":"ReadAction","target":["https:\/\/pfk.hr\/2024\/product\/barokna-sakralna-arhitektura-dakovacko-osjecke-nadbiskupije\/"]}]},{"@type":"ImageObject","inLanguage":"hr","@id":"https:\/\/pfk.hr\/2024\/product\/barokna-sakralna-arhitektura-dakovacko-osjecke-nadbiskupije\/#primaryimage","url":"https:\/\/pfk.hr\/2024\/wp-content\/uploads\/2023\/05\/2.-Turkalj-Podmanicki-scaled.jpg","contentUrl":"https:\/\/pfk.hr\/2024\/wp-content\/uploads\/2023\/05\/2.-Turkalj-Podmanicki-scaled.jpg","width":2048,"height":2560},{"@type":"BreadcrumbList","@id":"https:\/\/pfk.hr\/2024\/product\/barokna-sakralna-arhitektura-dakovacko-osjecke-nadbiskupije\/#breadcrumb","itemListElement":[{"@type":"ListItem","position":1,"name":"Po\u010detna stranica","item":"https:\/\/pfk.hr\/2024\/"},{"@type":"ListItem","position":2,"name":"Preporuka naslova","item":"https:\/\/pfk.hr\/2024\/preporuka-naslova\/"},{"@type":"ListItem","position":3,"name":"Barokna sakralna arhitektura \u0110akova\u010dko-osje\u010dke nadbiskupije"}]},{"@type":"WebSite","@id":"https:\/\/pfk.hr\/2024\/#website","url":"https:\/\/pfk.hr\/2024\/","name":"Panonski festival knjige","description":"\u010cITAJ, LEGA, \u010cITAJ!","potentialAction":[{"@type":"SearchAction","target":{"@type":"EntryPoint","urlTemplate":"https:\/\/pfk.hr\/2024\/?s={search_term_string}"},"query-input":"required name=search_term_string"}],"inLanguage":"hr"}]}},"_links":{"self":[{"href":"https:\/\/pfk.hr\/2024\/wp-json\/wp\/v2\/product\/988598","targetHints":{"allow":["GET"]}}],"collection":[{"href":"https:\/\/pfk.hr\/2024\/wp-json\/wp\/v2\/product"}],"about":[{"href":"https:\/\/pfk.hr\/2024\/wp-json\/wp\/v2\/types\/product"}],"wp:featuredmedia":[{"embeddable":true,"href":"https:\/\/pfk.hr\/2024\/wp-json\/wp\/v2\/media\/989471"}],"wp:attachment":[{"href":"https:\/\/pfk.hr\/2024\/wp-json\/wp\/v2\/media?parent=988598"}],"wp:term":[{"taxonomy":"product_cat","embeddable":true,"href":"https:\/\/pfk.hr\/2024\/wp-json\/wp\/v2\/product_cat?post=988598"},{"taxonomy":"product_tag","embeddable":true,"href":"https:\/\/pfk.hr\/2024\/wp-json\/wp\/v2\/product_tag?post=988598"}],"curies":[{"name":"wp","href":"https:\/\/api.w.org\/{rel}","templated":true}]}}