{"id":988597,"date":"2023-05-13T15:53:22","date_gmt":"2023-05-13T13:53:22","guid":{"rendered":"https:\/\/pfk.hr\/?post_type=product&#038;p=988597"},"modified":"2024-05-14T10:31:31","modified_gmt":"2024-05-14T08:31:31","slug":"pozeska-katedrala","status":"publish","type":"product","link":"https:\/\/pfk.hr\/2024\/product\/pozeska-katedrala\/","title":{"rendered":"Po\u017ee\u0161ka katedrala"},"content":{"rendered":"<div>\n<div data-hveid=\"CAsQAA\">\n<div data-md=\"221\" data-hveid=\"CAkQAA\" data-ved=\"2ahUKEwjJ7dyf2-P-AhX5wQIHHf6aC2MQnKEBegQICRAA\">\n<p><strong>Skupina autora<\/strong><\/p>\n<\/div>\n<\/div>\n<\/div>\n<div class=\"GRl5yb a8pxAe\">\n<div id=\"JTPWx\" class=\"FJIcp\" role=\"tablist\" data-hveid=\"CA0QAA\">Naklada: Institut za povijest umjetnosti<\/div>\n<\/div>\n<hr \/>\n<p>Katedrala sv. Terezije u Po\u017eegi sagra\u0111ena je kao \u017eupna crkva (1756.\u20131763.) odlukom zagreba\u010d\u00adkog biskupa Franje Thauszyja, uz carsku potporu Marije Terezije, zadobiv\u0161i s prate\u0107im konzistorijem i sjemeni\u0161tem ulogu sjedi\u0161ta pomo\u0107ne biskupske uprave za zapadnu Slavoniju. Time je na svojevr\u00adstan na\u010din najavljeno osnivanje Po\u017ee\u0161ke biskupije vi\u0161e od dva stolje\u0107a poslije, 1997. godine. Tako istaknut status rezultirao je visokom arhitekton\u00adskom kvalitetom same kasnobarokne crkve, sagra\u00ad\u0111ene po projektu vrsnoga arhitekta iz austrijskoga kulturnog kruga, te njezine rasko\u0161ne opreme, na\u00adstale u radionicama be\u010dkih, \u0161tajerskih i doma\u0107ih majstora.<\/p>\n<p>Barokni i rokoko ansambl nadopunjen je na prijelazu 19. u 20. stolje\u0107e historicisti\u010dkim i secesijskim umjetninama, zaokru\u017eenima zidnim slikama velikan\u00e2 hrvatske moderne \u2013 Celestina Medovi\u0107a i Otona Ivekovi\u0107a. Uzdignu\u0107e na rang katedrale, pak, pra\u0107eno je restauracijom i opre\u00admanjem djelima vode\u0107ih suvremenih umjetnika \u2013 \u0160ime Vulasa, \u0110ure Sedera, Marije Ujevi\u0107 Galeto\u00advi\u0107 i drugih, koje je znala\u010dki odabrao prvi po\u017ee\u0161ki biskup mons. dr. Antun \u0160kvor\u010devi\u0107. Uz ulogu me\u00adcene, biskup \u0160kvor\u010devi\u0107 inicirao je i izradbu znan\u00adstvene monografije\u00a0<em>Po\u017ee\u0161ka katedrala<\/em>, objavljene o dvadesetpetoj obljetnici osnutka Po\u017ee\u0161ke bisku\u00adpije, u suizdanju s Institutom za povijest umjetnosti i ArTresor nakladom.<\/p>\n<p>Redovna cijena: 60,00 \u20ac<\/p>\n<p>PFK cijena: 45,00 \u20ac<\/p>\n","protected":false},"excerpt":{"rendered":"<p>Skupina autora Naklada: Institut za povijest umjetnosti Katedrala sv. Terezije u Po\u017eegi sagra\u0111ena je kao \u017eupna crkva (1756.\u20131763.) odlukom zagreba\u010d\u00adkog biskupa Franje Thauszyja, uz carsku potporu Marije Terezije, zadobiv\u0161i s prate\u0107im konzistorijem i sjemeni\u0161tem ulogu sjedi\u0161ta pomo\u0107ne biskupske uprave za zapadnu Slavoniju. Time je na svojevr\u00adstan na\u010din najavljeno osnivanje Po\u017ee\u0161ke biskupije vi\u0161e od dva stolje\u0107a&#8230;<\/p>\n","protected":false},"featured_media":989476,"template":"","meta":{"_acf_changed":false},"product_cat":[86],"product_tag":[],"class_list":{"0":"post-988597","1":"product","2":"type-product","3":"status-publish","4":"has-post-thumbnail","6":"product_cat-knjige","8":"first","9":"instock","10":"shipping-taxable","11":"product-type-simple"},"acf":[],"yoast_head":"<!-- This site is optimized with the Yoast SEO plugin v22.6 - https:\/\/yoast.com\/wordpress\/plugins\/seo\/ -->\n<title>Po\u017ee\u0161ka katedrala - Panonski festival knjige<\/title>\n<meta name=\"robots\" content=\"index, follow, max-snippet:-1, max-image-preview:large, max-video-preview:-1\" \/>\n<link rel=\"canonical\" href=\"https:\/\/pfk.hr\/2024\/product\/pozeska-katedrala\/\" \/>\n<meta property=\"og:locale\" content=\"hr_HR\" \/>\n<meta property=\"og:type\" content=\"article\" \/>\n<meta property=\"og:title\" content=\"Po\u017ee\u0161ka katedrala - Panonski festival knjige\" \/>\n<meta property=\"og:description\" content=\"Skupina autora Naklada: Institut za povijest umjetnosti Katedrala sv. Terezije u Po\u017eegi sagra\u0111ena je kao \u017eupna crkva (1756.\u20131763.) odlukom zagreba\u010d\u00adkog biskupa Franje Thauszyja, uz carsku potporu Marije Terezije, zadobiv\u0161i s prate\u0107im konzistorijem i sjemeni\u0161tem ulogu sjedi\u0161ta pomo\u0107ne biskupske uprave za zapadnu Slavoniju. Time je na svojevr\u00adstan na\u010din najavljeno osnivanje Po\u017ee\u0161ke biskupije vi\u0161e od dva stolje\u0107a...\" \/>\n<meta property=\"og:url\" content=\"https:\/\/pfk.hr\/2024\/product\/pozeska-katedrala\/\" \/>\n<meta property=\"og:site_name\" content=\"Panonski festival knjige\" \/>\n<meta property=\"article:modified_time\" content=\"2024-05-14T08:31:31+00:00\" \/>\n<meta property=\"og:image\" content=\"https:\/\/pfk.hr\/2024\/wp-content\/uploads\/2023\/05\/3.-Horvat-Levaj-ur-scaled.jpg\" \/>\n\t<meta property=\"og:image:width\" content=\"2560\" \/>\n\t<meta property=\"og:image:height\" content=\"2250\" \/>\n\t<meta property=\"og:image:type\" content=\"image\/jpeg\" \/>\n<meta name=\"twitter:card\" content=\"summary_large_image\" \/>\n<meta name=\"twitter:label1\" content=\"Procijenjeno vrijeme \u010ditanja\" \/>\n\t<meta name=\"twitter:data1\" content=\"2 minute\" \/>\n<script type=\"application\/ld+json\" class=\"yoast-schema-graph\">{\"@context\":\"https:\/\/schema.org\",\"@graph\":[{\"@type\":\"WebPage\",\"@id\":\"https:\/\/pfk.hr\/2024\/product\/pozeska-katedrala\/\",\"url\":\"https:\/\/pfk.hr\/2024\/product\/pozeska-katedrala\/\",\"name\":\"Po\u017ee\u0161ka katedrala - Panonski festival knjige\",\"isPartOf\":{\"@id\":\"https:\/\/pfk.hr\/2024\/#website\"},\"primaryImageOfPage\":{\"@id\":\"https:\/\/pfk.hr\/2024\/product\/pozeska-katedrala\/#primaryimage\"},\"image\":{\"@id\":\"https:\/\/pfk.hr\/2024\/product\/pozeska-katedrala\/#primaryimage\"},\"thumbnailUrl\":\"https:\/\/pfk.hr\/2024\/wp-content\/uploads\/2023\/05\/3.-Horvat-Levaj-ur-scaled.jpg\",\"datePublished\":\"2023-05-13T13:53:22+00:00\",\"dateModified\":\"2024-05-14T08:31:31+00:00\",\"breadcrumb\":{\"@id\":\"https:\/\/pfk.hr\/2024\/product\/pozeska-katedrala\/#breadcrumb\"},\"inLanguage\":\"hr\",\"potentialAction\":[{\"@type\":\"ReadAction\",\"target\":[\"https:\/\/pfk.hr\/2024\/product\/pozeska-katedrala\/\"]}]},{\"@type\":\"ImageObject\",\"inLanguage\":\"hr\",\"@id\":\"https:\/\/pfk.hr\/2024\/product\/pozeska-katedrala\/#primaryimage\",\"url\":\"https:\/\/pfk.hr\/2024\/wp-content\/uploads\/2023\/05\/3.-Horvat-Levaj-ur-scaled.jpg\",\"contentUrl\":\"https:\/\/pfk.hr\/2024\/wp-content\/uploads\/2023\/05\/3.-Horvat-Levaj-ur-scaled.jpg\",\"width\":2560,\"height\":2250},{\"@type\":\"BreadcrumbList\",\"@id\":\"https:\/\/pfk.hr\/2024\/product\/pozeska-katedrala\/#breadcrumb\",\"itemListElement\":[{\"@type\":\"ListItem\",\"position\":1,\"name\":\"Po\u010detna stranica\",\"item\":\"https:\/\/pfk.hr\/2024\/\"},{\"@type\":\"ListItem\",\"position\":2,\"name\":\"Preporuka naslova\",\"item\":\"https:\/\/pfk.hr\/2024\/preporuka-naslova\/\"},{\"@type\":\"ListItem\",\"position\":3,\"name\":\"Po\u017ee\u0161ka katedrala\"}]},{\"@type\":\"WebSite\",\"@id\":\"https:\/\/pfk.hr\/2024\/#website\",\"url\":\"https:\/\/pfk.hr\/2024\/\",\"name\":\"Panonski festival knjige\",\"description\":\"\u010cITAJ, LEGA, \u010cITAJ!\",\"potentialAction\":[{\"@type\":\"SearchAction\",\"target\":{\"@type\":\"EntryPoint\",\"urlTemplate\":\"https:\/\/pfk.hr\/2024\/?s={search_term_string}\"},\"query-input\":\"required name=search_term_string\"}],\"inLanguage\":\"hr\"}]}<\/script>\n<!-- \/ Yoast SEO plugin. -->","yoast_head_json":{"title":"Po\u017ee\u0161ka katedrala - Panonski festival knjige","robots":{"index":"index","follow":"follow","max-snippet":"max-snippet:-1","max-image-preview":"max-image-preview:large","max-video-preview":"max-video-preview:-1"},"canonical":"https:\/\/pfk.hr\/2024\/product\/pozeska-katedrala\/","og_locale":"hr_HR","og_type":"article","og_title":"Po\u017ee\u0161ka katedrala - Panonski festival knjige","og_description":"Skupina autora Naklada: Institut za povijest umjetnosti Katedrala sv. Terezije u Po\u017eegi sagra\u0111ena je kao \u017eupna crkva (1756.\u20131763.) odlukom zagreba\u010d\u00adkog biskupa Franje Thauszyja, uz carsku potporu Marije Terezije, zadobiv\u0161i s prate\u0107im konzistorijem i sjemeni\u0161tem ulogu sjedi\u0161ta pomo\u0107ne biskupske uprave za zapadnu Slavoniju. Time je na svojevr\u00adstan na\u010din najavljeno osnivanje Po\u017ee\u0161ke biskupije vi\u0161e od dva stolje\u0107a...","og_url":"https:\/\/pfk.hr\/2024\/product\/pozeska-katedrala\/","og_site_name":"Panonski festival knjige","article_modified_time":"2024-05-14T08:31:31+00:00","og_image":[{"width":2560,"height":2250,"url":"https:\/\/pfk.hr\/2024\/wp-content\/uploads\/2023\/05\/3.-Horvat-Levaj-ur-scaled.jpg","type":"image\/jpeg"}],"twitter_card":"summary_large_image","twitter_misc":{"Procijenjeno vrijeme \u010ditanja":"2 minute"},"schema":{"@context":"https:\/\/schema.org","@graph":[{"@type":"WebPage","@id":"https:\/\/pfk.hr\/2024\/product\/pozeska-katedrala\/","url":"https:\/\/pfk.hr\/2024\/product\/pozeska-katedrala\/","name":"Po\u017ee\u0161ka katedrala - Panonski festival knjige","isPartOf":{"@id":"https:\/\/pfk.hr\/2024\/#website"},"primaryImageOfPage":{"@id":"https:\/\/pfk.hr\/2024\/product\/pozeska-katedrala\/#primaryimage"},"image":{"@id":"https:\/\/pfk.hr\/2024\/product\/pozeska-katedrala\/#primaryimage"},"thumbnailUrl":"https:\/\/pfk.hr\/2024\/wp-content\/uploads\/2023\/05\/3.-Horvat-Levaj-ur-scaled.jpg","datePublished":"2023-05-13T13:53:22+00:00","dateModified":"2024-05-14T08:31:31+00:00","breadcrumb":{"@id":"https:\/\/pfk.hr\/2024\/product\/pozeska-katedrala\/#breadcrumb"},"inLanguage":"hr","potentialAction":[{"@type":"ReadAction","target":["https:\/\/pfk.hr\/2024\/product\/pozeska-katedrala\/"]}]},{"@type":"ImageObject","inLanguage":"hr","@id":"https:\/\/pfk.hr\/2024\/product\/pozeska-katedrala\/#primaryimage","url":"https:\/\/pfk.hr\/2024\/wp-content\/uploads\/2023\/05\/3.-Horvat-Levaj-ur-scaled.jpg","contentUrl":"https:\/\/pfk.hr\/2024\/wp-content\/uploads\/2023\/05\/3.-Horvat-Levaj-ur-scaled.jpg","width":2560,"height":2250},{"@type":"BreadcrumbList","@id":"https:\/\/pfk.hr\/2024\/product\/pozeska-katedrala\/#breadcrumb","itemListElement":[{"@type":"ListItem","position":1,"name":"Po\u010detna stranica","item":"https:\/\/pfk.hr\/2024\/"},{"@type":"ListItem","position":2,"name":"Preporuka naslova","item":"https:\/\/pfk.hr\/2024\/preporuka-naslova\/"},{"@type":"ListItem","position":3,"name":"Po\u017ee\u0161ka katedrala"}]},{"@type":"WebSite","@id":"https:\/\/pfk.hr\/2024\/#website","url":"https:\/\/pfk.hr\/2024\/","name":"Panonski festival knjige","description":"\u010cITAJ, LEGA, \u010cITAJ!","potentialAction":[{"@type":"SearchAction","target":{"@type":"EntryPoint","urlTemplate":"https:\/\/pfk.hr\/2024\/?s={search_term_string}"},"query-input":"required name=search_term_string"}],"inLanguage":"hr"}]}},"_links":{"self":[{"href":"https:\/\/pfk.hr\/2024\/wp-json\/wp\/v2\/product\/988597","targetHints":{"allow":["GET"]}}],"collection":[{"href":"https:\/\/pfk.hr\/2024\/wp-json\/wp\/v2\/product"}],"about":[{"href":"https:\/\/pfk.hr\/2024\/wp-json\/wp\/v2\/types\/product"}],"wp:featuredmedia":[{"embeddable":true,"href":"https:\/\/pfk.hr\/2024\/wp-json\/wp\/v2\/media\/989476"}],"wp:attachment":[{"href":"https:\/\/pfk.hr\/2024\/wp-json\/wp\/v2\/media?parent=988597"}],"wp:term":[{"taxonomy":"product_cat","embeddable":true,"href":"https:\/\/pfk.hr\/2024\/wp-json\/wp\/v2\/product_cat?post=988597"},{"taxonomy":"product_tag","embeddable":true,"href":"https:\/\/pfk.hr\/2024\/wp-json\/wp\/v2\/product_tag?post=988597"}],"curies":[{"name":"wp","href":"https:\/\/api.w.org\/{rel}","templated":true}]}}