{"id":988596,"date":"2023-05-13T15:49:39","date_gmt":"2023-05-13T13:49:39","guid":{"rendered":"https:\/\/pfk.hr\/?post_type=product&#038;p=988596"},"modified":"2024-05-12T17:49:47","modified_gmt":"2024-05-12T15:49:47","slug":"enciklopedija-filozofijskih-znanosti","status":"publish","type":"product","link":"https:\/\/pfk.hr\/2024\/product\/enciklopedija-filozofijskih-znanosti\/","title":{"rendered":"Enciklopedija filozofijskih znanosti"},"content":{"rendered":"<div>\n<div data-hveid=\"CAsQAA\">\n<div data-md=\"221\" data-hveid=\"CAkQAA\" data-ved=\"2ahUKEwjJ7dyf2-P-AhX5wQIHHf6aC2MQnKEBegQICRAA\">\n<p><strong>Georg Wilhelm Friedrich Hegel<\/strong><\/p>\n<\/div>\n<\/div>\n<\/div>\n<div class=\"GRl5yb a8pxAe\">\n<div id=\"JTPWx\" class=\"FJIcp\" role=\"tablist\" data-hveid=\"CA0QAA\">Naklada: Jesenski i Turk<\/div>\n<\/div>\n<hr \/>\n<p>Filozofiji nedostaje prednost koja je od koristi drugim znanostima da, u pogledu svojih predmeta, mo\u017ee pretpostaviti da su neposredno dani predod\u017ebom i da je metoda spoznavanja za po\u010detak I dalji tok ve\u0107 prihva\u0107en. Dodu\u0161e, njeni su predmeti prije svega zajedni\u010dki s religijom. Obje imaju za svoj predmet istinu, i to u naj\u0161irem smislu, \u2014 u tom smislu da je bog istina i da je samo on istina.<\/p>\n<p>Obje se zatim bave podru\u010djem kona\u010dnoga, prirodom, ljudskim duhom, njihovim me\u0111usobnim odnosom i odnosom prema bogu kao svojoj istini. Stoga filozofija, dodu\u0161e, mo\u017ee pretpostaviti poznavanje svojih predmeta, \u0161tavi\u0161e, ona mora pretpostaviti takvo poznavanje kao i ina\u010de neki interes za njih, i to ve\u0107 zato \u0161to svijest sebi po vremenu prije stvara predod\u017ebe o predmetima nego pojmove o njima, a misaoni duh dapa\u010de samo kroz predo\u010divanje i obra\u0107aju\u0107i se njemu napreduje do misaonog spoznavanja i shva\u0107anja.<\/p>\n<p>Redovna cijena: 35.00 \u20ac<\/p>\n<p>PFK cijena: 28.00 \u20ac<\/p>\n<p>&nbsp;<\/p>\n","protected":false},"excerpt":{"rendered":"<p>Georg Wilhelm Friedrich Hegel Naklada: Jesenski i Turk Filozofiji nedostaje prednost koja je od koristi drugim znanostima da, u pogledu svojih predmeta, mo\u017ee pretpostaviti da su neposredno dani predod\u017ebom i da je metoda spoznavanja za po\u010detak I dalji tok ve\u0107 prihva\u0107en. Dodu\u0161e, njeni su predmeti prije svega zajedni\u010dki s religijom. Obje imaju za svoj predmet&#8230;<\/p>\n","protected":false},"featured_media":989497,"template":"","meta":{"_acf_changed":false},"product_cat":[86],"product_tag":[],"class_list":{"0":"post-988596","1":"product","2":"type-product","3":"status-publish","4":"has-post-thumbnail","6":"product_cat-knjige","8":"first","9":"instock","10":"shipping-taxable","11":"product-type-simple"},"acf":[],"yoast_head":"<!-- This site is optimized with the Yoast SEO plugin v22.6 - https:\/\/yoast.com\/wordpress\/plugins\/seo\/ -->\n<title>Enciklopedija filozofijskih znanosti - Panonski festival knjige<\/title>\n<meta name=\"robots\" content=\"index, follow, max-snippet:-1, max-image-preview:large, max-video-preview:-1\" \/>\n<link rel=\"canonical\" href=\"https:\/\/pfk.hr\/2024\/product\/enciklopedija-filozofijskih-znanosti\/\" \/>\n<meta property=\"og:locale\" content=\"hr_HR\" \/>\n<meta property=\"og:type\" content=\"article\" \/>\n<meta property=\"og:title\" content=\"Enciklopedija filozofijskih znanosti - Panonski festival knjige\" \/>\n<meta property=\"og:description\" content=\"Georg Wilhelm Friedrich Hegel Naklada: Jesenski i Turk Filozofiji nedostaje prednost koja je od koristi drugim znanostima da, u pogledu svojih predmeta, mo\u017ee pretpostaviti da su neposredno dani predod\u017ebom i da je metoda spoznavanja za po\u010detak I dalji tok ve\u0107 prihva\u0107en. Dodu\u0161e, njeni su predmeti prije svega zajedni\u010dki s religijom. Obje imaju za svoj predmet...\" \/>\n<meta property=\"og:url\" content=\"https:\/\/pfk.hr\/2024\/product\/enciklopedija-filozofijskih-znanosti\/\" \/>\n<meta property=\"og:site_name\" content=\"Panonski festival knjige\" \/>\n<meta property=\"article:modified_time\" content=\"2024-05-12T15:49:47+00:00\" \/>\n<meta property=\"og:image\" content=\"https:\/\/pfk.hr\/2024\/wp-content\/uploads\/2023\/05\/hegel_enciklopedija_prednjica-1.png\" \/>\n\t<meta property=\"og:image:width\" content=\"230\" \/>\n\t<meta property=\"og:image:height\" content=\"335\" \/>\n\t<meta property=\"og:image:type\" content=\"image\/png\" \/>\n<meta name=\"twitter:card\" content=\"summary_large_image\" \/>\n<meta name=\"twitter:label1\" content=\"Procijenjeno vrijeme \u010ditanja\" \/>\n\t<meta name=\"twitter:data1\" content=\"2 minute\" \/>\n<script type=\"application\/ld+json\" class=\"yoast-schema-graph\">{\"@context\":\"https:\/\/schema.org\",\"@graph\":[{\"@type\":\"WebPage\",\"@id\":\"https:\/\/pfk.hr\/2024\/product\/enciklopedija-filozofijskih-znanosti\/\",\"url\":\"https:\/\/pfk.hr\/2024\/product\/enciklopedija-filozofijskih-znanosti\/\",\"name\":\"Enciklopedija filozofijskih znanosti - Panonski festival knjige\",\"isPartOf\":{\"@id\":\"https:\/\/pfk.hr\/2024\/#website\"},\"primaryImageOfPage\":{\"@id\":\"https:\/\/pfk.hr\/2024\/product\/enciklopedija-filozofijskih-znanosti\/#primaryimage\"},\"image\":{\"@id\":\"https:\/\/pfk.hr\/2024\/product\/enciklopedija-filozofijskih-znanosti\/#primaryimage\"},\"thumbnailUrl\":\"https:\/\/pfk.hr\/2024\/wp-content\/uploads\/2023\/05\/hegel_enciklopedija_prednjica-1.png\",\"datePublished\":\"2023-05-13T13:49:39+00:00\",\"dateModified\":\"2024-05-12T15:49:47+00:00\",\"breadcrumb\":{\"@id\":\"https:\/\/pfk.hr\/2024\/product\/enciklopedija-filozofijskih-znanosti\/#breadcrumb\"},\"inLanguage\":\"hr\",\"potentialAction\":[{\"@type\":\"ReadAction\",\"target\":[\"https:\/\/pfk.hr\/2024\/product\/enciklopedija-filozofijskih-znanosti\/\"]}]},{\"@type\":\"ImageObject\",\"inLanguage\":\"hr\",\"@id\":\"https:\/\/pfk.hr\/2024\/product\/enciklopedija-filozofijskih-znanosti\/#primaryimage\",\"url\":\"https:\/\/pfk.hr\/2024\/wp-content\/uploads\/2023\/05\/hegel_enciklopedija_prednjica-1.png\",\"contentUrl\":\"https:\/\/pfk.hr\/2024\/wp-content\/uploads\/2023\/05\/hegel_enciklopedija_prednjica-1.png\",\"width\":230,\"height\":335},{\"@type\":\"BreadcrumbList\",\"@id\":\"https:\/\/pfk.hr\/2024\/product\/enciklopedija-filozofijskih-znanosti\/#breadcrumb\",\"itemListElement\":[{\"@type\":\"ListItem\",\"position\":1,\"name\":\"Po\u010detna stranica\",\"item\":\"https:\/\/pfk.hr\/2024\/\"},{\"@type\":\"ListItem\",\"position\":2,\"name\":\"Preporuka naslova\",\"item\":\"https:\/\/pfk.hr\/2024\/preporuka-naslova\/\"},{\"@type\":\"ListItem\",\"position\":3,\"name\":\"Enciklopedija filozofijskih znanosti\"}]},{\"@type\":\"WebSite\",\"@id\":\"https:\/\/pfk.hr\/2024\/#website\",\"url\":\"https:\/\/pfk.hr\/2024\/\",\"name\":\"Panonski festival knjige\",\"description\":\"\u010cITAJ, LEGA, \u010cITAJ!\",\"potentialAction\":[{\"@type\":\"SearchAction\",\"target\":{\"@type\":\"EntryPoint\",\"urlTemplate\":\"https:\/\/pfk.hr\/2024\/?s={search_term_string}\"},\"query-input\":\"required name=search_term_string\"}],\"inLanguage\":\"hr\"}]}<\/script>\n<!-- \/ Yoast SEO plugin. -->","yoast_head_json":{"title":"Enciklopedija filozofijskih znanosti - Panonski festival knjige","robots":{"index":"index","follow":"follow","max-snippet":"max-snippet:-1","max-image-preview":"max-image-preview:large","max-video-preview":"max-video-preview:-1"},"canonical":"https:\/\/pfk.hr\/2024\/product\/enciklopedija-filozofijskih-znanosti\/","og_locale":"hr_HR","og_type":"article","og_title":"Enciklopedija filozofijskih znanosti - Panonski festival knjige","og_description":"Georg Wilhelm Friedrich Hegel Naklada: Jesenski i Turk Filozofiji nedostaje prednost koja je od koristi drugim znanostima da, u pogledu svojih predmeta, mo\u017ee pretpostaviti da su neposredno dani predod\u017ebom i da je metoda spoznavanja za po\u010detak I dalji tok ve\u0107 prihva\u0107en. Dodu\u0161e, njeni su predmeti prije svega zajedni\u010dki s religijom. Obje imaju za svoj predmet...","og_url":"https:\/\/pfk.hr\/2024\/product\/enciklopedija-filozofijskih-znanosti\/","og_site_name":"Panonski festival knjige","article_modified_time":"2024-05-12T15:49:47+00:00","og_image":[{"width":230,"height":335,"url":"https:\/\/pfk.hr\/2024\/wp-content\/uploads\/2023\/05\/hegel_enciklopedija_prednjica-1.png","type":"image\/png"}],"twitter_card":"summary_large_image","twitter_misc":{"Procijenjeno vrijeme \u010ditanja":"2 minute"},"schema":{"@context":"https:\/\/schema.org","@graph":[{"@type":"WebPage","@id":"https:\/\/pfk.hr\/2024\/product\/enciklopedija-filozofijskih-znanosti\/","url":"https:\/\/pfk.hr\/2024\/product\/enciklopedija-filozofijskih-znanosti\/","name":"Enciklopedija filozofijskih znanosti - Panonski festival knjige","isPartOf":{"@id":"https:\/\/pfk.hr\/2024\/#website"},"primaryImageOfPage":{"@id":"https:\/\/pfk.hr\/2024\/product\/enciklopedija-filozofijskih-znanosti\/#primaryimage"},"image":{"@id":"https:\/\/pfk.hr\/2024\/product\/enciklopedija-filozofijskih-znanosti\/#primaryimage"},"thumbnailUrl":"https:\/\/pfk.hr\/2024\/wp-content\/uploads\/2023\/05\/hegel_enciklopedija_prednjica-1.png","datePublished":"2023-05-13T13:49:39+00:00","dateModified":"2024-05-12T15:49:47+00:00","breadcrumb":{"@id":"https:\/\/pfk.hr\/2024\/product\/enciklopedija-filozofijskih-znanosti\/#breadcrumb"},"inLanguage":"hr","potentialAction":[{"@type":"ReadAction","target":["https:\/\/pfk.hr\/2024\/product\/enciklopedija-filozofijskih-znanosti\/"]}]},{"@type":"ImageObject","inLanguage":"hr","@id":"https:\/\/pfk.hr\/2024\/product\/enciklopedija-filozofijskih-znanosti\/#primaryimage","url":"https:\/\/pfk.hr\/2024\/wp-content\/uploads\/2023\/05\/hegel_enciklopedija_prednjica-1.png","contentUrl":"https:\/\/pfk.hr\/2024\/wp-content\/uploads\/2023\/05\/hegel_enciklopedija_prednjica-1.png","width":230,"height":335},{"@type":"BreadcrumbList","@id":"https:\/\/pfk.hr\/2024\/product\/enciklopedija-filozofijskih-znanosti\/#breadcrumb","itemListElement":[{"@type":"ListItem","position":1,"name":"Po\u010detna stranica","item":"https:\/\/pfk.hr\/2024\/"},{"@type":"ListItem","position":2,"name":"Preporuka naslova","item":"https:\/\/pfk.hr\/2024\/preporuka-naslova\/"},{"@type":"ListItem","position":3,"name":"Enciklopedija filozofijskih znanosti"}]},{"@type":"WebSite","@id":"https:\/\/pfk.hr\/2024\/#website","url":"https:\/\/pfk.hr\/2024\/","name":"Panonski festival knjige","description":"\u010cITAJ, LEGA, \u010cITAJ!","potentialAction":[{"@type":"SearchAction","target":{"@type":"EntryPoint","urlTemplate":"https:\/\/pfk.hr\/2024\/?s={search_term_string}"},"query-input":"required name=search_term_string"}],"inLanguage":"hr"}]}},"_links":{"self":[{"href":"https:\/\/pfk.hr\/2024\/wp-json\/wp\/v2\/product\/988596","targetHints":{"allow":["GET"]}}],"collection":[{"href":"https:\/\/pfk.hr\/2024\/wp-json\/wp\/v2\/product"}],"about":[{"href":"https:\/\/pfk.hr\/2024\/wp-json\/wp\/v2\/types\/product"}],"wp:featuredmedia":[{"embeddable":true,"href":"https:\/\/pfk.hr\/2024\/wp-json\/wp\/v2\/media\/989497"}],"wp:attachment":[{"href":"https:\/\/pfk.hr\/2024\/wp-json\/wp\/v2\/media?parent=988596"}],"wp:term":[{"taxonomy":"product_cat","embeddable":true,"href":"https:\/\/pfk.hr\/2024\/wp-json\/wp\/v2\/product_cat?post=988596"},{"taxonomy":"product_tag","embeddable":true,"href":"https:\/\/pfk.hr\/2024\/wp-json\/wp\/v2\/product_tag?post=988596"}],"curies":[{"name":"wp","href":"https:\/\/api.w.org\/{rel}","templated":true}]}}