{"id":988588,"date":"2023-05-13T15:18:49","date_gmt":"2023-05-13T13:18:49","guid":{"rendered":"https:\/\/pfk.hr\/?post_type=product&#038;p=988588"},"modified":"2024-05-12T19:09:50","modified_gmt":"2024-05-12T17:09:50","slug":"djecja-enciklopedija-svijet-u-brojkama","status":"publish","type":"product","link":"https:\/\/pfk.hr\/2024\/product\/djecja-enciklopedija-svijet-u-brojkama\/","title":{"rendered":"Dje\u010dja enciklopedija &#8211; Svijet u brojkama"},"content":{"rendered":"<div class=\"hHq9Z\">\n<div data-hveid=\"CAsQAA\">\n<div class=\"gyEfO\">\n<div class=\"wDYxhc NFQFxe viOShc LKPcQc\" data-md=\"221\" data-hveid=\"CAkQAA\" data-ved=\"2ahUKEwjJ7dyf2-P-AhX5wQIHHf6aC2MQnKEBegQICRAA\">\n<div class=\"ZxoDOe yGdMVd\">\n<div class=\"UFE1qd\">\n<div class=\"EGmpye\">\n<p><strong>Clive Gifford<\/strong><\/p>\n<\/div>\n<\/div>\n<\/div>\n<\/div>\n<\/div>\n<\/div>\n<\/div>\n<div class=\"GRl5yb a8pxAe\">\n<div id=\"JTPWx\" class=\"FJIcp\" role=\"tablist\" data-hveid=\"CA0QAA\">Naklada: Na\u0161a djeca<\/div>\n<\/div>\n<hr \/>\n<p>Zanimaju te mjere, koli\u010dine, datumi i ostali rekordni podaci koje bilje\u017eimo brojkama? U ovoj dje\u010djoj enciklopediji fantasti\u010dnih \u010dinjenica saznat \u0107e\u0161 brojne podatke o mnogim temama &#8211; od procijenjenog broja zvijezda u svemiru pa do broja krvnih stanica u tvojem tijelu.<\/p>\n<p>Redovna cijena: 22.90 \u20ac<\/p>\n<p>PFK cijena: 18.00 \u20ac<\/p>\n","protected":false},"excerpt":{"rendered":"<p>Clive Gifford Naklada: Na\u0161a djeca Zanimaju te mjere, koli\u010dine, datumi i ostali rekordni podaci koje bilje\u017eimo brojkama? U ovoj dje\u010djoj enciklopediji fantasti\u010dnih \u010dinjenica saznat \u0107e\u0161 brojne podatke o mnogim temama &#8211; od procijenjenog broja zvijezda u svemiru pa do broja krvnih stanica u tvojem tijelu. Redovna cijena: 22.90 \u20ac PFK cijena: 18.00 \u20ac<\/p>\n","protected":false},"featured_media":989523,"template":"","meta":{"_acf_changed":false},"product_cat":[86],"product_tag":[],"class_list":{"0":"post-988588","1":"product","2":"type-product","3":"status-publish","4":"has-post-thumbnail","6":"product_cat-knjige","8":"first","9":"instock","10":"shipping-taxable","11":"product-type-simple"},"acf":[],"yoast_head":"<!-- This site is optimized with the Yoast SEO plugin v22.6 - https:\/\/yoast.com\/wordpress\/plugins\/seo\/ -->\n<title>Dje\u010dja enciklopedija - Svijet u brojkama - Panonski festival knjige<\/title>\n<meta name=\"robots\" content=\"index, follow, max-snippet:-1, max-image-preview:large, max-video-preview:-1\" \/>\n<link rel=\"canonical\" href=\"https:\/\/pfk.hr\/2024\/product\/djecja-enciklopedija-svijet-u-brojkama\/\" \/>\n<meta property=\"og:locale\" content=\"hr_HR\" \/>\n<meta property=\"og:type\" content=\"article\" \/>\n<meta property=\"og:title\" content=\"Dje\u010dja enciklopedija - Svijet u brojkama - Panonski festival knjige\" \/>\n<meta property=\"og:description\" content=\"Clive Gifford Naklada: Na\u0161a djeca Zanimaju te mjere, koli\u010dine, datumi i ostali rekordni podaci koje bilje\u017eimo brojkama? U ovoj dje\u010djoj enciklopediji fantasti\u010dnih \u010dinjenica saznat \u0107e\u0161 brojne podatke o mnogim temama &#8211; od procijenjenog broja zvijezda u svemiru pa do broja krvnih stanica u tvojem tijelu. Redovna cijena: 22.90 \u20ac PFK cijena: 18.00 \u20ac\" \/>\n<meta property=\"og:url\" content=\"https:\/\/pfk.hr\/2024\/product\/djecja-enciklopedija-svijet-u-brojkama\/\" \/>\n<meta property=\"og:site_name\" content=\"Panonski festival knjige\" \/>\n<meta property=\"article:modified_time\" content=\"2024-05-12T17:09:50+00:00\" \/>\n<meta property=\"og:image\" content=\"https:\/\/pfk.hr\/2024\/wp-content\/uploads\/2023\/05\/07437-0-Djecja-enciklopedija-fantasticnih-cinjenica-Nas-svijet-u-brojkama.png\" \/>\n\t<meta property=\"og:image:width\" content=\"692\" \/>\n\t<meta property=\"og:image:height\" content=\"764\" \/>\n\t<meta property=\"og:image:type\" content=\"image\/png\" \/>\n<meta name=\"twitter:card\" content=\"summary_large_image\" \/>\n<meta name=\"twitter:label1\" content=\"Procijenjeno vrijeme \u010ditanja\" \/>\n\t<meta name=\"twitter:data1\" content=\"1 minuta\" \/>\n<script type=\"application\/ld+json\" class=\"yoast-schema-graph\">{\"@context\":\"https:\/\/schema.org\",\"@graph\":[{\"@type\":\"WebPage\",\"@id\":\"https:\/\/pfk.hr\/2024\/product\/djecja-enciklopedija-svijet-u-brojkama\/\",\"url\":\"https:\/\/pfk.hr\/2024\/product\/djecja-enciklopedija-svijet-u-brojkama\/\",\"name\":\"Dje\u010dja enciklopedija - Svijet u brojkama - Panonski festival knjige\",\"isPartOf\":{\"@id\":\"https:\/\/pfk.hr\/2024\/#website\"},\"primaryImageOfPage\":{\"@id\":\"https:\/\/pfk.hr\/2024\/product\/djecja-enciklopedija-svijet-u-brojkama\/#primaryimage\"},\"image\":{\"@id\":\"https:\/\/pfk.hr\/2024\/product\/djecja-enciklopedija-svijet-u-brojkama\/#primaryimage\"},\"thumbnailUrl\":\"https:\/\/pfk.hr\/2024\/wp-content\/uploads\/2023\/05\/07437-0-Djecja-enciklopedija-fantasticnih-cinjenica-Nas-svijet-u-brojkama.png\",\"datePublished\":\"2023-05-13T13:18:49+00:00\",\"dateModified\":\"2024-05-12T17:09:50+00:00\",\"breadcrumb\":{\"@id\":\"https:\/\/pfk.hr\/2024\/product\/djecja-enciklopedija-svijet-u-brojkama\/#breadcrumb\"},\"inLanguage\":\"hr\",\"potentialAction\":[{\"@type\":\"ReadAction\",\"target\":[\"https:\/\/pfk.hr\/2024\/product\/djecja-enciklopedija-svijet-u-brojkama\/\"]}]},{\"@type\":\"ImageObject\",\"inLanguage\":\"hr\",\"@id\":\"https:\/\/pfk.hr\/2024\/product\/djecja-enciklopedija-svijet-u-brojkama\/#primaryimage\",\"url\":\"https:\/\/pfk.hr\/2024\/wp-content\/uploads\/2023\/05\/07437-0-Djecja-enciklopedija-fantasticnih-cinjenica-Nas-svijet-u-brojkama.png\",\"contentUrl\":\"https:\/\/pfk.hr\/2024\/wp-content\/uploads\/2023\/05\/07437-0-Djecja-enciklopedija-fantasticnih-cinjenica-Nas-svijet-u-brojkama.png\",\"width\":692,\"height\":764},{\"@type\":\"BreadcrumbList\",\"@id\":\"https:\/\/pfk.hr\/2024\/product\/djecja-enciklopedija-svijet-u-brojkama\/#breadcrumb\",\"itemListElement\":[{\"@type\":\"ListItem\",\"position\":1,\"name\":\"Po\u010detna stranica\",\"item\":\"https:\/\/pfk.hr\/2024\/\"},{\"@type\":\"ListItem\",\"position\":2,\"name\":\"Preporuka naslova\",\"item\":\"https:\/\/pfk.hr\/2024\/preporuka-naslova\/\"},{\"@type\":\"ListItem\",\"position\":3,\"name\":\"Dje\u010dja enciklopedija &#8211; Svijet u brojkama\"}]},{\"@type\":\"WebSite\",\"@id\":\"https:\/\/pfk.hr\/2024\/#website\",\"url\":\"https:\/\/pfk.hr\/2024\/\",\"name\":\"Panonski festival knjige\",\"description\":\"\u010cITAJ, LEGA, \u010cITAJ!\",\"potentialAction\":[{\"@type\":\"SearchAction\",\"target\":{\"@type\":\"EntryPoint\",\"urlTemplate\":\"https:\/\/pfk.hr\/2024\/?s={search_term_string}\"},\"query-input\":\"required name=search_term_string\"}],\"inLanguage\":\"hr\"}]}<\/script>\n<!-- \/ Yoast SEO plugin. -->","yoast_head_json":{"title":"Dje\u010dja enciklopedija - Svijet u brojkama - Panonski festival knjige","robots":{"index":"index","follow":"follow","max-snippet":"max-snippet:-1","max-image-preview":"max-image-preview:large","max-video-preview":"max-video-preview:-1"},"canonical":"https:\/\/pfk.hr\/2024\/product\/djecja-enciklopedija-svijet-u-brojkama\/","og_locale":"hr_HR","og_type":"article","og_title":"Dje\u010dja enciklopedija - Svijet u brojkama - Panonski festival knjige","og_description":"Clive Gifford Naklada: Na\u0161a djeca Zanimaju te mjere, koli\u010dine, datumi i ostali rekordni podaci koje bilje\u017eimo brojkama? U ovoj dje\u010djoj enciklopediji fantasti\u010dnih \u010dinjenica saznat \u0107e\u0161 brojne podatke o mnogim temama &#8211; od procijenjenog broja zvijezda u svemiru pa do broja krvnih stanica u tvojem tijelu. Redovna cijena: 22.90 \u20ac PFK cijena: 18.00 \u20ac","og_url":"https:\/\/pfk.hr\/2024\/product\/djecja-enciklopedija-svijet-u-brojkama\/","og_site_name":"Panonski festival knjige","article_modified_time":"2024-05-12T17:09:50+00:00","og_image":[{"width":692,"height":764,"url":"https:\/\/pfk.hr\/2024\/wp-content\/uploads\/2023\/05\/07437-0-Djecja-enciklopedija-fantasticnih-cinjenica-Nas-svijet-u-brojkama.png","type":"image\/png"}],"twitter_card":"summary_large_image","twitter_misc":{"Procijenjeno vrijeme \u010ditanja":"1 minuta"},"schema":{"@context":"https:\/\/schema.org","@graph":[{"@type":"WebPage","@id":"https:\/\/pfk.hr\/2024\/product\/djecja-enciklopedija-svijet-u-brojkama\/","url":"https:\/\/pfk.hr\/2024\/product\/djecja-enciklopedija-svijet-u-brojkama\/","name":"Dje\u010dja enciklopedija - Svijet u brojkama - Panonski festival knjige","isPartOf":{"@id":"https:\/\/pfk.hr\/2024\/#website"},"primaryImageOfPage":{"@id":"https:\/\/pfk.hr\/2024\/product\/djecja-enciklopedija-svijet-u-brojkama\/#primaryimage"},"image":{"@id":"https:\/\/pfk.hr\/2024\/product\/djecja-enciklopedija-svijet-u-brojkama\/#primaryimage"},"thumbnailUrl":"https:\/\/pfk.hr\/2024\/wp-content\/uploads\/2023\/05\/07437-0-Djecja-enciklopedija-fantasticnih-cinjenica-Nas-svijet-u-brojkama.png","datePublished":"2023-05-13T13:18:49+00:00","dateModified":"2024-05-12T17:09:50+00:00","breadcrumb":{"@id":"https:\/\/pfk.hr\/2024\/product\/djecja-enciklopedija-svijet-u-brojkama\/#breadcrumb"},"inLanguage":"hr","potentialAction":[{"@type":"ReadAction","target":["https:\/\/pfk.hr\/2024\/product\/djecja-enciklopedija-svijet-u-brojkama\/"]}]},{"@type":"ImageObject","inLanguage":"hr","@id":"https:\/\/pfk.hr\/2024\/product\/djecja-enciklopedija-svijet-u-brojkama\/#primaryimage","url":"https:\/\/pfk.hr\/2024\/wp-content\/uploads\/2023\/05\/07437-0-Djecja-enciklopedija-fantasticnih-cinjenica-Nas-svijet-u-brojkama.png","contentUrl":"https:\/\/pfk.hr\/2024\/wp-content\/uploads\/2023\/05\/07437-0-Djecja-enciklopedija-fantasticnih-cinjenica-Nas-svijet-u-brojkama.png","width":692,"height":764},{"@type":"BreadcrumbList","@id":"https:\/\/pfk.hr\/2024\/product\/djecja-enciklopedija-svijet-u-brojkama\/#breadcrumb","itemListElement":[{"@type":"ListItem","position":1,"name":"Po\u010detna stranica","item":"https:\/\/pfk.hr\/2024\/"},{"@type":"ListItem","position":2,"name":"Preporuka naslova","item":"https:\/\/pfk.hr\/2024\/preporuka-naslova\/"},{"@type":"ListItem","position":3,"name":"Dje\u010dja enciklopedija &#8211; Svijet u brojkama"}]},{"@type":"WebSite","@id":"https:\/\/pfk.hr\/2024\/#website","url":"https:\/\/pfk.hr\/2024\/","name":"Panonski festival knjige","description":"\u010cITAJ, LEGA, \u010cITAJ!","potentialAction":[{"@type":"SearchAction","target":{"@type":"EntryPoint","urlTemplate":"https:\/\/pfk.hr\/2024\/?s={search_term_string}"},"query-input":"required name=search_term_string"}],"inLanguage":"hr"}]}},"_links":{"self":[{"href":"https:\/\/pfk.hr\/2024\/wp-json\/wp\/v2\/product\/988588","targetHints":{"allow":["GET"]}}],"collection":[{"href":"https:\/\/pfk.hr\/2024\/wp-json\/wp\/v2\/product"}],"about":[{"href":"https:\/\/pfk.hr\/2024\/wp-json\/wp\/v2\/types\/product"}],"wp:featuredmedia":[{"embeddable":true,"href":"https:\/\/pfk.hr\/2024\/wp-json\/wp\/v2\/media\/989523"}],"wp:attachment":[{"href":"https:\/\/pfk.hr\/2024\/wp-json\/wp\/v2\/media?parent=988588"}],"wp:term":[{"taxonomy":"product_cat","embeddable":true,"href":"https:\/\/pfk.hr\/2024\/wp-json\/wp\/v2\/product_cat?post=988588"},{"taxonomy":"product_tag","embeddable":true,"href":"https:\/\/pfk.hr\/2024\/wp-json\/wp\/v2\/product_tag?post=988588"}],"curies":[{"name":"wp","href":"https:\/\/api.w.org\/{rel}","templated":true}]}}