{"id":988587,"date":"2023-05-13T15:16:37","date_gmt":"2023-05-13T13:16:37","guid":{"rendered":"https:\/\/pfk.hr\/?post_type=product&#038;p=988587"},"modified":"2024-05-12T19:18:12","modified_gmt":"2024-05-12T17:18:12","slug":"slucaj-vlastite-pogibelji","status":"publish","type":"product","link":"https:\/\/pfk.hr\/2024\/product\/slucaj-vlastite-pogibelji\/","title":{"rendered":"Slu\u010daj vlastite pogibelji"},"content":{"rendered":"<div class=\"hHq9Z\">\n<div data-hveid=\"CAsQAA\">\n<div class=\"gyEfO\">\n<div class=\"wDYxhc NFQFxe viOShc LKPcQc\" data-md=\"221\" data-hveid=\"CAkQAA\" data-ved=\"2ahUKEwjJ7dyf2-P-AhX5wQIHHf6aC2MQnKEBegQICRAA\">\n<div class=\"ZxoDOe yGdMVd\">\n<div class=\"UFE1qd\">\n<div class=\"EGmpye\">\n<p><strong>Kristian Novak<\/strong><\/p>\n<\/div>\n<\/div>\n<\/div>\n<\/div>\n<\/div>\n<\/div>\n<\/div>\n<div class=\"GRl5yb a8pxAe\">\n<p id=\"JTPWx\" class=\"FJIcp\" role=\"tablist\" data-hveid=\"CA0QAA\">Naklada: OceanMore<\/p>\n<hr \/>\n<div>Mladi prometni policajac na\u0111en je mrtav na stra\u017enjem sjedi\u0161tu svojeg automobila. Slu\u010daj je klasificiran kao samoubojstvo u \u0161to, s obzirom na niz neobi\u010dnih okolnosti i \u010dinjenicu da nije obavljena obdukcija, sumnja njegova obitelj i dobar dio javnosti. Obitelj od njegova starijeg brata, tako\u0111er policajca, zahtjeva da sazna istinu, kazni odgovorne.<\/div>\n<div><\/div>\n<div>Istodobno, ambiciozna profesorica priprema dramsku grupu srednjo\u0161kolaca za uprizorenje\u00a0<em>Antigone<\/em>, pri \u010demu s njima evocira upravo tragi\u010dan doga\u0111aj kojemu svjedo\u010de u svojoj suvremenosti. I oko kojeg im se mi\u0161ljenja potpuno razilaze. Dok poku\u0161ava dokazati istinu i tako obraniti svoje dostojanstvo i radno mjesto od uvrije\u0111enih roditelja srednjo\u0161kolaca, pripadnika lokalne elite, gubi stup po stup svojeg dotad sretnog gra\u0111anskog \u017eivota, ali pronalazi odva\u017enost koje nije bila svjesna. Smrt mladog policajca, kao jeka fatalnog pucnja, stubokom mijenja \u017eivote onih koji su ostali.<\/div>\n<\/div>\n<div><\/div>\n<p>Redovna cijena: 24.00 \u20ac<\/p>\n<p>PFK cijena: 20.00 \u20ac<\/p>\n","protected":false},"excerpt":{"rendered":"<p>Kristian Novak Naklada: OceanMore Mladi prometni policajac na\u0111en je mrtav na stra\u017enjem sjedi\u0161tu svojeg automobila. Slu\u010daj je klasificiran kao samoubojstvo u \u0161to, s obzirom na niz neobi\u010dnih okolnosti i \u010dinjenicu da nije obavljena obdukcija, sumnja njegova obitelj i dobar dio javnosti. Obitelj od njegova starijeg brata, tako\u0111er policajca, zahtjeva da sazna istinu, kazni odgovorne. Istodobno,&#8230;<\/p>\n","protected":false},"featured_media":989526,"template":"","meta":{"_acf_changed":false},"product_cat":[86],"product_tag":[],"class_list":{"0":"post-988587","1":"product","2":"type-product","3":"status-publish","4":"has-post-thumbnail","6":"product_cat-knjige","8":"first","9":"instock","10":"shipping-taxable","11":"product-type-simple"},"acf":[],"yoast_head":"<!-- This site is optimized with the Yoast SEO plugin v22.6 - https:\/\/yoast.com\/wordpress\/plugins\/seo\/ -->\n<title>Slu\u010daj vlastite pogibelji - Panonski festival knjige<\/title>\n<meta name=\"robots\" content=\"index, follow, max-snippet:-1, max-image-preview:large, max-video-preview:-1\" \/>\n<link rel=\"canonical\" href=\"https:\/\/pfk.hr\/2024\/product\/slucaj-vlastite-pogibelji\/\" \/>\n<meta property=\"og:locale\" content=\"hr_HR\" \/>\n<meta property=\"og:type\" content=\"article\" \/>\n<meta property=\"og:title\" content=\"Slu\u010daj vlastite pogibelji - Panonski festival knjige\" \/>\n<meta property=\"og:description\" content=\"Kristian Novak Naklada: OceanMore Mladi prometni policajac na\u0111en je mrtav na stra\u017enjem sjedi\u0161tu svojeg automobila. Slu\u010daj je klasificiran kao samoubojstvo u \u0161to, s obzirom na niz neobi\u010dnih okolnosti i \u010dinjenicu da nije obavljena obdukcija, sumnja njegova obitelj i dobar dio javnosti. Obitelj od njegova starijeg brata, tako\u0111er policajca, zahtjeva da sazna istinu, kazni odgovorne. Istodobno,...\" \/>\n<meta property=\"og:url\" content=\"https:\/\/pfk.hr\/2024\/product\/slucaj-vlastite-pogibelji\/\" \/>\n<meta property=\"og:site_name\" content=\"Panonski festival knjige\" \/>\n<meta property=\"article:modified_time\" content=\"2024-05-12T17:18:12+00:00\" \/>\n<meta property=\"og:image\" content=\"https:\/\/pfk.hr\/2024\/wp-content\/uploads\/2023\/05\/Novak_naslovnica-scaled.jpg\" \/>\n\t<meta property=\"og:image:width\" content=\"1632\" \/>\n\t<meta property=\"og:image:height\" content=\"2560\" \/>\n\t<meta property=\"og:image:type\" content=\"image\/jpeg\" \/>\n<meta name=\"twitter:card\" content=\"summary_large_image\" \/>\n<meta name=\"twitter:label1\" content=\"Procijenjeno vrijeme \u010ditanja\" \/>\n\t<meta name=\"twitter:data1\" content=\"1 minuta\" \/>\n<script type=\"application\/ld+json\" class=\"yoast-schema-graph\">{\"@context\":\"https:\/\/schema.org\",\"@graph\":[{\"@type\":\"WebPage\",\"@id\":\"https:\/\/pfk.hr\/2024\/product\/slucaj-vlastite-pogibelji\/\",\"url\":\"https:\/\/pfk.hr\/2024\/product\/slucaj-vlastite-pogibelji\/\",\"name\":\"Slu\u010daj vlastite pogibelji - Panonski festival knjige\",\"isPartOf\":{\"@id\":\"https:\/\/pfk.hr\/2024\/#website\"},\"primaryImageOfPage\":{\"@id\":\"https:\/\/pfk.hr\/2024\/product\/slucaj-vlastite-pogibelji\/#primaryimage\"},\"image\":{\"@id\":\"https:\/\/pfk.hr\/2024\/product\/slucaj-vlastite-pogibelji\/#primaryimage\"},\"thumbnailUrl\":\"https:\/\/pfk.hr\/2024\/wp-content\/uploads\/2023\/05\/Novak_naslovnica-scaled.jpg\",\"datePublished\":\"2023-05-13T13:16:37+00:00\",\"dateModified\":\"2024-05-12T17:18:12+00:00\",\"breadcrumb\":{\"@id\":\"https:\/\/pfk.hr\/2024\/product\/slucaj-vlastite-pogibelji\/#breadcrumb\"},\"inLanguage\":\"hr\",\"potentialAction\":[{\"@type\":\"ReadAction\",\"target\":[\"https:\/\/pfk.hr\/2024\/product\/slucaj-vlastite-pogibelji\/\"]}]},{\"@type\":\"ImageObject\",\"inLanguage\":\"hr\",\"@id\":\"https:\/\/pfk.hr\/2024\/product\/slucaj-vlastite-pogibelji\/#primaryimage\",\"url\":\"https:\/\/pfk.hr\/2024\/wp-content\/uploads\/2023\/05\/Novak_naslovnica-scaled.jpg\",\"contentUrl\":\"https:\/\/pfk.hr\/2024\/wp-content\/uploads\/2023\/05\/Novak_naslovnica-scaled.jpg\",\"width\":1632,\"height\":2560},{\"@type\":\"BreadcrumbList\",\"@id\":\"https:\/\/pfk.hr\/2024\/product\/slucaj-vlastite-pogibelji\/#breadcrumb\",\"itemListElement\":[{\"@type\":\"ListItem\",\"position\":1,\"name\":\"Po\u010detna stranica\",\"item\":\"https:\/\/pfk.hr\/2024\/\"},{\"@type\":\"ListItem\",\"position\":2,\"name\":\"Preporuka naslova\",\"item\":\"https:\/\/pfk.hr\/2024\/preporuka-naslova\/\"},{\"@type\":\"ListItem\",\"position\":3,\"name\":\"Slu\u010daj vlastite pogibelji\"}]},{\"@type\":\"WebSite\",\"@id\":\"https:\/\/pfk.hr\/2024\/#website\",\"url\":\"https:\/\/pfk.hr\/2024\/\",\"name\":\"Panonski festival knjige\",\"description\":\"\u010cITAJ, LEGA, \u010cITAJ!\",\"potentialAction\":[{\"@type\":\"SearchAction\",\"target\":{\"@type\":\"EntryPoint\",\"urlTemplate\":\"https:\/\/pfk.hr\/2024\/?s={search_term_string}\"},\"query-input\":\"required name=search_term_string\"}],\"inLanguage\":\"hr\"}]}<\/script>\n<!-- \/ Yoast SEO plugin. -->","yoast_head_json":{"title":"Slu\u010daj vlastite pogibelji - Panonski festival knjige","robots":{"index":"index","follow":"follow","max-snippet":"max-snippet:-1","max-image-preview":"max-image-preview:large","max-video-preview":"max-video-preview:-1"},"canonical":"https:\/\/pfk.hr\/2024\/product\/slucaj-vlastite-pogibelji\/","og_locale":"hr_HR","og_type":"article","og_title":"Slu\u010daj vlastite pogibelji - Panonski festival knjige","og_description":"Kristian Novak Naklada: OceanMore Mladi prometni policajac na\u0111en je mrtav na stra\u017enjem sjedi\u0161tu svojeg automobila. Slu\u010daj je klasificiran kao samoubojstvo u \u0161to, s obzirom na niz neobi\u010dnih okolnosti i \u010dinjenicu da nije obavljena obdukcija, sumnja njegova obitelj i dobar dio javnosti. Obitelj od njegova starijeg brata, tako\u0111er policajca, zahtjeva da sazna istinu, kazni odgovorne. Istodobno,...","og_url":"https:\/\/pfk.hr\/2024\/product\/slucaj-vlastite-pogibelji\/","og_site_name":"Panonski festival knjige","article_modified_time":"2024-05-12T17:18:12+00:00","og_image":[{"width":1632,"height":2560,"url":"https:\/\/pfk.hr\/2024\/wp-content\/uploads\/2023\/05\/Novak_naslovnica-scaled.jpg","type":"image\/jpeg"}],"twitter_card":"summary_large_image","twitter_misc":{"Procijenjeno vrijeme \u010ditanja":"1 minuta"},"schema":{"@context":"https:\/\/schema.org","@graph":[{"@type":"WebPage","@id":"https:\/\/pfk.hr\/2024\/product\/slucaj-vlastite-pogibelji\/","url":"https:\/\/pfk.hr\/2024\/product\/slucaj-vlastite-pogibelji\/","name":"Slu\u010daj vlastite pogibelji - Panonski festival knjige","isPartOf":{"@id":"https:\/\/pfk.hr\/2024\/#website"},"primaryImageOfPage":{"@id":"https:\/\/pfk.hr\/2024\/product\/slucaj-vlastite-pogibelji\/#primaryimage"},"image":{"@id":"https:\/\/pfk.hr\/2024\/product\/slucaj-vlastite-pogibelji\/#primaryimage"},"thumbnailUrl":"https:\/\/pfk.hr\/2024\/wp-content\/uploads\/2023\/05\/Novak_naslovnica-scaled.jpg","datePublished":"2023-05-13T13:16:37+00:00","dateModified":"2024-05-12T17:18:12+00:00","breadcrumb":{"@id":"https:\/\/pfk.hr\/2024\/product\/slucaj-vlastite-pogibelji\/#breadcrumb"},"inLanguage":"hr","potentialAction":[{"@type":"ReadAction","target":["https:\/\/pfk.hr\/2024\/product\/slucaj-vlastite-pogibelji\/"]}]},{"@type":"ImageObject","inLanguage":"hr","@id":"https:\/\/pfk.hr\/2024\/product\/slucaj-vlastite-pogibelji\/#primaryimage","url":"https:\/\/pfk.hr\/2024\/wp-content\/uploads\/2023\/05\/Novak_naslovnica-scaled.jpg","contentUrl":"https:\/\/pfk.hr\/2024\/wp-content\/uploads\/2023\/05\/Novak_naslovnica-scaled.jpg","width":1632,"height":2560},{"@type":"BreadcrumbList","@id":"https:\/\/pfk.hr\/2024\/product\/slucaj-vlastite-pogibelji\/#breadcrumb","itemListElement":[{"@type":"ListItem","position":1,"name":"Po\u010detna stranica","item":"https:\/\/pfk.hr\/2024\/"},{"@type":"ListItem","position":2,"name":"Preporuka naslova","item":"https:\/\/pfk.hr\/2024\/preporuka-naslova\/"},{"@type":"ListItem","position":3,"name":"Slu\u010daj vlastite pogibelji"}]},{"@type":"WebSite","@id":"https:\/\/pfk.hr\/2024\/#website","url":"https:\/\/pfk.hr\/2024\/","name":"Panonski festival knjige","description":"\u010cITAJ, LEGA, \u010cITAJ!","potentialAction":[{"@type":"SearchAction","target":{"@type":"EntryPoint","urlTemplate":"https:\/\/pfk.hr\/2024\/?s={search_term_string}"},"query-input":"required name=search_term_string"}],"inLanguage":"hr"}]}},"_links":{"self":[{"href":"https:\/\/pfk.hr\/2024\/wp-json\/wp\/v2\/product\/988587","targetHints":{"allow":["GET"]}}],"collection":[{"href":"https:\/\/pfk.hr\/2024\/wp-json\/wp\/v2\/product"}],"about":[{"href":"https:\/\/pfk.hr\/2024\/wp-json\/wp\/v2\/types\/product"}],"wp:featuredmedia":[{"embeddable":true,"href":"https:\/\/pfk.hr\/2024\/wp-json\/wp\/v2\/media\/989526"}],"wp:attachment":[{"href":"https:\/\/pfk.hr\/2024\/wp-json\/wp\/v2\/media?parent=988587"}],"wp:term":[{"taxonomy":"product_cat","embeddable":true,"href":"https:\/\/pfk.hr\/2024\/wp-json\/wp\/v2\/product_cat?post=988587"},{"taxonomy":"product_tag","embeddable":true,"href":"https:\/\/pfk.hr\/2024\/wp-json\/wp\/v2\/product_tag?post=988587"}],"curies":[{"name":"wp","href":"https:\/\/api.w.org\/{rel}","templated":true}]}}