{"id":988551,"date":"2023-05-10T23:36:31","date_gmt":"2023-05-10T21:36:31","guid":{"rendered":"https:\/\/pfk.hr\/?post_type=product&#038;p=988551"},"modified":"2024-05-12T22:32:29","modified_gmt":"2024-05-12T20:32:29","slug":"zagonetni-tragovi","status":"publish","type":"product","link":"https:\/\/pfk.hr\/2024\/product\/zagonetni-tragovi\/","title":{"rendered":"Zagonetni tragovi"},"content":{"rendered":"<div class=\"hHq9Z\">\n<div data-hveid=\"CAsQAA\">\n<div class=\"gyEfO\">\n<div class=\"wDYxhc NFQFxe viOShc LKPcQc\" data-md=\"221\" data-hveid=\"CAkQAA\" data-ved=\"2ahUKEwjJ7dyf2-P-AhX5wQIHHf6aC2MQnKEBegQICRAA\">\n<div class=\"ZxoDOe yGdMVd\">\n<div class=\"UFE1qd\">\n<div class=\"EGmpye\">\n<p><strong>Josip Petrli\u0107 Pjer i Robert Mlinarec<\/strong><\/p>\n<\/div>\n<\/div>\n<\/div>\n<\/div>\n<\/div>\n<\/div>\n<\/div>\n<div class=\"GRl5yb a8pxAe\">\n<div id=\"JTPWx\" class=\"FJIcp\" role=\"tablist\" data-hveid=\"CA0QAA\">Naklada: Pjer<\/div>\n<\/div>\n<hr \/>\n<p>Na\u0161e \u0161ume su predivna mjesta na kojima mo\u017ee\u0161 prona\u0107i najrazli\u010ditija stabla, biljke i \u017eivotinje. U njima se kriju i mnoge tajne, a ukoliko pozorno promatra\u0161 oko sebe i ti mo\u017ee\u0161 postati istra\u017eiva\u010d nepoznatih \u010dinjenica i s njima povezanih zanimljivosti&#8230; Primjerice, jeste li ikada nai\u0161li na nepoznate tragove u \u0161umskom tlu i slutite li kojoj divljoj (ili pitomoj) \u017eivotinji pripadaju?<\/p>\n<p>Ova knjiga uvodi te u pravu pustolovinu, upoznaje te s nekim neobi\u010dnim zgodama \u0161umskih \u017eivotinja i fantasti\u010dnim svijetom koji se krije u sjeni hrastova, jela, bukvi, smreka, borova i grabova. Otkrivanje tajni uzbudljiva je zabava, a Pjer i Sanela su se pobrinuli da pri\u010de budu uzbudljive i prekrasno ilustrirane.<\/p>\n<p>Redovna cijena: 14.75 \u20ac<\/p>\n<p>PFK cijena: 8.00 \u20ac<\/p>\n","protected":false},"excerpt":{"rendered":"<p>Josip Petrli\u0107 Pjer i Robert Mlinarec Naklada: Pjer Na\u0161e \u0161ume su predivna mjesta na kojima mo\u017ee\u0161 prona\u0107i najrazli\u010ditija stabla, biljke i \u017eivotinje. U njima se kriju i mnoge tajne, a ukoliko pozorno promatra\u0161 oko sebe i ti mo\u017ee\u0161 postati istra\u017eiva\u010d nepoznatih \u010dinjenica i s njima povezanih zanimljivosti&#8230; Primjerice, jeste li ikada nai\u0161li na nepoznate tragove&#8230;<\/p>\n","protected":false},"featured_media":989586,"template":"","meta":{"_acf_changed":false},"product_cat":[86],"product_tag":[],"class_list":{"0":"post-988551","1":"product","2":"type-product","3":"status-publish","4":"has-post-thumbnail","6":"product_cat-knjige","8":"first","9":"instock","10":"shipping-taxable","11":"product-type-simple"},"acf":[],"yoast_head":"<!-- This site is optimized with the Yoast SEO plugin v22.6 - https:\/\/yoast.com\/wordpress\/plugins\/seo\/ -->\n<title>Zagonetni tragovi - Panonski festival knjige<\/title>\n<meta name=\"robots\" content=\"index, follow, max-snippet:-1, max-image-preview:large, max-video-preview:-1\" \/>\n<link rel=\"canonical\" href=\"https:\/\/pfk.hr\/2024\/product\/zagonetni-tragovi\/\" \/>\n<meta property=\"og:locale\" content=\"hr_HR\" \/>\n<meta property=\"og:type\" content=\"article\" \/>\n<meta property=\"og:title\" content=\"Zagonetni tragovi - Panonski festival knjige\" \/>\n<meta property=\"og:description\" content=\"Josip Petrli\u0107 Pjer i Robert Mlinarec Naklada: Pjer Na\u0161e \u0161ume su predivna mjesta na kojima mo\u017ee\u0161 prona\u0107i najrazli\u010ditija stabla, biljke i \u017eivotinje. U njima se kriju i mnoge tajne, a ukoliko pozorno promatra\u0161 oko sebe i ti mo\u017ee\u0161 postati istra\u017eiva\u010d nepoznatih \u010dinjenica i s njima povezanih zanimljivosti&#8230; Primjerice, jeste li ikada nai\u0161li na nepoznate tragove...\" \/>\n<meta property=\"og:url\" content=\"https:\/\/pfk.hr\/2024\/product\/zagonetni-tragovi\/\" \/>\n<meta property=\"og:site_name\" content=\"Panonski festival knjige\" \/>\n<meta property=\"article:modified_time\" content=\"2024-05-12T20:32:29+00:00\" \/>\n<meta property=\"og:image\" content=\"https:\/\/pfk.hr\/2024\/wp-content\/uploads\/2023\/05\/zagonetni-tragovi-naslovnica.jpg\" \/>\n\t<meta property=\"og:image:width\" content=\"720\" \/>\n\t<meta property=\"og:image:height\" content=\"960\" \/>\n\t<meta property=\"og:image:type\" content=\"image\/jpeg\" \/>\n<meta name=\"twitter:card\" content=\"summary_large_image\" \/>\n<meta name=\"twitter:label1\" content=\"Procijenjeno vrijeme \u010ditanja\" \/>\n\t<meta name=\"twitter:data1\" content=\"1 minuta\" \/>\n<script type=\"application\/ld+json\" class=\"yoast-schema-graph\">{\"@context\":\"https:\/\/schema.org\",\"@graph\":[{\"@type\":\"WebPage\",\"@id\":\"https:\/\/pfk.hr\/2024\/product\/zagonetni-tragovi\/\",\"url\":\"https:\/\/pfk.hr\/2024\/product\/zagonetni-tragovi\/\",\"name\":\"Zagonetni tragovi - Panonski festival knjige\",\"isPartOf\":{\"@id\":\"https:\/\/pfk.hr\/2024\/#website\"},\"primaryImageOfPage\":{\"@id\":\"https:\/\/pfk.hr\/2024\/product\/zagonetni-tragovi\/#primaryimage\"},\"image\":{\"@id\":\"https:\/\/pfk.hr\/2024\/product\/zagonetni-tragovi\/#primaryimage\"},\"thumbnailUrl\":\"https:\/\/pfk.hr\/2024\/wp-content\/uploads\/2023\/05\/zagonetni-tragovi-naslovnica.jpg\",\"datePublished\":\"2023-05-10T21:36:31+00:00\",\"dateModified\":\"2024-05-12T20:32:29+00:00\",\"breadcrumb\":{\"@id\":\"https:\/\/pfk.hr\/2024\/product\/zagonetni-tragovi\/#breadcrumb\"},\"inLanguage\":\"hr\",\"potentialAction\":[{\"@type\":\"ReadAction\",\"target\":[\"https:\/\/pfk.hr\/2024\/product\/zagonetni-tragovi\/\"]}]},{\"@type\":\"ImageObject\",\"inLanguage\":\"hr\",\"@id\":\"https:\/\/pfk.hr\/2024\/product\/zagonetni-tragovi\/#primaryimage\",\"url\":\"https:\/\/pfk.hr\/2024\/wp-content\/uploads\/2023\/05\/zagonetni-tragovi-naslovnica.jpg\",\"contentUrl\":\"https:\/\/pfk.hr\/2024\/wp-content\/uploads\/2023\/05\/zagonetni-tragovi-naslovnica.jpg\",\"width\":720,\"height\":960},{\"@type\":\"BreadcrumbList\",\"@id\":\"https:\/\/pfk.hr\/2024\/product\/zagonetni-tragovi\/#breadcrumb\",\"itemListElement\":[{\"@type\":\"ListItem\",\"position\":1,\"name\":\"Po\u010detna stranica\",\"item\":\"https:\/\/pfk.hr\/2024\/\"},{\"@type\":\"ListItem\",\"position\":2,\"name\":\"Preporuka naslova\",\"item\":\"https:\/\/pfk.hr\/2024\/preporuka-naslova\/\"},{\"@type\":\"ListItem\",\"position\":3,\"name\":\"Zagonetni tragovi\"}]},{\"@type\":\"WebSite\",\"@id\":\"https:\/\/pfk.hr\/2024\/#website\",\"url\":\"https:\/\/pfk.hr\/2024\/\",\"name\":\"Panonski festival knjige\",\"description\":\"\u010cITAJ, LEGA, \u010cITAJ!\",\"potentialAction\":[{\"@type\":\"SearchAction\",\"target\":{\"@type\":\"EntryPoint\",\"urlTemplate\":\"https:\/\/pfk.hr\/2024\/?s={search_term_string}\"},\"query-input\":\"required name=search_term_string\"}],\"inLanguage\":\"hr\"}]}<\/script>\n<!-- \/ Yoast SEO plugin. -->","yoast_head_json":{"title":"Zagonetni tragovi - Panonski festival knjige","robots":{"index":"index","follow":"follow","max-snippet":"max-snippet:-1","max-image-preview":"max-image-preview:large","max-video-preview":"max-video-preview:-1"},"canonical":"https:\/\/pfk.hr\/2024\/product\/zagonetni-tragovi\/","og_locale":"hr_HR","og_type":"article","og_title":"Zagonetni tragovi - Panonski festival knjige","og_description":"Josip Petrli\u0107 Pjer i Robert Mlinarec Naklada: Pjer Na\u0161e \u0161ume su predivna mjesta na kojima mo\u017ee\u0161 prona\u0107i najrazli\u010ditija stabla, biljke i \u017eivotinje. U njima se kriju i mnoge tajne, a ukoliko pozorno promatra\u0161 oko sebe i ti mo\u017ee\u0161 postati istra\u017eiva\u010d nepoznatih \u010dinjenica i s njima povezanih zanimljivosti&#8230; Primjerice, jeste li ikada nai\u0161li na nepoznate tragove...","og_url":"https:\/\/pfk.hr\/2024\/product\/zagonetni-tragovi\/","og_site_name":"Panonski festival knjige","article_modified_time":"2024-05-12T20:32:29+00:00","og_image":[{"width":720,"height":960,"url":"https:\/\/pfk.hr\/2024\/wp-content\/uploads\/2023\/05\/zagonetni-tragovi-naslovnica.jpg","type":"image\/jpeg"}],"twitter_card":"summary_large_image","twitter_misc":{"Procijenjeno vrijeme \u010ditanja":"1 minuta"},"schema":{"@context":"https:\/\/schema.org","@graph":[{"@type":"WebPage","@id":"https:\/\/pfk.hr\/2024\/product\/zagonetni-tragovi\/","url":"https:\/\/pfk.hr\/2024\/product\/zagonetni-tragovi\/","name":"Zagonetni tragovi - Panonski festival knjige","isPartOf":{"@id":"https:\/\/pfk.hr\/2024\/#website"},"primaryImageOfPage":{"@id":"https:\/\/pfk.hr\/2024\/product\/zagonetni-tragovi\/#primaryimage"},"image":{"@id":"https:\/\/pfk.hr\/2024\/product\/zagonetni-tragovi\/#primaryimage"},"thumbnailUrl":"https:\/\/pfk.hr\/2024\/wp-content\/uploads\/2023\/05\/zagonetni-tragovi-naslovnica.jpg","datePublished":"2023-05-10T21:36:31+00:00","dateModified":"2024-05-12T20:32:29+00:00","breadcrumb":{"@id":"https:\/\/pfk.hr\/2024\/product\/zagonetni-tragovi\/#breadcrumb"},"inLanguage":"hr","potentialAction":[{"@type":"ReadAction","target":["https:\/\/pfk.hr\/2024\/product\/zagonetni-tragovi\/"]}]},{"@type":"ImageObject","inLanguage":"hr","@id":"https:\/\/pfk.hr\/2024\/product\/zagonetni-tragovi\/#primaryimage","url":"https:\/\/pfk.hr\/2024\/wp-content\/uploads\/2023\/05\/zagonetni-tragovi-naslovnica.jpg","contentUrl":"https:\/\/pfk.hr\/2024\/wp-content\/uploads\/2023\/05\/zagonetni-tragovi-naslovnica.jpg","width":720,"height":960},{"@type":"BreadcrumbList","@id":"https:\/\/pfk.hr\/2024\/product\/zagonetni-tragovi\/#breadcrumb","itemListElement":[{"@type":"ListItem","position":1,"name":"Po\u010detna stranica","item":"https:\/\/pfk.hr\/2024\/"},{"@type":"ListItem","position":2,"name":"Preporuka naslova","item":"https:\/\/pfk.hr\/2024\/preporuka-naslova\/"},{"@type":"ListItem","position":3,"name":"Zagonetni tragovi"}]},{"@type":"WebSite","@id":"https:\/\/pfk.hr\/2024\/#website","url":"https:\/\/pfk.hr\/2024\/","name":"Panonski festival knjige","description":"\u010cITAJ, LEGA, \u010cITAJ!","potentialAction":[{"@type":"SearchAction","target":{"@type":"EntryPoint","urlTemplate":"https:\/\/pfk.hr\/2024\/?s={search_term_string}"},"query-input":"required name=search_term_string"}],"inLanguage":"hr"}]}},"_links":{"self":[{"href":"https:\/\/pfk.hr\/2024\/wp-json\/wp\/v2\/product\/988551","targetHints":{"allow":["GET"]}}],"collection":[{"href":"https:\/\/pfk.hr\/2024\/wp-json\/wp\/v2\/product"}],"about":[{"href":"https:\/\/pfk.hr\/2024\/wp-json\/wp\/v2\/types\/product"}],"wp:featuredmedia":[{"embeddable":true,"href":"https:\/\/pfk.hr\/2024\/wp-json\/wp\/v2\/media\/989586"}],"wp:attachment":[{"href":"https:\/\/pfk.hr\/2024\/wp-json\/wp\/v2\/media?parent=988551"}],"wp:term":[{"taxonomy":"product_cat","embeddable":true,"href":"https:\/\/pfk.hr\/2024\/wp-json\/wp\/v2\/product_cat?post=988551"},{"taxonomy":"product_tag","embeddable":true,"href":"https:\/\/pfk.hr\/2024\/wp-json\/wp\/v2\/product_tag?post=988551"}],"curies":[{"name":"wp","href":"https:\/\/api.w.org\/{rel}","templated":true}]}}