{"id":988478,"date":"2023-05-09T22:29:47","date_gmt":"2023-05-09T20:29:47","guid":{"rendered":"https:\/\/pfk.hr\/?post_type=product&#038;p=988478"},"modified":"2024-05-13T17:56:49","modified_gmt":"2024-05-13T15:56:49","slug":"cetiri-plamena-led","status":"publish","type":"product","link":"https:\/\/pfk.hr\/2024\/product\/cetiri-plamena-led\/","title":{"rendered":"\u010cetiri plamena, led"},"content":{"rendered":"<div class=\"hHq9Z\">\n<div data-hveid=\"CAsQAA\">\n<div class=\"gyEfO\">\n<div class=\"wDYxhc NFQFxe viOShc LKPcQc\" data-md=\"221\" data-hveid=\"CAkQAA\" data-ved=\"2ahUKEwjJ7dyf2-P-AhX5wQIHHf6aC2MQnKEBegQICRAA\">\n<div class=\"ZxoDOe yGdMVd\">\n<div class=\"UFE1qd\">\n<div class=\"EGmpye\">\n<p><strong>Nada Ga\u0161i\u0107<\/strong><\/p>\n<\/div>\n<\/div>\n<\/div>\n<\/div>\n<\/div>\n<\/div>\n<\/div>\n<div class=\"GRl5yb a8pxAe\">\n<div id=\"JTPWx\" class=\"FJIcp\" role=\"tablist\" data-hveid=\"CA0QAA\">Naklada: Sandorf<\/div>\n<\/div>\n<hr \/>\n<p>Zavu\u010den u sivi kaput, pod toplom sivom kapom, pokraj sivoga zida, u sivom danu, Martin je pro\u0161ao kroz Zapadna vrata i izbio na otvoren prostor gdje se niz bedeme spu\u0161taju vinogradi i ogoljeni vo\u0107njaci. Udahnuo je \u010dist zrak i spustio se do mjesta s kojeg je mogao odabrati svoj put: sjever i Medvednicu punu vje\u0161tica ve\u0107 je odbacio, a baciv\u0161i pogled ka jugu odbacio je pomisao da po\u0111e k Ilici nad kojom se od dima potleu\u0161ica stvarala nepostojana magla koja ga mo\u017eda ne bi progutala, ali ga ne bi ni sakrila. Izabrao je zapad i smjelo se spustio strmim putem kojim se spu\u0161taju taljige na kojima voze copernice na loma\u010du.<\/p>\n<p>&nbsp;<\/p>\n<p>\u010cetiri plamena, led, roman Nade Ga\u0161i\u0107 je \u201ezimski\u201c roman koji zapo\u010dinje 1704. godine na Gradecu. Te godine gradski poreznik Martin Eberle popisao je tro\u0161kove koje je grad imao pri torturi i spaljivanju \u017eena optu\u017eenih za vje\u0161ti\u010darenje, ne\u0161to sitno i pronevjerio, i onda se dogodilo ono o \u010demu nije sanjao, a \u0161to \u0107e se nastaviti u drugom dijelu, Drugom snivanju romana, ovih na\u0161ih godina u Zagrebu.<\/p>\n<p>Srest \u0107ete u ovom romanu galeriju od 50-ak likova, neke od njih poput gospo\u0111e Adele i policajaca smo ve\u0107 upoznali u prija\u0161njim djelima Nade Ga\u0161i\u0107, neke likove samo bajkovita ma\u0161ta autorice o\u017eivljava, za neke, poput Velikog Sivog \u0160takora nismo sigurni imaju li du\u0161u, dok za neke poput Sjene Crnog Kliza\u010da nismo sigurni kojeg su statusa, ali znamo da upozoravaju grad kojemu prijeti kona\u010dna opasnost i da grad za to ne haje.<\/p>\n<p>Redovna cijena: 27.00 \u20ac<\/p>\n<p>PFK cijena: 22.00 \u20ac<\/p>\n","protected":false},"excerpt":{"rendered":"<p>Nada Ga\u0161i\u0107 Naklada: Sandorf Zavu\u010den u sivi kaput, pod toplom sivom kapom, pokraj sivoga zida, u sivom danu, Martin je pro\u0161ao kroz Zapadna vrata i izbio na otvoren prostor gdje se niz bedeme spu\u0161taju vinogradi i ogoljeni vo\u0107njaci. Udahnuo je \u010dist zrak i spustio se do mjesta s kojeg je mogao odabrati svoj put: sjever&#8230;<\/p>\n","protected":false},"featured_media":989610,"template":"","meta":{"_acf_changed":false},"product_cat":[86],"product_tag":[],"class_list":{"0":"post-988478","1":"product","2":"type-product","3":"status-publish","4":"has-post-thumbnail","6":"product_cat-knjige","8":"first","9":"instock","10":"shipping-taxable","11":"product-type-simple"},"acf":[],"yoast_head":"<!-- This site is optimized with the Yoast SEO plugin v22.6 - https:\/\/yoast.com\/wordpress\/plugins\/seo\/ -->\n<title>\u010cetiri plamena, led - Panonski festival knjige<\/title>\n<meta name=\"robots\" content=\"index, follow, max-snippet:-1, max-image-preview:large, max-video-preview:-1\" \/>\n<link rel=\"canonical\" href=\"https:\/\/pfk.hr\/2024\/product\/cetiri-plamena-led\/\" \/>\n<meta property=\"og:locale\" content=\"hr_HR\" \/>\n<meta property=\"og:type\" content=\"article\" \/>\n<meta property=\"og:title\" content=\"\u010cetiri plamena, led - Panonski festival knjige\" \/>\n<meta property=\"og:description\" content=\"Nada Ga\u0161i\u0107 Naklada: Sandorf Zavu\u010den u sivi kaput, pod toplom sivom kapom, pokraj sivoga zida, u sivom danu, Martin je pro\u0161ao kroz Zapadna vrata i izbio na otvoren prostor gdje se niz bedeme spu\u0161taju vinogradi i ogoljeni vo\u0107njaci. Udahnuo je \u010dist zrak i spustio se do mjesta s kojeg je mogao odabrati svoj put: sjever...\" \/>\n<meta property=\"og:url\" content=\"https:\/\/pfk.hr\/2024\/product\/cetiri-plamena-led\/\" \/>\n<meta property=\"og:site_name\" content=\"Panonski festival knjige\" \/>\n<meta property=\"article:modified_time\" content=\"2024-05-13T15:56:49+00:00\" \/>\n<meta property=\"og:image\" content=\"https:\/\/pfk.hr\/2024\/wp-content\/uploads\/2023\/05\/cetiri_plamena_led.png\" \/>\n\t<meta property=\"og:image:width\" content=\"1556\" \/>\n\t<meta property=\"og:image:height\" content=\"2421\" \/>\n\t<meta property=\"og:image:type\" content=\"image\/png\" \/>\n<meta name=\"twitter:card\" content=\"summary_large_image\" \/>\n<meta name=\"twitter:label1\" content=\"Procijenjeno vrijeme \u010ditanja\" \/>\n\t<meta name=\"twitter:data1\" content=\"2 minute\" \/>\n<script type=\"application\/ld+json\" class=\"yoast-schema-graph\">{\"@context\":\"https:\/\/schema.org\",\"@graph\":[{\"@type\":\"WebPage\",\"@id\":\"https:\/\/pfk.hr\/2024\/product\/cetiri-plamena-led\/\",\"url\":\"https:\/\/pfk.hr\/2024\/product\/cetiri-plamena-led\/\",\"name\":\"\u010cetiri plamena, led - Panonski festival knjige\",\"isPartOf\":{\"@id\":\"https:\/\/pfk.hr\/2024\/#website\"},\"primaryImageOfPage\":{\"@id\":\"https:\/\/pfk.hr\/2024\/product\/cetiri-plamena-led\/#primaryimage\"},\"image\":{\"@id\":\"https:\/\/pfk.hr\/2024\/product\/cetiri-plamena-led\/#primaryimage\"},\"thumbnailUrl\":\"https:\/\/pfk.hr\/2024\/wp-content\/uploads\/2023\/05\/cetiri_plamena_led.png\",\"datePublished\":\"2023-05-09T20:29:47+00:00\",\"dateModified\":\"2024-05-13T15:56:49+00:00\",\"breadcrumb\":{\"@id\":\"https:\/\/pfk.hr\/2024\/product\/cetiri-plamena-led\/#breadcrumb\"},\"inLanguage\":\"hr\",\"potentialAction\":[{\"@type\":\"ReadAction\",\"target\":[\"https:\/\/pfk.hr\/2024\/product\/cetiri-plamena-led\/\"]}]},{\"@type\":\"ImageObject\",\"inLanguage\":\"hr\",\"@id\":\"https:\/\/pfk.hr\/2024\/product\/cetiri-plamena-led\/#primaryimage\",\"url\":\"https:\/\/pfk.hr\/2024\/wp-content\/uploads\/2023\/05\/cetiri_plamena_led.png\",\"contentUrl\":\"https:\/\/pfk.hr\/2024\/wp-content\/uploads\/2023\/05\/cetiri_plamena_led.png\",\"width\":1556,\"height\":2421},{\"@type\":\"BreadcrumbList\",\"@id\":\"https:\/\/pfk.hr\/2024\/product\/cetiri-plamena-led\/#breadcrumb\",\"itemListElement\":[{\"@type\":\"ListItem\",\"position\":1,\"name\":\"Po\u010detna stranica\",\"item\":\"https:\/\/pfk.hr\/2024\/\"},{\"@type\":\"ListItem\",\"position\":2,\"name\":\"Preporuka naslova\",\"item\":\"https:\/\/pfk.hr\/2024\/preporuka-naslova\/\"},{\"@type\":\"ListItem\",\"position\":3,\"name\":\"\u010cetiri plamena, led\"}]},{\"@type\":\"WebSite\",\"@id\":\"https:\/\/pfk.hr\/2024\/#website\",\"url\":\"https:\/\/pfk.hr\/2024\/\",\"name\":\"Panonski festival knjige\",\"description\":\"\u010cITAJ, LEGA, \u010cITAJ!\",\"potentialAction\":[{\"@type\":\"SearchAction\",\"target\":{\"@type\":\"EntryPoint\",\"urlTemplate\":\"https:\/\/pfk.hr\/2024\/?s={search_term_string}\"},\"query-input\":\"required name=search_term_string\"}],\"inLanguage\":\"hr\"}]}<\/script>\n<!-- \/ Yoast SEO plugin. -->","yoast_head_json":{"title":"\u010cetiri plamena, led - Panonski festival knjige","robots":{"index":"index","follow":"follow","max-snippet":"max-snippet:-1","max-image-preview":"max-image-preview:large","max-video-preview":"max-video-preview:-1"},"canonical":"https:\/\/pfk.hr\/2024\/product\/cetiri-plamena-led\/","og_locale":"hr_HR","og_type":"article","og_title":"\u010cetiri plamena, led - Panonski festival knjige","og_description":"Nada Ga\u0161i\u0107 Naklada: Sandorf Zavu\u010den u sivi kaput, pod toplom sivom kapom, pokraj sivoga zida, u sivom danu, Martin je pro\u0161ao kroz Zapadna vrata i izbio na otvoren prostor gdje se niz bedeme spu\u0161taju vinogradi i ogoljeni vo\u0107njaci. Udahnuo je \u010dist zrak i spustio se do mjesta s kojeg je mogao odabrati svoj put: sjever...","og_url":"https:\/\/pfk.hr\/2024\/product\/cetiri-plamena-led\/","og_site_name":"Panonski festival knjige","article_modified_time":"2024-05-13T15:56:49+00:00","og_image":[{"width":1556,"height":2421,"url":"https:\/\/pfk.hr\/2024\/wp-content\/uploads\/2023\/05\/cetiri_plamena_led.png","type":"image\/png"}],"twitter_card":"summary_large_image","twitter_misc":{"Procijenjeno vrijeme \u010ditanja":"2 minute"},"schema":{"@context":"https:\/\/schema.org","@graph":[{"@type":"WebPage","@id":"https:\/\/pfk.hr\/2024\/product\/cetiri-plamena-led\/","url":"https:\/\/pfk.hr\/2024\/product\/cetiri-plamena-led\/","name":"\u010cetiri plamena, led - Panonski festival knjige","isPartOf":{"@id":"https:\/\/pfk.hr\/2024\/#website"},"primaryImageOfPage":{"@id":"https:\/\/pfk.hr\/2024\/product\/cetiri-plamena-led\/#primaryimage"},"image":{"@id":"https:\/\/pfk.hr\/2024\/product\/cetiri-plamena-led\/#primaryimage"},"thumbnailUrl":"https:\/\/pfk.hr\/2024\/wp-content\/uploads\/2023\/05\/cetiri_plamena_led.png","datePublished":"2023-05-09T20:29:47+00:00","dateModified":"2024-05-13T15:56:49+00:00","breadcrumb":{"@id":"https:\/\/pfk.hr\/2024\/product\/cetiri-plamena-led\/#breadcrumb"},"inLanguage":"hr","potentialAction":[{"@type":"ReadAction","target":["https:\/\/pfk.hr\/2024\/product\/cetiri-plamena-led\/"]}]},{"@type":"ImageObject","inLanguage":"hr","@id":"https:\/\/pfk.hr\/2024\/product\/cetiri-plamena-led\/#primaryimage","url":"https:\/\/pfk.hr\/2024\/wp-content\/uploads\/2023\/05\/cetiri_plamena_led.png","contentUrl":"https:\/\/pfk.hr\/2024\/wp-content\/uploads\/2023\/05\/cetiri_plamena_led.png","width":1556,"height":2421},{"@type":"BreadcrumbList","@id":"https:\/\/pfk.hr\/2024\/product\/cetiri-plamena-led\/#breadcrumb","itemListElement":[{"@type":"ListItem","position":1,"name":"Po\u010detna stranica","item":"https:\/\/pfk.hr\/2024\/"},{"@type":"ListItem","position":2,"name":"Preporuka naslova","item":"https:\/\/pfk.hr\/2024\/preporuka-naslova\/"},{"@type":"ListItem","position":3,"name":"\u010cetiri plamena, led"}]},{"@type":"WebSite","@id":"https:\/\/pfk.hr\/2024\/#website","url":"https:\/\/pfk.hr\/2024\/","name":"Panonski festival knjige","description":"\u010cITAJ, LEGA, \u010cITAJ!","potentialAction":[{"@type":"SearchAction","target":{"@type":"EntryPoint","urlTemplate":"https:\/\/pfk.hr\/2024\/?s={search_term_string}"},"query-input":"required name=search_term_string"}],"inLanguage":"hr"}]}},"_links":{"self":[{"href":"https:\/\/pfk.hr\/2024\/wp-json\/wp\/v2\/product\/988478","targetHints":{"allow":["GET"]}}],"collection":[{"href":"https:\/\/pfk.hr\/2024\/wp-json\/wp\/v2\/product"}],"about":[{"href":"https:\/\/pfk.hr\/2024\/wp-json\/wp\/v2\/types\/product"}],"wp:featuredmedia":[{"embeddable":true,"href":"https:\/\/pfk.hr\/2024\/wp-json\/wp\/v2\/media\/989610"}],"wp:attachment":[{"href":"https:\/\/pfk.hr\/2024\/wp-json\/wp\/v2\/media?parent=988478"}],"wp:term":[{"taxonomy":"product_cat","embeddable":true,"href":"https:\/\/pfk.hr\/2024\/wp-json\/wp\/v2\/product_cat?post=988478"},{"taxonomy":"product_tag","embeddable":true,"href":"https:\/\/pfk.hr\/2024\/wp-json\/wp\/v2\/product_tag?post=988478"}],"curies":[{"name":"wp","href":"https:\/\/api.w.org\/{rel}","templated":true}]}}