{"id":988461,"date":"2023-05-09T22:01:52","date_gmt":"2023-05-09T20:01:52","guid":{"rendered":"https:\/\/pfk.hr\/?post_type=product&#038;p=988461"},"modified":"2024-05-13T18:51:00","modified_gmt":"2024-05-13T16:51:00","slug":"mama-je-uvijek-tu","status":"publish","type":"product","link":"https:\/\/pfk.hr\/2024\/product\/mama-je-uvijek-tu\/","title":{"rendered":"Mama je uvijek tu"},"content":{"rendered":"<div class=\"hHq9Z\">\n<div data-hveid=\"CAsQAA\">\n<div class=\"gyEfO\">\n<div class=\"wDYxhc NFQFxe viOShc LKPcQc\" data-md=\"221\" data-hveid=\"CAkQAA\" data-ved=\"2ahUKEwjJ7dyf2-P-AhX5wQIHHf6aC2MQnKEBegQICRAA\">\n<div class=\"ZxoDOe yGdMVd\">\n<div class=\"UFE1qd\">\n<div class=\"EGmpye\">\n<p><strong>Kate Bo\u0161kovi\u0107, Matea Erceg<\/strong><\/p>\n<\/div>\n<\/div>\n<\/div>\n<\/div>\n<\/div>\n<\/div>\n<\/div>\n<div class=\"GRl5yb a8pxAe\">\n<div id=\"JTPWx\" class=\"FJIcp\" role=\"tablist\" data-hveid=\"CA0QAA\">Naklada: Slatkopedija<\/div>\n<\/div>\n<hr \/>\n<p>Ponekad i malima i velikima treba podsjetnik na onu najsna\u017eniju ljubav \u2013 ljubav majke prema djetetu. Maj\u010dinoj ljubavi ni\u0161ta ne mo\u017ee stati na put, \u010dak niti smrt jer majka ostaje zauvijek tu.<\/p>\n<p>Slikovnica \u201eMama je uvijek tu\u201c dobrodo\u0161ao je dar i za djecu i za odrasle jer slu\u017ei kao podsjetnik na neprolaznost maj\u010dine ljubavi. Nje\u017ena i emotivna slikovnica probudit \u0107e osje\u0107aje i natjerati vas da sna\u017enije zagrlite svoju djecu, zahvalite svojim majkama koje su i dalje uz vas i prisjetite se onih koje vas sada gledaju s nekog drugog mjesta.<\/p>\n<p>Redovna cijena: 14.00 \u20ac<\/p>\n<p>PFK cijena: 12.50 \u20ac<\/p>\n<p>&nbsp;<\/p>\n","protected":false},"excerpt":{"rendered":"<p>Kate Bo\u0161kovi\u0107, Matea Erceg Naklada: Slatkopedija Ponekad i malima i velikima treba podsjetnik na onu najsna\u017eniju ljubav \u2013 ljubav majke prema djetetu. Maj\u010dinoj ljubavi ni\u0161ta ne mo\u017ee stati na put, \u010dak niti smrt jer majka ostaje zauvijek tu. Slikovnica \u201eMama je uvijek tu\u201c dobrodo\u0161ao je dar i za djecu i za odrasle jer slu\u017ei kao&#8230;<\/p>\n","protected":false},"featured_media":989624,"template":"","meta":{"_acf_changed":false},"product_cat":[86],"product_tag":[],"class_list":{"0":"post-988461","1":"product","2":"type-product","3":"status-publish","4":"has-post-thumbnail","6":"product_cat-knjige","8":"first","9":"instock","10":"shipping-taxable","11":"product-type-simple"},"acf":[],"yoast_head":"<!-- This site is optimized with the Yoast SEO plugin v22.6 - https:\/\/yoast.com\/wordpress\/plugins\/seo\/ -->\n<title>Mama je uvijek tu - Panonski festival knjige<\/title>\n<meta name=\"robots\" content=\"index, follow, max-snippet:-1, max-image-preview:large, max-video-preview:-1\" \/>\n<link rel=\"canonical\" href=\"https:\/\/pfk.hr\/2024\/product\/mama-je-uvijek-tu\/\" \/>\n<meta property=\"og:locale\" content=\"hr_HR\" \/>\n<meta property=\"og:type\" content=\"article\" \/>\n<meta property=\"og:title\" content=\"Mama je uvijek tu - Panonski festival knjige\" \/>\n<meta property=\"og:description\" content=\"Kate Bo\u0161kovi\u0107, Matea Erceg Naklada: Slatkopedija Ponekad i malima i velikima treba podsjetnik na onu najsna\u017eniju ljubav \u2013 ljubav majke prema djetetu. Maj\u010dinoj ljubavi ni\u0161ta ne mo\u017ee stati na put, \u010dak niti smrt jer majka ostaje zauvijek tu. Slikovnica \u201eMama je uvijek tu\u201c dobrodo\u0161ao je dar i za djecu i za odrasle jer slu\u017ei kao...\" \/>\n<meta property=\"og:url\" content=\"https:\/\/pfk.hr\/2024\/product\/mama-je-uvijek-tu\/\" \/>\n<meta property=\"og:site_name\" content=\"Panonski festival knjige\" \/>\n<meta property=\"article:modified_time\" content=\"2024-05-13T16:51:00+00:00\" \/>\n<meta property=\"og:image\" content=\"https:\/\/pfk.hr\/2024\/wp-content\/uploads\/2023\/05\/NASLOVNICA_WEB-1.jpg\" \/>\n\t<meta property=\"og:image:width\" content=\"1200\" \/>\n\t<meta property=\"og:image:height\" content=\"1709\" \/>\n\t<meta property=\"og:image:type\" content=\"image\/jpeg\" \/>\n<meta name=\"twitter:card\" content=\"summary_large_image\" \/>\n<meta name=\"twitter:label1\" content=\"Procijenjeno vrijeme \u010ditanja\" \/>\n\t<meta name=\"twitter:data1\" content=\"1 minuta\" \/>\n<script type=\"application\/ld+json\" class=\"yoast-schema-graph\">{\"@context\":\"https:\/\/schema.org\",\"@graph\":[{\"@type\":\"WebPage\",\"@id\":\"https:\/\/pfk.hr\/2024\/product\/mama-je-uvijek-tu\/\",\"url\":\"https:\/\/pfk.hr\/2024\/product\/mama-je-uvijek-tu\/\",\"name\":\"Mama je uvijek tu - Panonski festival knjige\",\"isPartOf\":{\"@id\":\"https:\/\/pfk.hr\/2024\/#website\"},\"primaryImageOfPage\":{\"@id\":\"https:\/\/pfk.hr\/2024\/product\/mama-je-uvijek-tu\/#primaryimage\"},\"image\":{\"@id\":\"https:\/\/pfk.hr\/2024\/product\/mama-je-uvijek-tu\/#primaryimage\"},\"thumbnailUrl\":\"https:\/\/pfk.hr\/2024\/wp-content\/uploads\/2023\/05\/NASLOVNICA_WEB-1.jpg\",\"datePublished\":\"2023-05-09T20:01:52+00:00\",\"dateModified\":\"2024-05-13T16:51:00+00:00\",\"breadcrumb\":{\"@id\":\"https:\/\/pfk.hr\/2024\/product\/mama-je-uvijek-tu\/#breadcrumb\"},\"inLanguage\":\"hr\",\"potentialAction\":[{\"@type\":\"ReadAction\",\"target\":[\"https:\/\/pfk.hr\/2024\/product\/mama-je-uvijek-tu\/\"]}]},{\"@type\":\"ImageObject\",\"inLanguage\":\"hr\",\"@id\":\"https:\/\/pfk.hr\/2024\/product\/mama-je-uvijek-tu\/#primaryimage\",\"url\":\"https:\/\/pfk.hr\/2024\/wp-content\/uploads\/2023\/05\/NASLOVNICA_WEB-1.jpg\",\"contentUrl\":\"https:\/\/pfk.hr\/2024\/wp-content\/uploads\/2023\/05\/NASLOVNICA_WEB-1.jpg\",\"width\":1200,\"height\":1709},{\"@type\":\"BreadcrumbList\",\"@id\":\"https:\/\/pfk.hr\/2024\/product\/mama-je-uvijek-tu\/#breadcrumb\",\"itemListElement\":[{\"@type\":\"ListItem\",\"position\":1,\"name\":\"Po\u010detna stranica\",\"item\":\"https:\/\/pfk.hr\/2024\/\"},{\"@type\":\"ListItem\",\"position\":2,\"name\":\"Preporuka naslova\",\"item\":\"https:\/\/pfk.hr\/2024\/preporuka-naslova\/\"},{\"@type\":\"ListItem\",\"position\":3,\"name\":\"Mama je uvijek tu\"}]},{\"@type\":\"WebSite\",\"@id\":\"https:\/\/pfk.hr\/2024\/#website\",\"url\":\"https:\/\/pfk.hr\/2024\/\",\"name\":\"Panonski festival knjige\",\"description\":\"\u010cITAJ, LEGA, \u010cITAJ!\",\"potentialAction\":[{\"@type\":\"SearchAction\",\"target\":{\"@type\":\"EntryPoint\",\"urlTemplate\":\"https:\/\/pfk.hr\/2024\/?s={search_term_string}\"},\"query-input\":\"required name=search_term_string\"}],\"inLanguage\":\"hr\"}]}<\/script>\n<!-- \/ Yoast SEO plugin. -->","yoast_head_json":{"title":"Mama je uvijek tu - Panonski festival knjige","robots":{"index":"index","follow":"follow","max-snippet":"max-snippet:-1","max-image-preview":"max-image-preview:large","max-video-preview":"max-video-preview:-1"},"canonical":"https:\/\/pfk.hr\/2024\/product\/mama-je-uvijek-tu\/","og_locale":"hr_HR","og_type":"article","og_title":"Mama je uvijek tu - Panonski festival knjige","og_description":"Kate Bo\u0161kovi\u0107, Matea Erceg Naklada: Slatkopedija Ponekad i malima i velikima treba podsjetnik na onu najsna\u017eniju ljubav \u2013 ljubav majke prema djetetu. Maj\u010dinoj ljubavi ni\u0161ta ne mo\u017ee stati na put, \u010dak niti smrt jer majka ostaje zauvijek tu. Slikovnica \u201eMama je uvijek tu\u201c dobrodo\u0161ao je dar i za djecu i za odrasle jer slu\u017ei kao...","og_url":"https:\/\/pfk.hr\/2024\/product\/mama-je-uvijek-tu\/","og_site_name":"Panonski festival knjige","article_modified_time":"2024-05-13T16:51:00+00:00","og_image":[{"width":1200,"height":1709,"url":"https:\/\/pfk.hr\/2024\/wp-content\/uploads\/2023\/05\/NASLOVNICA_WEB-1.jpg","type":"image\/jpeg"}],"twitter_card":"summary_large_image","twitter_misc":{"Procijenjeno vrijeme \u010ditanja":"1 minuta"},"schema":{"@context":"https:\/\/schema.org","@graph":[{"@type":"WebPage","@id":"https:\/\/pfk.hr\/2024\/product\/mama-je-uvijek-tu\/","url":"https:\/\/pfk.hr\/2024\/product\/mama-je-uvijek-tu\/","name":"Mama je uvijek tu - Panonski festival knjige","isPartOf":{"@id":"https:\/\/pfk.hr\/2024\/#website"},"primaryImageOfPage":{"@id":"https:\/\/pfk.hr\/2024\/product\/mama-je-uvijek-tu\/#primaryimage"},"image":{"@id":"https:\/\/pfk.hr\/2024\/product\/mama-je-uvijek-tu\/#primaryimage"},"thumbnailUrl":"https:\/\/pfk.hr\/2024\/wp-content\/uploads\/2023\/05\/NASLOVNICA_WEB-1.jpg","datePublished":"2023-05-09T20:01:52+00:00","dateModified":"2024-05-13T16:51:00+00:00","breadcrumb":{"@id":"https:\/\/pfk.hr\/2024\/product\/mama-je-uvijek-tu\/#breadcrumb"},"inLanguage":"hr","potentialAction":[{"@type":"ReadAction","target":["https:\/\/pfk.hr\/2024\/product\/mama-je-uvijek-tu\/"]}]},{"@type":"ImageObject","inLanguage":"hr","@id":"https:\/\/pfk.hr\/2024\/product\/mama-je-uvijek-tu\/#primaryimage","url":"https:\/\/pfk.hr\/2024\/wp-content\/uploads\/2023\/05\/NASLOVNICA_WEB-1.jpg","contentUrl":"https:\/\/pfk.hr\/2024\/wp-content\/uploads\/2023\/05\/NASLOVNICA_WEB-1.jpg","width":1200,"height":1709},{"@type":"BreadcrumbList","@id":"https:\/\/pfk.hr\/2024\/product\/mama-je-uvijek-tu\/#breadcrumb","itemListElement":[{"@type":"ListItem","position":1,"name":"Po\u010detna stranica","item":"https:\/\/pfk.hr\/2024\/"},{"@type":"ListItem","position":2,"name":"Preporuka naslova","item":"https:\/\/pfk.hr\/2024\/preporuka-naslova\/"},{"@type":"ListItem","position":3,"name":"Mama je uvijek tu"}]},{"@type":"WebSite","@id":"https:\/\/pfk.hr\/2024\/#website","url":"https:\/\/pfk.hr\/2024\/","name":"Panonski festival knjige","description":"\u010cITAJ, LEGA, \u010cITAJ!","potentialAction":[{"@type":"SearchAction","target":{"@type":"EntryPoint","urlTemplate":"https:\/\/pfk.hr\/2024\/?s={search_term_string}"},"query-input":"required name=search_term_string"}],"inLanguage":"hr"}]}},"_links":{"self":[{"href":"https:\/\/pfk.hr\/2024\/wp-json\/wp\/v2\/product\/988461","targetHints":{"allow":["GET"]}}],"collection":[{"href":"https:\/\/pfk.hr\/2024\/wp-json\/wp\/v2\/product"}],"about":[{"href":"https:\/\/pfk.hr\/2024\/wp-json\/wp\/v2\/types\/product"}],"wp:featuredmedia":[{"embeddable":true,"href":"https:\/\/pfk.hr\/2024\/wp-json\/wp\/v2\/media\/989624"}],"wp:attachment":[{"href":"https:\/\/pfk.hr\/2024\/wp-json\/wp\/v2\/media?parent=988461"}],"wp:term":[{"taxonomy":"product_cat","embeddable":true,"href":"https:\/\/pfk.hr\/2024\/wp-json\/wp\/v2\/product_cat?post=988461"},{"taxonomy":"product_tag","embeddable":true,"href":"https:\/\/pfk.hr\/2024\/wp-json\/wp\/v2\/product_tag?post=988461"}],"curies":[{"name":"wp","href":"https:\/\/api.w.org\/{rel}","templated":true}]}}