{"id":988455,"date":"2023-05-09T21:52:44","date_gmt":"2023-05-09T19:52:44","guid":{"rendered":"https:\/\/pfk.hr\/?post_type=product&#038;p=988455"},"modified":"2024-05-13T19:17:31","modified_gmt":"2024-05-13T17:17:31","slug":"putnik","status":"publish","type":"product","link":"https:\/\/pfk.hr\/2024\/product\/putnik\/","title":{"rendered":"Putnik"},"content":{"rendered":"<div class=\"hHq9Z\">\n<div data-hveid=\"CAsQAA\">\n<div class=\"gyEfO\">\n<div class=\"wDYxhc NFQFxe viOShc LKPcQc\" data-md=\"221\" data-hveid=\"CAkQAA\" data-ved=\"2ahUKEwjJ7dyf2-P-AhX5wQIHHf6aC2MQnKEBegQICRAA\">\n<div class=\"ZxoDOe yGdMVd\">\n<div class=\"UFE1qd\">\n<div class=\"EGmpye\">\n<p><strong>Ulrich Alexander Boschwitz<\/strong><\/p>\n<\/div>\n<\/div>\n<\/div>\n<\/div>\n<\/div>\n<\/div>\n<\/div>\n<div class=\"GRl5yb a8pxAe\">\n<div id=\"JTPWx\" class=\"FJIcp\" role=\"tablist\" data-hveid=\"CA0QAA\">Naklada: TIM press<\/div>\n<\/div>\n<hr \/>\n<p>Otto Silbermann, glavni junak romana <em>Putnik<\/em>, imu\u0107an je berlinski trgovac \u017eidovskog podrijetla. Borio se u Prvome svjetskom ratu i odlikovan je \u017deljeznim kri\u017eem, a prije nacisti\u010dkog preuzimanja vlasti bio je cijenjeni pripadnik berlinske bur\u017eoazije.<br \/>\nJedne ve\u010deri nakon antisemitskog pogroma u Kristalnoj no\u0107i u studenome 1938., dok su mu nacisti pred vratima, Silbermann ostavlja suprugu arijku i bje\u017ei iz svog doma te, u nadi da \u0107e na slobodi do\u010dekati jutro, sjeda na vlak. Suo\u010den sa sumornom stvarno\u0161\u0107u i nevoljama koje slijede, besciljno putuje vlakovima po Njema\u010dkoj, trude\u0107i se ne upadati u o\u010di i nekako pobje\u0107i iz Reicha. Nakon toga \u017eivotnog brodoloma Silbermann susre\u0107e brojne pojedince, \u0161iroku paletu arhetipova njema\u010dkog dru\u0161tva, od kojih su neki, poput njega, izop\u0107enici nacisti\u010dkog re\u017eima, dok drugi tu ideologiju objeru\u010dke prihva\u0107aju. Odbijaju\u0107i prihvatiti realnost progona \u017didova u novoj nacisti\u010dkoj Njema\u010dkoj, Silbermann o\u010dajni\u010dki poku\u0161ava na razli\u010dite na\u010dine prije\u0107i granicu, uvi\u0111aju\u0107i pritom kako mu je \u017eivot svakom minutom sve ugro\u017eeniji.<\/p>\n<p>Redovna cijena: 24.00 \u20ac<\/p>\n<p>PFK cijena: 20.00 \u20ac<\/p>\n","protected":false},"excerpt":{"rendered":"<p>Ulrich Alexander Boschwitz Naklada: TIM press Otto Silbermann, glavni junak romana Putnik, imu\u0107an je berlinski trgovac \u017eidovskog podrijetla. Borio se u Prvome svjetskom ratu i odlikovan je \u017deljeznim kri\u017eem, a prije nacisti\u010dkog preuzimanja vlasti bio je cijenjeni pripadnik berlinske bur\u017eoazije. Jedne ve\u010deri nakon antisemitskog pogroma u Kristalnoj no\u0107i u studenome 1938., dok su mu nacisti&#8230;<\/p>\n","protected":false},"featured_media":989638,"template":"","meta":{"_acf_changed":false},"product_cat":[86],"product_tag":[],"class_list":{"0":"post-988455","1":"product","2":"type-product","3":"status-publish","4":"has-post-thumbnail","6":"product_cat-knjige","8":"first","9":"instock","10":"shipping-taxable","11":"product-type-simple"},"acf":[],"yoast_head":"<!-- This site is optimized with the Yoast SEO plugin v22.6 - https:\/\/yoast.com\/wordpress\/plugins\/seo\/ -->\n<title>Putnik - Panonski festival knjige<\/title>\n<meta name=\"robots\" content=\"index, follow, max-snippet:-1, max-image-preview:large, max-video-preview:-1\" \/>\n<link rel=\"canonical\" href=\"https:\/\/pfk.hr\/2024\/product\/putnik\/\" \/>\n<meta property=\"og:locale\" content=\"hr_HR\" \/>\n<meta property=\"og:type\" content=\"article\" \/>\n<meta property=\"og:title\" content=\"Putnik - Panonski festival knjige\" \/>\n<meta property=\"og:description\" content=\"Ulrich Alexander Boschwitz Naklada: TIM press Otto Silbermann, glavni junak romana Putnik, imu\u0107an je berlinski trgovac \u017eidovskog podrijetla. Borio se u Prvome svjetskom ratu i odlikovan je \u017deljeznim kri\u017eem, a prije nacisti\u010dkog preuzimanja vlasti bio je cijenjeni pripadnik berlinske bur\u017eoazije. Jedne ve\u010deri nakon antisemitskog pogroma u Kristalnoj no\u0107i u studenome 1938., dok su mu nacisti...\" \/>\n<meta property=\"og:url\" content=\"https:\/\/pfk.hr\/2024\/product\/putnik\/\" \/>\n<meta property=\"og:site_name\" content=\"Panonski festival knjige\" \/>\n<meta property=\"article:modified_time\" content=\"2024-05-13T17:17:31+00:00\" \/>\n<meta property=\"og:image\" content=\"https:\/\/pfk.hr\/2024\/wp-content\/uploads\/2023\/05\/Putnik_korice_001_prednja-708x1024.jpg\" \/>\n\t<meta property=\"og:image:width\" content=\"708\" \/>\n\t<meta property=\"og:image:height\" content=\"1024\" \/>\n\t<meta property=\"og:image:type\" content=\"image\/jpeg\" \/>\n<meta name=\"twitter:card\" content=\"summary_large_image\" \/>\n<meta name=\"twitter:label1\" content=\"Procijenjeno vrijeme \u010ditanja\" \/>\n\t<meta name=\"twitter:data1\" content=\"2 minute\" \/>\n<script type=\"application\/ld+json\" class=\"yoast-schema-graph\">{\"@context\":\"https:\/\/schema.org\",\"@graph\":[{\"@type\":\"WebPage\",\"@id\":\"https:\/\/pfk.hr\/2024\/product\/putnik\/\",\"url\":\"https:\/\/pfk.hr\/2024\/product\/putnik\/\",\"name\":\"Putnik - Panonski festival knjige\",\"isPartOf\":{\"@id\":\"https:\/\/pfk.hr\/2024\/#website\"},\"primaryImageOfPage\":{\"@id\":\"https:\/\/pfk.hr\/2024\/product\/putnik\/#primaryimage\"},\"image\":{\"@id\":\"https:\/\/pfk.hr\/2024\/product\/putnik\/#primaryimage\"},\"thumbnailUrl\":\"https:\/\/pfk.hr\/2024\/wp-content\/uploads\/2023\/05\/Putnik_korice_001_prednja.jpg\",\"datePublished\":\"2023-05-09T19:52:44+00:00\",\"dateModified\":\"2024-05-13T17:17:31+00:00\",\"breadcrumb\":{\"@id\":\"https:\/\/pfk.hr\/2024\/product\/putnik\/#breadcrumb\"},\"inLanguage\":\"hr\",\"potentialAction\":[{\"@type\":\"ReadAction\",\"target\":[\"https:\/\/pfk.hr\/2024\/product\/putnik\/\"]}]},{\"@type\":\"ImageObject\",\"inLanguage\":\"hr\",\"@id\":\"https:\/\/pfk.hr\/2024\/product\/putnik\/#primaryimage\",\"url\":\"https:\/\/pfk.hr\/2024\/wp-content\/uploads\/2023\/05\/Putnik_korice_001_prednja.jpg\",\"contentUrl\":\"https:\/\/pfk.hr\/2024\/wp-content\/uploads\/2023\/05\/Putnik_korice_001_prednja.jpg\",\"width\":1673,\"height\":2421},{\"@type\":\"BreadcrumbList\",\"@id\":\"https:\/\/pfk.hr\/2024\/product\/putnik\/#breadcrumb\",\"itemListElement\":[{\"@type\":\"ListItem\",\"position\":1,\"name\":\"Po\u010detna stranica\",\"item\":\"https:\/\/pfk.hr\/2024\/\"},{\"@type\":\"ListItem\",\"position\":2,\"name\":\"Preporuka naslova\",\"item\":\"https:\/\/pfk.hr\/2024\/preporuka-naslova\/\"},{\"@type\":\"ListItem\",\"position\":3,\"name\":\"Putnik\"}]},{\"@type\":\"WebSite\",\"@id\":\"https:\/\/pfk.hr\/2024\/#website\",\"url\":\"https:\/\/pfk.hr\/2024\/\",\"name\":\"Panonski festival knjige\",\"description\":\"\u010cITAJ, LEGA, \u010cITAJ!\",\"potentialAction\":[{\"@type\":\"SearchAction\",\"target\":{\"@type\":\"EntryPoint\",\"urlTemplate\":\"https:\/\/pfk.hr\/2024\/?s={search_term_string}\"},\"query-input\":\"required name=search_term_string\"}],\"inLanguage\":\"hr\"}]}<\/script>\n<!-- \/ Yoast SEO plugin. -->","yoast_head_json":{"title":"Putnik - Panonski festival knjige","robots":{"index":"index","follow":"follow","max-snippet":"max-snippet:-1","max-image-preview":"max-image-preview:large","max-video-preview":"max-video-preview:-1"},"canonical":"https:\/\/pfk.hr\/2024\/product\/putnik\/","og_locale":"hr_HR","og_type":"article","og_title":"Putnik - Panonski festival knjige","og_description":"Ulrich Alexander Boschwitz Naklada: TIM press Otto Silbermann, glavni junak romana Putnik, imu\u0107an je berlinski trgovac \u017eidovskog podrijetla. Borio se u Prvome svjetskom ratu i odlikovan je \u017deljeznim kri\u017eem, a prije nacisti\u010dkog preuzimanja vlasti bio je cijenjeni pripadnik berlinske bur\u017eoazije. Jedne ve\u010deri nakon antisemitskog pogroma u Kristalnoj no\u0107i u studenome 1938., dok su mu nacisti...","og_url":"https:\/\/pfk.hr\/2024\/product\/putnik\/","og_site_name":"Panonski festival knjige","article_modified_time":"2024-05-13T17:17:31+00:00","og_image":[{"width":708,"height":1024,"url":"https:\/\/pfk.hr\/2024\/wp-content\/uploads\/2023\/05\/Putnik_korice_001_prednja-708x1024.jpg","type":"image\/jpeg"}],"twitter_card":"summary_large_image","twitter_misc":{"Procijenjeno vrijeme \u010ditanja":"2 minute"},"schema":{"@context":"https:\/\/schema.org","@graph":[{"@type":"WebPage","@id":"https:\/\/pfk.hr\/2024\/product\/putnik\/","url":"https:\/\/pfk.hr\/2024\/product\/putnik\/","name":"Putnik - Panonski festival knjige","isPartOf":{"@id":"https:\/\/pfk.hr\/2024\/#website"},"primaryImageOfPage":{"@id":"https:\/\/pfk.hr\/2024\/product\/putnik\/#primaryimage"},"image":{"@id":"https:\/\/pfk.hr\/2024\/product\/putnik\/#primaryimage"},"thumbnailUrl":"https:\/\/pfk.hr\/2024\/wp-content\/uploads\/2023\/05\/Putnik_korice_001_prednja.jpg","datePublished":"2023-05-09T19:52:44+00:00","dateModified":"2024-05-13T17:17:31+00:00","breadcrumb":{"@id":"https:\/\/pfk.hr\/2024\/product\/putnik\/#breadcrumb"},"inLanguage":"hr","potentialAction":[{"@type":"ReadAction","target":["https:\/\/pfk.hr\/2024\/product\/putnik\/"]}]},{"@type":"ImageObject","inLanguage":"hr","@id":"https:\/\/pfk.hr\/2024\/product\/putnik\/#primaryimage","url":"https:\/\/pfk.hr\/2024\/wp-content\/uploads\/2023\/05\/Putnik_korice_001_prednja.jpg","contentUrl":"https:\/\/pfk.hr\/2024\/wp-content\/uploads\/2023\/05\/Putnik_korice_001_prednja.jpg","width":1673,"height":2421},{"@type":"BreadcrumbList","@id":"https:\/\/pfk.hr\/2024\/product\/putnik\/#breadcrumb","itemListElement":[{"@type":"ListItem","position":1,"name":"Po\u010detna stranica","item":"https:\/\/pfk.hr\/2024\/"},{"@type":"ListItem","position":2,"name":"Preporuka naslova","item":"https:\/\/pfk.hr\/2024\/preporuka-naslova\/"},{"@type":"ListItem","position":3,"name":"Putnik"}]},{"@type":"WebSite","@id":"https:\/\/pfk.hr\/2024\/#website","url":"https:\/\/pfk.hr\/2024\/","name":"Panonski festival knjige","description":"\u010cITAJ, LEGA, \u010cITAJ!","potentialAction":[{"@type":"SearchAction","target":{"@type":"EntryPoint","urlTemplate":"https:\/\/pfk.hr\/2024\/?s={search_term_string}"},"query-input":"required name=search_term_string"}],"inLanguage":"hr"}]}},"_links":{"self":[{"href":"https:\/\/pfk.hr\/2024\/wp-json\/wp\/v2\/product\/988455","targetHints":{"allow":["GET"]}}],"collection":[{"href":"https:\/\/pfk.hr\/2024\/wp-json\/wp\/v2\/product"}],"about":[{"href":"https:\/\/pfk.hr\/2024\/wp-json\/wp\/v2\/types\/product"}],"wp:featuredmedia":[{"embeddable":true,"href":"https:\/\/pfk.hr\/2024\/wp-json\/wp\/v2\/media\/989638"}],"wp:attachment":[{"href":"https:\/\/pfk.hr\/2024\/wp-json\/wp\/v2\/media?parent=988455"}],"wp:term":[{"taxonomy":"product_cat","embeddable":true,"href":"https:\/\/pfk.hr\/2024\/wp-json\/wp\/v2\/product_cat?post=988455"},{"taxonomy":"product_tag","embeddable":true,"href":"https:\/\/pfk.hr\/2024\/wp-json\/wp\/v2\/product_tag?post=988455"}],"curies":[{"name":"wp","href":"https:\/\/api.w.org\/{rel}","templated":true}]}}