{"id":989189,"date":"2023-05-23T21:13:08","date_gmt":"2023-05-23T19:13:08","guid":{"rendered":"https:\/\/pfk.hr\/?post_type=product&#038;p=989189"},"modified":"2023-05-23T21:13:40","modified_gmt":"2023-05-23T19:13:40","slug":"zivot-na-gradskom-vrtu","status":"publish","type":"product","link":"https:\/\/pfk.hr\/2023\/product\/zivot-na-gradskom-vrtu\/","title":{"rendered":"\u017divot na Gradskom vrtu"},"content":{"rendered":"<div>\n<div data-hveid=\"CAsQAA\">\n<div data-md=\"221\" data-hveid=\"CAkQAA\" data-ved=\"2ahUKEwjJ7dyf2-P-AhX5wQIHHf6aC2MQnKEBegQICRAA\">\n<p><strong>Tomislav Buljuba\u0161i\u0107<\/strong><\/p>\n<\/div>\n<\/div>\n<\/div>\n<div class=\"GRl5yb a8pxAe\">\n<div id=\"JTPWx\" class=\"FJIcp\" role=\"tablist\" data-hveid=\"CA0QAA\">Naklada: DOLOCO<\/div>\n<\/div>\n<hr \/>\n<p>KNJIGA O POVIJESTI NOGOMETA U OSIJEKU I KLUBU KOJI JE PRETHODNIK DANA\u0160NJEG NK OSIJEKA<\/p>\n<p class=\"has-text-align-center\">Knjiga\u00a0<strong>\u017divot na Gradskom vrtu\u00a0<\/strong>u 30-ak poglavlja donosi pri\u010du o Nogometnom klubu Osijek, njegovoj povijesti i povijesti njegova stadiona kroz o\u010di jednog navija\u010da. Ona je i jedan od na\u010dina kojima se opra\u0161tamo od stadiona uz koji su vezane generacije navija\u010da i igra\u010da.<\/p>\n<p class=\"has-text-align-center\">Knjiga sadr\u017ei\u00a0<strong>mnogobrojne fotografije, tablice, grafike i vremenske crte koje predo\u010davaju bogatu povijest kluba<\/strong>.<\/p>\n<p class=\"has-text-align-center\">Ova je knjiga jedinstvena i zato \u0161to prvi put donosi kompletnu statistiku kluba, ali i omjere s Dinamom, Hajdukom i Rijekom te listu najboljih strijelaca u cjelokupnoj povijesti kluba.<\/p>\n<p><a href=\"https:\/\/www.doloco.eu\/product\/zivot-na-gradskom-vrtu\/\">Saznajte vi\u0161e&#8230;<\/a><\/p>\n","protected":false},"excerpt":{"rendered":"<p>Tomislav Buljuba\u0161i\u0107 Naklada: DOLOCO KNJIGA O POVIJESTI NOGOMETA U OSIJEKU I KLUBU KOJI JE PRETHODNIK DANA\u0160NJEG NK OSIJEKA Knjiga\u00a0\u017divot na Gradskom vrtu\u00a0u 30-ak poglavlja donosi pri\u010du o Nogometnom klubu Osijek, njegovoj povijesti i povijesti njegova stadiona kroz o\u010di jednog navija\u010da. Ona je i jedan od na\u010dina kojima se opra\u0161tamo od stadiona uz koji su vezane&#8230;<\/p>\n","protected":false},"featured_media":989179,"template":"","meta":[],"product_cat":[86],"product_tag":[],"class_list":["post-989189","product","type-product","status-publish","has-post-thumbnail","hentry","product_cat-knjige"],"acf":[],"yoast_head":"<!-- This site is optimized with the Yoast SEO plugin v20.7 - https:\/\/yoast.com\/wordpress\/plugins\/seo\/ -->\n<title>\u017divot na Gradskom vrtu - Panonski festival knjige<\/title>\n<meta name=\"robots\" content=\"index, follow, max-snippet:-1, max-image-preview:large, max-video-preview:-1\" \/>\n<link rel=\"canonical\" href=\"https:\/\/pfk.hr\/2023\/product\/zivot-na-gradskom-vrtu\/\" \/>\n<meta property=\"og:locale\" content=\"hr_HR\" \/>\n<meta property=\"og:type\" content=\"article\" \/>\n<meta property=\"og:title\" content=\"\u017divot na Gradskom vrtu - Panonski festival knjige\" \/>\n<meta property=\"og:description\" content=\"Tomislav Buljuba\u0161i\u0107 Naklada: DOLOCO KNJIGA O POVIJESTI NOGOMETA U OSIJEKU I KLUBU KOJI JE PRETHODNIK DANA\u0160NJEG NK OSIJEKA Knjiga\u00a0\u017divot na Gradskom vrtu\u00a0u 30-ak poglavlja donosi pri\u010du o Nogometnom klubu Osijek, njegovoj povijesti i povijesti njegova stadiona kroz o\u010di jednog navija\u010da. Ona je i jedan od na\u010dina kojima se opra\u0161tamo od stadiona uz koji su vezane...\" \/>\n<meta property=\"og:url\" content=\"https:\/\/pfk.hr\/2023\/product\/zivot-na-gradskom-vrtu\/\" \/>\n<meta property=\"og:site_name\" content=\"Panonski festival knjige\" \/>\n<meta property=\"article:modified_time\" content=\"2023-05-23T19:13:40+00:00\" \/>\n<meta property=\"og:image\" content=\"https:\/\/pfk.hr\/2023\/wp-content\/uploads\/2023\/05\/61.png\" \/>\n\t<meta property=\"og:image:width\" content=\"500\" \/>\n\t<meta property=\"og:image:height\" content=\"500\" \/>\n\t<meta property=\"og:image:type\" content=\"image\/png\" \/>\n<meta name=\"twitter:card\" content=\"summary_large_image\" \/>\n<meta name=\"twitter:label1\" content=\"Procijenjeno vrijeme \u010ditanja\" \/>\n\t<meta name=\"twitter:data1\" content=\"1 minuta\" \/>\n<script type=\"application\/ld+json\" class=\"yoast-schema-graph\">{\"@context\":\"https:\/\/schema.org\",\"@graph\":[{\"@type\":\"WebPage\",\"@id\":\"https:\/\/pfk.hr\/2023\/product\/zivot-na-gradskom-vrtu\/\",\"url\":\"https:\/\/pfk.hr\/2023\/product\/zivot-na-gradskom-vrtu\/\",\"name\":\"\u017divot na Gradskom vrtu - Panonski festival knjige\",\"isPartOf\":{\"@id\":\"https:\/\/pfk.hr\/2023\/#website\"},\"datePublished\":\"2023-05-23T19:13:08+00:00\",\"dateModified\":\"2023-05-23T19:13:40+00:00\",\"breadcrumb\":{\"@id\":\"https:\/\/pfk.hr\/2023\/product\/zivot-na-gradskom-vrtu\/#breadcrumb\"},\"inLanguage\":\"hr\",\"potentialAction\":[{\"@type\":\"ReadAction\",\"target\":[\"https:\/\/pfk.hr\/2023\/product\/zivot-na-gradskom-vrtu\/\"]}]},{\"@type\":\"BreadcrumbList\",\"@id\":\"https:\/\/pfk.hr\/2023\/product\/zivot-na-gradskom-vrtu\/#breadcrumb\",\"itemListElement\":[{\"@type\":\"ListItem\",\"position\":1,\"name\":\"Po\u010detna stranica\",\"item\":\"https:\/\/pfk.hr\/2023\/\"},{\"@type\":\"ListItem\",\"position\":2,\"name\":\"Preporuka naslova\",\"item\":\"https:\/\/pfk.hr\/2023\/preporuka-naslova\/\"},{\"@type\":\"ListItem\",\"position\":3,\"name\":\"\u017divot na Gradskom vrtu\"}]},{\"@type\":\"WebSite\",\"@id\":\"https:\/\/pfk.hr\/2023\/#website\",\"url\":\"https:\/\/pfk.hr\/2023\/\",\"name\":\"Panonski festival knjige\",\"description\":\"\u010cITAJ, LEGA, \u010cITAJ!\",\"potentialAction\":[{\"@type\":\"SearchAction\",\"target\":{\"@type\":\"EntryPoint\",\"urlTemplate\":\"https:\/\/pfk.hr\/2023\/?s={search_term_string}\"},\"query-input\":\"required name=search_term_string\"}],\"inLanguage\":\"hr\"}]}<\/script>\n<!-- \/ Yoast SEO plugin. -->","yoast_head_json":{"title":"\u017divot na Gradskom vrtu - Panonski festival knjige","robots":{"index":"index","follow":"follow","max-snippet":"max-snippet:-1","max-image-preview":"max-image-preview:large","max-video-preview":"max-video-preview:-1"},"canonical":"https:\/\/pfk.hr\/2023\/product\/zivot-na-gradskom-vrtu\/","og_locale":"hr_HR","og_type":"article","og_title":"\u017divot na Gradskom vrtu - Panonski festival knjige","og_description":"Tomislav Buljuba\u0161i\u0107 Naklada: DOLOCO KNJIGA O POVIJESTI NOGOMETA U OSIJEKU I KLUBU KOJI JE PRETHODNIK DANA\u0160NJEG NK OSIJEKA Knjiga\u00a0\u017divot na Gradskom vrtu\u00a0u 30-ak poglavlja donosi pri\u010du o Nogometnom klubu Osijek, njegovoj povijesti i povijesti njegova stadiona kroz o\u010di jednog navija\u010da. Ona je i jedan od na\u010dina kojima se opra\u0161tamo od stadiona uz koji su vezane...","og_url":"https:\/\/pfk.hr\/2023\/product\/zivot-na-gradskom-vrtu\/","og_site_name":"Panonski festival knjige","article_modified_time":"2023-05-23T19:13:40+00:00","og_image":[{"width":500,"height":500,"url":"https:\/\/pfk.hr\/2023\/wp-content\/uploads\/2023\/05\/61.png","type":"image\/png"}],"twitter_card":"summary_large_image","twitter_misc":{"Procijenjeno vrijeme \u010ditanja":"1 minuta"},"schema":{"@context":"https:\/\/schema.org","@graph":[{"@type":"WebPage","@id":"https:\/\/pfk.hr\/2023\/product\/zivot-na-gradskom-vrtu\/","url":"https:\/\/pfk.hr\/2023\/product\/zivot-na-gradskom-vrtu\/","name":"\u017divot na Gradskom vrtu - Panonski festival knjige","isPartOf":{"@id":"https:\/\/pfk.hr\/2023\/#website"},"datePublished":"2023-05-23T19:13:08+00:00","dateModified":"2023-05-23T19:13:40+00:00","breadcrumb":{"@id":"https:\/\/pfk.hr\/2023\/product\/zivot-na-gradskom-vrtu\/#breadcrumb"},"inLanguage":"hr","potentialAction":[{"@type":"ReadAction","target":["https:\/\/pfk.hr\/2023\/product\/zivot-na-gradskom-vrtu\/"]}]},{"@type":"BreadcrumbList","@id":"https:\/\/pfk.hr\/2023\/product\/zivot-na-gradskom-vrtu\/#breadcrumb","itemListElement":[{"@type":"ListItem","position":1,"name":"Po\u010detna stranica","item":"https:\/\/pfk.hr\/2023\/"},{"@type":"ListItem","position":2,"name":"Preporuka naslova","item":"https:\/\/pfk.hr\/2023\/preporuka-naslova\/"},{"@type":"ListItem","position":3,"name":"\u017divot na Gradskom vrtu"}]},{"@type":"WebSite","@id":"https:\/\/pfk.hr\/2023\/#website","url":"https:\/\/pfk.hr\/2023\/","name":"Panonski festival knjige","description":"\u010cITAJ, LEGA, \u010cITAJ!","potentialAction":[{"@type":"SearchAction","target":{"@type":"EntryPoint","urlTemplate":"https:\/\/pfk.hr\/2023\/?s={search_term_string}"},"query-input":"required name=search_term_string"}],"inLanguage":"hr"}]}},"_links":{"self":[{"href":"https:\/\/pfk.hr\/2023\/wp-json\/wp\/v2\/product\/989189","targetHints":{"allow":["GET"]}}],"collection":[{"href":"https:\/\/pfk.hr\/2023\/wp-json\/wp\/v2\/product"}],"about":[{"href":"https:\/\/pfk.hr\/2023\/wp-json\/wp\/v2\/types\/product"}],"wp:featuredmedia":[{"embeddable":true,"href":"https:\/\/pfk.hr\/2023\/wp-json\/wp\/v2\/media\/989179"}],"wp:attachment":[{"href":"https:\/\/pfk.hr\/2023\/wp-json\/wp\/v2\/media?parent=989189"}],"wp:term":[{"taxonomy":"product_cat","embeddable":true,"href":"https:\/\/pfk.hr\/2023\/wp-json\/wp\/v2\/product_cat?post=989189"},{"taxonomy":"product_tag","embeddable":true,"href":"https:\/\/pfk.hr\/2023\/wp-json\/wp\/v2\/product_tag?post=989189"}],"curies":[{"name":"wp","href":"https:\/\/api.w.org\/{rel}","templated":true}]}}