{"id":989184,"date":"2023-05-23T20:51:20","date_gmt":"2023-05-23T18:51:20","guid":{"rendered":"https:\/\/pfk.hr\/?post_type=product&#038;p=989184"},"modified":"2023-05-23T21:14:28","modified_gmt":"2023-05-23T19:14:28","slug":"eileen","status":"publish","type":"product","link":"https:\/\/pfk.hr\/2023\/product\/eileen\/","title":{"rendered":"Eileen"},"content":{"rendered":"<div>\n<div data-hveid=\"CAsQAA\">\n<div data-md=\"221\" data-hveid=\"CAkQAA\" data-ved=\"2ahUKEwjJ7dyf2-P-AhX5wQIHHf6aC2MQnKEBegQICRAA\">\n<p><strong>Ottessa Moshfegh<\/strong><\/p>\n<\/div>\n<\/div>\n<\/div>\n<div class=\"GRl5yb a8pxAe\">\n<div id=\"JTPWx\" class=\"FJIcp\" role=\"tablist\" data-hveid=\"CA0QAA\">Naklada: VUKOVI\u0106&amp;RUNJI\u0106<\/div>\n<\/div>\n<hr \/>\n<p>Roman Ottesse Moshfegh Eileen u\u0161ao je u u\u017ei izbor za nagradu Man Booker i 2016. osvojio nagradu PEN \/ Hemingway za debitantsko djelo, a prema njemu je 2023. snimljen film s Anne Hathaway i Thomasin McKenzie u glavnim ulogama.<\/p>\n<p>Eileen Dunlop usamljena je i neuroti\u010dna mlada \u017eena koja mrzi sve oko sebe, a najvi\u0161e sebe samu i svoje tijelo. Dani joj se svode na brigu za oca alkoholi\u010dara i sumoran posao u popravnom domu, a no\u0107u uhodi Randyja, \u010duvara iz doma koji joj se svi\u0111a, i sanja o bijegu iz svojeg malog mjesta u veliki grad gdje se nada da \u0107e postati netko drugi. Sve se mijenja kad se na poslu pojavi karizmati\u010dna Rebecca i Eileen, o\u010darana, zami\u0161lja da je napokon na\u0161la pravu prijateljicu. Ali navodno prijateljstvo je samo paravan za neo\u010dekivani mra\u010dni obrat koji slijedi\u2026<\/p>\n","protected":false},"excerpt":{"rendered":"<p>Ottessa Moshfegh Naklada: VUKOVI\u0106&amp;RUNJI\u0106 Roman Ottesse Moshfegh Eileen u\u0161ao je u u\u017ei izbor za nagradu Man Booker i 2016. osvojio nagradu PEN \/ Hemingway za debitantsko djelo, a prema njemu je 2023. snimljen film s Anne Hathaway i Thomasin McKenzie u glavnim ulogama. Eileen Dunlop usamljena je i neuroti\u010dna mlada \u017eena koja mrzi sve oko&#8230;<\/p>\n","protected":false},"featured_media":989181,"template":"","meta":[],"product_cat":[86],"product_tag":[],"class_list":["post-989184","product","type-product","status-publish","has-post-thumbnail","hentry","product_cat-knjige"],"acf":[],"yoast_head":"<!-- This site is optimized with the Yoast SEO plugin v20.7 - https:\/\/yoast.com\/wordpress\/plugins\/seo\/ -->\n<title>Eileen - Panonski festival knjige<\/title>\n<meta name=\"robots\" content=\"index, follow, max-snippet:-1, max-image-preview:large, max-video-preview:-1\" \/>\n<link rel=\"canonical\" href=\"https:\/\/pfk.hr\/2023\/product\/eileen\/\" \/>\n<meta property=\"og:locale\" content=\"hr_HR\" \/>\n<meta property=\"og:type\" content=\"article\" \/>\n<meta property=\"og:title\" content=\"Eileen - Panonski festival knjige\" \/>\n<meta property=\"og:description\" content=\"Ottessa Moshfegh Naklada: VUKOVI\u0106&amp;RUNJI\u0106 Roman Ottesse Moshfegh Eileen u\u0161ao je u u\u017ei izbor za nagradu Man Booker i 2016. osvojio nagradu PEN \/ Hemingway za debitantsko djelo, a prema njemu je 2023. snimljen film s Anne Hathaway i Thomasin McKenzie u glavnim ulogama. Eileen Dunlop usamljena je i neuroti\u010dna mlada \u017eena koja mrzi sve oko...\" \/>\n<meta property=\"og:url\" content=\"https:\/\/pfk.hr\/2023\/product\/eileen\/\" \/>\n<meta property=\"og:site_name\" content=\"Panonski festival knjige\" \/>\n<meta property=\"article:modified_time\" content=\"2023-05-23T19:14:28+00:00\" \/>\n<meta property=\"og:image\" content=\"https:\/\/pfk.hr\/2023\/wp-content\/uploads\/2023\/05\/63.png\" \/>\n\t<meta property=\"og:image:width\" content=\"500\" \/>\n\t<meta property=\"og:image:height\" content=\"500\" \/>\n\t<meta property=\"og:image:type\" content=\"image\/png\" \/>\n<meta name=\"twitter:card\" content=\"summary_large_image\" \/>\n<meta name=\"twitter:label1\" content=\"Procijenjeno vrijeme \u010ditanja\" \/>\n\t<meta name=\"twitter:data1\" content=\"1 minuta\" \/>\n<script type=\"application\/ld+json\" class=\"yoast-schema-graph\">{\"@context\":\"https:\/\/schema.org\",\"@graph\":[{\"@type\":\"WebPage\",\"@id\":\"https:\/\/pfk.hr\/2023\/product\/eileen\/\",\"url\":\"https:\/\/pfk.hr\/2023\/product\/eileen\/\",\"name\":\"Eileen - Panonski festival knjige\",\"isPartOf\":{\"@id\":\"https:\/\/pfk.hr\/2023\/#website\"},\"datePublished\":\"2023-05-23T18:51:20+00:00\",\"dateModified\":\"2023-05-23T19:14:28+00:00\",\"breadcrumb\":{\"@id\":\"https:\/\/pfk.hr\/2023\/product\/eileen\/#breadcrumb\"},\"inLanguage\":\"hr\",\"potentialAction\":[{\"@type\":\"ReadAction\",\"target\":[\"https:\/\/pfk.hr\/2023\/product\/eileen\/\"]}]},{\"@type\":\"BreadcrumbList\",\"@id\":\"https:\/\/pfk.hr\/2023\/product\/eileen\/#breadcrumb\",\"itemListElement\":[{\"@type\":\"ListItem\",\"position\":1,\"name\":\"Po\u010detna stranica\",\"item\":\"https:\/\/pfk.hr\/2023\/\"},{\"@type\":\"ListItem\",\"position\":2,\"name\":\"Preporuka naslova\",\"item\":\"https:\/\/pfk.hr\/2023\/preporuka-naslova\/\"},{\"@type\":\"ListItem\",\"position\":3,\"name\":\"Eileen\"}]},{\"@type\":\"WebSite\",\"@id\":\"https:\/\/pfk.hr\/2023\/#website\",\"url\":\"https:\/\/pfk.hr\/2023\/\",\"name\":\"Panonski festival knjige\",\"description\":\"\u010cITAJ, LEGA, \u010cITAJ!\",\"potentialAction\":[{\"@type\":\"SearchAction\",\"target\":{\"@type\":\"EntryPoint\",\"urlTemplate\":\"https:\/\/pfk.hr\/2023\/?s={search_term_string}\"},\"query-input\":\"required name=search_term_string\"}],\"inLanguage\":\"hr\"}]}<\/script>\n<!-- \/ Yoast SEO plugin. -->","yoast_head_json":{"title":"Eileen - Panonski festival knjige","robots":{"index":"index","follow":"follow","max-snippet":"max-snippet:-1","max-image-preview":"max-image-preview:large","max-video-preview":"max-video-preview:-1"},"canonical":"https:\/\/pfk.hr\/2023\/product\/eileen\/","og_locale":"hr_HR","og_type":"article","og_title":"Eileen - Panonski festival knjige","og_description":"Ottessa Moshfegh Naklada: VUKOVI\u0106&amp;RUNJI\u0106 Roman Ottesse Moshfegh Eileen u\u0161ao je u u\u017ei izbor za nagradu Man Booker i 2016. osvojio nagradu PEN \/ Hemingway za debitantsko djelo, a prema njemu je 2023. snimljen film s Anne Hathaway i Thomasin McKenzie u glavnim ulogama. Eileen Dunlop usamljena je i neuroti\u010dna mlada \u017eena koja mrzi sve oko...","og_url":"https:\/\/pfk.hr\/2023\/product\/eileen\/","og_site_name":"Panonski festival knjige","article_modified_time":"2023-05-23T19:14:28+00:00","og_image":[{"width":500,"height":500,"url":"https:\/\/pfk.hr\/2023\/wp-content\/uploads\/2023\/05\/63.png","type":"image\/png"}],"twitter_card":"summary_large_image","twitter_misc":{"Procijenjeno vrijeme \u010ditanja":"1 minuta"},"schema":{"@context":"https:\/\/schema.org","@graph":[{"@type":"WebPage","@id":"https:\/\/pfk.hr\/2023\/product\/eileen\/","url":"https:\/\/pfk.hr\/2023\/product\/eileen\/","name":"Eileen - Panonski festival knjige","isPartOf":{"@id":"https:\/\/pfk.hr\/2023\/#website"},"datePublished":"2023-05-23T18:51:20+00:00","dateModified":"2023-05-23T19:14:28+00:00","breadcrumb":{"@id":"https:\/\/pfk.hr\/2023\/product\/eileen\/#breadcrumb"},"inLanguage":"hr","potentialAction":[{"@type":"ReadAction","target":["https:\/\/pfk.hr\/2023\/product\/eileen\/"]}]},{"@type":"BreadcrumbList","@id":"https:\/\/pfk.hr\/2023\/product\/eileen\/#breadcrumb","itemListElement":[{"@type":"ListItem","position":1,"name":"Po\u010detna stranica","item":"https:\/\/pfk.hr\/2023\/"},{"@type":"ListItem","position":2,"name":"Preporuka naslova","item":"https:\/\/pfk.hr\/2023\/preporuka-naslova\/"},{"@type":"ListItem","position":3,"name":"Eileen"}]},{"@type":"WebSite","@id":"https:\/\/pfk.hr\/2023\/#website","url":"https:\/\/pfk.hr\/2023\/","name":"Panonski festival knjige","description":"\u010cITAJ, LEGA, \u010cITAJ!","potentialAction":[{"@type":"SearchAction","target":{"@type":"EntryPoint","urlTemplate":"https:\/\/pfk.hr\/2023\/?s={search_term_string}"},"query-input":"required name=search_term_string"}],"inLanguage":"hr"}]}},"_links":{"self":[{"href":"https:\/\/pfk.hr\/2023\/wp-json\/wp\/v2\/product\/989184","targetHints":{"allow":["GET"]}}],"collection":[{"href":"https:\/\/pfk.hr\/2023\/wp-json\/wp\/v2\/product"}],"about":[{"href":"https:\/\/pfk.hr\/2023\/wp-json\/wp\/v2\/types\/product"}],"wp:featuredmedia":[{"embeddable":true,"href":"https:\/\/pfk.hr\/2023\/wp-json\/wp\/v2\/media\/989181"}],"wp:attachment":[{"href":"https:\/\/pfk.hr\/2023\/wp-json\/wp\/v2\/media?parent=989184"}],"wp:term":[{"taxonomy":"product_cat","embeddable":true,"href":"https:\/\/pfk.hr\/2023\/wp-json\/wp\/v2\/product_cat?post=989184"},{"taxonomy":"product_tag","embeddable":true,"href":"https:\/\/pfk.hr\/2023\/wp-json\/wp\/v2\/product_tag?post=989184"}],"curies":[{"name":"wp","href":"https:\/\/api.w.org\/{rel}","templated":true}]}}