{"id":989169,"date":"2023-05-22T17:46:37","date_gmt":"2023-05-22T15:46:37","guid":{"rendered":"https:\/\/pfk.hr\/?post_type=product&#038;p=989169"},"modified":"2023-05-22T17:49:37","modified_gmt":"2023-05-22T15:49:37","slug":"izabrana-djela-i","status":"publish","type":"product","link":"https:\/\/pfk.hr\/2023\/product\/izabrana-djela-i\/","title":{"rendered":"Izabrana djela I"},"content":{"rendered":"<div>\n<div data-hveid=\"CAsQAA\">\n<div data-md=\"221\" data-hveid=\"CAkQAA\" data-ved=\"2ahUKEwjJ7dyf2-P-AhX5wQIHHf6aC2MQnKEBegQICRAA\">\n<p><strong>Vesna Parun<\/strong><\/p>\n<\/div>\n<\/div>\n<\/div>\n<div class=\"GRl5yb a8pxAe\">\n<div id=\"JTPWx\" class=\"FJIcp\" role=\"tablist\" data-hveid=\"CA0QAA\">Naklada: MATICA HRVATSKA<\/div>\n<\/div>\n<hr \/>\n<p>Izbor pjesama iz bogatog pjesni\u010dkog opusa Vesne Parun na\u010dinjen je iz zbirki objavljenih izme\u0111u 1947. i 1969. godine (Zore i vihori, Pjesme, Crna maslina, Ropstvo, Vidrama vjerna, Pusti da otpo\u010dinem, Koralj vra\u0107en moru, Ti i nikad, Jao jutro, Vjetar Trakije, Gong i Ukleti da\u017ed). Sve su pjesme donesene prema zadnjim ina\u010dicama objavljenima za \u017eivota autorice.<\/p>\n<p><a href=\"https:\/\/www.matica.hr\/knjige\/izabrana-djela-i-1408\/\" target=\"_blank\" rel=\"noopener\">Saznajte vi\u0161e&#8230;<\/a><\/p>\n<hr \/>\n<p>REDOVNA CIJENA: 26,54 \u20ac (200,00 kn)<br \/>\n<strong><span style=\"color: #ff0000;\">PFK SAJAMSKA CIJENA:<\/span> <span style=\"color: #ff0000;\">23,89 \u20ac (180,00 kn)<\/span><\/strong><\/p>\n<p class=\"v1msonormal\" style=\"background: white;\"><span style=\"font-size: 11.0pt; font-family: 'Arial',sans-serif; color: #2c363a;\">Cijena s popustom bit \u0107e aktivna samo od 24. do 28. svibnja 2023. u dvorani Gradski vrt<\/span><span style=\"font-size: 11.0pt; font-family: 'Calibri',sans-serif; color: #2c363a;\">.<\/span><\/p>\n","protected":false},"excerpt":{"rendered":"<p>Vesna Parun Naklada: MATICA HRVATSKA Izbor pjesama iz bogatog pjesni\u010dkog opusa Vesne Parun na\u010dinjen je iz zbirki objavljenih izme\u0111u 1947. i 1969. godine (Zore i vihori, Pjesme, Crna maslina, Ropstvo, Vidrama vjerna, Pusti da otpo\u010dinem, Koralj vra\u0107en moru, Ti i nikad, Jao jutro, Vjetar Trakije, Gong i Ukleti da\u017ed). Sve su pjesme donesene prema zadnjim&#8230;<\/p>\n","protected":false},"featured_media":989152,"template":"","meta":[],"product_cat":[86],"product_tag":[],"class_list":["post-989169","product","type-product","status-publish","has-post-thumbnail","hentry","product_cat-knjige"],"acf":[],"yoast_head":"<!-- This site is optimized with the Yoast SEO plugin v20.7 - https:\/\/yoast.com\/wordpress\/plugins\/seo\/ -->\n<title>Izabrana djela I - Panonski festival knjige<\/title>\n<meta name=\"robots\" content=\"index, follow, max-snippet:-1, max-image-preview:large, max-video-preview:-1\" \/>\n<link rel=\"canonical\" href=\"https:\/\/pfk.hr\/2023\/product\/izabrana-djela-i\/\" \/>\n<meta property=\"og:locale\" content=\"hr_HR\" \/>\n<meta property=\"og:type\" content=\"article\" \/>\n<meta property=\"og:title\" content=\"Izabrana djela I - Panonski festival knjige\" \/>\n<meta property=\"og:description\" content=\"Vesna Parun Naklada: MATICA HRVATSKA Izbor pjesama iz bogatog pjesni\u010dkog opusa Vesne Parun na\u010dinjen je iz zbirki objavljenih izme\u0111u 1947. i 1969. godine (Zore i vihori, Pjesme, Crna maslina, Ropstvo, Vidrama vjerna, Pusti da otpo\u010dinem, Koralj vra\u0107en moru, Ti i nikad, Jao jutro, Vjetar Trakije, Gong i Ukleti da\u017ed). Sve su pjesme donesene prema zadnjim...\" \/>\n<meta property=\"og:url\" content=\"https:\/\/pfk.hr\/2023\/product\/izabrana-djela-i\/\" \/>\n<meta property=\"og:site_name\" content=\"Panonski festival knjige\" \/>\n<meta property=\"article:modified_time\" content=\"2023-05-22T15:49:37+00:00\" \/>\n<meta property=\"og:image\" content=\"https:\/\/pfk.hr\/2023\/wp-content\/uploads\/2023\/05\/60.jpg\" \/>\n\t<meta property=\"og:image:width\" content=\"500\" \/>\n\t<meta property=\"og:image:height\" content=\"500\" \/>\n\t<meta property=\"og:image:type\" content=\"image\/jpeg\" \/>\n<meta name=\"twitter:card\" content=\"summary_large_image\" \/>\n<meta name=\"twitter:label1\" content=\"Procijenjeno vrijeme \u010ditanja\" \/>\n\t<meta name=\"twitter:data1\" content=\"1 minuta\" \/>\n<script type=\"application\/ld+json\" class=\"yoast-schema-graph\">{\"@context\":\"https:\/\/schema.org\",\"@graph\":[{\"@type\":\"WebPage\",\"@id\":\"https:\/\/pfk.hr\/2023\/product\/izabrana-djela-i\/\",\"url\":\"https:\/\/pfk.hr\/2023\/product\/izabrana-djela-i\/\",\"name\":\"Izabrana djela I - Panonski festival knjige\",\"isPartOf\":{\"@id\":\"https:\/\/pfk.hr\/2023\/#website\"},\"datePublished\":\"2023-05-22T15:46:37+00:00\",\"dateModified\":\"2023-05-22T15:49:37+00:00\",\"breadcrumb\":{\"@id\":\"https:\/\/pfk.hr\/2023\/product\/izabrana-djela-i\/#breadcrumb\"},\"inLanguage\":\"hr\",\"potentialAction\":[{\"@type\":\"ReadAction\",\"target\":[\"https:\/\/pfk.hr\/2023\/product\/izabrana-djela-i\/\"]}]},{\"@type\":\"BreadcrumbList\",\"@id\":\"https:\/\/pfk.hr\/2023\/product\/izabrana-djela-i\/#breadcrumb\",\"itemListElement\":[{\"@type\":\"ListItem\",\"position\":1,\"name\":\"Po\u010detna stranica\",\"item\":\"https:\/\/pfk.hr\/2023\/\"},{\"@type\":\"ListItem\",\"position\":2,\"name\":\"Preporuka naslova\",\"item\":\"https:\/\/pfk.hr\/2023\/preporuka-naslova\/\"},{\"@type\":\"ListItem\",\"position\":3,\"name\":\"Izabrana djela I\"}]},{\"@type\":\"WebSite\",\"@id\":\"https:\/\/pfk.hr\/2023\/#website\",\"url\":\"https:\/\/pfk.hr\/2023\/\",\"name\":\"Panonski festival knjige\",\"description\":\"\u010cITAJ, LEGA, \u010cITAJ!\",\"potentialAction\":[{\"@type\":\"SearchAction\",\"target\":{\"@type\":\"EntryPoint\",\"urlTemplate\":\"https:\/\/pfk.hr\/2023\/?s={search_term_string}\"},\"query-input\":\"required name=search_term_string\"}],\"inLanguage\":\"hr\"}]}<\/script>\n<!-- \/ Yoast SEO plugin. -->","yoast_head_json":{"title":"Izabrana djela I - Panonski festival knjige","robots":{"index":"index","follow":"follow","max-snippet":"max-snippet:-1","max-image-preview":"max-image-preview:large","max-video-preview":"max-video-preview:-1"},"canonical":"https:\/\/pfk.hr\/2023\/product\/izabrana-djela-i\/","og_locale":"hr_HR","og_type":"article","og_title":"Izabrana djela I - Panonski festival knjige","og_description":"Vesna Parun Naklada: MATICA HRVATSKA Izbor pjesama iz bogatog pjesni\u010dkog opusa Vesne Parun na\u010dinjen je iz zbirki objavljenih izme\u0111u 1947. i 1969. godine (Zore i vihori, Pjesme, Crna maslina, Ropstvo, Vidrama vjerna, Pusti da otpo\u010dinem, Koralj vra\u0107en moru, Ti i nikad, Jao jutro, Vjetar Trakije, Gong i Ukleti da\u017ed). Sve su pjesme donesene prema zadnjim...","og_url":"https:\/\/pfk.hr\/2023\/product\/izabrana-djela-i\/","og_site_name":"Panonski festival knjige","article_modified_time":"2023-05-22T15:49:37+00:00","og_image":[{"width":500,"height":500,"url":"https:\/\/pfk.hr\/2023\/wp-content\/uploads\/2023\/05\/60.jpg","type":"image\/jpeg"}],"twitter_card":"summary_large_image","twitter_misc":{"Procijenjeno vrijeme \u010ditanja":"1 minuta"},"schema":{"@context":"https:\/\/schema.org","@graph":[{"@type":"WebPage","@id":"https:\/\/pfk.hr\/2023\/product\/izabrana-djela-i\/","url":"https:\/\/pfk.hr\/2023\/product\/izabrana-djela-i\/","name":"Izabrana djela I - Panonski festival knjige","isPartOf":{"@id":"https:\/\/pfk.hr\/2023\/#website"},"datePublished":"2023-05-22T15:46:37+00:00","dateModified":"2023-05-22T15:49:37+00:00","breadcrumb":{"@id":"https:\/\/pfk.hr\/2023\/product\/izabrana-djela-i\/#breadcrumb"},"inLanguage":"hr","potentialAction":[{"@type":"ReadAction","target":["https:\/\/pfk.hr\/2023\/product\/izabrana-djela-i\/"]}]},{"@type":"BreadcrumbList","@id":"https:\/\/pfk.hr\/2023\/product\/izabrana-djela-i\/#breadcrumb","itemListElement":[{"@type":"ListItem","position":1,"name":"Po\u010detna stranica","item":"https:\/\/pfk.hr\/2023\/"},{"@type":"ListItem","position":2,"name":"Preporuka naslova","item":"https:\/\/pfk.hr\/2023\/preporuka-naslova\/"},{"@type":"ListItem","position":3,"name":"Izabrana djela I"}]},{"@type":"WebSite","@id":"https:\/\/pfk.hr\/2023\/#website","url":"https:\/\/pfk.hr\/2023\/","name":"Panonski festival knjige","description":"\u010cITAJ, LEGA, \u010cITAJ!","potentialAction":[{"@type":"SearchAction","target":{"@type":"EntryPoint","urlTemplate":"https:\/\/pfk.hr\/2023\/?s={search_term_string}"},"query-input":"required name=search_term_string"}],"inLanguage":"hr"}]}},"_links":{"self":[{"href":"https:\/\/pfk.hr\/2023\/wp-json\/wp\/v2\/product\/989169","targetHints":{"allow":["GET"]}}],"collection":[{"href":"https:\/\/pfk.hr\/2023\/wp-json\/wp\/v2\/product"}],"about":[{"href":"https:\/\/pfk.hr\/2023\/wp-json\/wp\/v2\/types\/product"}],"wp:featuredmedia":[{"embeddable":true,"href":"https:\/\/pfk.hr\/2023\/wp-json\/wp\/v2\/media\/989152"}],"wp:attachment":[{"href":"https:\/\/pfk.hr\/2023\/wp-json\/wp\/v2\/media?parent=989169"}],"wp:term":[{"taxonomy":"product_cat","embeddable":true,"href":"https:\/\/pfk.hr\/2023\/wp-json\/wp\/v2\/product_cat?post=989169"},{"taxonomy":"product_tag","embeddable":true,"href":"https:\/\/pfk.hr\/2023\/wp-json\/wp\/v2\/product_tag?post=989169"}],"curies":[{"name":"wp","href":"https:\/\/api.w.org\/{rel}","templated":true}]}}