{"id":989164,"date":"2023-05-22T17:32:08","date_gmt":"2023-05-22T15:32:08","guid":{"rendered":"https:\/\/pfk.hr\/?post_type=product&#038;p=989164"},"modified":"2023-05-22T17:35:51","modified_gmt":"2023-05-22T15:35:51","slug":"30-nogometasa-koji-su-usli-u-povijest","status":"publish","type":"product","link":"https:\/\/pfk.hr\/2023\/product\/30-nogometasa-koji-su-usli-u-povijest\/","title":{"rendered":"30 NOGOMETA\u0160A KOJI SU U\u0160LI U POVIJEST"},"content":{"rendered":"<div>\n<div data-hveid=\"CAsQAA\">\n<div data-md=\"221\" data-hveid=\"CAkQAA\" data-ved=\"2ahUKEwjJ7dyf2-P-AhX5wQIHHf6aC2MQnKEBegQICRAA\">\n<p><strong>Martin Stiefenhofer<\/strong><\/p>\n<\/div>\n<\/div>\n<\/div>\n<div class=\"GRl5yb a8pxAe\">\n<div id=\"JTPWx\" class=\"FJIcp\" role=\"tablist\" data-hveid=\"CA0QAA\">Naklada: BEGEN<\/div>\n<\/div>\n<hr \/>\n<p>Ovo su \u0161ampioni koji mogu ba\u0161 sve, vje\u0161ti su s loptom, kreativni u igri, sna\u017eni su i brzi. I najva\u017enije, hrabri su. Od Lionela Messija do Cristiana Ronalda, od Gigi Buffona do Pelea, na\u0161eg virtuoza Luke Modri\u0107a i jo\u0161 o mnogim drugima. Prikaz 30 nogometa\u0161a svjetskog glasa koji su prekrojili povijest nogometa.<\/p>\n<p><a href=\"https:\/\/www.begen.hr\/proizvod\/30-nogometasa-koji-su-usli-u-povijest-sportske-price\/\" target=\"_blank\" rel=\"noopener\">Saznajte vi\u0161e&#8230;<\/a><\/p>\n<hr \/>\n<p>REDOVNA CIJENA: 18.57 \u20ac (139.92 kn)<br \/>\n<strong><span style=\"color: #ff0000;\">PFK SAJAMSKA CIJENA:<\/span> <span style=\"color: #ff0000;\">14,90 \u20ac (112,26kn)<\/span><\/strong><\/p>\n","protected":false},"excerpt":{"rendered":"<p>Martin Stiefenhofer Naklada: BEGEN Ovo su \u0161ampioni koji mogu ba\u0161 sve, vje\u0161ti su s loptom, kreativni u igri, sna\u017eni su i brzi. I najva\u017enije, hrabri su. Od Lionela Messija do Cristiana Ronalda, od Gigi Buffona do Pelea, na\u0161eg virtuoza Luke Modri\u0107a i jo\u0161 o mnogim drugima. Prikaz 30 nogometa\u0161a svjetskog glasa koji su prekrojili povijest&#8230;<\/p>\n","protected":false},"featured_media":989156,"template":"","meta":[],"product_cat":[86],"product_tag":[],"class_list":["post-989164","product","type-product","status-publish","has-post-thumbnail","hentry","product_cat-knjige"],"acf":[],"yoast_head":"<!-- This site is optimized with the Yoast SEO plugin v20.7 - https:\/\/yoast.com\/wordpress\/plugins\/seo\/ -->\n<title>30 NOGOMETA\u0160A KOJI SU U\u0160LI U POVIJEST - Panonski festival knjige<\/title>\n<meta name=\"robots\" content=\"index, follow, max-snippet:-1, max-image-preview:large, max-video-preview:-1\" \/>\n<link rel=\"canonical\" href=\"https:\/\/pfk.hr\/2023\/product\/30-nogometasa-koji-su-usli-u-povijest\/\" \/>\n<meta property=\"og:locale\" content=\"hr_HR\" \/>\n<meta property=\"og:type\" content=\"article\" \/>\n<meta property=\"og:title\" content=\"30 NOGOMETA\u0160A KOJI SU U\u0160LI U POVIJEST - Panonski festival knjige\" \/>\n<meta property=\"og:description\" content=\"Martin Stiefenhofer Naklada: BEGEN Ovo su \u0161ampioni koji mogu ba\u0161 sve, vje\u0161ti su s loptom, kreativni u igri, sna\u017eni su i brzi. I najva\u017enije, hrabri su. Od Lionela Messija do Cristiana Ronalda, od Gigi Buffona do Pelea, na\u0161eg virtuoza Luke Modri\u0107a i jo\u0161 o mnogim drugima. Prikaz 30 nogometa\u0161a svjetskog glasa koji su prekrojili povijest...\" \/>\n<meta property=\"og:url\" content=\"https:\/\/pfk.hr\/2023\/product\/30-nogometasa-koji-su-usli-u-povijest\/\" \/>\n<meta property=\"og:site_name\" content=\"Panonski festival knjige\" \/>\n<meta property=\"article:modified_time\" content=\"2023-05-22T15:35:51+00:00\" \/>\n<meta property=\"og:image\" content=\"https:\/\/pfk.hr\/2023\/wp-content\/uploads\/2023\/05\/55.jpg\" \/>\n\t<meta property=\"og:image:width\" content=\"500\" \/>\n\t<meta property=\"og:image:height\" content=\"500\" \/>\n\t<meta property=\"og:image:type\" content=\"image\/jpeg\" \/>\n<meta name=\"twitter:card\" content=\"summary_large_image\" \/>\n<meta name=\"twitter:label1\" content=\"Procijenjeno vrijeme \u010ditanja\" \/>\n\t<meta name=\"twitter:data1\" content=\"1 minuta\" \/>\n<script type=\"application\/ld+json\" class=\"yoast-schema-graph\">{\"@context\":\"https:\/\/schema.org\",\"@graph\":[{\"@type\":\"WebPage\",\"@id\":\"https:\/\/pfk.hr\/2023\/product\/30-nogometasa-koji-su-usli-u-povijest\/\",\"url\":\"https:\/\/pfk.hr\/2023\/product\/30-nogometasa-koji-su-usli-u-povijest\/\",\"name\":\"30 NOGOMETA\u0160A KOJI SU U\u0160LI U POVIJEST - Panonski festival knjige\",\"isPartOf\":{\"@id\":\"https:\/\/pfk.hr\/2023\/#website\"},\"datePublished\":\"2023-05-22T15:32:08+00:00\",\"dateModified\":\"2023-05-22T15:35:51+00:00\",\"breadcrumb\":{\"@id\":\"https:\/\/pfk.hr\/2023\/product\/30-nogometasa-koji-su-usli-u-povijest\/#breadcrumb\"},\"inLanguage\":\"hr\",\"potentialAction\":[{\"@type\":\"ReadAction\",\"target\":[\"https:\/\/pfk.hr\/2023\/product\/30-nogometasa-koji-su-usli-u-povijest\/\"]}]},{\"@type\":\"BreadcrumbList\",\"@id\":\"https:\/\/pfk.hr\/2023\/product\/30-nogometasa-koji-su-usli-u-povijest\/#breadcrumb\",\"itemListElement\":[{\"@type\":\"ListItem\",\"position\":1,\"name\":\"Po\u010detna stranica\",\"item\":\"https:\/\/pfk.hr\/2023\/\"},{\"@type\":\"ListItem\",\"position\":2,\"name\":\"Preporuka naslova\",\"item\":\"https:\/\/pfk.hr\/2023\/preporuka-naslova\/\"},{\"@type\":\"ListItem\",\"position\":3,\"name\":\"30 NOGOMETA\u0160A KOJI SU U\u0160LI U POVIJEST\"}]},{\"@type\":\"WebSite\",\"@id\":\"https:\/\/pfk.hr\/2023\/#website\",\"url\":\"https:\/\/pfk.hr\/2023\/\",\"name\":\"Panonski festival knjige\",\"description\":\"\u010cITAJ, LEGA, \u010cITAJ!\",\"potentialAction\":[{\"@type\":\"SearchAction\",\"target\":{\"@type\":\"EntryPoint\",\"urlTemplate\":\"https:\/\/pfk.hr\/2023\/?s={search_term_string}\"},\"query-input\":\"required name=search_term_string\"}],\"inLanguage\":\"hr\"}]}<\/script>\n<!-- \/ Yoast SEO plugin. -->","yoast_head_json":{"title":"30 NOGOMETA\u0160A KOJI SU U\u0160LI U POVIJEST - Panonski festival knjige","robots":{"index":"index","follow":"follow","max-snippet":"max-snippet:-1","max-image-preview":"max-image-preview:large","max-video-preview":"max-video-preview:-1"},"canonical":"https:\/\/pfk.hr\/2023\/product\/30-nogometasa-koji-su-usli-u-povijest\/","og_locale":"hr_HR","og_type":"article","og_title":"30 NOGOMETA\u0160A KOJI SU U\u0160LI U POVIJEST - Panonski festival knjige","og_description":"Martin Stiefenhofer Naklada: BEGEN Ovo su \u0161ampioni koji mogu ba\u0161 sve, vje\u0161ti su s loptom, kreativni u igri, sna\u017eni su i brzi. I najva\u017enije, hrabri su. Od Lionela Messija do Cristiana Ronalda, od Gigi Buffona do Pelea, na\u0161eg virtuoza Luke Modri\u0107a i jo\u0161 o mnogim drugima. Prikaz 30 nogometa\u0161a svjetskog glasa koji su prekrojili povijest...","og_url":"https:\/\/pfk.hr\/2023\/product\/30-nogometasa-koji-su-usli-u-povijest\/","og_site_name":"Panonski festival knjige","article_modified_time":"2023-05-22T15:35:51+00:00","og_image":[{"width":500,"height":500,"url":"https:\/\/pfk.hr\/2023\/wp-content\/uploads\/2023\/05\/55.jpg","type":"image\/jpeg"}],"twitter_card":"summary_large_image","twitter_misc":{"Procijenjeno vrijeme \u010ditanja":"1 minuta"},"schema":{"@context":"https:\/\/schema.org","@graph":[{"@type":"WebPage","@id":"https:\/\/pfk.hr\/2023\/product\/30-nogometasa-koji-su-usli-u-povijest\/","url":"https:\/\/pfk.hr\/2023\/product\/30-nogometasa-koji-su-usli-u-povijest\/","name":"30 NOGOMETA\u0160A KOJI SU U\u0160LI U POVIJEST - Panonski festival knjige","isPartOf":{"@id":"https:\/\/pfk.hr\/2023\/#website"},"datePublished":"2023-05-22T15:32:08+00:00","dateModified":"2023-05-22T15:35:51+00:00","breadcrumb":{"@id":"https:\/\/pfk.hr\/2023\/product\/30-nogometasa-koji-su-usli-u-povijest\/#breadcrumb"},"inLanguage":"hr","potentialAction":[{"@type":"ReadAction","target":["https:\/\/pfk.hr\/2023\/product\/30-nogometasa-koji-su-usli-u-povijest\/"]}]},{"@type":"BreadcrumbList","@id":"https:\/\/pfk.hr\/2023\/product\/30-nogometasa-koji-su-usli-u-povijest\/#breadcrumb","itemListElement":[{"@type":"ListItem","position":1,"name":"Po\u010detna stranica","item":"https:\/\/pfk.hr\/2023\/"},{"@type":"ListItem","position":2,"name":"Preporuka naslova","item":"https:\/\/pfk.hr\/2023\/preporuka-naslova\/"},{"@type":"ListItem","position":3,"name":"30 NOGOMETA\u0160A KOJI SU U\u0160LI U POVIJEST"}]},{"@type":"WebSite","@id":"https:\/\/pfk.hr\/2023\/#website","url":"https:\/\/pfk.hr\/2023\/","name":"Panonski festival knjige","description":"\u010cITAJ, LEGA, \u010cITAJ!","potentialAction":[{"@type":"SearchAction","target":{"@type":"EntryPoint","urlTemplate":"https:\/\/pfk.hr\/2023\/?s={search_term_string}"},"query-input":"required name=search_term_string"}],"inLanguage":"hr"}]}},"_links":{"self":[{"href":"https:\/\/pfk.hr\/2023\/wp-json\/wp\/v2\/product\/989164","targetHints":{"allow":["GET"]}}],"collection":[{"href":"https:\/\/pfk.hr\/2023\/wp-json\/wp\/v2\/product"}],"about":[{"href":"https:\/\/pfk.hr\/2023\/wp-json\/wp\/v2\/types\/product"}],"wp:featuredmedia":[{"embeddable":true,"href":"https:\/\/pfk.hr\/2023\/wp-json\/wp\/v2\/media\/989156"}],"wp:attachment":[{"href":"https:\/\/pfk.hr\/2023\/wp-json\/wp\/v2\/media?parent=989164"}],"wp:term":[{"taxonomy":"product_cat","embeddable":true,"href":"https:\/\/pfk.hr\/2023\/wp-json\/wp\/v2\/product_cat?post=989164"},{"taxonomy":"product_tag","embeddable":true,"href":"https:\/\/pfk.hr\/2023\/wp-json\/wp\/v2\/product_tag?post=989164"}],"curies":[{"name":"wp","href":"https:\/\/api.w.org\/{rel}","templated":true}]}}