{"id":989059,"date":"2023-05-17T12:34:18","date_gmt":"2023-05-17T10:34:18","guid":{"rendered":"https:\/\/pfk.hr\/?post_type=product&#038;p=989059"},"modified":"2023-05-22T17:59:32","modified_gmt":"2023-05-22T15:59:32","slug":"zenski-kod","status":"publish","type":"product","link":"https:\/\/pfk.hr\/2023\/product\/zenski-kod\/","title":{"rendered":"\u017denski kod"},"content":{"rendered":"<div class=\"hHq9Z\">\n<div data-hveid=\"CAsQAA\">\n<div class=\"gyEfO\">\n<div class=\"wDYxhc NFQFxe viOShc LKPcQc\" data-md=\"221\" data-hveid=\"CAkQAA\" data-ved=\"2ahUKEwjJ7dyf2-P-AhX5wQIHHf6aC2MQnKEBegQICRAA\">\n<div class=\"ZxoDOe yGdMVd\">\n<div class=\"UFE1qd\">\n<div class=\"EGmpye\">\n<p><strong>Alisa Vitti<\/strong><\/p>\n<\/div>\n<\/div>\n<\/div>\n<\/div>\n<\/div>\n<\/div>\n<\/div>\n<div class=\"GRl5yb a8pxAe\">\n<div id=\"JTPWx\" class=\"FJIcp\" role=\"tablist\" data-hveid=\"CA0QAA\">Naklada: PLANETOPIJA<\/div>\n<\/div>\n<hr \/>\n<p>Funkcionalna nutricionistica i stru\u010dnjakinja za \u017eensko hormonalno zdravlja Alisa Vitti opisuje protokol koji se temelji na uskla\u0111ivanju prehrane i \u017eivotnog stila s ciljem postizanja optimalne funkcije endokrinog sustava kako bi \u017eene na prirodan na\u010din regulirale mjese\u010dnicu, uspje\u0161no zatrudnjele i poja\u010dale libido.<\/p>\n","protected":false},"excerpt":{"rendered":"<p>Alisa Vitti Naklada: PLANETOPIJA Funkcionalna nutricionistica i stru\u010dnjakinja za \u017eensko hormonalno zdravlja Alisa Vitti opisuje protokol koji se temelji na uskla\u0111ivanju prehrane i \u017eivotnog stila s ciljem postizanja optimalne funkcije endokrinog sustava kako bi \u017eene na prirodan na\u010din regulirale mjese\u010dnicu, uspje\u0161no zatrudnjele i poja\u010dale libido.<\/p>\n","protected":false},"featured_media":989056,"template":"","meta":[],"product_cat":[86],"product_tag":[],"class_list":["post-989059","product","type-product","status-publish","has-post-thumbnail","hentry","product_cat-knjige"],"acf":[],"yoast_head":"<!-- This site is optimized with the Yoast SEO plugin v20.7 - https:\/\/yoast.com\/wordpress\/plugins\/seo\/ -->\n<title>\u017denski kod - Panonski festival knjige<\/title>\n<meta name=\"robots\" content=\"index, follow, max-snippet:-1, max-image-preview:large, max-video-preview:-1\" \/>\n<link rel=\"canonical\" href=\"https:\/\/pfk.hr\/2023\/product\/zenski-kod\/\" \/>\n<meta property=\"og:locale\" content=\"hr_HR\" \/>\n<meta property=\"og:type\" content=\"article\" \/>\n<meta property=\"og:title\" content=\"\u017denski kod - Panonski festival knjige\" \/>\n<meta property=\"og:description\" content=\"Alisa Vitti Naklada: PLANETOPIJA Funkcionalna nutricionistica i stru\u010dnjakinja za \u017eensko hormonalno zdravlja Alisa Vitti opisuje protokol koji se temelji na uskla\u0111ivanju prehrane i \u017eivotnog stila s ciljem postizanja optimalne funkcije endokrinog sustava kako bi \u017eene na prirodan na\u010din regulirale mjese\u010dnicu, uspje\u0161no zatrudnjele i poja\u010dale libido.\" \/>\n<meta property=\"og:url\" content=\"https:\/\/pfk.hr\/2023\/product\/zenski-kod\/\" \/>\n<meta property=\"og:site_name\" content=\"Panonski festival knjige\" \/>\n<meta property=\"article:modified_time\" content=\"2023-05-22T15:59:32+00:00\" \/>\n<meta property=\"og:image\" content=\"https:\/\/pfk.hr\/2023\/wp-content\/uploads\/2023\/05\/47.png\" \/>\n\t<meta property=\"og:image:width\" content=\"500\" \/>\n\t<meta property=\"og:image:height\" content=\"500\" \/>\n\t<meta property=\"og:image:type\" content=\"image\/png\" \/>\n<meta name=\"twitter:card\" content=\"summary_large_image\" \/>\n<meta name=\"twitter:label1\" content=\"Procijenjeno vrijeme \u010ditanja\" \/>\n\t<meta name=\"twitter:data1\" content=\"1 minuta\" \/>\n<script type=\"application\/ld+json\" class=\"yoast-schema-graph\">{\"@context\":\"https:\/\/schema.org\",\"@graph\":[{\"@type\":\"WebPage\",\"@id\":\"https:\/\/pfk.hr\/2023\/product\/zenski-kod\/\",\"url\":\"https:\/\/pfk.hr\/2023\/product\/zenski-kod\/\",\"name\":\"\u017denski kod - Panonski festival knjige\",\"isPartOf\":{\"@id\":\"https:\/\/pfk.hr\/2023\/#website\"},\"datePublished\":\"2023-05-17T10:34:18+00:00\",\"dateModified\":\"2023-05-22T15:59:32+00:00\",\"breadcrumb\":{\"@id\":\"https:\/\/pfk.hr\/2023\/product\/zenski-kod\/#breadcrumb\"},\"inLanguage\":\"hr\",\"potentialAction\":[{\"@type\":\"ReadAction\",\"target\":[\"https:\/\/pfk.hr\/2023\/product\/zenski-kod\/\"]}]},{\"@type\":\"BreadcrumbList\",\"@id\":\"https:\/\/pfk.hr\/2023\/product\/zenski-kod\/#breadcrumb\",\"itemListElement\":[{\"@type\":\"ListItem\",\"position\":1,\"name\":\"Po\u010detna stranica\",\"item\":\"https:\/\/pfk.hr\/2023\/\"},{\"@type\":\"ListItem\",\"position\":2,\"name\":\"Preporuka naslova\",\"item\":\"https:\/\/pfk.hr\/2023\/preporuka-naslova\/\"},{\"@type\":\"ListItem\",\"position\":3,\"name\":\"\u017denski kod\"}]},{\"@type\":\"WebSite\",\"@id\":\"https:\/\/pfk.hr\/2023\/#website\",\"url\":\"https:\/\/pfk.hr\/2023\/\",\"name\":\"Panonski festival knjige\",\"description\":\"\u010cITAJ, LEGA, \u010cITAJ!\",\"potentialAction\":[{\"@type\":\"SearchAction\",\"target\":{\"@type\":\"EntryPoint\",\"urlTemplate\":\"https:\/\/pfk.hr\/2023\/?s={search_term_string}\"},\"query-input\":\"required name=search_term_string\"}],\"inLanguage\":\"hr\"}]}<\/script>\n<!-- \/ Yoast SEO plugin. -->","yoast_head_json":{"title":"\u017denski kod - Panonski festival knjige","robots":{"index":"index","follow":"follow","max-snippet":"max-snippet:-1","max-image-preview":"max-image-preview:large","max-video-preview":"max-video-preview:-1"},"canonical":"https:\/\/pfk.hr\/2023\/product\/zenski-kod\/","og_locale":"hr_HR","og_type":"article","og_title":"\u017denski kod - Panonski festival knjige","og_description":"Alisa Vitti Naklada: PLANETOPIJA Funkcionalna nutricionistica i stru\u010dnjakinja za \u017eensko hormonalno zdravlja Alisa Vitti opisuje protokol koji se temelji na uskla\u0111ivanju prehrane i \u017eivotnog stila s ciljem postizanja optimalne funkcije endokrinog sustava kako bi \u017eene na prirodan na\u010din regulirale mjese\u010dnicu, uspje\u0161no zatrudnjele i poja\u010dale libido.","og_url":"https:\/\/pfk.hr\/2023\/product\/zenski-kod\/","og_site_name":"Panonski festival knjige","article_modified_time":"2023-05-22T15:59:32+00:00","og_image":[{"width":500,"height":500,"url":"https:\/\/pfk.hr\/2023\/wp-content\/uploads\/2023\/05\/47.png","type":"image\/png"}],"twitter_card":"summary_large_image","twitter_misc":{"Procijenjeno vrijeme \u010ditanja":"1 minuta"},"schema":{"@context":"https:\/\/schema.org","@graph":[{"@type":"WebPage","@id":"https:\/\/pfk.hr\/2023\/product\/zenski-kod\/","url":"https:\/\/pfk.hr\/2023\/product\/zenski-kod\/","name":"\u017denski kod - Panonski festival knjige","isPartOf":{"@id":"https:\/\/pfk.hr\/2023\/#website"},"datePublished":"2023-05-17T10:34:18+00:00","dateModified":"2023-05-22T15:59:32+00:00","breadcrumb":{"@id":"https:\/\/pfk.hr\/2023\/product\/zenski-kod\/#breadcrumb"},"inLanguage":"hr","potentialAction":[{"@type":"ReadAction","target":["https:\/\/pfk.hr\/2023\/product\/zenski-kod\/"]}]},{"@type":"BreadcrumbList","@id":"https:\/\/pfk.hr\/2023\/product\/zenski-kod\/#breadcrumb","itemListElement":[{"@type":"ListItem","position":1,"name":"Po\u010detna stranica","item":"https:\/\/pfk.hr\/2023\/"},{"@type":"ListItem","position":2,"name":"Preporuka naslova","item":"https:\/\/pfk.hr\/2023\/preporuka-naslova\/"},{"@type":"ListItem","position":3,"name":"\u017denski kod"}]},{"@type":"WebSite","@id":"https:\/\/pfk.hr\/2023\/#website","url":"https:\/\/pfk.hr\/2023\/","name":"Panonski festival knjige","description":"\u010cITAJ, LEGA, \u010cITAJ!","potentialAction":[{"@type":"SearchAction","target":{"@type":"EntryPoint","urlTemplate":"https:\/\/pfk.hr\/2023\/?s={search_term_string}"},"query-input":"required name=search_term_string"}],"inLanguage":"hr"}]}},"_links":{"self":[{"href":"https:\/\/pfk.hr\/2023\/wp-json\/wp\/v2\/product\/989059","targetHints":{"allow":["GET"]}}],"collection":[{"href":"https:\/\/pfk.hr\/2023\/wp-json\/wp\/v2\/product"}],"about":[{"href":"https:\/\/pfk.hr\/2023\/wp-json\/wp\/v2\/types\/product"}],"wp:featuredmedia":[{"embeddable":true,"href":"https:\/\/pfk.hr\/2023\/wp-json\/wp\/v2\/media\/989056"}],"wp:attachment":[{"href":"https:\/\/pfk.hr\/2023\/wp-json\/wp\/v2\/media?parent=989059"}],"wp:term":[{"taxonomy":"product_cat","embeddable":true,"href":"https:\/\/pfk.hr\/2023\/wp-json\/wp\/v2\/product_cat?post=989059"},{"taxonomy":"product_tag","embeddable":true,"href":"https:\/\/pfk.hr\/2023\/wp-json\/wp\/v2\/product_tag?post=989059"}],"curies":[{"name":"wp","href":"https:\/\/api.w.org\/{rel}","templated":true}]}}