{"id":989058,"date":"2023-05-17T12:31:52","date_gmt":"2023-05-17T10:31:52","guid":{"rendered":"https:\/\/pfk.hr\/?post_type=product&#038;p=989058"},"modified":"2023-05-17T12:31:52","modified_gmt":"2023-05-17T10:31:52","slug":"dah","status":"publish","type":"product","link":"https:\/\/pfk.hr\/2023\/product\/dah\/","title":{"rendered":"Dah"},"content":{"rendered":"<div class=\"hHq9Z\">\n<div data-hveid=\"CAsQAA\">\n<div class=\"gyEfO\">\n<div class=\"wDYxhc NFQFxe viOShc LKPcQc\" data-md=\"221\" data-hveid=\"CAkQAA\" data-ved=\"2ahUKEwjJ7dyf2-P-AhX5wQIHHf6aC2MQnKEBegQICRAA\">\n<div class=\"ZxoDOe yGdMVd\">\n<div class=\"UFE1qd\">\n<div class=\"EGmpye\">\n<p><strong>James Nestor<\/strong><\/p>\n<\/div>\n<\/div>\n<\/div>\n<\/div>\n<\/div>\n<\/div>\n<\/div>\n<div class=\"GRl5yb a8pxAe\">\n<div id=\"JTPWx\" class=\"FJIcp\" role=\"tablist\" data-hveid=\"CA0QAA\">Naklada: PLANETOPIJA<\/div>\n<\/div>\n<hr \/>\n<p>Svjetski hit \u201eDah&#8221; fascinantno je istra\u017eivanje o va\u017enosti i utjecaju pravilnog disanja na zdravlje.\u00a0 Bez obzira na to \u0161to jedemo, koliko smo tjelesno aktivni, koliko su na\u0161i geni otporni \u2013 ni\u0161ta od toga nije va\u017eno ako ne di\u0161emo pravilno. Rezultati istra\u017eivanja pokazali su da prilagodbe na\u010dina na koji udi\u0161emo i izdi\u0161emo mogu doprinijeti pomla\u0111ivanju unutarnjih organa, boljim sportskim rezultatima, sprije\u010diti hrkanje, astmu i autoimune bolesti pa \u010dak i ispraviti skoliozu.<\/p>\n","protected":false},"excerpt":{"rendered":"<p>James Nestor Naklada: PLANETOPIJA Svjetski hit \u201eDah&#8221; fascinantno je istra\u017eivanje o va\u017enosti i utjecaju pravilnog disanja na zdravlje.\u00a0 Bez obzira na to \u0161to jedemo, koliko smo tjelesno aktivni, koliko su na\u0161i geni otporni \u2013 ni\u0161ta od toga nije va\u017eno ako ne di\u0161emo pravilno. Rezultati istra\u017eivanja pokazali su da prilagodbe na\u010dina na koji udi\u0161emo i izdi\u0161emo&#8230;<\/p>\n","protected":false},"featured_media":989057,"template":"","meta":[],"product_cat":[86],"product_tag":[],"class_list":["post-989058","product","type-product","status-publish","has-post-thumbnail","hentry","product_cat-knjige"],"acf":[],"yoast_head":"<!-- This site is optimized with the Yoast SEO plugin v20.7 - https:\/\/yoast.com\/wordpress\/plugins\/seo\/ -->\n<title>Dah - Panonski festival knjige<\/title>\n<meta name=\"robots\" content=\"index, follow, max-snippet:-1, max-image-preview:large, max-video-preview:-1\" \/>\n<link rel=\"canonical\" href=\"https:\/\/pfk.hr\/2023\/product\/dah\/\" \/>\n<meta property=\"og:locale\" content=\"hr_HR\" \/>\n<meta property=\"og:type\" content=\"article\" \/>\n<meta property=\"og:title\" content=\"Dah - Panonski festival knjige\" \/>\n<meta property=\"og:description\" content=\"James Nestor Naklada: PLANETOPIJA Svjetski hit \u201eDah&#8221; fascinantno je istra\u017eivanje o va\u017enosti i utjecaju pravilnog disanja na zdravlje.\u00a0 Bez obzira na to \u0161to jedemo, koliko smo tjelesno aktivni, koliko su na\u0161i geni otporni \u2013 ni\u0161ta od toga nije va\u017eno ako ne di\u0161emo pravilno. Rezultati istra\u017eivanja pokazali su da prilagodbe na\u010dina na koji udi\u0161emo i izdi\u0161emo...\" \/>\n<meta property=\"og:url\" content=\"https:\/\/pfk.hr\/2023\/product\/dah\/\" \/>\n<meta property=\"og:site_name\" content=\"Panonski festival knjige\" \/>\n<meta property=\"og:image\" content=\"https:\/\/pfk.hr\/2023\/wp-content\/uploads\/2023\/05\/48.png\" \/>\n\t<meta property=\"og:image:width\" content=\"500\" \/>\n\t<meta property=\"og:image:height\" content=\"500\" \/>\n\t<meta property=\"og:image:type\" content=\"image\/png\" \/>\n<meta name=\"twitter:card\" content=\"summary_large_image\" \/>\n<meta name=\"twitter:label1\" content=\"Procijenjeno vrijeme \u010ditanja\" \/>\n\t<meta name=\"twitter:data1\" content=\"1 minuta\" \/>\n<script type=\"application\/ld+json\" class=\"yoast-schema-graph\">{\"@context\":\"https:\/\/schema.org\",\"@graph\":[{\"@type\":\"WebPage\",\"@id\":\"https:\/\/pfk.hr\/2023\/product\/dah\/\",\"url\":\"https:\/\/pfk.hr\/2023\/product\/dah\/\",\"name\":\"Dah - Panonski festival knjige\",\"isPartOf\":{\"@id\":\"https:\/\/pfk.hr\/2023\/#website\"},\"datePublished\":\"2023-05-17T10:31:52+00:00\",\"dateModified\":\"2023-05-17T10:31:52+00:00\",\"breadcrumb\":{\"@id\":\"https:\/\/pfk.hr\/2023\/product\/dah\/#breadcrumb\"},\"inLanguage\":\"hr\",\"potentialAction\":[{\"@type\":\"ReadAction\",\"target\":[\"https:\/\/pfk.hr\/2023\/product\/dah\/\"]}]},{\"@type\":\"BreadcrumbList\",\"@id\":\"https:\/\/pfk.hr\/2023\/product\/dah\/#breadcrumb\",\"itemListElement\":[{\"@type\":\"ListItem\",\"position\":1,\"name\":\"Po\u010detna stranica\",\"item\":\"https:\/\/pfk.hr\/2023\/\"},{\"@type\":\"ListItem\",\"position\":2,\"name\":\"Preporuka naslova\",\"item\":\"https:\/\/pfk.hr\/2023\/preporuka-naslova\/\"},{\"@type\":\"ListItem\",\"position\":3,\"name\":\"Dah\"}]},{\"@type\":\"WebSite\",\"@id\":\"https:\/\/pfk.hr\/2023\/#website\",\"url\":\"https:\/\/pfk.hr\/2023\/\",\"name\":\"Panonski festival knjige\",\"description\":\"\u010cITAJ, LEGA, \u010cITAJ!\",\"potentialAction\":[{\"@type\":\"SearchAction\",\"target\":{\"@type\":\"EntryPoint\",\"urlTemplate\":\"https:\/\/pfk.hr\/2023\/?s={search_term_string}\"},\"query-input\":\"required name=search_term_string\"}],\"inLanguage\":\"hr\"}]}<\/script>\n<!-- \/ Yoast SEO plugin. -->","yoast_head_json":{"title":"Dah - Panonski festival knjige","robots":{"index":"index","follow":"follow","max-snippet":"max-snippet:-1","max-image-preview":"max-image-preview:large","max-video-preview":"max-video-preview:-1"},"canonical":"https:\/\/pfk.hr\/2023\/product\/dah\/","og_locale":"hr_HR","og_type":"article","og_title":"Dah - Panonski festival knjige","og_description":"James Nestor Naklada: PLANETOPIJA Svjetski hit \u201eDah&#8221; fascinantno je istra\u017eivanje o va\u017enosti i utjecaju pravilnog disanja na zdravlje.\u00a0 Bez obzira na to \u0161to jedemo, koliko smo tjelesno aktivni, koliko su na\u0161i geni otporni \u2013 ni\u0161ta od toga nije va\u017eno ako ne di\u0161emo pravilno. Rezultati istra\u017eivanja pokazali su da prilagodbe na\u010dina na koji udi\u0161emo i izdi\u0161emo...","og_url":"https:\/\/pfk.hr\/2023\/product\/dah\/","og_site_name":"Panonski festival knjige","og_image":[{"width":500,"height":500,"url":"https:\/\/pfk.hr\/2023\/wp-content\/uploads\/2023\/05\/48.png","type":"image\/png"}],"twitter_card":"summary_large_image","twitter_misc":{"Procijenjeno vrijeme \u010ditanja":"1 minuta"},"schema":{"@context":"https:\/\/schema.org","@graph":[{"@type":"WebPage","@id":"https:\/\/pfk.hr\/2023\/product\/dah\/","url":"https:\/\/pfk.hr\/2023\/product\/dah\/","name":"Dah - Panonski festival knjige","isPartOf":{"@id":"https:\/\/pfk.hr\/2023\/#website"},"datePublished":"2023-05-17T10:31:52+00:00","dateModified":"2023-05-17T10:31:52+00:00","breadcrumb":{"@id":"https:\/\/pfk.hr\/2023\/product\/dah\/#breadcrumb"},"inLanguage":"hr","potentialAction":[{"@type":"ReadAction","target":["https:\/\/pfk.hr\/2023\/product\/dah\/"]}]},{"@type":"BreadcrumbList","@id":"https:\/\/pfk.hr\/2023\/product\/dah\/#breadcrumb","itemListElement":[{"@type":"ListItem","position":1,"name":"Po\u010detna stranica","item":"https:\/\/pfk.hr\/2023\/"},{"@type":"ListItem","position":2,"name":"Preporuka naslova","item":"https:\/\/pfk.hr\/2023\/preporuka-naslova\/"},{"@type":"ListItem","position":3,"name":"Dah"}]},{"@type":"WebSite","@id":"https:\/\/pfk.hr\/2023\/#website","url":"https:\/\/pfk.hr\/2023\/","name":"Panonski festival knjige","description":"\u010cITAJ, LEGA, \u010cITAJ!","potentialAction":[{"@type":"SearchAction","target":{"@type":"EntryPoint","urlTemplate":"https:\/\/pfk.hr\/2023\/?s={search_term_string}"},"query-input":"required name=search_term_string"}],"inLanguage":"hr"}]}},"_links":{"self":[{"href":"https:\/\/pfk.hr\/2023\/wp-json\/wp\/v2\/product\/989058","targetHints":{"allow":["GET"]}}],"collection":[{"href":"https:\/\/pfk.hr\/2023\/wp-json\/wp\/v2\/product"}],"about":[{"href":"https:\/\/pfk.hr\/2023\/wp-json\/wp\/v2\/types\/product"}],"wp:featuredmedia":[{"embeddable":true,"href":"https:\/\/pfk.hr\/2023\/wp-json\/wp\/v2\/media\/989057"}],"wp:attachment":[{"href":"https:\/\/pfk.hr\/2023\/wp-json\/wp\/v2\/media?parent=989058"}],"wp:term":[{"taxonomy":"product_cat","embeddable":true,"href":"https:\/\/pfk.hr\/2023\/wp-json\/wp\/v2\/product_cat?post=989058"},{"taxonomy":"product_tag","embeddable":true,"href":"https:\/\/pfk.hr\/2023\/wp-json\/wp\/v2\/product_tag?post=989058"}],"curies":[{"name":"wp","href":"https:\/\/api.w.org\/{rel}","templated":true}]}}