{"id":989052,"date":"2023-05-17T12:25:55","date_gmt":"2023-05-17T10:25:55","guid":{"rendered":"https:\/\/pfk.hr\/?post_type=product&#038;p=989052"},"modified":"2023-05-17T12:25:56","modified_gmt":"2023-05-17T10:25:56","slug":"demon-s-vucjeg-brda","status":"publish","type":"product","link":"https:\/\/pfk.hr\/2023\/product\/demon-s-vucjeg-brda\/","title":{"rendered":"Demon s Vu\u010djeg brda"},"content":{"rendered":"<div class=\"hHq9Z\">\n<div data-hveid=\"CAsQAA\">\n<div class=\"gyEfO\">\n<div class=\"wDYxhc NFQFxe viOShc LKPcQc\" data-md=\"221\" data-hveid=\"CAkQAA\" data-ved=\"2ahUKEwjJ7dyf2-P-AhX5wQIHHf6aC2MQnKEBegQICRAA\">\n<div class=\"ZxoDOe yGdMVd\">\n<div class=\"UFE1qd\">\n<div class=\"EGmpye\">\n<p><strong>Dimitri Rouchon-Borie<\/strong><\/p>\n<\/div>\n<\/div>\n<\/div>\n<\/div>\n<\/div>\n<\/div>\n<\/div>\n<div class=\"GRl5yb a8pxAe\">\n<div id=\"JTPWx\" class=\"FJIcp\" role=\"tablist\" data-hveid=\"CA0QAA\">Naklada: HENA COM<\/div>\n<\/div>\n<hr \/>\n<p>Protagonista romana Dukea nalazimo iza re\u0161etaka, gdje slu\u017ei zatvorsku kaznu zbog svojih postupaka. Koriste\u0107i se alatima zastarjele pisa\u0107e ma\u0161ine, svojih izmu\u010denih misli i vlastita jezika, Duke ispovijeda svoj te\u017eak \u017eivot od samih po\u010detka, ne bi li se, na preporuku psihijatara, suo\u010dio sa svojim traumama. Njegova pri\u010da zapo\u010dinje na Vu\u010djem brdu, gdje svoj oskudni dom dijeli s nasilnim roditeljima te bra\u0107om i sestrama. Nakon \u0161to je isprva godinama zatvoren u mra\u010dnoj ku\u0107i, s malo znanja o svijetu koji ga okru\u017euje, zbog prijetnje socijalne radnice kona\u010dno kre\u0107e u \u0161kolu. Taj mu doga\u0111aj mijenja \u017eivot, no donosi mu i Demona, s kojim \u0107e se boriti do samoga kraja.<\/p>\n<p>Napisan jednostavnim, ali eruptivnim jezikom neobrazovana pojedinca, Demon s Vu\u010djeg brda potresno je svjedo\u010danstvo jednog te\u0161kog socijalnog slu\u010daja. Iskren i bolan, roman prodire duboko u um osu\u0111ena \u010dovjeka, ali i u mnoge mane dru\u0161tvenog sustava koji rijetko uspijeva za\u0161tititi one najranjivije, prepu\u0161taju\u0107i ih naj\u010de\u0161\u0107e sebi samima. Romaneskni debi Dimitrija Rouchon-Borieja kritika je prepoznala kao nu\u017eno djelo suvremenosti, a u\u0161ao je i u u\u017ei izbor nagrade \u201eGoncourt\u201c za najbolji prvi roman.<\/p>\n<p>Roman objavljen u sklopu EU projekta Europa iznutra i izvana<\/p>\n<hr \/>\n<p><strong>Dimitri Rouchon-Borie<\/strong> francuski je pisac, ro\u0111en 1977. godine u Nantesu.\u00a0 Kao novinar u dnevnom listu Le Telegramme, bavi se temom procesuiranja zlo\u010dina, a njegov je rad urodio i knjigom kronika pravnih slu\u010dajeva Au tribunal, chroniques judiciaries (2018.). Kao romanopisac, debitirao je 2021. godine romanom-ispovije\u0161\u0107u jednoga ubojice, pod naslovom Demon na Vu\u010djem brdu, koji mu je iste godine priskrbio mnogobrojne ugledne nagrade, me\u0111u kojima treba istaknuti nagradu Belgijske radiotelevizije i finale Goncourtove nagrade za knji\u017eevnost.<\/p>\n","protected":false},"excerpt":{"rendered":"<p>Dimitri Rouchon-Borie Naklada: HENA COM Protagonista romana Dukea nalazimo iza re\u0161etaka, gdje slu\u017ei zatvorsku kaznu zbog svojih postupaka. Koriste\u0107i se alatima zastarjele pisa\u0107e ma\u0161ine, svojih izmu\u010denih misli i vlastita jezika, Duke ispovijeda svoj te\u017eak \u017eivot od samih po\u010detka, ne bi li se, na preporuku psihijatara, suo\u010dio sa svojim traumama. Njegova pri\u010da zapo\u010dinje na Vu\u010djem brdu,&#8230;<\/p>\n","protected":false},"featured_media":989049,"template":"","meta":[],"product_cat":[86],"product_tag":[],"class_list":["post-989052","product","type-product","status-publish","has-post-thumbnail","hentry","product_cat-knjige"],"acf":[],"yoast_head":"<!-- This site is optimized with the Yoast SEO plugin v20.7 - https:\/\/yoast.com\/wordpress\/plugins\/seo\/ -->\n<title>Demon s Vu\u010djeg brda - Panonski festival knjige<\/title>\n<meta name=\"robots\" content=\"index, follow, max-snippet:-1, max-image-preview:large, max-video-preview:-1\" \/>\n<link rel=\"canonical\" href=\"https:\/\/pfk.hr\/2023\/product\/demon-s-vucjeg-brda\/\" \/>\n<meta property=\"og:locale\" content=\"hr_HR\" \/>\n<meta property=\"og:type\" content=\"article\" \/>\n<meta property=\"og:title\" content=\"Demon s Vu\u010djeg brda - Panonski festival knjige\" \/>\n<meta property=\"og:description\" content=\"Dimitri Rouchon-Borie Naklada: HENA COM Protagonista romana Dukea nalazimo iza re\u0161etaka, gdje slu\u017ei zatvorsku kaznu zbog svojih postupaka. Koriste\u0107i se alatima zastarjele pisa\u0107e ma\u0161ine, svojih izmu\u010denih misli i vlastita jezika, Duke ispovijeda svoj te\u017eak \u017eivot od samih po\u010detka, ne bi li se, na preporuku psihijatara, suo\u010dio sa svojim traumama. Njegova pri\u010da zapo\u010dinje na Vu\u010djem brdu,...\" \/>\n<meta property=\"og:url\" content=\"https:\/\/pfk.hr\/2023\/product\/demon-s-vucjeg-brda\/\" \/>\n<meta property=\"og:site_name\" content=\"Panonski festival knjige\" \/>\n<meta property=\"article:modified_time\" content=\"2023-05-17T10:25:56+00:00\" \/>\n<meta property=\"og:image\" content=\"https:\/\/pfk.hr\/2023\/wp-content\/uploads\/2023\/05\/43.png\" \/>\n\t<meta property=\"og:image:width\" content=\"500\" \/>\n\t<meta property=\"og:image:height\" content=\"500\" \/>\n\t<meta property=\"og:image:type\" content=\"image\/png\" \/>\n<meta name=\"twitter:card\" content=\"summary_large_image\" \/>\n<meta name=\"twitter:label1\" content=\"Procijenjeno vrijeme \u010ditanja\" \/>\n\t<meta name=\"twitter:data1\" content=\"2 minute\" \/>\n<script type=\"application\/ld+json\" class=\"yoast-schema-graph\">{\"@context\":\"https:\/\/schema.org\",\"@graph\":[{\"@type\":\"WebPage\",\"@id\":\"https:\/\/pfk.hr\/2023\/product\/demon-s-vucjeg-brda\/\",\"url\":\"https:\/\/pfk.hr\/2023\/product\/demon-s-vucjeg-brda\/\",\"name\":\"Demon s Vu\u010djeg brda - Panonski festival knjige\",\"isPartOf\":{\"@id\":\"https:\/\/pfk.hr\/2023\/#website\"},\"datePublished\":\"2023-05-17T10:25:55+00:00\",\"dateModified\":\"2023-05-17T10:25:56+00:00\",\"breadcrumb\":{\"@id\":\"https:\/\/pfk.hr\/2023\/product\/demon-s-vucjeg-brda\/#breadcrumb\"},\"inLanguage\":\"hr\",\"potentialAction\":[{\"@type\":\"ReadAction\",\"target\":[\"https:\/\/pfk.hr\/2023\/product\/demon-s-vucjeg-brda\/\"]}]},{\"@type\":\"BreadcrumbList\",\"@id\":\"https:\/\/pfk.hr\/2023\/product\/demon-s-vucjeg-brda\/#breadcrumb\",\"itemListElement\":[{\"@type\":\"ListItem\",\"position\":1,\"name\":\"Po\u010detna stranica\",\"item\":\"https:\/\/pfk.hr\/2023\/\"},{\"@type\":\"ListItem\",\"position\":2,\"name\":\"Preporuka naslova\",\"item\":\"https:\/\/pfk.hr\/2023\/preporuka-naslova\/\"},{\"@type\":\"ListItem\",\"position\":3,\"name\":\"Demon s Vu\u010djeg brda\"}]},{\"@type\":\"WebSite\",\"@id\":\"https:\/\/pfk.hr\/2023\/#website\",\"url\":\"https:\/\/pfk.hr\/2023\/\",\"name\":\"Panonski festival knjige\",\"description\":\"\u010cITAJ, LEGA, \u010cITAJ!\",\"potentialAction\":[{\"@type\":\"SearchAction\",\"target\":{\"@type\":\"EntryPoint\",\"urlTemplate\":\"https:\/\/pfk.hr\/2023\/?s={search_term_string}\"},\"query-input\":\"required name=search_term_string\"}],\"inLanguage\":\"hr\"}]}<\/script>\n<!-- \/ Yoast SEO plugin. -->","yoast_head_json":{"title":"Demon s Vu\u010djeg brda - Panonski festival knjige","robots":{"index":"index","follow":"follow","max-snippet":"max-snippet:-1","max-image-preview":"max-image-preview:large","max-video-preview":"max-video-preview:-1"},"canonical":"https:\/\/pfk.hr\/2023\/product\/demon-s-vucjeg-brda\/","og_locale":"hr_HR","og_type":"article","og_title":"Demon s Vu\u010djeg brda - Panonski festival knjige","og_description":"Dimitri Rouchon-Borie Naklada: HENA COM Protagonista romana Dukea nalazimo iza re\u0161etaka, gdje slu\u017ei zatvorsku kaznu zbog svojih postupaka. Koriste\u0107i se alatima zastarjele pisa\u0107e ma\u0161ine, svojih izmu\u010denih misli i vlastita jezika, Duke ispovijeda svoj te\u017eak \u017eivot od samih po\u010detka, ne bi li se, na preporuku psihijatara, suo\u010dio sa svojim traumama. Njegova pri\u010da zapo\u010dinje na Vu\u010djem brdu,...","og_url":"https:\/\/pfk.hr\/2023\/product\/demon-s-vucjeg-brda\/","og_site_name":"Panonski festival knjige","article_modified_time":"2023-05-17T10:25:56+00:00","og_image":[{"width":500,"height":500,"url":"https:\/\/pfk.hr\/2023\/wp-content\/uploads\/2023\/05\/43.png","type":"image\/png"}],"twitter_card":"summary_large_image","twitter_misc":{"Procijenjeno vrijeme \u010ditanja":"2 minute"},"schema":{"@context":"https:\/\/schema.org","@graph":[{"@type":"WebPage","@id":"https:\/\/pfk.hr\/2023\/product\/demon-s-vucjeg-brda\/","url":"https:\/\/pfk.hr\/2023\/product\/demon-s-vucjeg-brda\/","name":"Demon s Vu\u010djeg brda - Panonski festival knjige","isPartOf":{"@id":"https:\/\/pfk.hr\/2023\/#website"},"datePublished":"2023-05-17T10:25:55+00:00","dateModified":"2023-05-17T10:25:56+00:00","breadcrumb":{"@id":"https:\/\/pfk.hr\/2023\/product\/demon-s-vucjeg-brda\/#breadcrumb"},"inLanguage":"hr","potentialAction":[{"@type":"ReadAction","target":["https:\/\/pfk.hr\/2023\/product\/demon-s-vucjeg-brda\/"]}]},{"@type":"BreadcrumbList","@id":"https:\/\/pfk.hr\/2023\/product\/demon-s-vucjeg-brda\/#breadcrumb","itemListElement":[{"@type":"ListItem","position":1,"name":"Po\u010detna stranica","item":"https:\/\/pfk.hr\/2023\/"},{"@type":"ListItem","position":2,"name":"Preporuka naslova","item":"https:\/\/pfk.hr\/2023\/preporuka-naslova\/"},{"@type":"ListItem","position":3,"name":"Demon s Vu\u010djeg brda"}]},{"@type":"WebSite","@id":"https:\/\/pfk.hr\/2023\/#website","url":"https:\/\/pfk.hr\/2023\/","name":"Panonski festival knjige","description":"\u010cITAJ, LEGA, \u010cITAJ!","potentialAction":[{"@type":"SearchAction","target":{"@type":"EntryPoint","urlTemplate":"https:\/\/pfk.hr\/2023\/?s={search_term_string}"},"query-input":"required name=search_term_string"}],"inLanguage":"hr"}]}},"_links":{"self":[{"href":"https:\/\/pfk.hr\/2023\/wp-json\/wp\/v2\/product\/989052","targetHints":{"allow":["GET"]}}],"collection":[{"href":"https:\/\/pfk.hr\/2023\/wp-json\/wp\/v2\/product"}],"about":[{"href":"https:\/\/pfk.hr\/2023\/wp-json\/wp\/v2\/types\/product"}],"wp:featuredmedia":[{"embeddable":true,"href":"https:\/\/pfk.hr\/2023\/wp-json\/wp\/v2\/media\/989049"}],"wp:attachment":[{"href":"https:\/\/pfk.hr\/2023\/wp-json\/wp\/v2\/media?parent=989052"}],"wp:term":[{"taxonomy":"product_cat","embeddable":true,"href":"https:\/\/pfk.hr\/2023\/wp-json\/wp\/v2\/product_cat?post=989052"},{"taxonomy":"product_tag","embeddable":true,"href":"https:\/\/pfk.hr\/2023\/wp-json\/wp\/v2\/product_tag?post=989052"}],"curies":[{"name":"wp","href":"https:\/\/api.w.org\/{rel}","templated":true}]}}