{"id":989047,"date":"2023-05-17T12:09:10","date_gmt":"2023-05-17T10:09:10","guid":{"rendered":"https:\/\/pfk.hr\/?post_type=product&#038;p=989047"},"modified":"2023-05-17T12:09:11","modified_gmt":"2023-05-17T10:09:11","slug":"svekrve-i-snahe","status":"publish","type":"product","link":"https:\/\/pfk.hr\/2023\/product\/svekrve-i-snahe\/","title":{"rendered":"Svekrve i snahe"},"content":{"rendered":"<div>\n<div data-hveid=\"CAsQAA\">\n<div data-md=\"221\" data-hveid=\"CAkQAA\" data-ved=\"2ahUKEwjJ7dyf2-P-AhX5wQIHHf6aC2MQnKEBegQICRAA\">\n<p><strong>Patrizia Cattaneo<\/strong><\/p>\n<\/div>\n<\/div>\n<\/div>\n<div>\n<div id=\"JTPWx\" role=\"tablist\" data-hveid=\"CA0QAA\">FIGULUS<\/div>\n<\/div>\n<hr \/>\n<p><strong>Mogu li dvije \u017eene voljeti istog mu\u0161karca i uz to se dobro slagati? Autorica tvrdi da mogu!<\/strong><\/p>\n<p>Stvarne situacije, humor, prakti\u010dni savjeti&#8230;<\/p>\n<p><strong>O knjizi Svekrve i snahe<\/strong><\/p>\n<p>\u010citaju\u0107i knjigu Svekrve i snahe nau\u010dit \u0107ete, zajedno sa svojom snahom ili svekrvom, prolaziti kroz izazove koje \u017eivot donosi, poput:<\/p>\n<ul>\n<li>Kako prona\u0107i kompromis izme\u0111u tradicije i modernog odgoja;<\/li>\n<li>Shvatiti razlike u upravljanju financijama;<\/li>\n<li>Shvatiti razliku izme\u0111u nametljivih komentara i dobronamjernih savjeta;<\/li>\n<li>Suo\u010diti se s razlikama u vjeri<\/li>\n<\/ul>\n<p>Knjiga Svekrve i snahe poma\u017ee i svekrvama i snahama da uspostave dinami\u010dan odnos ispunjen me\u0111usobnim po\u0161tovanjem i ljubavi, uz malo ulo\u017eenog truda.<\/p>\n<p>Knjiga je dobra priprema \u017eenama koje jo\u0161 uvijek nisu snahe ni svekrve. Ona im poma\u017ee da se pripreme za novu va\u017enu ulogu u \u017eivotu i spremno krenu graditi nove odnose.<\/p>\n<p>Kroz stotine razgovora sa \u017eenama i u tu svrhu posebno osmi\u0161ljene upitnike, koje je njih mnogo vi\u0161e ispunilo, sabrala sam neka osnovna na\u010dela, mogu\u0107e prepreke na koje mo\u017eemo nai\u0107i i prakti\u010dne savjete koji vam mogu pomo\u0107i izgraditi \u0161to bolju komunikaciju s mu\u017eevljevom obitelji i rodbinom. Sigurna sam da \u0107ete se prepoznati u nekima od ovih pri\u010da i da \u0107ete prona\u0107i smjernice koje mo\u017eete primijeniti u svojim \u017eivotnim situacijama. Imena su, naravno, izmijenjena kao i neki detalji kako bi se za\u0161titila privatnost \u017eena koje su velikodu\u0161no s nama podijelile svoja iskustva.<\/p>\n<p>Autorica<\/p>\n<p>&nbsp;<\/p>\n","protected":false},"excerpt":{"rendered":"<p>Patrizia Cattaneo FIGULUS Mogu li dvije \u017eene voljeti istog mu\u0161karca i uz to se dobro slagati? Autorica tvrdi da mogu! Stvarne situacije, humor, prakti\u010dni savjeti&#8230; O knjizi Svekrve i snahe \u010citaju\u0107i knjigu Svekrve i snahe nau\u010dit \u0107ete, zajedno sa svojom snahom ili svekrvom, prolaziti kroz izazove koje \u017eivot donosi, poput: Kako prona\u0107i kompromis izme\u0111u tradicije&#8230;<\/p>\n","protected":false},"featured_media":989041,"template":"","meta":[],"product_cat":[86],"product_tag":[],"class_list":["post-989047","product","type-product","status-publish","has-post-thumbnail","hentry","product_cat-knjige"],"acf":[],"yoast_head":"<!-- This site is optimized with the Yoast SEO plugin v20.7 - https:\/\/yoast.com\/wordpress\/plugins\/seo\/ -->\n<title>Svekrve i snahe - Panonski festival knjige<\/title>\n<meta name=\"robots\" content=\"index, follow, max-snippet:-1, max-image-preview:large, max-video-preview:-1\" \/>\n<link rel=\"canonical\" href=\"https:\/\/pfk.hr\/2023\/product\/svekrve-i-snahe\/\" \/>\n<meta property=\"og:locale\" content=\"hr_HR\" \/>\n<meta property=\"og:type\" content=\"article\" \/>\n<meta property=\"og:title\" content=\"Svekrve i snahe - Panonski festival knjige\" \/>\n<meta property=\"og:description\" content=\"Patrizia Cattaneo FIGULUS Mogu li dvije \u017eene voljeti istog mu\u0161karca i uz to se dobro slagati? Autorica tvrdi da mogu! Stvarne situacije, humor, prakti\u010dni savjeti&#8230; O knjizi Svekrve i snahe \u010citaju\u0107i knjigu Svekrve i snahe nau\u010dit \u0107ete, zajedno sa svojom snahom ili svekrvom, prolaziti kroz izazove koje \u017eivot donosi, poput: Kako prona\u0107i kompromis izme\u0111u tradicije...\" \/>\n<meta property=\"og:url\" content=\"https:\/\/pfk.hr\/2023\/product\/svekrve-i-snahe\/\" \/>\n<meta property=\"og:site_name\" content=\"Panonski festival knjige\" \/>\n<meta property=\"article:modified_time\" content=\"2023-05-17T10:09:11+00:00\" \/>\n<meta property=\"og:image\" content=\"https:\/\/pfk.hr\/2023\/wp-content\/uploads\/2023\/05\/42.png\" \/>\n\t<meta property=\"og:image:width\" content=\"500\" \/>\n\t<meta property=\"og:image:height\" content=\"500\" \/>\n\t<meta property=\"og:image:type\" content=\"image\/png\" \/>\n<meta name=\"twitter:card\" content=\"summary_large_image\" \/>\n<meta name=\"twitter:label1\" content=\"Procijenjeno vrijeme \u010ditanja\" \/>\n\t<meta name=\"twitter:data1\" content=\"2 minute\" \/>\n<script type=\"application\/ld+json\" class=\"yoast-schema-graph\">{\"@context\":\"https:\/\/schema.org\",\"@graph\":[{\"@type\":\"WebPage\",\"@id\":\"https:\/\/pfk.hr\/2023\/product\/svekrve-i-snahe\/\",\"url\":\"https:\/\/pfk.hr\/2023\/product\/svekrve-i-snahe\/\",\"name\":\"Svekrve i snahe - Panonski festival knjige\",\"isPartOf\":{\"@id\":\"https:\/\/pfk.hr\/2023\/#website\"},\"datePublished\":\"2023-05-17T10:09:10+00:00\",\"dateModified\":\"2023-05-17T10:09:11+00:00\",\"breadcrumb\":{\"@id\":\"https:\/\/pfk.hr\/2023\/product\/svekrve-i-snahe\/#breadcrumb\"},\"inLanguage\":\"hr\",\"potentialAction\":[{\"@type\":\"ReadAction\",\"target\":[\"https:\/\/pfk.hr\/2023\/product\/svekrve-i-snahe\/\"]}]},{\"@type\":\"BreadcrumbList\",\"@id\":\"https:\/\/pfk.hr\/2023\/product\/svekrve-i-snahe\/#breadcrumb\",\"itemListElement\":[{\"@type\":\"ListItem\",\"position\":1,\"name\":\"Po\u010detna stranica\",\"item\":\"https:\/\/pfk.hr\/2023\/\"},{\"@type\":\"ListItem\",\"position\":2,\"name\":\"Preporuka naslova\",\"item\":\"https:\/\/pfk.hr\/2023\/preporuka-naslova\/\"},{\"@type\":\"ListItem\",\"position\":3,\"name\":\"Svekrve i snahe\"}]},{\"@type\":\"WebSite\",\"@id\":\"https:\/\/pfk.hr\/2023\/#website\",\"url\":\"https:\/\/pfk.hr\/2023\/\",\"name\":\"Panonski festival knjige\",\"description\":\"\u010cITAJ, LEGA, \u010cITAJ!\",\"potentialAction\":[{\"@type\":\"SearchAction\",\"target\":{\"@type\":\"EntryPoint\",\"urlTemplate\":\"https:\/\/pfk.hr\/2023\/?s={search_term_string}\"},\"query-input\":\"required name=search_term_string\"}],\"inLanguage\":\"hr\"}]}<\/script>\n<!-- \/ Yoast SEO plugin. -->","yoast_head_json":{"title":"Svekrve i snahe - Panonski festival knjige","robots":{"index":"index","follow":"follow","max-snippet":"max-snippet:-1","max-image-preview":"max-image-preview:large","max-video-preview":"max-video-preview:-1"},"canonical":"https:\/\/pfk.hr\/2023\/product\/svekrve-i-snahe\/","og_locale":"hr_HR","og_type":"article","og_title":"Svekrve i snahe - Panonski festival knjige","og_description":"Patrizia Cattaneo FIGULUS Mogu li dvije \u017eene voljeti istog mu\u0161karca i uz to se dobro slagati? Autorica tvrdi da mogu! Stvarne situacije, humor, prakti\u010dni savjeti&#8230; O knjizi Svekrve i snahe \u010citaju\u0107i knjigu Svekrve i snahe nau\u010dit \u0107ete, zajedno sa svojom snahom ili svekrvom, prolaziti kroz izazove koje \u017eivot donosi, poput: Kako prona\u0107i kompromis izme\u0111u tradicije...","og_url":"https:\/\/pfk.hr\/2023\/product\/svekrve-i-snahe\/","og_site_name":"Panonski festival knjige","article_modified_time":"2023-05-17T10:09:11+00:00","og_image":[{"width":500,"height":500,"url":"https:\/\/pfk.hr\/2023\/wp-content\/uploads\/2023\/05\/42.png","type":"image\/png"}],"twitter_card":"summary_large_image","twitter_misc":{"Procijenjeno vrijeme \u010ditanja":"2 minute"},"schema":{"@context":"https:\/\/schema.org","@graph":[{"@type":"WebPage","@id":"https:\/\/pfk.hr\/2023\/product\/svekrve-i-snahe\/","url":"https:\/\/pfk.hr\/2023\/product\/svekrve-i-snahe\/","name":"Svekrve i snahe - Panonski festival knjige","isPartOf":{"@id":"https:\/\/pfk.hr\/2023\/#website"},"datePublished":"2023-05-17T10:09:10+00:00","dateModified":"2023-05-17T10:09:11+00:00","breadcrumb":{"@id":"https:\/\/pfk.hr\/2023\/product\/svekrve-i-snahe\/#breadcrumb"},"inLanguage":"hr","potentialAction":[{"@type":"ReadAction","target":["https:\/\/pfk.hr\/2023\/product\/svekrve-i-snahe\/"]}]},{"@type":"BreadcrumbList","@id":"https:\/\/pfk.hr\/2023\/product\/svekrve-i-snahe\/#breadcrumb","itemListElement":[{"@type":"ListItem","position":1,"name":"Po\u010detna stranica","item":"https:\/\/pfk.hr\/2023\/"},{"@type":"ListItem","position":2,"name":"Preporuka naslova","item":"https:\/\/pfk.hr\/2023\/preporuka-naslova\/"},{"@type":"ListItem","position":3,"name":"Svekrve i snahe"}]},{"@type":"WebSite","@id":"https:\/\/pfk.hr\/2023\/#website","url":"https:\/\/pfk.hr\/2023\/","name":"Panonski festival knjige","description":"\u010cITAJ, LEGA, \u010cITAJ!","potentialAction":[{"@type":"SearchAction","target":{"@type":"EntryPoint","urlTemplate":"https:\/\/pfk.hr\/2023\/?s={search_term_string}"},"query-input":"required name=search_term_string"}],"inLanguage":"hr"}]}},"_links":{"self":[{"href":"https:\/\/pfk.hr\/2023\/wp-json\/wp\/v2\/product\/989047","targetHints":{"allow":["GET"]}}],"collection":[{"href":"https:\/\/pfk.hr\/2023\/wp-json\/wp\/v2\/product"}],"about":[{"href":"https:\/\/pfk.hr\/2023\/wp-json\/wp\/v2\/types\/product"}],"wp:featuredmedia":[{"embeddable":true,"href":"https:\/\/pfk.hr\/2023\/wp-json\/wp\/v2\/media\/989041"}],"wp:attachment":[{"href":"https:\/\/pfk.hr\/2023\/wp-json\/wp\/v2\/media?parent=989047"}],"wp:term":[{"taxonomy":"product_cat","embeddable":true,"href":"https:\/\/pfk.hr\/2023\/wp-json\/wp\/v2\/product_cat?post=989047"},{"taxonomy":"product_tag","embeddable":true,"href":"https:\/\/pfk.hr\/2023\/wp-json\/wp\/v2\/product_tag?post=989047"}],"curies":[{"name":"wp","href":"https:\/\/api.w.org\/{rel}","templated":true}]}}