{"id":989044,"date":"2023-05-17T11:47:05","date_gmt":"2023-05-17T09:47:05","guid":{"rendered":"https:\/\/pfk.hr\/?post_type=product&#038;p=989044"},"modified":"2023-05-17T12:04:08","modified_gmt":"2023-05-17T10:04:08","slug":"ni-nakraj-pameti","status":"publish","type":"product","link":"https:\/\/pfk.hr\/2023\/product\/ni-nakraj-pameti\/","title":{"rendered":"Ni nakraj pameti"},"content":{"rendered":"<div>\n<div data-hveid=\"CAsQAA\">\n<div data-md=\"221\" data-hveid=\"CAkQAA\" data-ved=\"2ahUKEwjJ7dyf2-P-AhX5wQIHHf6aC2MQnKEBegQICRAA\">\n<p><strong>Carey Nieuwhof<\/strong><\/p>\n<\/div>\n<\/div>\n<\/div>\n<div class=\"GRl5yb a8pxAe\">\n<div id=\"JTPWx\" class=\"FJIcp\" role=\"tablist\" data-hveid=\"CA0QAA\">FIGULUS<\/div>\n<\/div>\n<hr \/>\n<p><strong>Kako svladati 7 najve\u0107ih izazova koje nitko ne o\u010dekuje, a svatko do\u017eivljava<\/strong><\/p>\n<p>\u201eAko tra\u017eite nje\u017ean, empati\u010dan \u017eivotni savjet iz kr\u0161\u0107anske perspektive, ova \u0107e vam knjiga zasigurno pomo\u0107i.\u201d<br \/>\n(Daniel H. Pink)<\/p>\n<p>Ni nakraj pameti. Koliko \u010desto koristimo tu krilaticu?<\/p>\n<p><strong>Neo\u010dekivani problemi<\/strong><\/p>\n<p>Uvidio sam kako neo\u010dekivani problemi kojima se bavim u ovoj knjizi poga\u0111aju mnoge dobre ljude.<\/p>\n<p>Njima to jednostavno nije bilo ni nakraj pameti.Nisu vidjeli naznake sindroma burnout sve dok ih nije pogodio.<\/p>\n<p>Nisu vidjeli kako se u svome braku udaljavaju i sve vi\u0161e otu\u0111uju.<\/p>\n<p>Nisu vidjeli kompromis koji su napravili na poslu sve dok nisu shvatili da su pre\u0161li granicu nakon koje nema povratka.<\/p>\n<p>Nisu vidjeli kako su njihova nekad vrhunska pronicljivost i uvid postali nepodno\u0161ljivo ustajali.<\/p>\n<p>Nisu zami\u0161ljali ispraznost koju \u0107e osjetiti nakon \u0161to im se ostvare svi snovi.<\/p>\n<p>To im jednostavno nije bilo ni nakraj pameti. Malo kome jest.<\/p>\n<p>Pitanje kojim se \u017eelim pozabaviti u ovoj knjizi jest: Jesu li oni to mogli predvidjeti? Mo\u017eete li vi?<\/p>\n<p>Ova je knjiga za ljude koji \u017eele predvidjeti znakove koji im pokazuju da je pred njima velik \u017eivotni izazov prije nego \u0161to bude prekasno.<\/p>\n<p>Cinizam, kompromis, otu\u0111enost, nebitnost, ponos, izgaranje na poslu, ispraznost \u2013 ni\u0161ta od toga ne mora biti va\u0161a kona\u010dna pri\u010da.<\/p>\n<p>Autor<\/p>\n","protected":false},"excerpt":{"rendered":"<p>Carey Nieuwhof FIGULUS Kako svladati 7 najve\u0107ih izazova koje nitko ne o\u010dekuje, a svatko do\u017eivljava \u201eAko tra\u017eite nje\u017ean, empati\u010dan \u017eivotni savjet iz kr\u0161\u0107anske perspektive, ova \u0107e vam knjiga zasigurno pomo\u0107i.\u201d (Daniel H. Pink) Ni nakraj pameti. Koliko \u010desto koristimo tu krilaticu? Neo\u010dekivani problemi Uvidio sam kako neo\u010dekivani problemi kojima se bavim u ovoj knjizi poga\u0111aju&#8230;<\/p>\n","protected":false},"featured_media":989043,"template":"","meta":[],"product_cat":[86],"product_tag":[],"class_list":["post-989044","product","type-product","status-publish","has-post-thumbnail","hentry","product_cat-knjige"],"acf":[],"yoast_head":"<!-- This site is optimized with the Yoast SEO plugin v20.7 - https:\/\/yoast.com\/wordpress\/plugins\/seo\/ -->\n<title>Ni nakraj pameti - Panonski festival knjige<\/title>\n<meta name=\"robots\" content=\"index, follow, max-snippet:-1, max-image-preview:large, max-video-preview:-1\" \/>\n<link rel=\"canonical\" href=\"https:\/\/pfk.hr\/2023\/product\/ni-nakraj-pameti\/\" \/>\n<meta property=\"og:locale\" content=\"hr_HR\" \/>\n<meta property=\"og:type\" content=\"article\" \/>\n<meta property=\"og:title\" content=\"Ni nakraj pameti - Panonski festival knjige\" \/>\n<meta property=\"og:description\" content=\"Carey Nieuwhof FIGULUS Kako svladati 7 najve\u0107ih izazova koje nitko ne o\u010dekuje, a svatko do\u017eivljava \u201eAko tra\u017eite nje\u017ean, empati\u010dan \u017eivotni savjet iz kr\u0161\u0107anske perspektive, ova \u0107e vam knjiga zasigurno pomo\u0107i.\u201d (Daniel H. Pink) Ni nakraj pameti. Koliko \u010desto koristimo tu krilaticu? Neo\u010dekivani problemi Uvidio sam kako neo\u010dekivani problemi kojima se bavim u ovoj knjizi poga\u0111aju...\" \/>\n<meta property=\"og:url\" content=\"https:\/\/pfk.hr\/2023\/product\/ni-nakraj-pameti\/\" \/>\n<meta property=\"og:site_name\" content=\"Panonski festival knjige\" \/>\n<meta property=\"article:modified_time\" content=\"2023-05-17T10:04:08+00:00\" \/>\n<meta property=\"og:image\" content=\"https:\/\/pfk.hr\/2023\/wp-content\/uploads\/2023\/05\/41.png\" \/>\n\t<meta property=\"og:image:width\" content=\"500\" \/>\n\t<meta property=\"og:image:height\" content=\"500\" \/>\n\t<meta property=\"og:image:type\" content=\"image\/png\" \/>\n<meta name=\"twitter:card\" content=\"summary_large_image\" \/>\n<meta name=\"twitter:label1\" content=\"Procijenjeno vrijeme \u010ditanja\" \/>\n\t<meta name=\"twitter:data1\" content=\"2 minute\" \/>\n<script type=\"application\/ld+json\" class=\"yoast-schema-graph\">{\"@context\":\"https:\/\/schema.org\",\"@graph\":[{\"@type\":\"WebPage\",\"@id\":\"https:\/\/pfk.hr\/2023\/product\/ni-nakraj-pameti\/\",\"url\":\"https:\/\/pfk.hr\/2023\/product\/ni-nakraj-pameti\/\",\"name\":\"Ni nakraj pameti - Panonski festival knjige\",\"isPartOf\":{\"@id\":\"https:\/\/pfk.hr\/2023\/#website\"},\"datePublished\":\"2023-05-17T09:47:05+00:00\",\"dateModified\":\"2023-05-17T10:04:08+00:00\",\"breadcrumb\":{\"@id\":\"https:\/\/pfk.hr\/2023\/product\/ni-nakraj-pameti\/#breadcrumb\"},\"inLanguage\":\"hr\",\"potentialAction\":[{\"@type\":\"ReadAction\",\"target\":[\"https:\/\/pfk.hr\/2023\/product\/ni-nakraj-pameti\/\"]}]},{\"@type\":\"BreadcrumbList\",\"@id\":\"https:\/\/pfk.hr\/2023\/product\/ni-nakraj-pameti\/#breadcrumb\",\"itemListElement\":[{\"@type\":\"ListItem\",\"position\":1,\"name\":\"Po\u010detna stranica\",\"item\":\"https:\/\/pfk.hr\/2023\/\"},{\"@type\":\"ListItem\",\"position\":2,\"name\":\"Preporuka naslova\",\"item\":\"https:\/\/pfk.hr\/2023\/preporuka-naslova\/\"},{\"@type\":\"ListItem\",\"position\":3,\"name\":\"Ni nakraj pameti\"}]},{\"@type\":\"WebSite\",\"@id\":\"https:\/\/pfk.hr\/2023\/#website\",\"url\":\"https:\/\/pfk.hr\/2023\/\",\"name\":\"Panonski festival knjige\",\"description\":\"\u010cITAJ, LEGA, \u010cITAJ!\",\"potentialAction\":[{\"@type\":\"SearchAction\",\"target\":{\"@type\":\"EntryPoint\",\"urlTemplate\":\"https:\/\/pfk.hr\/2023\/?s={search_term_string}\"},\"query-input\":\"required name=search_term_string\"}],\"inLanguage\":\"hr\"}]}<\/script>\n<!-- \/ Yoast SEO plugin. -->","yoast_head_json":{"title":"Ni nakraj pameti - Panonski festival knjige","robots":{"index":"index","follow":"follow","max-snippet":"max-snippet:-1","max-image-preview":"max-image-preview:large","max-video-preview":"max-video-preview:-1"},"canonical":"https:\/\/pfk.hr\/2023\/product\/ni-nakraj-pameti\/","og_locale":"hr_HR","og_type":"article","og_title":"Ni nakraj pameti - Panonski festival knjige","og_description":"Carey Nieuwhof FIGULUS Kako svladati 7 najve\u0107ih izazova koje nitko ne o\u010dekuje, a svatko do\u017eivljava \u201eAko tra\u017eite nje\u017ean, empati\u010dan \u017eivotni savjet iz kr\u0161\u0107anske perspektive, ova \u0107e vam knjiga zasigurno pomo\u0107i.\u201d (Daniel H. Pink) Ni nakraj pameti. Koliko \u010desto koristimo tu krilaticu? Neo\u010dekivani problemi Uvidio sam kako neo\u010dekivani problemi kojima se bavim u ovoj knjizi poga\u0111aju...","og_url":"https:\/\/pfk.hr\/2023\/product\/ni-nakraj-pameti\/","og_site_name":"Panonski festival knjige","article_modified_time":"2023-05-17T10:04:08+00:00","og_image":[{"width":500,"height":500,"url":"https:\/\/pfk.hr\/2023\/wp-content\/uploads\/2023\/05\/41.png","type":"image\/png"}],"twitter_card":"summary_large_image","twitter_misc":{"Procijenjeno vrijeme \u010ditanja":"2 minute"},"schema":{"@context":"https:\/\/schema.org","@graph":[{"@type":"WebPage","@id":"https:\/\/pfk.hr\/2023\/product\/ni-nakraj-pameti\/","url":"https:\/\/pfk.hr\/2023\/product\/ni-nakraj-pameti\/","name":"Ni nakraj pameti - Panonski festival knjige","isPartOf":{"@id":"https:\/\/pfk.hr\/2023\/#website"},"datePublished":"2023-05-17T09:47:05+00:00","dateModified":"2023-05-17T10:04:08+00:00","breadcrumb":{"@id":"https:\/\/pfk.hr\/2023\/product\/ni-nakraj-pameti\/#breadcrumb"},"inLanguage":"hr","potentialAction":[{"@type":"ReadAction","target":["https:\/\/pfk.hr\/2023\/product\/ni-nakraj-pameti\/"]}]},{"@type":"BreadcrumbList","@id":"https:\/\/pfk.hr\/2023\/product\/ni-nakraj-pameti\/#breadcrumb","itemListElement":[{"@type":"ListItem","position":1,"name":"Po\u010detna stranica","item":"https:\/\/pfk.hr\/2023\/"},{"@type":"ListItem","position":2,"name":"Preporuka naslova","item":"https:\/\/pfk.hr\/2023\/preporuka-naslova\/"},{"@type":"ListItem","position":3,"name":"Ni nakraj pameti"}]},{"@type":"WebSite","@id":"https:\/\/pfk.hr\/2023\/#website","url":"https:\/\/pfk.hr\/2023\/","name":"Panonski festival knjige","description":"\u010cITAJ, LEGA, \u010cITAJ!","potentialAction":[{"@type":"SearchAction","target":{"@type":"EntryPoint","urlTemplate":"https:\/\/pfk.hr\/2023\/?s={search_term_string}"},"query-input":"required name=search_term_string"}],"inLanguage":"hr"}]}},"_links":{"self":[{"href":"https:\/\/pfk.hr\/2023\/wp-json\/wp\/v2\/product\/989044","targetHints":{"allow":["GET"]}}],"collection":[{"href":"https:\/\/pfk.hr\/2023\/wp-json\/wp\/v2\/product"}],"about":[{"href":"https:\/\/pfk.hr\/2023\/wp-json\/wp\/v2\/types\/product"}],"wp:featuredmedia":[{"embeddable":true,"href":"https:\/\/pfk.hr\/2023\/wp-json\/wp\/v2\/media\/989043"}],"wp:attachment":[{"href":"https:\/\/pfk.hr\/2023\/wp-json\/wp\/v2\/media?parent=989044"}],"wp:term":[{"taxonomy":"product_cat","embeddable":true,"href":"https:\/\/pfk.hr\/2023\/wp-json\/wp\/v2\/product_cat?post=989044"},{"taxonomy":"product_tag","embeddable":true,"href":"https:\/\/pfk.hr\/2023\/wp-json\/wp\/v2\/product_tag?post=989044"}],"curies":[{"name":"wp","href":"https:\/\/api.w.org\/{rel}","templated":true}]}}