{"id":988600,"date":"2023-05-13T16:23:48","date_gmt":"2023-05-13T14:23:48","guid":{"rendered":"https:\/\/pfk.hr\/?post_type=product&#038;p=988600"},"modified":"2023-05-13T16:26:42","modified_gmt":"2023-05-13T14:26:42","slug":"vrt-razgranatih-staza","status":"publish","type":"product","link":"https:\/\/pfk.hr\/2023\/product\/vrt-razgranatih-staza\/","title":{"rendered":"Vrt razgranatih staza"},"content":{"rendered":"<div>\n<div data-hveid=\"CAsQAA\">\n<div data-md=\"221\" data-hveid=\"CAkQAA\" data-ved=\"2ahUKEwjJ7dyf2-P-AhX5wQIHHf6aC2MQnKEBegQICRAA\">\n<p><strong>Martina Vidai\u0107<\/strong><\/p>\n<\/div>\n<\/div>\n<\/div>\n<div class=\"GRl5yb a8pxAe\">\n<div id=\"JTPWx\" class=\"FJIcp\" role=\"tablist\" data-hveid=\"CA0QAA\">NAKLADA LJEVAK<\/div>\n<\/div>\n<hr \/>\n<p>Ma\u0161truko je zadnji \u010dovjek kojeg bi turisti\u010dka zajednica Ju\u017ene Amerike trebala pla\u0107ati. I ako ste planirali putovanje na taj daleki kontinent, nakon \u010ditanja ovog putopisa i gledanja Ma\u0161trukovih fotki shvatit \u0107ete da vam se putovanje ne isplati kao kupovina ove, recimo, knjige. Jer ni\u0161ta \u0161to planirate i do\u017eivite ne\u0107e dose\u0107i ni stoti dio do\u017eivljaja koji \u0107ete s Ma\u0161trukom pro\u017eivjeti izme\u0111u korica ovog predmeta koji je vi\u0161e od knjige.<br \/>\n&#8211; Velimir \u0160onje, Arhivanalitika<\/p>\n<p>Ova knjiga nastala je kao rezultat tri duga\u010dka, odvojena putovanja po zemljama Latinske Amerike. Svode\u0107i ra\u010dune svojih dosada\u0161njih putovanja i putopisa, Ma\u0161truko odlu\u010duje pisati o Ju\u017enoj Americi kao kontinentu koji je do sada, uz Europu, najvi\u0161e proputovao.<\/p>\n<p>Detaljno je proputovano ili barem dotaknuto devet zemalja. Bolivija, Paragvaj, Argentina, Urugvaj, Dominikanska Republika, Panama, Kolumbija, Peru i \u2013 najve\u0107a na<br \/>\nkontinentu \u2013 Brazil.<\/p>\n<p>Skoro sav materijal za knjigu nastajao je na licu mjesta, na terenu, na laptopu koji uvijek nosi sa sobom upravo radi pisanja, slanja na dru\u0161tvene mre\u017ee te pohrane i obrade fotografija.<\/p>\n<p>Tekst na nekim mjestima i nakon dorade i lekture zadr\u017eava odre\u0111enu dozu kaosa, sirovosti i spontanosti koje odra\u017eavaju na\u010din na koji je nastao.<\/p>\n<p><a href=\"https:\/\/www.ljevak.hr\/oleg-mastruko\/30564-vrt-razgranatih-staza.html\" target=\"_blank\" rel=\"noopener\">Saznajte vi\u0161e&#8230;<\/a><\/p>\n<hr \/>\n<blockquote>\n<p style=\"text-align: center;\"><strong>Rekli su o knjizi\u2026<\/strong><\/p>\n<p style=\"text-align: left;\"><em>Ma\u0161truko ne zapa\u017ea samo okom. Pokazuje nam da o ljudima i zemljama o kojima smo mislili da znamo barem ne\u0161to, ili \u010dak dovoljno, ustvari ne znamo skoro ni\u0161ta. Posebno je zanimljivo kad razotkriva predrasude, i to ba\u0161 na granici politi\u010dke korektnosti. Avanturist, ali i nijansirani istra\u017eiva\u010d.<\/em><\/p>\n<p style=\"text-align: left;\"><strong>&#8211; \u017deljko Ivankovi\u0107, filozof i politi\u010dki ekonomist<\/strong><\/p>\n<p style=\"text-align: left;\"><strong>\u00a0<\/strong><em>Pred nama je punokrvni putopis koji obiluje podacima i putovanje stavlja u \u0161iri dru\u0161tveni kontekst, ali istovremeno zadr\u017eava ono prvotno uzbu\u0111enje koje svaki putnik do\u017eivljava pri odlasku u novi kraj.<\/em><\/p>\n<p style=\"text-align: left;\"><strong>&#8211; Hrvoje Ivan\u010di\u0107, pisac i reporter<\/strong><\/p>\n<p style=\"text-align: left;\"><em>Izravan i neposredan tekst, spika, govorna, interaktivna dimenzija, uli\u010dna, pustinjska, rije\u010dna, pra\u0161umska, kakva ve\u0107, daje dodatnu dimenziju opisima i uvidima, pa se jo\u0161 vi\u0161e \u010dini da smo i mi tamo s Ma\u0161trukom.<\/em><\/p>\n<p style=\"text-align: left;\"><strong>&#8211; Ivan Sale\u010di\u0107, knji\u017eevnik i psihoterapeut<\/strong><\/p>\n<p style=\"text-align: left;\"><em>Vrijednost je ovog putopisa u tome da kontinent upoznajemo kroz autorovu izrazitu sposobnost opa\u017eanja i doticanja sr\u017ei, uz cini\u010dne i duhovite opaske te poveznice s povije\u0161\u0107u i mediteranskim mentalitetom koje vas tjeraju na razmi\u0161ljanje, ali i na to da okrenete sljede\u0107u stranicu.<\/em><\/p>\n<p style=\"text-align: left;\"><strong>&#8211; prof. Hrvoje Tkal\u010di\u0107, geofizi\u010dar<\/strong><\/p>\n<p style=\"text-align: left;\"><em>Oleg putuje i pi\u0161e za sebe. Da nahrani dje\u010daka koji u njemu \u010du\u010di i iskreno se\u00a0 interesira i \u010dudi svijetu s kojim se susre\u0107e. Zato je ova knjiga toliko dobra, zanimljiva i pitka, posebice ako ste ljubitelj superzanimljivih, a generalno nepoznatih crtica iz povijesti i zemljopisa. Oleg je na\u0161 Alberto Fortis.<\/em><\/p>\n<p style=\"text-align: left;\"><strong>&#8211; Mosor Prvan, morski biolog<\/strong><\/p>\n<\/blockquote>\n","protected":false},"excerpt":{"rendered":"<p>Martina Vidai\u0107 NAKLADA LJEVAK Ma\u0161truko je zadnji \u010dovjek kojeg bi turisti\u010dka zajednica Ju\u017ene Amerike trebala pla\u0107ati. I ako ste planirali putovanje na taj daleki kontinent, nakon \u010ditanja ovog putopisa i gledanja Ma\u0161trukovih fotki shvatit \u0107ete da vam se putovanje ne isplati kao kupovina ove, recimo, knjige. Jer ni\u0161ta \u0161to planirate i do\u017eivite ne\u0107e dose\u0107i ni&#8230;<\/p>\n","protected":false},"featured_media":988584,"template":"","meta":[],"product_cat":[86],"product_tag":[],"class_list":["post-988600","product","type-product","status-publish","has-post-thumbnail","hentry","product_cat-knjige"],"acf":[],"yoast_head":"<!-- This site is optimized with the Yoast SEO plugin v20.7 - https:\/\/yoast.com\/wordpress\/plugins\/seo\/ -->\n<title>Vrt razgranatih staza - Panonski festival knjige<\/title>\n<meta name=\"robots\" content=\"index, follow, max-snippet:-1, max-image-preview:large, max-video-preview:-1\" \/>\n<link rel=\"canonical\" href=\"https:\/\/pfk.hr\/2023\/product\/vrt-razgranatih-staza\/\" \/>\n<meta property=\"og:locale\" content=\"hr_HR\" \/>\n<meta property=\"og:type\" content=\"article\" \/>\n<meta property=\"og:title\" content=\"Vrt razgranatih staza - Panonski festival knjige\" \/>\n<meta property=\"og:description\" content=\"Martina Vidai\u0107 NAKLADA LJEVAK Ma\u0161truko je zadnji \u010dovjek kojeg bi turisti\u010dka zajednica Ju\u017ene Amerike trebala pla\u0107ati. I ako ste planirali putovanje na taj daleki kontinent, nakon \u010ditanja ovog putopisa i gledanja Ma\u0161trukovih fotki shvatit \u0107ete da vam se putovanje ne isplati kao kupovina ove, recimo, knjige. Jer ni\u0161ta \u0161to planirate i do\u017eivite ne\u0107e dose\u0107i ni...\" \/>\n<meta property=\"og:url\" content=\"https:\/\/pfk.hr\/2023\/product\/vrt-razgranatih-staza\/\" \/>\n<meta property=\"og:site_name\" content=\"Panonski festival knjige\" \/>\n<meta property=\"article:modified_time\" content=\"2023-05-13T14:26:42+00:00\" \/>\n<meta property=\"og:image\" content=\"https:\/\/pfk.hr\/2023\/wp-content\/uploads\/2023\/05\/39.jpg\" \/>\n\t<meta property=\"og:image:width\" content=\"500\" \/>\n\t<meta property=\"og:image:height\" content=\"500\" \/>\n\t<meta property=\"og:image:type\" content=\"image\/jpeg\" \/>\n<meta name=\"twitter:card\" content=\"summary_large_image\" \/>\n<meta name=\"twitter:label1\" content=\"Procijenjeno vrijeme \u010ditanja\" \/>\n\t<meta name=\"twitter:data1\" content=\"2 minute\" \/>\n<script type=\"application\/ld+json\" class=\"yoast-schema-graph\">{\"@context\":\"https:\/\/schema.org\",\"@graph\":[{\"@type\":\"WebPage\",\"@id\":\"https:\/\/pfk.hr\/2023\/product\/vrt-razgranatih-staza\/\",\"url\":\"https:\/\/pfk.hr\/2023\/product\/vrt-razgranatih-staza\/\",\"name\":\"Vrt razgranatih staza - Panonski festival knjige\",\"isPartOf\":{\"@id\":\"https:\/\/pfk.hr\/2023\/#website\"},\"datePublished\":\"2023-05-13T14:23:48+00:00\",\"dateModified\":\"2023-05-13T14:26:42+00:00\",\"breadcrumb\":{\"@id\":\"https:\/\/pfk.hr\/2023\/product\/vrt-razgranatih-staza\/#breadcrumb\"},\"inLanguage\":\"hr\",\"potentialAction\":[{\"@type\":\"ReadAction\",\"target\":[\"https:\/\/pfk.hr\/2023\/product\/vrt-razgranatih-staza\/\"]}]},{\"@type\":\"BreadcrumbList\",\"@id\":\"https:\/\/pfk.hr\/2023\/product\/vrt-razgranatih-staza\/#breadcrumb\",\"itemListElement\":[{\"@type\":\"ListItem\",\"position\":1,\"name\":\"Po\u010detna stranica\",\"item\":\"https:\/\/pfk.hr\/2023\/\"},{\"@type\":\"ListItem\",\"position\":2,\"name\":\"Preporuka naslova\",\"item\":\"https:\/\/pfk.hr\/2023\/preporuka-naslova\/\"},{\"@type\":\"ListItem\",\"position\":3,\"name\":\"Vrt razgranatih staza\"}]},{\"@type\":\"WebSite\",\"@id\":\"https:\/\/pfk.hr\/2023\/#website\",\"url\":\"https:\/\/pfk.hr\/2023\/\",\"name\":\"Panonski festival knjige\",\"description\":\"\u010cITAJ, LEGA, \u010cITAJ!\",\"potentialAction\":[{\"@type\":\"SearchAction\",\"target\":{\"@type\":\"EntryPoint\",\"urlTemplate\":\"https:\/\/pfk.hr\/2023\/?s={search_term_string}\"},\"query-input\":\"required name=search_term_string\"}],\"inLanguage\":\"hr\"}]}<\/script>\n<!-- \/ Yoast SEO plugin. -->","yoast_head_json":{"title":"Vrt razgranatih staza - Panonski festival knjige","robots":{"index":"index","follow":"follow","max-snippet":"max-snippet:-1","max-image-preview":"max-image-preview:large","max-video-preview":"max-video-preview:-1"},"canonical":"https:\/\/pfk.hr\/2023\/product\/vrt-razgranatih-staza\/","og_locale":"hr_HR","og_type":"article","og_title":"Vrt razgranatih staza - Panonski festival knjige","og_description":"Martina Vidai\u0107 NAKLADA LJEVAK Ma\u0161truko je zadnji \u010dovjek kojeg bi turisti\u010dka zajednica Ju\u017ene Amerike trebala pla\u0107ati. I ako ste planirali putovanje na taj daleki kontinent, nakon \u010ditanja ovog putopisa i gledanja Ma\u0161trukovih fotki shvatit \u0107ete da vam se putovanje ne isplati kao kupovina ove, recimo, knjige. Jer ni\u0161ta \u0161to planirate i do\u017eivite ne\u0107e dose\u0107i ni...","og_url":"https:\/\/pfk.hr\/2023\/product\/vrt-razgranatih-staza\/","og_site_name":"Panonski festival knjige","article_modified_time":"2023-05-13T14:26:42+00:00","og_image":[{"width":500,"height":500,"url":"https:\/\/pfk.hr\/2023\/wp-content\/uploads\/2023\/05\/39.jpg","type":"image\/jpeg"}],"twitter_card":"summary_large_image","twitter_misc":{"Procijenjeno vrijeme \u010ditanja":"2 minute"},"schema":{"@context":"https:\/\/schema.org","@graph":[{"@type":"WebPage","@id":"https:\/\/pfk.hr\/2023\/product\/vrt-razgranatih-staza\/","url":"https:\/\/pfk.hr\/2023\/product\/vrt-razgranatih-staza\/","name":"Vrt razgranatih staza - Panonski festival knjige","isPartOf":{"@id":"https:\/\/pfk.hr\/2023\/#website"},"datePublished":"2023-05-13T14:23:48+00:00","dateModified":"2023-05-13T14:26:42+00:00","breadcrumb":{"@id":"https:\/\/pfk.hr\/2023\/product\/vrt-razgranatih-staza\/#breadcrumb"},"inLanguage":"hr","potentialAction":[{"@type":"ReadAction","target":["https:\/\/pfk.hr\/2023\/product\/vrt-razgranatih-staza\/"]}]},{"@type":"BreadcrumbList","@id":"https:\/\/pfk.hr\/2023\/product\/vrt-razgranatih-staza\/#breadcrumb","itemListElement":[{"@type":"ListItem","position":1,"name":"Po\u010detna stranica","item":"https:\/\/pfk.hr\/2023\/"},{"@type":"ListItem","position":2,"name":"Preporuka naslova","item":"https:\/\/pfk.hr\/2023\/preporuka-naslova\/"},{"@type":"ListItem","position":3,"name":"Vrt razgranatih staza"}]},{"@type":"WebSite","@id":"https:\/\/pfk.hr\/2023\/#website","url":"https:\/\/pfk.hr\/2023\/","name":"Panonski festival knjige","description":"\u010cITAJ, LEGA, \u010cITAJ!","potentialAction":[{"@type":"SearchAction","target":{"@type":"EntryPoint","urlTemplate":"https:\/\/pfk.hr\/2023\/?s={search_term_string}"},"query-input":"required name=search_term_string"}],"inLanguage":"hr"}]}},"_links":{"self":[{"href":"https:\/\/pfk.hr\/2023\/wp-json\/wp\/v2\/product\/988600","targetHints":{"allow":["GET"]}}],"collection":[{"href":"https:\/\/pfk.hr\/2023\/wp-json\/wp\/v2\/product"}],"about":[{"href":"https:\/\/pfk.hr\/2023\/wp-json\/wp\/v2\/types\/product"}],"wp:featuredmedia":[{"embeddable":true,"href":"https:\/\/pfk.hr\/2023\/wp-json\/wp\/v2\/media\/988584"}],"wp:attachment":[{"href":"https:\/\/pfk.hr\/2023\/wp-json\/wp\/v2\/media?parent=988600"}],"wp:term":[{"taxonomy":"product_cat","embeddable":true,"href":"https:\/\/pfk.hr\/2023\/wp-json\/wp\/v2\/product_cat?post=988600"},{"taxonomy":"product_tag","embeddable":true,"href":"https:\/\/pfk.hr\/2023\/wp-json\/wp\/v2\/product_tag?post=988600"}],"curies":[{"name":"wp","href":"https:\/\/api.w.org\/{rel}","templated":true}]}}