{"id":988597,"date":"2023-05-13T15:53:22","date_gmt":"2023-05-13T13:53:22","guid":{"rendered":"https:\/\/pfk.hr\/?post_type=product&#038;p=988597"},"modified":"2023-05-22T18:01:50","modified_gmt":"2023-05-22T16:01:50","slug":"izrael-narod-u-danu-roden-knjiga-prva","status":"publish","type":"product","link":"https:\/\/pfk.hr\/2023\/product\/izrael-narod-u-danu-roden-knjiga-prva\/","title":{"rendered":"Izrael \u2013 narod u danu ro\u0111en \u2013 knjiga prva"},"content":{"rendered":"<div>\n<div data-hveid=\"CAsQAA\">\n<div data-md=\"221\" data-hveid=\"CAkQAA\" data-ved=\"2ahUKEwjJ7dyf2-P-AhX5wQIHHf6aC2MQnKEBegQICRAA\">\n<p><strong>Boris Havel<\/strong><\/p>\n<\/div>\n<\/div>\n<\/div>\n<div class=\"GRl5yb a8pxAe\">\n<div id=\"JTPWx\" class=\"FJIcp\" role=\"tablist\" data-hveid=\"CA0QAA\">Naklada: Lumen, \u0160KOLSKA KNJIGA<\/div>\n<\/div>\n<hr \/>\n<p><em>Izrael \u2013 narod u danu ro\u0111en \u2013 knjiga prva \u2013 Povijest Izraela od Abrahama do Bar Kohbe (oko 2000. pr. Krista \u2013 135.)<\/em> prva je od tri knjige u kojima je obra\u0111ena povijest hebrejskoga, izraelskoga, poslije \u017eidovskoga naroda, poglavito na podru\u010dju dana\u0161nje Dr\u017eave Izrael i okolnih zemalja, od njegova po\u010detka prije \u010detiri tisu\u0107lje\u0107a do danas. U ovome je svesku obra\u0111ena povijest Izraela od Abrahamova poziva do velikoga progonstva koje je po\u010delo 135. poslije Krista.<\/p>\n<p>Povijest Izraela va\u017ena je povijesna, religijska, kulturolo\u0161ka i politolo\u0161ka tema.<\/p>\n<p>lzrael se nalazi u temeljima dana\u0161nje europske civilizacije te je njegovo razumijevanje u svim aspektima njegove pojavnosti nezaobilazno i za razumijevanje njega samoga, ali i same europske civilizacije.<\/p>\n<p>Ova je knjiga namijenjena znanstvenoj i stru\u010dnoj javnosti, poglavito povjesni\u010darima, teolozima, orijentalistima, hebraistima i politolozima, ali i \u0161irem \u010ditateljstvu, budu\u0107i da je pisana na\u010dinom i stilom koji je pristupa\u010dan i \u010ditatelju izvan znanstvene zajednice.<\/p>\n<p><a href=\"https:\/\/shop.skolskaknjiga.hr\/izrael-narod-u-danu-roden-knjiga-prva-povijest-izraela-od-abrahama-do-bar-kohbe-oko-2000-pr-krista-135.html\" target=\"_blank\" rel=\"noopener\">Saznajte vi\u0161e&#8230;<\/a><\/p>\n","protected":false},"excerpt":{"rendered":"<p>Boris Havel Naklada: Lumen, \u0160KOLSKA KNJIGA Izrael \u2013 narod u danu ro\u0111en \u2013 knjiga prva \u2013 Povijest Izraela od Abrahama do Bar Kohbe (oko 2000. pr. Krista \u2013 135.) prva je od tri knjige u kojima je obra\u0111ena povijest hebrejskoga, izraelskoga, poslije \u017eidovskoga naroda, poglavito na podru\u010dju dana\u0161nje Dr\u017eave Izrael i okolnih zemalja, od njegova&#8230;<\/p>\n","protected":false},"featured_media":988579,"template":"","meta":[],"product_cat":[86],"product_tag":[],"class_list":["post-988597","product","type-product","status-publish","has-post-thumbnail","hentry","product_cat-knjige"],"acf":[],"yoast_head":"<!-- This site is optimized with the Yoast SEO plugin v20.7 - https:\/\/yoast.com\/wordpress\/plugins\/seo\/ -->\n<title>Izrael \u2013 narod u danu ro\u0111en \u2013 knjiga prva - Panonski festival knjige<\/title>\n<meta name=\"robots\" content=\"index, follow, max-snippet:-1, max-image-preview:large, max-video-preview:-1\" \/>\n<link rel=\"canonical\" href=\"https:\/\/pfk.hr\/2023\/product\/izrael-narod-u-danu-roden-knjiga-prva\/\" \/>\n<meta property=\"og:locale\" content=\"hr_HR\" \/>\n<meta property=\"og:type\" content=\"article\" \/>\n<meta property=\"og:title\" content=\"Izrael \u2013 narod u danu ro\u0111en \u2013 knjiga prva - Panonski festival knjige\" \/>\n<meta property=\"og:description\" content=\"Boris Havel Naklada: Lumen, \u0160KOLSKA KNJIGA Izrael \u2013 narod u danu ro\u0111en \u2013 knjiga prva \u2013 Povijest Izraela od Abrahama do Bar Kohbe (oko 2000. pr. Krista \u2013 135.) prva je od tri knjige u kojima je obra\u0111ena povijest hebrejskoga, izraelskoga, poslije \u017eidovskoga naroda, poglavito na podru\u010dju dana\u0161nje Dr\u017eave Izrael i okolnih zemalja, od njegova...\" \/>\n<meta property=\"og:url\" content=\"https:\/\/pfk.hr\/2023\/product\/izrael-narod-u-danu-roden-knjiga-prva\/\" \/>\n<meta property=\"og:site_name\" content=\"Panonski festival knjige\" \/>\n<meta property=\"article:modified_time\" content=\"2023-05-22T16:01:50+00:00\" \/>\n<meta property=\"og:image\" content=\"https:\/\/pfk.hr\/2023\/wp-content\/uploads\/2023\/05\/34.jpg\" \/>\n\t<meta property=\"og:image:width\" content=\"500\" \/>\n\t<meta property=\"og:image:height\" content=\"500\" \/>\n\t<meta property=\"og:image:type\" content=\"image\/jpeg\" \/>\n<meta name=\"twitter:card\" content=\"summary_large_image\" \/>\n<meta name=\"twitter:label1\" content=\"Procijenjeno vrijeme \u010ditanja\" \/>\n\t<meta name=\"twitter:data1\" content=\"1 minuta\" \/>\n<script type=\"application\/ld+json\" class=\"yoast-schema-graph\">{\"@context\":\"https:\/\/schema.org\",\"@graph\":[{\"@type\":\"WebPage\",\"@id\":\"https:\/\/pfk.hr\/2023\/product\/izrael-narod-u-danu-roden-knjiga-prva\/\",\"url\":\"https:\/\/pfk.hr\/2023\/product\/izrael-narod-u-danu-roden-knjiga-prva\/\",\"name\":\"Izrael \u2013 narod u danu ro\u0111en \u2013 knjiga prva - Panonski festival knjige\",\"isPartOf\":{\"@id\":\"https:\/\/pfk.hr\/2023\/#website\"},\"datePublished\":\"2023-05-13T13:53:22+00:00\",\"dateModified\":\"2023-05-22T16:01:50+00:00\",\"breadcrumb\":{\"@id\":\"https:\/\/pfk.hr\/2023\/product\/izrael-narod-u-danu-roden-knjiga-prva\/#breadcrumb\"},\"inLanguage\":\"hr\",\"potentialAction\":[{\"@type\":\"ReadAction\",\"target\":[\"https:\/\/pfk.hr\/2023\/product\/izrael-narod-u-danu-roden-knjiga-prva\/\"]}]},{\"@type\":\"BreadcrumbList\",\"@id\":\"https:\/\/pfk.hr\/2023\/product\/izrael-narod-u-danu-roden-knjiga-prva\/#breadcrumb\",\"itemListElement\":[{\"@type\":\"ListItem\",\"position\":1,\"name\":\"Po\u010detna stranica\",\"item\":\"https:\/\/pfk.hr\/2023\/\"},{\"@type\":\"ListItem\",\"position\":2,\"name\":\"Preporuka naslova\",\"item\":\"https:\/\/pfk.hr\/2023\/preporuka-naslova\/\"},{\"@type\":\"ListItem\",\"position\":3,\"name\":\"Izrael \u2013 narod u danu ro\u0111en \u2013 knjiga prva\"}]},{\"@type\":\"WebSite\",\"@id\":\"https:\/\/pfk.hr\/2023\/#website\",\"url\":\"https:\/\/pfk.hr\/2023\/\",\"name\":\"Panonski festival knjige\",\"description\":\"\u010cITAJ, LEGA, \u010cITAJ!\",\"potentialAction\":[{\"@type\":\"SearchAction\",\"target\":{\"@type\":\"EntryPoint\",\"urlTemplate\":\"https:\/\/pfk.hr\/2023\/?s={search_term_string}\"},\"query-input\":\"required name=search_term_string\"}],\"inLanguage\":\"hr\"}]}<\/script>\n<!-- \/ Yoast SEO plugin. -->","yoast_head_json":{"title":"Izrael \u2013 narod u danu ro\u0111en \u2013 knjiga prva - Panonski festival knjige","robots":{"index":"index","follow":"follow","max-snippet":"max-snippet:-1","max-image-preview":"max-image-preview:large","max-video-preview":"max-video-preview:-1"},"canonical":"https:\/\/pfk.hr\/2023\/product\/izrael-narod-u-danu-roden-knjiga-prva\/","og_locale":"hr_HR","og_type":"article","og_title":"Izrael \u2013 narod u danu ro\u0111en \u2013 knjiga prva - Panonski festival knjige","og_description":"Boris Havel Naklada: Lumen, \u0160KOLSKA KNJIGA Izrael \u2013 narod u danu ro\u0111en \u2013 knjiga prva \u2013 Povijest Izraela od Abrahama do Bar Kohbe (oko 2000. pr. Krista \u2013 135.) prva je od tri knjige u kojima je obra\u0111ena povijest hebrejskoga, izraelskoga, poslije \u017eidovskoga naroda, poglavito na podru\u010dju dana\u0161nje Dr\u017eave Izrael i okolnih zemalja, od njegova...","og_url":"https:\/\/pfk.hr\/2023\/product\/izrael-narod-u-danu-roden-knjiga-prva\/","og_site_name":"Panonski festival knjige","article_modified_time":"2023-05-22T16:01:50+00:00","og_image":[{"width":500,"height":500,"url":"https:\/\/pfk.hr\/2023\/wp-content\/uploads\/2023\/05\/34.jpg","type":"image\/jpeg"}],"twitter_card":"summary_large_image","twitter_misc":{"Procijenjeno vrijeme \u010ditanja":"1 minuta"},"schema":{"@context":"https:\/\/schema.org","@graph":[{"@type":"WebPage","@id":"https:\/\/pfk.hr\/2023\/product\/izrael-narod-u-danu-roden-knjiga-prva\/","url":"https:\/\/pfk.hr\/2023\/product\/izrael-narod-u-danu-roden-knjiga-prva\/","name":"Izrael \u2013 narod u danu ro\u0111en \u2013 knjiga prva - Panonski festival knjige","isPartOf":{"@id":"https:\/\/pfk.hr\/2023\/#website"},"datePublished":"2023-05-13T13:53:22+00:00","dateModified":"2023-05-22T16:01:50+00:00","breadcrumb":{"@id":"https:\/\/pfk.hr\/2023\/product\/izrael-narod-u-danu-roden-knjiga-prva\/#breadcrumb"},"inLanguage":"hr","potentialAction":[{"@type":"ReadAction","target":["https:\/\/pfk.hr\/2023\/product\/izrael-narod-u-danu-roden-knjiga-prva\/"]}]},{"@type":"BreadcrumbList","@id":"https:\/\/pfk.hr\/2023\/product\/izrael-narod-u-danu-roden-knjiga-prva\/#breadcrumb","itemListElement":[{"@type":"ListItem","position":1,"name":"Po\u010detna stranica","item":"https:\/\/pfk.hr\/2023\/"},{"@type":"ListItem","position":2,"name":"Preporuka naslova","item":"https:\/\/pfk.hr\/2023\/preporuka-naslova\/"},{"@type":"ListItem","position":3,"name":"Izrael \u2013 narod u danu ro\u0111en \u2013 knjiga prva"}]},{"@type":"WebSite","@id":"https:\/\/pfk.hr\/2023\/#website","url":"https:\/\/pfk.hr\/2023\/","name":"Panonski festival knjige","description":"\u010cITAJ, LEGA, \u010cITAJ!","potentialAction":[{"@type":"SearchAction","target":{"@type":"EntryPoint","urlTemplate":"https:\/\/pfk.hr\/2023\/?s={search_term_string}"},"query-input":"required name=search_term_string"}],"inLanguage":"hr"}]}},"_links":{"self":[{"href":"https:\/\/pfk.hr\/2023\/wp-json\/wp\/v2\/product\/988597","targetHints":{"allow":["GET"]}}],"collection":[{"href":"https:\/\/pfk.hr\/2023\/wp-json\/wp\/v2\/product"}],"about":[{"href":"https:\/\/pfk.hr\/2023\/wp-json\/wp\/v2\/types\/product"}],"wp:featuredmedia":[{"embeddable":true,"href":"https:\/\/pfk.hr\/2023\/wp-json\/wp\/v2\/media\/988579"}],"wp:attachment":[{"href":"https:\/\/pfk.hr\/2023\/wp-json\/wp\/v2\/media?parent=988597"}],"wp:term":[{"taxonomy":"product_cat","embeddable":true,"href":"https:\/\/pfk.hr\/2023\/wp-json\/wp\/v2\/product_cat?post=988597"},{"taxonomy":"product_tag","embeddable":true,"href":"https:\/\/pfk.hr\/2023\/wp-json\/wp\/v2\/product_tag?post=988597"}],"curies":[{"name":"wp","href":"https:\/\/api.w.org\/{rel}","templated":true}]}}