{"id":988594,"date":"2023-05-13T15:42:54","date_gmt":"2023-05-13T13:42:54","guid":{"rendered":"https:\/\/pfk.hr\/?post_type=product&#038;p=988594"},"modified":"2023-05-19T11:39:47","modified_gmt":"2023-05-19T09:39:47","slug":"kad-nestanu-slasticari","status":"publish","type":"product","link":"https:\/\/pfk.hr\/2023\/product\/kad-nestanu-slasticari\/","title":{"rendered":"Kad nestanu slasti\u010dari\u2026"},"content":{"rendered":"<div>\n<div data-hveid=\"CAsQAA\">\n<div data-md=\"221\" data-hveid=\"CAkQAA\" data-ved=\"2ahUKEwjJ7dyf2-P-AhX5wQIHHf6aC2MQnKEBegQICRAA\">\n<p><strong>Kate Bo\u0161kovi\u0107<br \/>\n<\/strong>Ilustratorica: <strong>Matea Erceg<\/strong><\/p>\n<p>Naklada: SLATKOPEDIJA<\/p>\n<\/div>\n<\/div>\n<\/div>\n<hr \/>\n<p>Ispunjenje jedne, naizgled neostvarive, \u017eelje djevoj\u010dice Tamare utjecat \u0107e na \u017eivote svih, a posebno na \u017eivote njezinih roditelja. Nestanak slasti\u010dara pred njihovu proslavu otvorit \u0107e im o\u010di i natjerati ih da to zanimanje vide u novom svjetlu. Slikovnica \u201eKad nestanu slasti\u010dari\u2026\u201c djecu u\u010di cijeniti slasti\u010darsku struku, ali i boriti se za vlastite snove, \u010dak i kad se \u010dini da je sve protiv njih.<\/p>\n<p>Dodatno: pjesma o slasticama i slasti\u010darstvu<\/p>\n","protected":false},"excerpt":{"rendered":"<p>Kate Bo\u0161kovi\u0107 Ilustratorica: Matea Erceg Naklada: SLATKOPEDIJA Ispunjenje jedne, naizgled neostvarive, \u017eelje djevoj\u010dice Tamare utjecat \u0107e na \u017eivote svih, a posebno na \u017eivote njezinih roditelja. Nestanak slasti\u010dara pred njihovu proslavu otvorit \u0107e im o\u010di i natjerati ih da to zanimanje vide u novom svjetlu. Slikovnica \u201eKad nestanu slasti\u010dari\u2026\u201c djecu u\u010di cijeniti slasti\u010darsku struku, ali i&#8230;<\/p>\n","protected":false},"featured_media":988578,"template":"","meta":[],"product_cat":[86],"product_tag":[],"class_list":["post-988594","product","type-product","status-publish","has-post-thumbnail","hentry","product_cat-knjige"],"acf":[],"yoast_head":"<!-- This site is optimized with the Yoast SEO plugin v20.7 - https:\/\/yoast.com\/wordpress\/plugins\/seo\/ -->\n<title>Kad nestanu slasti\u010dari\u2026 - Panonski festival knjige<\/title>\n<meta name=\"robots\" content=\"index, follow, max-snippet:-1, max-image-preview:large, max-video-preview:-1\" \/>\n<link rel=\"canonical\" href=\"https:\/\/pfk.hr\/2023\/product\/kad-nestanu-slasticari\/\" \/>\n<meta property=\"og:locale\" content=\"hr_HR\" \/>\n<meta property=\"og:type\" content=\"article\" \/>\n<meta property=\"og:title\" content=\"Kad nestanu slasti\u010dari\u2026 - Panonski festival knjige\" \/>\n<meta property=\"og:description\" content=\"Kate Bo\u0161kovi\u0107 Ilustratorica: Matea Erceg Naklada: SLATKOPEDIJA Ispunjenje jedne, naizgled neostvarive, \u017eelje djevoj\u010dice Tamare utjecat \u0107e na \u017eivote svih, a posebno na \u017eivote njezinih roditelja. Nestanak slasti\u010dara pred njihovu proslavu otvorit \u0107e im o\u010di i natjerati ih da to zanimanje vide u novom svjetlu. Slikovnica \u201eKad nestanu slasti\u010dari\u2026\u201c djecu u\u010di cijeniti slasti\u010darsku struku, ali i...\" \/>\n<meta property=\"og:url\" content=\"https:\/\/pfk.hr\/2023\/product\/kad-nestanu-slasticari\/\" \/>\n<meta property=\"og:site_name\" content=\"Panonski festival knjige\" \/>\n<meta property=\"article:modified_time\" content=\"2023-05-19T09:39:47+00:00\" \/>\n<meta property=\"og:image\" content=\"https:\/\/pfk.hr\/2023\/wp-content\/uploads\/2023\/05\/33.jpg\" \/>\n\t<meta property=\"og:image:width\" content=\"500\" \/>\n\t<meta property=\"og:image:height\" content=\"500\" \/>\n\t<meta property=\"og:image:type\" content=\"image\/jpeg\" \/>\n<meta name=\"twitter:card\" content=\"summary_large_image\" \/>\n<meta name=\"twitter:label1\" content=\"Procijenjeno vrijeme \u010ditanja\" \/>\n\t<meta name=\"twitter:data1\" content=\"1 minuta\" \/>\n<script type=\"application\/ld+json\" class=\"yoast-schema-graph\">{\"@context\":\"https:\/\/schema.org\",\"@graph\":[{\"@type\":\"WebPage\",\"@id\":\"https:\/\/pfk.hr\/2023\/product\/kad-nestanu-slasticari\/\",\"url\":\"https:\/\/pfk.hr\/2023\/product\/kad-nestanu-slasticari\/\",\"name\":\"Kad nestanu slasti\u010dari\u2026 - Panonski festival knjige\",\"isPartOf\":{\"@id\":\"https:\/\/pfk.hr\/2023\/#website\"},\"datePublished\":\"2023-05-13T13:42:54+00:00\",\"dateModified\":\"2023-05-19T09:39:47+00:00\",\"breadcrumb\":{\"@id\":\"https:\/\/pfk.hr\/2023\/product\/kad-nestanu-slasticari\/#breadcrumb\"},\"inLanguage\":\"hr\",\"potentialAction\":[{\"@type\":\"ReadAction\",\"target\":[\"https:\/\/pfk.hr\/2023\/product\/kad-nestanu-slasticari\/\"]}]},{\"@type\":\"BreadcrumbList\",\"@id\":\"https:\/\/pfk.hr\/2023\/product\/kad-nestanu-slasticari\/#breadcrumb\",\"itemListElement\":[{\"@type\":\"ListItem\",\"position\":1,\"name\":\"Po\u010detna stranica\",\"item\":\"https:\/\/pfk.hr\/2023\/\"},{\"@type\":\"ListItem\",\"position\":2,\"name\":\"Preporuka naslova\",\"item\":\"https:\/\/pfk.hr\/2023\/preporuka-naslova\/\"},{\"@type\":\"ListItem\",\"position\":3,\"name\":\"Kad nestanu slasti\u010dari\u2026\"}]},{\"@type\":\"WebSite\",\"@id\":\"https:\/\/pfk.hr\/2023\/#website\",\"url\":\"https:\/\/pfk.hr\/2023\/\",\"name\":\"Panonski festival knjige\",\"description\":\"\u010cITAJ, LEGA, \u010cITAJ!\",\"potentialAction\":[{\"@type\":\"SearchAction\",\"target\":{\"@type\":\"EntryPoint\",\"urlTemplate\":\"https:\/\/pfk.hr\/2023\/?s={search_term_string}\"},\"query-input\":\"required name=search_term_string\"}],\"inLanguage\":\"hr\"}]}<\/script>\n<!-- \/ Yoast SEO plugin. -->","yoast_head_json":{"title":"Kad nestanu slasti\u010dari\u2026 - Panonski festival knjige","robots":{"index":"index","follow":"follow","max-snippet":"max-snippet:-1","max-image-preview":"max-image-preview:large","max-video-preview":"max-video-preview:-1"},"canonical":"https:\/\/pfk.hr\/2023\/product\/kad-nestanu-slasticari\/","og_locale":"hr_HR","og_type":"article","og_title":"Kad nestanu slasti\u010dari\u2026 - Panonski festival knjige","og_description":"Kate Bo\u0161kovi\u0107 Ilustratorica: Matea Erceg Naklada: SLATKOPEDIJA Ispunjenje jedne, naizgled neostvarive, \u017eelje djevoj\u010dice Tamare utjecat \u0107e na \u017eivote svih, a posebno na \u017eivote njezinih roditelja. Nestanak slasti\u010dara pred njihovu proslavu otvorit \u0107e im o\u010di i natjerati ih da to zanimanje vide u novom svjetlu. Slikovnica \u201eKad nestanu slasti\u010dari\u2026\u201c djecu u\u010di cijeniti slasti\u010darsku struku, ali i...","og_url":"https:\/\/pfk.hr\/2023\/product\/kad-nestanu-slasticari\/","og_site_name":"Panonski festival knjige","article_modified_time":"2023-05-19T09:39:47+00:00","og_image":[{"width":500,"height":500,"url":"https:\/\/pfk.hr\/2023\/wp-content\/uploads\/2023\/05\/33.jpg","type":"image\/jpeg"}],"twitter_card":"summary_large_image","twitter_misc":{"Procijenjeno vrijeme \u010ditanja":"1 minuta"},"schema":{"@context":"https:\/\/schema.org","@graph":[{"@type":"WebPage","@id":"https:\/\/pfk.hr\/2023\/product\/kad-nestanu-slasticari\/","url":"https:\/\/pfk.hr\/2023\/product\/kad-nestanu-slasticari\/","name":"Kad nestanu slasti\u010dari\u2026 - Panonski festival knjige","isPartOf":{"@id":"https:\/\/pfk.hr\/2023\/#website"},"datePublished":"2023-05-13T13:42:54+00:00","dateModified":"2023-05-19T09:39:47+00:00","breadcrumb":{"@id":"https:\/\/pfk.hr\/2023\/product\/kad-nestanu-slasticari\/#breadcrumb"},"inLanguage":"hr","potentialAction":[{"@type":"ReadAction","target":["https:\/\/pfk.hr\/2023\/product\/kad-nestanu-slasticari\/"]}]},{"@type":"BreadcrumbList","@id":"https:\/\/pfk.hr\/2023\/product\/kad-nestanu-slasticari\/#breadcrumb","itemListElement":[{"@type":"ListItem","position":1,"name":"Po\u010detna stranica","item":"https:\/\/pfk.hr\/2023\/"},{"@type":"ListItem","position":2,"name":"Preporuka naslova","item":"https:\/\/pfk.hr\/2023\/preporuka-naslova\/"},{"@type":"ListItem","position":3,"name":"Kad nestanu slasti\u010dari\u2026"}]},{"@type":"WebSite","@id":"https:\/\/pfk.hr\/2023\/#website","url":"https:\/\/pfk.hr\/2023\/","name":"Panonski festival knjige","description":"\u010cITAJ, LEGA, \u010cITAJ!","potentialAction":[{"@type":"SearchAction","target":{"@type":"EntryPoint","urlTemplate":"https:\/\/pfk.hr\/2023\/?s={search_term_string}"},"query-input":"required name=search_term_string"}],"inLanguage":"hr"}]}},"_links":{"self":[{"href":"https:\/\/pfk.hr\/2023\/wp-json\/wp\/v2\/product\/988594","targetHints":{"allow":["GET"]}}],"collection":[{"href":"https:\/\/pfk.hr\/2023\/wp-json\/wp\/v2\/product"}],"about":[{"href":"https:\/\/pfk.hr\/2023\/wp-json\/wp\/v2\/types\/product"}],"wp:featuredmedia":[{"embeddable":true,"href":"https:\/\/pfk.hr\/2023\/wp-json\/wp\/v2\/media\/988578"}],"wp:attachment":[{"href":"https:\/\/pfk.hr\/2023\/wp-json\/wp\/v2\/media?parent=988594"}],"wp:term":[{"taxonomy":"product_cat","embeddable":true,"href":"https:\/\/pfk.hr\/2023\/wp-json\/wp\/v2\/product_cat?post=988594"},{"taxonomy":"product_tag","embeddable":true,"href":"https:\/\/pfk.hr\/2023\/wp-json\/wp\/v2\/product_tag?post=988594"}],"curies":[{"name":"wp","href":"https:\/\/api.w.org\/{rel}","templated":true}]}}