{"id":988593,"date":"2023-05-13T15:40:50","date_gmt":"2023-05-13T13:40:50","guid":{"rendered":"https:\/\/pfk.hr\/?post_type=product&#038;p=988593"},"modified":"2023-05-13T15:42:50","modified_gmt":"2023-05-13T13:42:50","slug":"slatka-sumska-prica","status":"publish","type":"product","link":"https:\/\/pfk.hr\/2023\/product\/slatka-sumska-prica\/","title":{"rendered":"Slatka \u0161umska pri\u010da"},"content":{"rendered":"<div>\n<div data-hveid=\"CAsQAA\">\n<div data-md=\"221\" data-hveid=\"CAkQAA\" data-ved=\"2ahUKEwjJ7dyf2-P-AhX5wQIHHf6aC2MQnKEBegQICRAA\">\n<p><strong>Kate Bo\u0161kovi\u0107<br \/>\n<\/strong>Ilustratorica: <strong>Matea Erceg<\/strong><\/p>\n<p>Naklada: SLATKOPEDIJA<\/p>\n<\/div>\n<\/div>\n<\/div>\n<hr \/>\n<p>Neo\u010dekivani problem pred najva\u017eniji zadatak njegova \u017eivota otkrit \u0107e zecu Kikiju snagu pravog prijateljstva, ali i nau\u010diti ga da iskrene prijatelje treba znati prepoznati.<br \/>\nSlatka \u0161umska pri\u010da pou\u010dna je pri\u010da o prijateljstvu pro\u017eeta o\u010daravaju\u0107im \u0161umskim ambijentom i neo\u010dekivanim obratima.<\/p>\n<p>Dodatno: Dva recepta za \u010dokoladna jaja i bojanka<\/p>\n","protected":false},"excerpt":{"rendered":"<p>Kate Bo\u0161kovi\u0107 Ilustratorica: Matea Erceg Naklada: SLATKOPEDIJA Neo\u010dekivani problem pred najva\u017eniji zadatak njegova \u017eivota otkrit \u0107e zecu Kikiju snagu pravog prijateljstva, ali i nau\u010diti ga da iskrene prijatelje treba znati prepoznati. Slatka \u0161umska pri\u010da pou\u010dna je pri\u010da o prijateljstvu pro\u017eeta o\u010daravaju\u0107im \u0161umskim ambijentom i neo\u010dekivanim obratima. Dodatno: Dva recepta za \u010dokoladna jaja i bojanka<\/p>\n","protected":false},"featured_media":988577,"template":"","meta":[],"product_cat":[86],"product_tag":[],"class_list":["post-988593","product","type-product","status-publish","has-post-thumbnail","hentry","product_cat-knjige"],"acf":[],"yoast_head":"<!-- This site is optimized with the Yoast SEO plugin v20.7 - https:\/\/yoast.com\/wordpress\/plugins\/seo\/ -->\n<title>Slatka \u0161umska pri\u010da - Panonski festival knjige<\/title>\n<meta name=\"robots\" content=\"index, follow, max-snippet:-1, max-image-preview:large, max-video-preview:-1\" \/>\n<link rel=\"canonical\" href=\"https:\/\/pfk.hr\/2023\/product\/slatka-sumska-prica\/\" \/>\n<meta property=\"og:locale\" content=\"hr_HR\" \/>\n<meta property=\"og:type\" content=\"article\" \/>\n<meta property=\"og:title\" content=\"Slatka \u0161umska pri\u010da - Panonski festival knjige\" \/>\n<meta property=\"og:description\" content=\"Kate Bo\u0161kovi\u0107 Ilustratorica: Matea Erceg Naklada: SLATKOPEDIJA Neo\u010dekivani problem pred najva\u017eniji zadatak njegova \u017eivota otkrit \u0107e zecu Kikiju snagu pravog prijateljstva, ali i nau\u010diti ga da iskrene prijatelje treba znati prepoznati. Slatka \u0161umska pri\u010da pou\u010dna je pri\u010da o prijateljstvu pro\u017eeta o\u010daravaju\u0107im \u0161umskim ambijentom i neo\u010dekivanim obratima. Dodatno: Dva recepta za \u010dokoladna jaja i bojanka\" \/>\n<meta property=\"og:url\" content=\"https:\/\/pfk.hr\/2023\/product\/slatka-sumska-prica\/\" \/>\n<meta property=\"og:site_name\" content=\"Panonski festival knjige\" \/>\n<meta property=\"article:modified_time\" content=\"2023-05-13T13:42:50+00:00\" \/>\n<meta property=\"og:image\" content=\"https:\/\/pfk.hr\/2023\/wp-content\/uploads\/2023\/05\/32.jpg\" \/>\n\t<meta property=\"og:image:width\" content=\"500\" \/>\n\t<meta property=\"og:image:height\" content=\"500\" \/>\n\t<meta property=\"og:image:type\" content=\"image\/jpeg\" \/>\n<meta name=\"twitter:card\" content=\"summary_large_image\" \/>\n<script type=\"application\/ld+json\" class=\"yoast-schema-graph\">{\"@context\":\"https:\/\/schema.org\",\"@graph\":[{\"@type\":\"WebPage\",\"@id\":\"https:\/\/pfk.hr\/2023\/product\/slatka-sumska-prica\/\",\"url\":\"https:\/\/pfk.hr\/2023\/product\/slatka-sumska-prica\/\",\"name\":\"Slatka \u0161umska pri\u010da - Panonski festival knjige\",\"isPartOf\":{\"@id\":\"https:\/\/pfk.hr\/2023\/#website\"},\"datePublished\":\"2023-05-13T13:40:50+00:00\",\"dateModified\":\"2023-05-13T13:42:50+00:00\",\"breadcrumb\":{\"@id\":\"https:\/\/pfk.hr\/2023\/product\/slatka-sumska-prica\/#breadcrumb\"},\"inLanguage\":\"hr\",\"potentialAction\":[{\"@type\":\"ReadAction\",\"target\":[\"https:\/\/pfk.hr\/2023\/product\/slatka-sumska-prica\/\"]}]},{\"@type\":\"BreadcrumbList\",\"@id\":\"https:\/\/pfk.hr\/2023\/product\/slatka-sumska-prica\/#breadcrumb\",\"itemListElement\":[{\"@type\":\"ListItem\",\"position\":1,\"name\":\"Po\u010detna stranica\",\"item\":\"https:\/\/pfk.hr\/2023\/\"},{\"@type\":\"ListItem\",\"position\":2,\"name\":\"Preporuka naslova\",\"item\":\"https:\/\/pfk.hr\/2023\/preporuka-naslova\/\"},{\"@type\":\"ListItem\",\"position\":3,\"name\":\"Slatka \u0161umska pri\u010da\"}]},{\"@type\":\"WebSite\",\"@id\":\"https:\/\/pfk.hr\/2023\/#website\",\"url\":\"https:\/\/pfk.hr\/2023\/\",\"name\":\"Panonski festival knjige\",\"description\":\"\u010cITAJ, LEGA, \u010cITAJ!\",\"potentialAction\":[{\"@type\":\"SearchAction\",\"target\":{\"@type\":\"EntryPoint\",\"urlTemplate\":\"https:\/\/pfk.hr\/2023\/?s={search_term_string}\"},\"query-input\":\"required name=search_term_string\"}],\"inLanguage\":\"hr\"}]}<\/script>\n<!-- \/ Yoast SEO plugin. -->","yoast_head_json":{"title":"Slatka \u0161umska pri\u010da - Panonski festival knjige","robots":{"index":"index","follow":"follow","max-snippet":"max-snippet:-1","max-image-preview":"max-image-preview:large","max-video-preview":"max-video-preview:-1"},"canonical":"https:\/\/pfk.hr\/2023\/product\/slatka-sumska-prica\/","og_locale":"hr_HR","og_type":"article","og_title":"Slatka \u0161umska pri\u010da - Panonski festival knjige","og_description":"Kate Bo\u0161kovi\u0107 Ilustratorica: Matea Erceg Naklada: SLATKOPEDIJA Neo\u010dekivani problem pred najva\u017eniji zadatak njegova \u017eivota otkrit \u0107e zecu Kikiju snagu pravog prijateljstva, ali i nau\u010diti ga da iskrene prijatelje treba znati prepoznati. Slatka \u0161umska pri\u010da pou\u010dna je pri\u010da o prijateljstvu pro\u017eeta o\u010daravaju\u0107im \u0161umskim ambijentom i neo\u010dekivanim obratima. Dodatno: Dva recepta za \u010dokoladna jaja i bojanka","og_url":"https:\/\/pfk.hr\/2023\/product\/slatka-sumska-prica\/","og_site_name":"Panonski festival knjige","article_modified_time":"2023-05-13T13:42:50+00:00","og_image":[{"width":500,"height":500,"url":"https:\/\/pfk.hr\/2023\/wp-content\/uploads\/2023\/05\/32.jpg","type":"image\/jpeg"}],"twitter_card":"summary_large_image","schema":{"@context":"https:\/\/schema.org","@graph":[{"@type":"WebPage","@id":"https:\/\/pfk.hr\/2023\/product\/slatka-sumska-prica\/","url":"https:\/\/pfk.hr\/2023\/product\/slatka-sumska-prica\/","name":"Slatka \u0161umska pri\u010da - Panonski festival knjige","isPartOf":{"@id":"https:\/\/pfk.hr\/2023\/#website"},"datePublished":"2023-05-13T13:40:50+00:00","dateModified":"2023-05-13T13:42:50+00:00","breadcrumb":{"@id":"https:\/\/pfk.hr\/2023\/product\/slatka-sumska-prica\/#breadcrumb"},"inLanguage":"hr","potentialAction":[{"@type":"ReadAction","target":["https:\/\/pfk.hr\/2023\/product\/slatka-sumska-prica\/"]}]},{"@type":"BreadcrumbList","@id":"https:\/\/pfk.hr\/2023\/product\/slatka-sumska-prica\/#breadcrumb","itemListElement":[{"@type":"ListItem","position":1,"name":"Po\u010detna stranica","item":"https:\/\/pfk.hr\/2023\/"},{"@type":"ListItem","position":2,"name":"Preporuka naslova","item":"https:\/\/pfk.hr\/2023\/preporuka-naslova\/"},{"@type":"ListItem","position":3,"name":"Slatka \u0161umska pri\u010da"}]},{"@type":"WebSite","@id":"https:\/\/pfk.hr\/2023\/#website","url":"https:\/\/pfk.hr\/2023\/","name":"Panonski festival knjige","description":"\u010cITAJ, LEGA, \u010cITAJ!","potentialAction":[{"@type":"SearchAction","target":{"@type":"EntryPoint","urlTemplate":"https:\/\/pfk.hr\/2023\/?s={search_term_string}"},"query-input":"required name=search_term_string"}],"inLanguage":"hr"}]}},"_links":{"self":[{"href":"https:\/\/pfk.hr\/2023\/wp-json\/wp\/v2\/product\/988593","targetHints":{"allow":["GET"]}}],"collection":[{"href":"https:\/\/pfk.hr\/2023\/wp-json\/wp\/v2\/product"}],"about":[{"href":"https:\/\/pfk.hr\/2023\/wp-json\/wp\/v2\/types\/product"}],"wp:featuredmedia":[{"embeddable":true,"href":"https:\/\/pfk.hr\/2023\/wp-json\/wp\/v2\/media\/988577"}],"wp:attachment":[{"href":"https:\/\/pfk.hr\/2023\/wp-json\/wp\/v2\/media?parent=988593"}],"wp:term":[{"taxonomy":"product_cat","embeddable":true,"href":"https:\/\/pfk.hr\/2023\/wp-json\/wp\/v2\/product_cat?post=988593"},{"taxonomy":"product_tag","embeddable":true,"href":"https:\/\/pfk.hr\/2023\/wp-json\/wp\/v2\/product_tag?post=988593"}],"curies":[{"name":"wp","href":"https:\/\/api.w.org\/{rel}","templated":true}]}}