{"id":988592,"date":"2023-05-13T15:36:09","date_gmt":"2023-05-13T13:36:09","guid":{"rendered":"https:\/\/pfk.hr\/?post_type=product&#038;p=988592"},"modified":"2023-05-13T15:45:38","modified_gmt":"2023-05-13T13:45:38","slug":"u-potrazi-za-carobnim-bozicnim-keksicima","status":"publish","type":"product","link":"https:\/\/pfk.hr\/2023\/product\/u-potrazi-za-carobnim-bozicnim-keksicima\/","title":{"rendered":"U potrazi za \u010darobnim bo\u017ei\u0107nim keksi\u0107ima"},"content":{"rendered":"<div>\n<div data-hveid=\"CAsQAA\">\n<div data-md=\"221\" data-hveid=\"CAkQAA\" data-ved=\"2ahUKEwjJ7dyf2-P-AhX5wQIHHf6aC2MQnKEBegQICRAA\">\n<p><strong>Kate Bo\u0161kovi\u0107<br \/>\n<\/strong>Ilustratorica: <strong>Matea Erceg<\/strong><\/p>\n<p>Naklada: SLATKOPEDIJA<\/p>\n<\/div>\n<\/div>\n<\/div>\n<hr \/>\n<p>Slikovnica <em>U potrazi za \u010darobnim bo\u017ei\u0107nim keksi\u0107ima<\/em> topla je blagdanska pri\u010da ispunjena mirisima i okusima najukusnijih bo\u017ei\u0107nih keksi\u0107a.\u00a0\u010citaju\u0107i ovu slikovnicu i tragaju\u0107i za \u010darobnim bo\u017ei\u0107nim keksi\u0107ima, djeca \u0107e otkriti velike i va\u017ene \u017eivotne pouke.<\/p>\n<p>Dodatno: recept za \u010darobne bo\u017ei\u0107ne keksi\u0107e i prostor za crte\u017e\/fotografiju<\/p>\n","protected":false},"excerpt":{"rendered":"<p>Kate Bo\u0161kovi\u0107 Ilustratorica: Matea Erceg Naklada: SLATKOPEDIJA Slikovnica U potrazi za \u010darobnim bo\u017ei\u0107nim keksi\u0107ima topla je blagdanska pri\u010da ispunjena mirisima i okusima najukusnijih bo\u017ei\u0107nih keksi\u0107a.\u00a0\u010citaju\u0107i ovu slikovnicu i tragaju\u0107i za \u010darobnim bo\u017ei\u0107nim keksi\u0107ima, djeca \u0107e otkriti velike i va\u017ene \u017eivotne pouke. Dodatno: recept za \u010darobne bo\u017ei\u0107ne keksi\u0107e i prostor za crte\u017e\/fotografiju<\/p>\n","protected":false},"featured_media":988576,"template":"","meta":[],"product_cat":[86],"product_tag":[],"class_list":["post-988592","product","type-product","status-publish","has-post-thumbnail","hentry","product_cat-knjige"],"acf":[],"yoast_head":"<!-- This site is optimized with the Yoast SEO plugin v20.7 - https:\/\/yoast.com\/wordpress\/plugins\/seo\/ -->\n<title>U potrazi za \u010darobnim bo\u017ei\u0107nim keksi\u0107ima - Panonski festival knjige<\/title>\n<meta name=\"robots\" content=\"index, follow, max-snippet:-1, max-image-preview:large, max-video-preview:-1\" \/>\n<link rel=\"canonical\" href=\"https:\/\/pfk.hr\/2023\/product\/u-potrazi-za-carobnim-bozicnim-keksicima\/\" \/>\n<meta property=\"og:locale\" content=\"hr_HR\" \/>\n<meta property=\"og:type\" content=\"article\" \/>\n<meta property=\"og:title\" content=\"U potrazi za \u010darobnim bo\u017ei\u0107nim keksi\u0107ima - Panonski festival knjige\" \/>\n<meta property=\"og:description\" content=\"Kate Bo\u0161kovi\u0107 Ilustratorica: Matea Erceg Naklada: SLATKOPEDIJA Slikovnica U potrazi za \u010darobnim bo\u017ei\u0107nim keksi\u0107ima topla je blagdanska pri\u010da ispunjena mirisima i okusima najukusnijih bo\u017ei\u0107nih keksi\u0107a.\u00a0\u010citaju\u0107i ovu slikovnicu i tragaju\u0107i za \u010darobnim bo\u017ei\u0107nim keksi\u0107ima, djeca \u0107e otkriti velike i va\u017ene \u017eivotne pouke. Dodatno: recept za \u010darobne bo\u017ei\u0107ne keksi\u0107e i prostor za crte\u017e\/fotografiju\" \/>\n<meta property=\"og:url\" content=\"https:\/\/pfk.hr\/2023\/product\/u-potrazi-za-carobnim-bozicnim-keksicima\/\" \/>\n<meta property=\"og:site_name\" content=\"Panonski festival knjige\" \/>\n<meta property=\"article:modified_time\" content=\"2023-05-13T13:45:38+00:00\" \/>\n<meta property=\"og:image\" content=\"https:\/\/pfk.hr\/2023\/wp-content\/uploads\/2023\/05\/31.jpg\" \/>\n\t<meta property=\"og:image:width\" content=\"500\" \/>\n\t<meta property=\"og:image:height\" content=\"500\" \/>\n\t<meta property=\"og:image:type\" content=\"image\/jpeg\" \/>\n<meta name=\"twitter:card\" content=\"summary_large_image\" \/>\n<script type=\"application\/ld+json\" class=\"yoast-schema-graph\">{\"@context\":\"https:\/\/schema.org\",\"@graph\":[{\"@type\":\"WebPage\",\"@id\":\"https:\/\/pfk.hr\/2023\/product\/u-potrazi-za-carobnim-bozicnim-keksicima\/\",\"url\":\"https:\/\/pfk.hr\/2023\/product\/u-potrazi-za-carobnim-bozicnim-keksicima\/\",\"name\":\"U potrazi za \u010darobnim bo\u017ei\u0107nim keksi\u0107ima - Panonski festival knjige\",\"isPartOf\":{\"@id\":\"https:\/\/pfk.hr\/2023\/#website\"},\"datePublished\":\"2023-05-13T13:36:09+00:00\",\"dateModified\":\"2023-05-13T13:45:38+00:00\",\"breadcrumb\":{\"@id\":\"https:\/\/pfk.hr\/2023\/product\/u-potrazi-za-carobnim-bozicnim-keksicima\/#breadcrumb\"},\"inLanguage\":\"hr\",\"potentialAction\":[{\"@type\":\"ReadAction\",\"target\":[\"https:\/\/pfk.hr\/2023\/product\/u-potrazi-za-carobnim-bozicnim-keksicima\/\"]}]},{\"@type\":\"BreadcrumbList\",\"@id\":\"https:\/\/pfk.hr\/2023\/product\/u-potrazi-za-carobnim-bozicnim-keksicima\/#breadcrumb\",\"itemListElement\":[{\"@type\":\"ListItem\",\"position\":1,\"name\":\"Po\u010detna stranica\",\"item\":\"https:\/\/pfk.hr\/2023\/\"},{\"@type\":\"ListItem\",\"position\":2,\"name\":\"Preporuka naslova\",\"item\":\"https:\/\/pfk.hr\/2023\/preporuka-naslova\/\"},{\"@type\":\"ListItem\",\"position\":3,\"name\":\"U potrazi za \u010darobnim bo\u017ei\u0107nim keksi\u0107ima\"}]},{\"@type\":\"WebSite\",\"@id\":\"https:\/\/pfk.hr\/2023\/#website\",\"url\":\"https:\/\/pfk.hr\/2023\/\",\"name\":\"Panonski festival knjige\",\"description\":\"\u010cITAJ, LEGA, \u010cITAJ!\",\"potentialAction\":[{\"@type\":\"SearchAction\",\"target\":{\"@type\":\"EntryPoint\",\"urlTemplate\":\"https:\/\/pfk.hr\/2023\/?s={search_term_string}\"},\"query-input\":\"required name=search_term_string\"}],\"inLanguage\":\"hr\"}]}<\/script>\n<!-- \/ Yoast SEO plugin. -->","yoast_head_json":{"title":"U potrazi za \u010darobnim bo\u017ei\u0107nim keksi\u0107ima - Panonski festival knjige","robots":{"index":"index","follow":"follow","max-snippet":"max-snippet:-1","max-image-preview":"max-image-preview:large","max-video-preview":"max-video-preview:-1"},"canonical":"https:\/\/pfk.hr\/2023\/product\/u-potrazi-za-carobnim-bozicnim-keksicima\/","og_locale":"hr_HR","og_type":"article","og_title":"U potrazi za \u010darobnim bo\u017ei\u0107nim keksi\u0107ima - Panonski festival knjige","og_description":"Kate Bo\u0161kovi\u0107 Ilustratorica: Matea Erceg Naklada: SLATKOPEDIJA Slikovnica U potrazi za \u010darobnim bo\u017ei\u0107nim keksi\u0107ima topla je blagdanska pri\u010da ispunjena mirisima i okusima najukusnijih bo\u017ei\u0107nih keksi\u0107a.\u00a0\u010citaju\u0107i ovu slikovnicu i tragaju\u0107i za \u010darobnim bo\u017ei\u0107nim keksi\u0107ima, djeca \u0107e otkriti velike i va\u017ene \u017eivotne pouke. Dodatno: recept za \u010darobne bo\u017ei\u0107ne keksi\u0107e i prostor za crte\u017e\/fotografiju","og_url":"https:\/\/pfk.hr\/2023\/product\/u-potrazi-za-carobnim-bozicnim-keksicima\/","og_site_name":"Panonski festival knjige","article_modified_time":"2023-05-13T13:45:38+00:00","og_image":[{"width":500,"height":500,"url":"https:\/\/pfk.hr\/2023\/wp-content\/uploads\/2023\/05\/31.jpg","type":"image\/jpeg"}],"twitter_card":"summary_large_image","schema":{"@context":"https:\/\/schema.org","@graph":[{"@type":"WebPage","@id":"https:\/\/pfk.hr\/2023\/product\/u-potrazi-za-carobnim-bozicnim-keksicima\/","url":"https:\/\/pfk.hr\/2023\/product\/u-potrazi-za-carobnim-bozicnim-keksicima\/","name":"U potrazi za \u010darobnim bo\u017ei\u0107nim keksi\u0107ima - Panonski festival knjige","isPartOf":{"@id":"https:\/\/pfk.hr\/2023\/#website"},"datePublished":"2023-05-13T13:36:09+00:00","dateModified":"2023-05-13T13:45:38+00:00","breadcrumb":{"@id":"https:\/\/pfk.hr\/2023\/product\/u-potrazi-za-carobnim-bozicnim-keksicima\/#breadcrumb"},"inLanguage":"hr","potentialAction":[{"@type":"ReadAction","target":["https:\/\/pfk.hr\/2023\/product\/u-potrazi-za-carobnim-bozicnim-keksicima\/"]}]},{"@type":"BreadcrumbList","@id":"https:\/\/pfk.hr\/2023\/product\/u-potrazi-za-carobnim-bozicnim-keksicima\/#breadcrumb","itemListElement":[{"@type":"ListItem","position":1,"name":"Po\u010detna stranica","item":"https:\/\/pfk.hr\/2023\/"},{"@type":"ListItem","position":2,"name":"Preporuka naslova","item":"https:\/\/pfk.hr\/2023\/preporuka-naslova\/"},{"@type":"ListItem","position":3,"name":"U potrazi za \u010darobnim bo\u017ei\u0107nim keksi\u0107ima"}]},{"@type":"WebSite","@id":"https:\/\/pfk.hr\/2023\/#website","url":"https:\/\/pfk.hr\/2023\/","name":"Panonski festival knjige","description":"\u010cITAJ, LEGA, \u010cITAJ!","potentialAction":[{"@type":"SearchAction","target":{"@type":"EntryPoint","urlTemplate":"https:\/\/pfk.hr\/2023\/?s={search_term_string}"},"query-input":"required name=search_term_string"}],"inLanguage":"hr"}]}},"_links":{"self":[{"href":"https:\/\/pfk.hr\/2023\/wp-json\/wp\/v2\/product\/988592","targetHints":{"allow":["GET"]}}],"collection":[{"href":"https:\/\/pfk.hr\/2023\/wp-json\/wp\/v2\/product"}],"about":[{"href":"https:\/\/pfk.hr\/2023\/wp-json\/wp\/v2\/types\/product"}],"wp:featuredmedia":[{"embeddable":true,"href":"https:\/\/pfk.hr\/2023\/wp-json\/wp\/v2\/media\/988576"}],"wp:attachment":[{"href":"https:\/\/pfk.hr\/2023\/wp-json\/wp\/v2\/media?parent=988592"}],"wp:term":[{"taxonomy":"product_cat","embeddable":true,"href":"https:\/\/pfk.hr\/2023\/wp-json\/wp\/v2\/product_cat?post=988592"},{"taxonomy":"product_tag","embeddable":true,"href":"https:\/\/pfk.hr\/2023\/wp-json\/wp\/v2\/product_tag?post=988592"}],"curies":[{"name":"wp","href":"https:\/\/api.w.org\/{rel}","templated":true}]}}