{"id":988590,"date":"2023-05-13T15:29:34","date_gmt":"2023-05-13T13:29:34","guid":{"rendered":"https:\/\/pfk.hr\/?post_type=product&#038;p=988590"},"modified":"2023-05-13T15:33:42","modified_gmt":"2023-05-13T13:33:42","slug":"akvitanija","status":"publish","type":"product","link":"https:\/\/pfk.hr\/2023\/product\/akvitanija\/","title":{"rendered":"Akvitanija"},"content":{"rendered":"<div>\n<div data-hveid=\"CAsQAA\">\n<div>\n<div data-md=\"221\" data-hveid=\"CAkQAA\" data-ved=\"2ahUKEwjJ7dyf2-P-AhX5wQIHHf6aC2MQnKEBegQICRAA\">\n<div>\n<div>\n<div>\n<p><strong>Eva Garc\u00eda S\u00e1enz de Urturi<\/strong><\/p>\n<\/div>\n<\/div>\n<\/div>\n<\/div>\n<\/div>\n<\/div>\n<\/div>\n<div class=\"GRl5yb a8pxAe\">\n<div id=\"JTPWx\" class=\"FJIcp\" role=\"tablist\" data-hveid=\"CA0QAA\">Naklada: FRAKTURA<\/div>\n<\/div>\n<hr \/>\n<p><strong>Roman o najmo\u0107nijoj \u017eeni Europe srednjeg vijeka!<\/strong><br \/>\nZadivljuju\u0107u pri\u010du o \u017eivotu Eleonore Akvitanske, jedne od najfascinantnijih \u017eena svojega vremena, Eva Garc\u00eda S\u00e1enz de Urturi utkala je u povijesni triler koji nas maestralno uvodi u stolje\u0107e ispunjeno ratovima, incestom i spletkama. U Akvitaniji, senzacionalnom povratku autorice Trilogije bijeloga grada, legende i povijest, sveci i \u010dudovi\u0161ta, ljubav i mr\u017enja hodaju ruku pod ruku \u2013 veli\u010danstveni i stra\u0161ni \u2013 u povorci sa\u010dinjenoj od najistaknutijih protagonista europskog srednjovjekovlja. Ovjen\u010dana uglednom nagradom Planeta, Akvitanija je \u017eiv i silno uzbudljiv portret \u017eene iskovane patnjom i stolje\u0107a iz \u010dijeg \u0107e se pepela izdi\u0107i budu\u0107a Europa.<\/p>\n<p><a href=\"https:\/\/fraktura.hr\/akvitanija.html\" target=\"_blank\" rel=\"noopener\">Saznajte vi\u0161e&#8230;<\/a><\/p>\n<hr \/>\n<p>REDOVNA CIJENA: 19.99 eur<br \/>\n<strong><span style=\"color: #ff0000;\">PFK SAJAMSKA CIJENA:<\/span> <span style=\"color: #ff0000;\">15.99 eur<\/span><\/strong><\/p>\n","protected":false},"excerpt":{"rendered":"<p>Eva Garc\u00eda S\u00e1enz de Urturi Naklada: FRAKTURA Roman o najmo\u0107nijoj \u017eeni Europe srednjeg vijeka! Zadivljuju\u0107u pri\u010du o \u017eivotu Eleonore Akvitanske, jedne od najfascinantnijih \u017eena svojega vremena, Eva Garc\u00eda S\u00e1enz de Urturi utkala je u povijesni triler koji nas maestralno uvodi u stolje\u0107e ispunjeno ratovima, incestom i spletkama. U Akvitaniji, senzacionalnom povratku autorice Trilogije bijeloga grada,&#8230;<\/p>\n","protected":false},"featured_media":988574,"template":"","meta":[],"product_cat":[86],"product_tag":[],"class_list":["post-988590","product","type-product","status-publish","has-post-thumbnail","hentry","product_cat-knjige"],"acf":[],"yoast_head":"<!-- This site is optimized with the Yoast SEO plugin v20.7 - https:\/\/yoast.com\/wordpress\/plugins\/seo\/ -->\n<title>Akvitanija - Panonski festival knjige<\/title>\n<meta name=\"robots\" content=\"index, follow, max-snippet:-1, max-image-preview:large, max-video-preview:-1\" \/>\n<link rel=\"canonical\" href=\"https:\/\/pfk.hr\/2023\/product\/akvitanija\/\" \/>\n<meta property=\"og:locale\" content=\"hr_HR\" \/>\n<meta property=\"og:type\" content=\"article\" \/>\n<meta property=\"og:title\" content=\"Akvitanija - Panonski festival knjige\" \/>\n<meta property=\"og:description\" content=\"Eva Garc\u00eda S\u00e1enz de Urturi Naklada: FRAKTURA Roman o najmo\u0107nijoj \u017eeni Europe srednjeg vijeka! Zadivljuju\u0107u pri\u010du o \u017eivotu Eleonore Akvitanske, jedne od najfascinantnijih \u017eena svojega vremena, Eva Garc\u00eda S\u00e1enz de Urturi utkala je u povijesni triler koji nas maestralno uvodi u stolje\u0107e ispunjeno ratovima, incestom i spletkama. U Akvitaniji, senzacionalnom povratku autorice Trilogije bijeloga grada,...\" \/>\n<meta property=\"og:url\" content=\"https:\/\/pfk.hr\/2023\/product\/akvitanija\/\" \/>\n<meta property=\"og:site_name\" content=\"Panonski festival knjige\" \/>\n<meta property=\"article:modified_time\" content=\"2023-05-13T13:33:42+00:00\" \/>\n<meta property=\"og:image\" content=\"https:\/\/pfk.hr\/2023\/wp-content\/uploads\/2023\/05\/29.jpg\" \/>\n\t<meta property=\"og:image:width\" content=\"500\" \/>\n\t<meta property=\"og:image:height\" content=\"500\" \/>\n\t<meta property=\"og:image:type\" content=\"image\/jpeg\" \/>\n<meta name=\"twitter:card\" content=\"summary_large_image\" \/>\n<meta name=\"twitter:label1\" content=\"Procijenjeno vrijeme \u010ditanja\" \/>\n\t<meta name=\"twitter:data1\" content=\"1 minuta\" \/>\n<script type=\"application\/ld+json\" class=\"yoast-schema-graph\">{\"@context\":\"https:\/\/schema.org\",\"@graph\":[{\"@type\":\"WebPage\",\"@id\":\"https:\/\/pfk.hr\/2023\/product\/akvitanija\/\",\"url\":\"https:\/\/pfk.hr\/2023\/product\/akvitanija\/\",\"name\":\"Akvitanija - Panonski festival knjige\",\"isPartOf\":{\"@id\":\"https:\/\/pfk.hr\/2023\/#website\"},\"datePublished\":\"2023-05-13T13:29:34+00:00\",\"dateModified\":\"2023-05-13T13:33:42+00:00\",\"breadcrumb\":{\"@id\":\"https:\/\/pfk.hr\/2023\/product\/akvitanija\/#breadcrumb\"},\"inLanguage\":\"hr\",\"potentialAction\":[{\"@type\":\"ReadAction\",\"target\":[\"https:\/\/pfk.hr\/2023\/product\/akvitanija\/\"]}]},{\"@type\":\"BreadcrumbList\",\"@id\":\"https:\/\/pfk.hr\/2023\/product\/akvitanija\/#breadcrumb\",\"itemListElement\":[{\"@type\":\"ListItem\",\"position\":1,\"name\":\"Po\u010detna stranica\",\"item\":\"https:\/\/pfk.hr\/2023\/\"},{\"@type\":\"ListItem\",\"position\":2,\"name\":\"Preporuka naslova\",\"item\":\"https:\/\/pfk.hr\/2023\/preporuka-naslova\/\"},{\"@type\":\"ListItem\",\"position\":3,\"name\":\"Akvitanija\"}]},{\"@type\":\"WebSite\",\"@id\":\"https:\/\/pfk.hr\/2023\/#website\",\"url\":\"https:\/\/pfk.hr\/2023\/\",\"name\":\"Panonski festival knjige\",\"description\":\"\u010cITAJ, LEGA, \u010cITAJ!\",\"potentialAction\":[{\"@type\":\"SearchAction\",\"target\":{\"@type\":\"EntryPoint\",\"urlTemplate\":\"https:\/\/pfk.hr\/2023\/?s={search_term_string}\"},\"query-input\":\"required name=search_term_string\"}],\"inLanguage\":\"hr\"}]}<\/script>\n<!-- \/ Yoast SEO plugin. -->","yoast_head_json":{"title":"Akvitanija - Panonski festival knjige","robots":{"index":"index","follow":"follow","max-snippet":"max-snippet:-1","max-image-preview":"max-image-preview:large","max-video-preview":"max-video-preview:-1"},"canonical":"https:\/\/pfk.hr\/2023\/product\/akvitanija\/","og_locale":"hr_HR","og_type":"article","og_title":"Akvitanija - Panonski festival knjige","og_description":"Eva Garc\u00eda S\u00e1enz de Urturi Naklada: FRAKTURA Roman o najmo\u0107nijoj \u017eeni Europe srednjeg vijeka! Zadivljuju\u0107u pri\u010du o \u017eivotu Eleonore Akvitanske, jedne od najfascinantnijih \u017eena svojega vremena, Eva Garc\u00eda S\u00e1enz de Urturi utkala je u povijesni triler koji nas maestralno uvodi u stolje\u0107e ispunjeno ratovima, incestom i spletkama. U Akvitaniji, senzacionalnom povratku autorice Trilogije bijeloga grada,...","og_url":"https:\/\/pfk.hr\/2023\/product\/akvitanija\/","og_site_name":"Panonski festival knjige","article_modified_time":"2023-05-13T13:33:42+00:00","og_image":[{"width":500,"height":500,"url":"https:\/\/pfk.hr\/2023\/wp-content\/uploads\/2023\/05\/29.jpg","type":"image\/jpeg"}],"twitter_card":"summary_large_image","twitter_misc":{"Procijenjeno vrijeme \u010ditanja":"1 minuta"},"schema":{"@context":"https:\/\/schema.org","@graph":[{"@type":"WebPage","@id":"https:\/\/pfk.hr\/2023\/product\/akvitanija\/","url":"https:\/\/pfk.hr\/2023\/product\/akvitanija\/","name":"Akvitanija - Panonski festival knjige","isPartOf":{"@id":"https:\/\/pfk.hr\/2023\/#website"},"datePublished":"2023-05-13T13:29:34+00:00","dateModified":"2023-05-13T13:33:42+00:00","breadcrumb":{"@id":"https:\/\/pfk.hr\/2023\/product\/akvitanija\/#breadcrumb"},"inLanguage":"hr","potentialAction":[{"@type":"ReadAction","target":["https:\/\/pfk.hr\/2023\/product\/akvitanija\/"]}]},{"@type":"BreadcrumbList","@id":"https:\/\/pfk.hr\/2023\/product\/akvitanija\/#breadcrumb","itemListElement":[{"@type":"ListItem","position":1,"name":"Po\u010detna stranica","item":"https:\/\/pfk.hr\/2023\/"},{"@type":"ListItem","position":2,"name":"Preporuka naslova","item":"https:\/\/pfk.hr\/2023\/preporuka-naslova\/"},{"@type":"ListItem","position":3,"name":"Akvitanija"}]},{"@type":"WebSite","@id":"https:\/\/pfk.hr\/2023\/#website","url":"https:\/\/pfk.hr\/2023\/","name":"Panonski festival knjige","description":"\u010cITAJ, LEGA, \u010cITAJ!","potentialAction":[{"@type":"SearchAction","target":{"@type":"EntryPoint","urlTemplate":"https:\/\/pfk.hr\/2023\/?s={search_term_string}"},"query-input":"required name=search_term_string"}],"inLanguage":"hr"}]}},"_links":{"self":[{"href":"https:\/\/pfk.hr\/2023\/wp-json\/wp\/v2\/product\/988590","targetHints":{"allow":["GET"]}}],"collection":[{"href":"https:\/\/pfk.hr\/2023\/wp-json\/wp\/v2\/product"}],"about":[{"href":"https:\/\/pfk.hr\/2023\/wp-json\/wp\/v2\/types\/product"}],"wp:featuredmedia":[{"embeddable":true,"href":"https:\/\/pfk.hr\/2023\/wp-json\/wp\/v2\/media\/988574"}],"wp:attachment":[{"href":"https:\/\/pfk.hr\/2023\/wp-json\/wp\/v2\/media?parent=988590"}],"wp:term":[{"taxonomy":"product_cat","embeddable":true,"href":"https:\/\/pfk.hr\/2023\/wp-json\/wp\/v2\/product_cat?post=988590"},{"taxonomy":"product_tag","embeddable":true,"href":"https:\/\/pfk.hr\/2023\/wp-json\/wp\/v2\/product_tag?post=988590"}],"curies":[{"name":"wp","href":"https:\/\/api.w.org\/{rel}","templated":true}]}}