{"id":988588,"date":"2023-05-13T15:18:49","date_gmt":"2023-05-13T13:18:49","guid":{"rendered":"https:\/\/pfk.hr\/?post_type=product&#038;p=988588"},"modified":"2023-05-13T15:20:44","modified_gmt":"2023-05-13T13:20:44","slug":"temeljni-zakoni-ljudske-gluposti","status":"publish","type":"product","link":"https:\/\/pfk.hr\/2023\/product\/temeljni-zakoni-ljudske-gluposti\/","title":{"rendered":"Temeljni zakoni ljudske gluposti"},"content":{"rendered":"<div class=\"hHq9Z\">\n<div data-hveid=\"CAsQAA\">\n<div class=\"gyEfO\">\n<div class=\"wDYxhc NFQFxe viOShc LKPcQc\" data-md=\"221\" data-hveid=\"CAkQAA\" data-ved=\"2ahUKEwjJ7dyf2-P-AhX5wQIHHf6aC2MQnKEBegQICRAA\">\n<div class=\"ZxoDOe yGdMVd\">\n<div class=\"UFE1qd\">\n<div class=\"EGmpye\">\n<p><strong>Carlo M. Cipolla<\/strong><\/p>\n<\/div>\n<\/div>\n<\/div>\n<\/div>\n<\/div>\n<\/div>\n<\/div>\n<div class=\"GRl5yb a8pxAe\">\n<div id=\"JTPWx\" class=\"FJIcp\" role=\"tablist\" data-hveid=\"CA0QAA\">Naklada: SANDORF<\/div>\n<\/div>\n<hr \/>\n<p>Knjiga pred vama nastala je tako \u0161to je autor, vrsni talijanski ekonomist 20. stolje\u0107a Carlo M. Cipolla, napisao dva duhovita eseja: Uloga za\u010dina, a ponaosob papra, u gospodarskom razvitku srednjeg vijeka i Temeljni zakoni ljudske gluposti, koje je kopirao u ku\u0107noj radinosti i zatim prijateljima slao primjerke s posvetom \u017eele\u0107i ih iznenaditi neobi\u010dnim poklonom. Tek ih je 1988. napokon tiskao na talijanskom. Unato\u010d izvrsnosti njegovih stru\u010dnih studija, tek su mu ta dva mala eseja, a osobito onaj posve\u0107en \u0161iroko rasprostranjenoj ljudskoj osobini, naveliko prekora\u010duju\u0107i granice struke, donijela svjetsku slavu i popularnost.<\/p>\n<p>U prvom eseju u knjizi Cipolla iznosi povijest zapadnoeuropske civilizacije kroz trgovinu i konzumaciju papra i pritom duhovito zauzima ironijsku distancu od svih ambicioznih i tezi\u010dnih povijesnih studija iz politi\u010dke ekonomije.<\/p>\n<p>U drugom eseju autor na duhovit i sarkasti\u010dan na\u010din upozorava: glupi ljudi zaista vladaju svijetom. Umjesto akademskog istra\u017eiva\u010dkog projekta o psiholo\u0161kim razlozima za\u0161to ljudi donose nepromi\u0161ljene odluke, ova knjiga nastoji na \u0161iri na\u010din objasniti kako glupi ljudi djeluju i za\u0161to bismo trebali biti oprezni prema njima. Cipollin suptilni crnohumorni pristup djeluje istovremeno zabavno ali i otre\u017enjuju\u0107e: 98 posto ljudi vjeruje da su oni daleko manje glupi od prosjeka.<\/p>\n<p><a href=\"https:\/\/www.sandorf.hr\/blogitem.php?item_id=454&amp;tag=Temeljni%20zakoni%20ljudske%20gluposti&amp;type=4\" target=\"_blank\" rel=\"noopener\">Saznajte vi\u0161e&#8230;<\/a><\/p>\n","protected":false},"excerpt":{"rendered":"<p>Carlo M. Cipolla Naklada: SANDORF Knjiga pred vama nastala je tako \u0161to je autor, vrsni talijanski ekonomist 20. stolje\u0107a Carlo M. Cipolla, napisao dva duhovita eseja: Uloga za\u010dina, a ponaosob papra, u gospodarskom razvitku srednjeg vijeka i Temeljni zakoni ljudske gluposti, koje je kopirao u ku\u0107noj radinosti i zatim prijateljima slao primjerke s posvetom \u017eele\u0107i&#8230;<\/p>\n","protected":false},"featured_media":988572,"template":"","meta":[],"product_cat":[86],"product_tag":[],"class_list":["post-988588","product","type-product","status-publish","has-post-thumbnail","hentry","product_cat-knjige"],"acf":[],"yoast_head":"<!-- This site is optimized with the Yoast SEO plugin v20.7 - https:\/\/yoast.com\/wordpress\/plugins\/seo\/ -->\n<title>Temeljni zakoni ljudske gluposti - Panonski festival knjige<\/title>\n<meta name=\"robots\" content=\"index, follow, max-snippet:-1, max-image-preview:large, max-video-preview:-1\" \/>\n<link rel=\"canonical\" href=\"https:\/\/pfk.hr\/2023\/product\/temeljni-zakoni-ljudske-gluposti\/\" \/>\n<meta property=\"og:locale\" content=\"hr_HR\" \/>\n<meta property=\"og:type\" content=\"article\" \/>\n<meta property=\"og:title\" content=\"Temeljni zakoni ljudske gluposti - Panonski festival knjige\" \/>\n<meta property=\"og:description\" content=\"Carlo M. Cipolla Naklada: SANDORF Knjiga pred vama nastala je tako \u0161to je autor, vrsni talijanski ekonomist 20. stolje\u0107a Carlo M. Cipolla, napisao dva duhovita eseja: Uloga za\u010dina, a ponaosob papra, u gospodarskom razvitku srednjeg vijeka i Temeljni zakoni ljudske gluposti, koje je kopirao u ku\u0107noj radinosti i zatim prijateljima slao primjerke s posvetom \u017eele\u0107i...\" \/>\n<meta property=\"og:url\" content=\"https:\/\/pfk.hr\/2023\/product\/temeljni-zakoni-ljudske-gluposti\/\" \/>\n<meta property=\"og:site_name\" content=\"Panonski festival knjige\" \/>\n<meta property=\"article:modified_time\" content=\"2023-05-13T13:20:44+00:00\" \/>\n<meta property=\"og:image\" content=\"https:\/\/pfk.hr\/2023\/wp-content\/uploads\/2023\/05\/27.jpg\" \/>\n\t<meta property=\"og:image:width\" content=\"500\" \/>\n\t<meta property=\"og:image:height\" content=\"500\" \/>\n\t<meta property=\"og:image:type\" content=\"image\/jpeg\" \/>\n<meta name=\"twitter:card\" content=\"summary_large_image\" \/>\n<meta name=\"twitter:label1\" content=\"Procijenjeno vrijeme \u010ditanja\" \/>\n\t<meta name=\"twitter:data1\" content=\"1 minuta\" \/>\n<script type=\"application\/ld+json\" class=\"yoast-schema-graph\">{\"@context\":\"https:\/\/schema.org\",\"@graph\":[{\"@type\":\"WebPage\",\"@id\":\"https:\/\/pfk.hr\/2023\/product\/temeljni-zakoni-ljudske-gluposti\/\",\"url\":\"https:\/\/pfk.hr\/2023\/product\/temeljni-zakoni-ljudske-gluposti\/\",\"name\":\"Temeljni zakoni ljudske gluposti - Panonski festival knjige\",\"isPartOf\":{\"@id\":\"https:\/\/pfk.hr\/2023\/#website\"},\"datePublished\":\"2023-05-13T13:18:49+00:00\",\"dateModified\":\"2023-05-13T13:20:44+00:00\",\"breadcrumb\":{\"@id\":\"https:\/\/pfk.hr\/2023\/product\/temeljni-zakoni-ljudske-gluposti\/#breadcrumb\"},\"inLanguage\":\"hr\",\"potentialAction\":[{\"@type\":\"ReadAction\",\"target\":[\"https:\/\/pfk.hr\/2023\/product\/temeljni-zakoni-ljudske-gluposti\/\"]}]},{\"@type\":\"BreadcrumbList\",\"@id\":\"https:\/\/pfk.hr\/2023\/product\/temeljni-zakoni-ljudske-gluposti\/#breadcrumb\",\"itemListElement\":[{\"@type\":\"ListItem\",\"position\":1,\"name\":\"Po\u010detna stranica\",\"item\":\"https:\/\/pfk.hr\/2023\/\"},{\"@type\":\"ListItem\",\"position\":2,\"name\":\"Preporuka naslova\",\"item\":\"https:\/\/pfk.hr\/2023\/preporuka-naslova\/\"},{\"@type\":\"ListItem\",\"position\":3,\"name\":\"Temeljni zakoni ljudske gluposti\"}]},{\"@type\":\"WebSite\",\"@id\":\"https:\/\/pfk.hr\/2023\/#website\",\"url\":\"https:\/\/pfk.hr\/2023\/\",\"name\":\"Panonski festival knjige\",\"description\":\"\u010cITAJ, LEGA, \u010cITAJ!\",\"potentialAction\":[{\"@type\":\"SearchAction\",\"target\":{\"@type\":\"EntryPoint\",\"urlTemplate\":\"https:\/\/pfk.hr\/2023\/?s={search_term_string}\"},\"query-input\":\"required name=search_term_string\"}],\"inLanguage\":\"hr\"}]}<\/script>\n<!-- \/ Yoast SEO plugin. -->","yoast_head_json":{"title":"Temeljni zakoni ljudske gluposti - Panonski festival knjige","robots":{"index":"index","follow":"follow","max-snippet":"max-snippet:-1","max-image-preview":"max-image-preview:large","max-video-preview":"max-video-preview:-1"},"canonical":"https:\/\/pfk.hr\/2023\/product\/temeljni-zakoni-ljudske-gluposti\/","og_locale":"hr_HR","og_type":"article","og_title":"Temeljni zakoni ljudske gluposti - Panonski festival knjige","og_description":"Carlo M. Cipolla Naklada: SANDORF Knjiga pred vama nastala je tako \u0161to je autor, vrsni talijanski ekonomist 20. stolje\u0107a Carlo M. Cipolla, napisao dva duhovita eseja: Uloga za\u010dina, a ponaosob papra, u gospodarskom razvitku srednjeg vijeka i Temeljni zakoni ljudske gluposti, koje je kopirao u ku\u0107noj radinosti i zatim prijateljima slao primjerke s posvetom \u017eele\u0107i...","og_url":"https:\/\/pfk.hr\/2023\/product\/temeljni-zakoni-ljudske-gluposti\/","og_site_name":"Panonski festival knjige","article_modified_time":"2023-05-13T13:20:44+00:00","og_image":[{"width":500,"height":500,"url":"https:\/\/pfk.hr\/2023\/wp-content\/uploads\/2023\/05\/27.jpg","type":"image\/jpeg"}],"twitter_card":"summary_large_image","twitter_misc":{"Procijenjeno vrijeme \u010ditanja":"1 minuta"},"schema":{"@context":"https:\/\/schema.org","@graph":[{"@type":"WebPage","@id":"https:\/\/pfk.hr\/2023\/product\/temeljni-zakoni-ljudske-gluposti\/","url":"https:\/\/pfk.hr\/2023\/product\/temeljni-zakoni-ljudske-gluposti\/","name":"Temeljni zakoni ljudske gluposti - Panonski festival knjige","isPartOf":{"@id":"https:\/\/pfk.hr\/2023\/#website"},"datePublished":"2023-05-13T13:18:49+00:00","dateModified":"2023-05-13T13:20:44+00:00","breadcrumb":{"@id":"https:\/\/pfk.hr\/2023\/product\/temeljni-zakoni-ljudske-gluposti\/#breadcrumb"},"inLanguage":"hr","potentialAction":[{"@type":"ReadAction","target":["https:\/\/pfk.hr\/2023\/product\/temeljni-zakoni-ljudske-gluposti\/"]}]},{"@type":"BreadcrumbList","@id":"https:\/\/pfk.hr\/2023\/product\/temeljni-zakoni-ljudske-gluposti\/#breadcrumb","itemListElement":[{"@type":"ListItem","position":1,"name":"Po\u010detna stranica","item":"https:\/\/pfk.hr\/2023\/"},{"@type":"ListItem","position":2,"name":"Preporuka naslova","item":"https:\/\/pfk.hr\/2023\/preporuka-naslova\/"},{"@type":"ListItem","position":3,"name":"Temeljni zakoni ljudske gluposti"}]},{"@type":"WebSite","@id":"https:\/\/pfk.hr\/2023\/#website","url":"https:\/\/pfk.hr\/2023\/","name":"Panonski festival knjige","description":"\u010cITAJ, LEGA, \u010cITAJ!","potentialAction":[{"@type":"SearchAction","target":{"@type":"EntryPoint","urlTemplate":"https:\/\/pfk.hr\/2023\/?s={search_term_string}"},"query-input":"required name=search_term_string"}],"inLanguage":"hr"}]}},"_links":{"self":[{"href":"https:\/\/pfk.hr\/2023\/wp-json\/wp\/v2\/product\/988588","targetHints":{"allow":["GET"]}}],"collection":[{"href":"https:\/\/pfk.hr\/2023\/wp-json\/wp\/v2\/product"}],"about":[{"href":"https:\/\/pfk.hr\/2023\/wp-json\/wp\/v2\/types\/product"}],"wp:featuredmedia":[{"embeddable":true,"href":"https:\/\/pfk.hr\/2023\/wp-json\/wp\/v2\/media\/988572"}],"wp:attachment":[{"href":"https:\/\/pfk.hr\/2023\/wp-json\/wp\/v2\/media?parent=988588"}],"wp:term":[{"taxonomy":"product_cat","embeddable":true,"href":"https:\/\/pfk.hr\/2023\/wp-json\/wp\/v2\/product_cat?post=988588"},{"taxonomy":"product_tag","embeddable":true,"href":"https:\/\/pfk.hr\/2023\/wp-json\/wp\/v2\/product_tag?post=988588"}],"curies":[{"name":"wp","href":"https:\/\/api.w.org\/{rel}","templated":true}]}}