{"id":988587,"date":"2023-05-13T15:16:37","date_gmt":"2023-05-13T13:16:37","guid":{"rendered":"https:\/\/pfk.hr\/?post_type=product&#038;p=988587"},"modified":"2023-05-13T15:18:43","modified_gmt":"2023-05-13T13:18:43","slug":"kako-si","status":"publish","type":"product","link":"https:\/\/pfk.hr\/2023\/product\/kako-si\/","title":{"rendered":"Kako si?"},"content":{"rendered":"<div class=\"hHq9Z\">\n<div data-hveid=\"CAsQAA\">\n<div class=\"gyEfO\">\n<div class=\"wDYxhc NFQFxe viOShc LKPcQc\" data-md=\"221\" data-hveid=\"CAkQAA\" data-ved=\"2ahUKEwjJ7dyf2-P-AhX5wQIHHf6aC2MQnKEBegQICRAA\">\n<div class=\"ZxoDOe yGdMVd\">\n<div class=\"UFE1qd\">\n<div class=\"EGmpye\">\n<p><strong>Nata\u0161a Joki\u0107 Begi\u0107, Tina Rukavina, Sandro Kra\u0161i\u0107<\/strong><\/p>\n<\/div>\n<\/div>\n<\/div>\n<\/div>\n<\/div>\n<\/div>\n<\/div>\n<div class=\"GRl5yb a8pxAe\">\n<div id=\"JTPWx\" class=\"FJIcp\" role=\"tablist\" data-hveid=\"CA0QAA\">Naklada: SANDORF<\/div>\n<\/div>\n<hr \/>\n<p>Kad Vas je zadnji put netko pitao kako ste? Je li to bilo izre\u010deno onako usput ili sa zaista iskrenim zanimanjem? Kad ste zadnji put nekome otvoreno govorili o tome kako se osje\u0107ate, \u0161to Vas brine, \u0161to Vas veseli i opu\u0161ta? Imate li strpljenja saslu\u0161ati druge ljude kad Vam govore o sebi?<\/p>\n<p>U knjizi koju dr\u017eite u ruci smo poku\u0161ali odgovoriti na ovakva i sli\u010dna pitanja. Poku\u0161ali smo objasniti \u0161to nam se doga\u0111a u umu i tijelu kad nas sustignu nevolje. Poku\u0161ali smo dati korisne i znanstveno provjerene informacije i korisne smjernica za razli\u010dite aspekte na\u0161ih \u017eivota.<\/p>\n<p><a href=\"https:\/\/www.sandorf.hr\/bloglist.php?s_keyword=Kako+si%3F\" target=\"_blank\" rel=\"noopener\">Saznajte vi\u0161e&#8230;<\/a><\/p>\n<p>&nbsp;<\/p>\n","protected":false},"excerpt":{"rendered":"<p>Nata\u0161a Joki\u0107 Begi\u0107, Tina Rukavina, Sandro Kra\u0161i\u0107 Naklada: SANDORF Kad Vas je zadnji put netko pitao kako ste? Je li to bilo izre\u010deno onako usput ili sa zaista iskrenim zanimanjem? Kad ste zadnji put nekome otvoreno govorili o tome kako se osje\u0107ate, \u0161to Vas brine, \u0161to Vas veseli i opu\u0161ta? Imate li strpljenja saslu\u0161ati druge&#8230;<\/p>\n","protected":false},"featured_media":988571,"template":"","meta":[],"product_cat":[86],"product_tag":[],"class_list":["post-988587","product","type-product","status-publish","has-post-thumbnail","hentry","product_cat-knjige"],"acf":[],"yoast_head":"<!-- This site is optimized with the Yoast SEO plugin v20.7 - https:\/\/yoast.com\/wordpress\/plugins\/seo\/ -->\n<title>Kako si? - Panonski festival knjige<\/title>\n<meta name=\"robots\" content=\"index, follow, max-snippet:-1, max-image-preview:large, max-video-preview:-1\" \/>\n<link rel=\"canonical\" href=\"https:\/\/pfk.hr\/2023\/product\/kako-si\/\" \/>\n<meta property=\"og:locale\" content=\"hr_HR\" \/>\n<meta property=\"og:type\" content=\"article\" \/>\n<meta property=\"og:title\" content=\"Kako si? - Panonski festival knjige\" \/>\n<meta property=\"og:description\" content=\"Nata\u0161a Joki\u0107 Begi\u0107, Tina Rukavina, Sandro Kra\u0161i\u0107 Naklada: SANDORF Kad Vas je zadnji put netko pitao kako ste? Je li to bilo izre\u010deno onako usput ili sa zaista iskrenim zanimanjem? Kad ste zadnji put nekome otvoreno govorili o tome kako se osje\u0107ate, \u0161to Vas brine, \u0161to Vas veseli i opu\u0161ta? Imate li strpljenja saslu\u0161ati druge...\" \/>\n<meta property=\"og:url\" content=\"https:\/\/pfk.hr\/2023\/product\/kako-si\/\" \/>\n<meta property=\"og:site_name\" content=\"Panonski festival knjige\" \/>\n<meta property=\"article:modified_time\" content=\"2023-05-13T13:18:43+00:00\" \/>\n<meta property=\"og:image\" content=\"https:\/\/pfk.hr\/2023\/wp-content\/uploads\/2023\/05\/26.jpg\" \/>\n\t<meta property=\"og:image:width\" content=\"500\" \/>\n\t<meta property=\"og:image:height\" content=\"500\" \/>\n\t<meta property=\"og:image:type\" content=\"image\/jpeg\" \/>\n<meta name=\"twitter:card\" content=\"summary_large_image\" \/>\n<meta name=\"twitter:label1\" content=\"Procijenjeno vrijeme \u010ditanja\" \/>\n\t<meta name=\"twitter:data1\" content=\"1 minuta\" \/>\n<script type=\"application\/ld+json\" class=\"yoast-schema-graph\">{\"@context\":\"https:\/\/schema.org\",\"@graph\":[{\"@type\":\"WebPage\",\"@id\":\"https:\/\/pfk.hr\/2023\/product\/kako-si\/\",\"url\":\"https:\/\/pfk.hr\/2023\/product\/kako-si\/\",\"name\":\"Kako si? - Panonski festival knjige\",\"isPartOf\":{\"@id\":\"https:\/\/pfk.hr\/2023\/#website\"},\"datePublished\":\"2023-05-13T13:16:37+00:00\",\"dateModified\":\"2023-05-13T13:18:43+00:00\",\"breadcrumb\":{\"@id\":\"https:\/\/pfk.hr\/2023\/product\/kako-si\/#breadcrumb\"},\"inLanguage\":\"hr\",\"potentialAction\":[{\"@type\":\"ReadAction\",\"target\":[\"https:\/\/pfk.hr\/2023\/product\/kako-si\/\"]}]},{\"@type\":\"BreadcrumbList\",\"@id\":\"https:\/\/pfk.hr\/2023\/product\/kako-si\/#breadcrumb\",\"itemListElement\":[{\"@type\":\"ListItem\",\"position\":1,\"name\":\"Po\u010detna stranica\",\"item\":\"https:\/\/pfk.hr\/2023\/\"},{\"@type\":\"ListItem\",\"position\":2,\"name\":\"Preporuka naslova\",\"item\":\"https:\/\/pfk.hr\/2023\/preporuka-naslova\/\"},{\"@type\":\"ListItem\",\"position\":3,\"name\":\"Kako si?\"}]},{\"@type\":\"WebSite\",\"@id\":\"https:\/\/pfk.hr\/2023\/#website\",\"url\":\"https:\/\/pfk.hr\/2023\/\",\"name\":\"Panonski festival knjige\",\"description\":\"\u010cITAJ, LEGA, \u010cITAJ!\",\"potentialAction\":[{\"@type\":\"SearchAction\",\"target\":{\"@type\":\"EntryPoint\",\"urlTemplate\":\"https:\/\/pfk.hr\/2023\/?s={search_term_string}\"},\"query-input\":\"required name=search_term_string\"}],\"inLanguage\":\"hr\"}]}<\/script>\n<!-- \/ Yoast SEO plugin. -->","yoast_head_json":{"title":"Kako si? - Panonski festival knjige","robots":{"index":"index","follow":"follow","max-snippet":"max-snippet:-1","max-image-preview":"max-image-preview:large","max-video-preview":"max-video-preview:-1"},"canonical":"https:\/\/pfk.hr\/2023\/product\/kako-si\/","og_locale":"hr_HR","og_type":"article","og_title":"Kako si? - Panonski festival knjige","og_description":"Nata\u0161a Joki\u0107 Begi\u0107, Tina Rukavina, Sandro Kra\u0161i\u0107 Naklada: SANDORF Kad Vas je zadnji put netko pitao kako ste? Je li to bilo izre\u010deno onako usput ili sa zaista iskrenim zanimanjem? Kad ste zadnji put nekome otvoreno govorili o tome kako se osje\u0107ate, \u0161to Vas brine, \u0161to Vas veseli i opu\u0161ta? Imate li strpljenja saslu\u0161ati druge...","og_url":"https:\/\/pfk.hr\/2023\/product\/kako-si\/","og_site_name":"Panonski festival knjige","article_modified_time":"2023-05-13T13:18:43+00:00","og_image":[{"width":500,"height":500,"url":"https:\/\/pfk.hr\/2023\/wp-content\/uploads\/2023\/05\/26.jpg","type":"image\/jpeg"}],"twitter_card":"summary_large_image","twitter_misc":{"Procijenjeno vrijeme \u010ditanja":"1 minuta"},"schema":{"@context":"https:\/\/schema.org","@graph":[{"@type":"WebPage","@id":"https:\/\/pfk.hr\/2023\/product\/kako-si\/","url":"https:\/\/pfk.hr\/2023\/product\/kako-si\/","name":"Kako si? - Panonski festival knjige","isPartOf":{"@id":"https:\/\/pfk.hr\/2023\/#website"},"datePublished":"2023-05-13T13:16:37+00:00","dateModified":"2023-05-13T13:18:43+00:00","breadcrumb":{"@id":"https:\/\/pfk.hr\/2023\/product\/kako-si\/#breadcrumb"},"inLanguage":"hr","potentialAction":[{"@type":"ReadAction","target":["https:\/\/pfk.hr\/2023\/product\/kako-si\/"]}]},{"@type":"BreadcrumbList","@id":"https:\/\/pfk.hr\/2023\/product\/kako-si\/#breadcrumb","itemListElement":[{"@type":"ListItem","position":1,"name":"Po\u010detna stranica","item":"https:\/\/pfk.hr\/2023\/"},{"@type":"ListItem","position":2,"name":"Preporuka naslova","item":"https:\/\/pfk.hr\/2023\/preporuka-naslova\/"},{"@type":"ListItem","position":3,"name":"Kako si?"}]},{"@type":"WebSite","@id":"https:\/\/pfk.hr\/2023\/#website","url":"https:\/\/pfk.hr\/2023\/","name":"Panonski festival knjige","description":"\u010cITAJ, LEGA, \u010cITAJ!","potentialAction":[{"@type":"SearchAction","target":{"@type":"EntryPoint","urlTemplate":"https:\/\/pfk.hr\/2023\/?s={search_term_string}"},"query-input":"required name=search_term_string"}],"inLanguage":"hr"}]}},"_links":{"self":[{"href":"https:\/\/pfk.hr\/2023\/wp-json\/wp\/v2\/product\/988587","targetHints":{"allow":["GET"]}}],"collection":[{"href":"https:\/\/pfk.hr\/2023\/wp-json\/wp\/v2\/product"}],"about":[{"href":"https:\/\/pfk.hr\/2023\/wp-json\/wp\/v2\/types\/product"}],"wp:featuredmedia":[{"embeddable":true,"href":"https:\/\/pfk.hr\/2023\/wp-json\/wp\/v2\/media\/988571"}],"wp:attachment":[{"href":"https:\/\/pfk.hr\/2023\/wp-json\/wp\/v2\/media?parent=988587"}],"wp:term":[{"taxonomy":"product_cat","embeddable":true,"href":"https:\/\/pfk.hr\/2023\/wp-json\/wp\/v2\/product_cat?post=988587"},{"taxonomy":"product_tag","embeddable":true,"href":"https:\/\/pfk.hr\/2023\/wp-json\/wp\/v2\/product_tag?post=988587"}],"curies":[{"name":"wp","href":"https:\/\/api.w.org\/{rel}","templated":true}]}}